{"id":2210,"date":"2026-04-17T12:48:46","date_gmt":"2026-04-17T10:48:46","guid":{"rendered":"https:\/\/agora.xtec.cat\/cfa-tremp\/?page_id=2210"},"modified":"2026-04-17T12:58:48","modified_gmt":"2026-04-17T10:58:48","slug":"biblioteca-escolar","status":"publish","type":"page","link":"https:\/\/agora.xtec.cat\/cfa-tremp\/pagines-dinici\/projecte-sinergies\/biblioteca-escolar\/","title":{"rendered":"Biblioteca escolar"},"content":{"rendered":"<ul>\n<li>Club de Lectura<\/li>\n<\/ul>\n<table style=\"border-collapse: collapse; width: 100%;\">\n<tbody>\n<tr>\n<td style=\"width: 33.3333%;\"><strong>Primer trimestre<\/strong><\/td>\n<td style=\"width: 33.3333%;\"><strong>Segon trimestre<\/strong><\/td>\n<td style=\"width: 33.3333%;\"><strong>Tercer trimestre<\/strong><\/td>\n<\/tr>\n<tr>\n<td style=\"width: 33.3333%;\">L&#8217;artilleria de Mr. Smith<\/td>\n<td style=\"width: 33.3333%;\">Dos ta\u00fcts negres i dos de blancs<\/td>\n<td style=\"width: 33.3333%;\">\u00c0ssua, el m\u00f3n en una vall<\/td>\n<\/tr>\n<\/tbody>\n<\/table>\n<p><a href=\"https:\/\/agora.xtec.cat\/cfa-tremp\/wp-content\/uploads\/usu1076\/2026\/04\/Club-de-lectura.jpg\"><img loading=\"lazy\" decoding=\"async\" class=\"aligncenter size-large wp-image-2214\" src=\"https:\/\/agora.xtec.cat\/cfa-tremp\/wp-content\/uploads\/usu1076\/2026\/04\/Club-de-lectura-539x1024.jpg\" alt=\"\" width=\"539\" height=\"1024\" srcset=\"https:\/\/agora.xtec.cat\/cfa-tremp\/wp-content\/uploads\/usu1076\/2026\/04\/Club-de-lectura-539x1024.jpg 539w, https:\/\/agora.xtec.cat\/cfa-tremp\/wp-content\/uploads\/usu1076\/2026\/04\/Club-de-lectura-158x300.jpg 158w, https:\/\/agora.xtec.cat\/cfa-tremp\/wp-content\/uploads\/usu1076\/2026\/04\/Club-de-lectura-768x1459.jpg 768w, https:\/\/agora.xtec.cat\/cfa-tremp\/wp-content\/uploads\/usu1076\/2026\/04\/Club-de-lectura-809x1536.jpg 809w, https:\/\/agora.xtec.cat\/cfa-tremp\/wp-content\/uploads\/usu1076\/2026\/04\/Club-de-lectura.jpg 1053w\" sizes=\"auto, (max-width: 539px) 100vw, 539px\" \/><\/a><\/p>\n<ul>\n<li>Pr\u00e9stec de llibres:\n<div>\n<p><a href=\"https:\/\/projectes.xtec.cat\/bescat\/polaris-i-vega-2\/\" target=\"_blank\" rel=\"noopener\">Polaris i Vega<\/a><\/p>\n<\/div>\n<\/li>\n<\/ul>\n","protected":false},"excerpt":{"rendered":"<p>Club de Lectura Primer trimestre Segon trimestre Tercer trimestre L&#8217;artilleria de Mr. Smith Dos ta\u00fcts negres i dos de blancs \u00c0ssua, el m\u00f3n en una vall Pr\u00e9stec de llibres: Polaris i Vega<\/p>\n","protected":false},"author":1,"featured_media":0,"parent":2158,"menu_order":0,"comment_status":"closed","ping_status":"closed","template":"","meta":{"site-sidebar-layout":"default","site-content-layout":"","ast-site-content-layout":"default","site-content-style":"default","site-sidebar-style":"default","ast-global-header-display":"","ast-banner-title-visibility":"","ast-main-header-display":"","ast-hfb-above-header-display":"","ast-hfb-below-header-display":"","ast-hfb-mobile-header-display":"","site-post-title":"","ast-breadcrumbs-content":"","ast-featured-img":"","footer-sml-layout":"","theme-transparent-header-meta":"default","adv-header-id-meta":"","stick-header-meta":"","header-above-stick-meta":"","header-main-stick-meta":"","header-below-stick-meta":"","astra-migrate-meta-layouts":"set","ast-page-background-enabled":"default","ast-page-background-meta":{"desktop":{"background-color":"var(--ast-global-color-4)","background-image":"","background-repeat":"repeat","background-position":"center center","background-size":"auto","background-attachment":"scroll","background-type":"","background-media":"","overlay-type":"","overlay-color":"","overlay-opacity":"","overlay-gradient":""},"tablet":{"background-color":"","background-image":"","background-repeat":"repeat","background-position":"center center","background-size":"auto","background-attachment":"scroll","background-type":"","background-media":"","overlay-type":"","overlay-color":"","overlay-opacity":"","overlay-gradient":""},"mobile":{"background-color":"","background-image":"","background-repeat":"repeat","background-position":"center center","background-size":"auto","background-attachment":"scroll","background-type":"","background-media":"","overlay-type":"","overlay-color":"","overlay-opacity":"","overlay-gradient":""}},"ast-content-background-meta":{"desktop":{"background-color":"var(--ast-global-color-5)","background-image":"","background-repeat":"repeat","background-position":"center center","background-size":"auto","background-attachment":"scroll","background-type":"","background-media":"","overlay-type":"","overlay-color":"","overlay-opacity":"","overlay-gradient":""},"tablet":{"background-color":"var(--ast-global-color-5)","background-image":"","background-repeat":"repeat","background-position":"center center","background-size":"auto","background-attachment":"scroll","background-type":"","background-media":"","overlay-type":"","overlay-color":"","overlay-opacity":"","overlay-gradient":""},"mobile":{"background-color":"var(--ast-global-color-5)","background-image":"","background-repeat":"repeat","background-position":"center center","background-size":"auto","background-attachment":"scroll","background-type":"","background-media":"","overlay-type":"","overlay-color":"","overlay-opacity":"","overlay-gradient":""}},"footnotes":""},"class_list":["post-2210","page","type-page","status-publish","hentry"],"post_mailing_queue_ids":[],"_links":{"self":[{"href":"https:\/\/agora.xtec.cat\/cfa-tremp\/wp-json\/wp\/v2\/pages\/2210","targetHints":{"allow":["GET"]}}],"collection":[{"href":"https:\/\/agora.xtec.cat\/cfa-tremp\/wp-json\/wp\/v2\/pages"}],"about":[{"href":"https:\/\/agora.xtec.cat\/cfa-tremp\/wp-json\/wp\/v2\/types\/page"}],"author":[{"embeddable":true,"href":"https:\/\/agora.xtec.cat\/cfa-tremp\/wp-json\/wp\/v2\/users\/1"}],"replies":[{"embeddable":true,"href":"https:\/\/agora.xtec.cat\/cfa-tremp\/wp-json\/wp\/v2\/comments?post=2210"}],"version-history":[{"count":4,"href":"https:\/\/agora.xtec.cat\/cfa-tremp\/wp-json\/wp\/v2\/pages\/2210\/revisions"}],"predecessor-version":[{"id":2216,"href":"https:\/\/agora.xtec.cat\/cfa-tremp\/wp-json\/wp\/v2\/pages\/2210\/revisions\/2216"}],"up":[{"embeddable":true,"href":"https:\/\/agora.xtec.cat\/cfa-tremp\/wp-json\/wp\/v2\/pages\/2158"}],"wp:attachment":[{"href":"https:\/\/agora.xtec.cat\/cfa-tremp\/wp-json\/wp\/v2\/media?parent=2210"}],"curies":[{"name":"wp","href":"https:\/\/api.w.org\/{rel}","templated":true}]}}