{"id":2188,"date":"2026-02-27T13:36:47","date_gmt":"2026-02-27T12:36:47","guid":{"rendered":"https:\/\/agora.xtec.cat\/cfa-tremp\/?page_id=2188"},"modified":"2026-02-27T13:51:12","modified_gmt":"2026-02-27T12:51:12","slug":"el-podcast-del-cfa-tremp","status":"publish","type":"page","link":"https:\/\/agora.xtec.cat\/cfa-tremp\/el-podcast-del-cfa-tremp\/","title":{"rendered":"El P\u00f2dcast del CFA Tremp"},"content":{"rendered":"<p><a style=\"font-size: 16px; font-style: normal; font-weight: 400; transition-property: all; color: #3a3a3a;\" href=\"https:\/\/sites.google.com\/view\/podcast-cfa\/p%C3%A0gina-principal\" target=\"_blank\" rel=\"noopener\"><img loading=\"lazy\" decoding=\"async\" class=\"wp-image-2191 alignleft\" src=\"https:\/\/agora.xtec.cat\/cfa-tremp\/wp-content\/uploads\/usu1076\/2026\/02\/podcast-1080-x-1350-px-1-1024x576.png\" alt=\"\" width=\"381\" height=\"215\" srcset=\"https:\/\/agora.xtec.cat\/cfa-tremp\/wp-content\/uploads\/usu1076\/2026\/02\/podcast-1080-x-1350-px-1-1024x576.png 1024w, https:\/\/agora.xtec.cat\/cfa-tremp\/wp-content\/uploads\/usu1076\/2026\/02\/podcast-1080-x-1350-px-1-300x169.png 300w, https:\/\/agora.xtec.cat\/cfa-tremp\/wp-content\/uploads\/usu1076\/2026\/02\/podcast-1080-x-1350-px-1-768x432.png 768w, https:\/\/agora.xtec.cat\/cfa-tremp\/wp-content\/uploads\/usu1076\/2026\/02\/podcast-1080-x-1350-px-1-1536x864.png 1536w, https:\/\/agora.xtec.cat\/cfa-tremp\/wp-content\/uploads\/usu1076\/2026\/02\/podcast-1080-x-1350-px-1-2048x1152.png 2048w\" sizes=\"auto, (max-width: 381px) 100vw, 381px\" \/><\/a>Emmarcat dins el projecte d&#8217;innovaci\u00f3 educativa <strong>Sin\u00e8rgies<\/strong>, neix el p\u00f2dcast del CFA Tremp. Un espai on els alumnes del centre parlen sobre diferents tem\u00e0tiques.\u00a0L&#8217;objectiu d&#8217;aquest p\u00f2dcast \u00e9s fomentar l&#8217;expressi\u00f3 oral de la llengua catalana i difondre l&#8217;activitat del centre.\u00a0<a href=\"https:\/\/sites.google.com\/view\/podcast-cfa\/p%C3%A0gina-principal\"><br \/>\n<\/a><\/p>\n<p><a href=\"https:\/\/sites.google.com\/view\/podcast-cfa\/p%C3%A0gina-principal\" target=\"_blank\" rel=\"noopener\"><img loading=\"lazy\" decoding=\"async\" class=\"wp-image-2200 alignright\" src=\"https:\/\/agora.xtec.cat\/cfa-tremp\/wp-content\/uploads\/usu1076\/2026\/02\/logo-audios-1-1024x1024.jpg\" alt=\"\" width=\"77\" height=\"77\" srcset=\"https:\/\/agora.xtec.cat\/cfa-tremp\/wp-content\/uploads\/usu1076\/2026\/02\/logo-audios-1-1024x1024.jpg 1024w, https:\/\/agora.xtec.cat\/cfa-tremp\/wp-content\/uploads\/usu1076\/2026\/02\/logo-audios-1-300x300.jpg 300w, https:\/\/agora.xtec.cat\/cfa-tremp\/wp-content\/uploads\/usu1076\/2026\/02\/logo-audios-1-150x150.jpg 150w, https:\/\/agora.xtec.cat\/cfa-tremp\/wp-content\/uploads\/usu1076\/2026\/02\/logo-audios-1-768x768.jpg 768w, https:\/\/agora.xtec.cat\/cfa-tremp\/wp-content\/uploads\/usu1076\/2026\/02\/logo-audios-1-1536x1536.jpg 1536w, https:\/\/agora.xtec.cat\/cfa-tremp\/wp-content\/uploads\/usu1076\/2026\/02\/logo-audios-1.jpg 1750w\" sizes=\"auto, (max-width: 77px) 100vw, 77px\" \/><\/a><\/p>\n<p style=\"text-align: right;\"><a href=\"https:\/\/sites.google.com\/view\/podcast-cfa\/p%C3%A0gina-principal\">ESCOLTA&#8217;L!\u00a0<\/a><\/p>\n","protected":false},"excerpt":{"rendered":"<p>Emmarcat dins el projecte d&#8217;innovaci\u00f3 educativa Sin\u00e8rgies, neix el p\u00f2dcast del CFA Tremp. Un espai on els alumnes del centre parlen sobre diferents tem\u00e0tiques.\u00a0L&#8217;objectiu d&#8217;aquest p\u00f2dcast \u00e9s fomentar l&#8217;expressi\u00f3 oral de la llengua catalana i difondre l&#8217;activitat del centre.\u00a0 ESCOLTA&#8217;L!\u00a0<\/p>\n","protected":false},"author":1,"featured_media":0,"parent":0,"menu_order":0,"comment_status":"closed","ping_status":"closed","template":"","meta":{"site-sidebar-layout":"default","site-content-layout":"","ast-site-content-layout":"default","site-content-style":"default","site-sidebar-style":"default","ast-global-header-display":"","ast-banner-title-visibility":"","ast-main-header-display":"","ast-hfb-above-header-display":"","ast-hfb-below-header-display":"","ast-hfb-mobile-header-display":"","site-post-title":"","ast-breadcrumbs-content":"","ast-featured-img":"","footer-sml-layout":"","theme-transparent-header-meta":"default","adv-header-id-meta":"","stick-header-meta":"","header-above-stick-meta":"","header-main-stick-meta":"","header-below-stick-meta":"","astra-migrate-meta-layouts":"set","ast-page-background-enabled":"default","ast-page-background-meta":{"desktop":{"background-color":"var(--ast-global-color-4)","background-image":"","background-repeat":"repeat","background-position":"center center","background-size":"auto","background-attachment":"scroll","background-type":"","background-media":"","overlay-type":"","overlay-color":"","overlay-opacity":"","overlay-gradient":""},"tablet":{"background-color":"","background-image":"","background-repeat":"repeat","background-position":"center center","background-size":"auto","background-attachment":"scroll","background-type":"","background-media":"","overlay-type":"","overlay-color":"","overlay-opacity":"","overlay-gradient":""},"mobile":{"background-color":"","background-image":"","background-repeat":"repeat","background-position":"center center","background-size":"auto","background-attachment":"scroll","background-type":"","background-media":"","overlay-type":"","overlay-color":"","overlay-opacity":"","overlay-gradient":""}},"ast-content-background-meta":{"desktop":{"background-color":"var(--ast-global-color-5)","background-image":"","background-repeat":"repeat","background-position":"center center","background-size":"auto","background-attachment":"scroll","background-type":"","background-media":"","overlay-type":"","overlay-color":"","overlay-opacity":"","overlay-gradient":""},"tablet":{"background-color":"var(--ast-global-color-5)","background-image":"","background-repeat":"repeat","background-position":"center center","background-size":"auto","background-attachment":"scroll","background-type":"","background-media":"","overlay-type":"","overlay-color":"","overlay-opacity":"","overlay-gradient":""},"mobile":{"background-color":"var(--ast-global-color-5)","background-image":"","background-repeat":"repeat","background-position":"center center","background-size":"auto","background-attachment":"scroll","background-type":"","background-media":"","overlay-type":"","overlay-color":"","overlay-opacity":"","overlay-gradient":""}},"footnotes":""},"class_list":["post-2188","page","type-page","status-publish","hentry"],"post_mailing_queue_ids":[],"_links":{"self":[{"href":"https:\/\/agora.xtec.cat\/cfa-tremp\/wp-json\/wp\/v2\/pages\/2188","targetHints":{"allow":["GET"]}}],"collection":[{"href":"https:\/\/agora.xtec.cat\/cfa-tremp\/wp-json\/wp\/v2\/pages"}],"about":[{"href":"https:\/\/agora.xtec.cat\/cfa-tremp\/wp-json\/wp\/v2\/types\/page"}],"author":[{"embeddable":true,"href":"https:\/\/agora.xtec.cat\/cfa-tremp\/wp-json\/wp\/v2\/users\/1"}],"replies":[{"embeddable":true,"href":"https:\/\/agora.xtec.cat\/cfa-tremp\/wp-json\/wp\/v2\/comments?post=2188"}],"version-history":[{"count":6,"href":"https:\/\/agora.xtec.cat\/cfa-tremp\/wp-json\/wp\/v2\/pages\/2188\/revisions"}],"predecessor-version":[{"id":2201,"href":"https:\/\/agora.xtec.cat\/cfa-tremp\/wp-json\/wp\/v2\/pages\/2188\/revisions\/2201"}],"wp:attachment":[{"href":"https:\/\/agora.xtec.cat\/cfa-tremp\/wp-json\/wp\/v2\/media?parent=2188"}],"curies":[{"name":"wp","href":"https:\/\/api.w.org\/{rel}","templated":true}]}}