{"id":1933,"date":"2025-03-03T13:32:15","date_gmt":"2025-03-03T12:32:15","guid":{"rendered":"https:\/\/agora.xtec.cat\/cfa-tremp\/?page_id=1933"},"modified":"2025-03-03T13:41:04","modified_gmt":"2025-03-03T12:41:04","slug":"cfa-amb-el-catala","status":"publish","type":"page","link":"https:\/\/agora.xtec.cat\/cfa-tremp\/projecte-educatiu\/cfa-amb-el-catala\/","title":{"rendered":"CFA amb el catal\u00e0"},"content":{"rendered":"<h3 data-start=\"308\" data-end=\"376\"><strong data-start=\"312\" data-end=\"376\">Objectius del Projecte: CFA amb el catal\u00e0<a href=\"https:\/\/agora.xtec.cat\/cfa-tremp\/wp-content\/uploads\/usu1076\/2025\/02\/LOGO-CFA-AMB-EL-CATALA-3.png\"><img loading=\"lazy\" decoding=\"async\" class=\"wp-image-1927 alignleft\" src=\"https:\/\/agora.xtec.cat\/cfa-tremp\/wp-content\/uploads\/usu1076\/2025\/02\/LOGO-CFA-AMB-EL-CATALA-3.png\" alt=\"\" width=\"200\" height=\"200\" srcset=\"https:\/\/agora.xtec.cat\/cfa-tremp\/wp-content\/uploads\/usu1076\/2025\/02\/LOGO-CFA-AMB-EL-CATALA-3.png 500w, https:\/\/agora.xtec.cat\/cfa-tremp\/wp-content\/uploads\/usu1076\/2025\/02\/LOGO-CFA-AMB-EL-CATALA-3-300x300.png 300w, https:\/\/agora.xtec.cat\/cfa-tremp\/wp-content\/uploads\/usu1076\/2025\/02\/LOGO-CFA-AMB-EL-CATALA-3-150x150.png 150w\" sizes=\"auto, (max-width: 200px) 100vw, 200px\" \/><\/a><\/strong><\/h3>\n<table style=\"border-collapse: collapse; width: 72.7259%; height: 191px;\">\n<tbody>\n<tr style=\"height: 31px;\">\n<td style=\"width: 30.6972%; height: 31px;\"><strong data-start=\"381\" data-end=\"420\">Fomentar la conviv\u00e8ncia ling\u00fc\u00edstica<\/strong>:<\/td>\n<td style=\"width: 41.5904%; height: 31px;\">\n<ul>\n<li>Promoure un entorn de respecte i conviv\u00e8ncia entre les diferents lleng\u00fces i cultures presents a la societat, garantint que l&#8217;\u00fas del catal\u00e0 no sigui vist com una imposici\u00f3, sin\u00f3 com una oportunitat d&#8217;enriquiment cultural i personal.<\/li>\n<\/ul>\n<\/td>\n<\/tr>\n<tr>\n<td style=\"width: 30.6972%;\">\n<div>\n<p><strong>Immersi\u00f3 ling\u00fc\u00edstica<\/strong><\/p>\n<\/div>\n<p><strong data-start=\"381\" data-end=\"420\">\u00a0<\/strong><\/td>\n<td style=\"width: 41.5904%;\">\n<div>\n<ul>\n<li>Conscienciar als catalanoparlants que, pel simple fet de parlar catal\u00e0, ja s\u00f3n models ling\u00fc\u00edstics.<\/li>\n<li>Aprofitar el teixit comercial del nostre municipi per garantir que qualsevol persona que vulgui aprendre catal\u00e0 tingui l\u2019oportunitat d\u2019utilitzar la llengua.<\/li>\n<\/ul>\n<\/div>\n<\/td>\n<\/tr>\n<tr style=\"height: 32px;\">\n<td style=\"width: 30.6972%; height: 32px;\"><strong data-start=\"663\" data-end=\"719\">Sensibilitzar sobre els beneficis de l\u2019\u00fas del catal\u00e0<\/strong>:<\/td>\n<td style=\"width: 41.5904%; height: 32px;\">\n<ul>\n<li>Informar la societat sobre els avantatges de parlar i con\u00e8ixer el catal\u00e0, no nom\u00e9s com a element de preservaci\u00f3 cultural, sin\u00f3 tamb\u00e9 com a eina per millorar la comunicaci\u00f3, l&#8217;educaci\u00f3 i la cohesi\u00f3 social.<\/li>\n<\/ul>\n<\/td>\n<\/tr>\n<tr style=\"height: 32px;\">\n<td style=\"width: 30.6972%; height: 32px;\"><strong data-start=\"935\" data-end=\"981\">Facilitar l&#8217;aprenentatge i l&#8217;\u00fas del catal\u00e0<\/strong>:<\/td>\n<td style=\"width: 41.5904%; height: 32px;\">\n<ul>\n<li>Oferir recursos, espais i programes de formaci\u00f3 accessibles per a totes les edats, nivells i contextos, amb l\u2019objectiu de facilitar que m\u00e9s persones puguin incorporar el catal\u00e0 de manera natural en la seva vida quotidiana.<\/li>\n<\/ul>\n<\/td>\n<\/tr>\n<tr style=\"height: 32px;\">\n<td style=\"width: 30.6972%; height: 32px;\"><strong data-start=\"1215\" data-end=\"1284\">Incentivar l&#8217;\u00fas del catal\u00e0 en diferents \u00e0mbits socials i laborals<\/strong>:<\/td>\n<td style=\"width: 41.5904%; height: 32px;\">\n<ul>\n<li>Promoure la utilitzaci\u00f3 del catal\u00e0 en sectors diversos, com l\u2019administraci\u00f3 p\u00fablica, el comer\u00e7, els mitjans de comunicaci\u00f3 i el m\u00f3n laboral, destacant que l&#8217;\u00fas del catal\u00e0 \u00e9s una eina per a la igualtat d\u2019oportunitats i per a la diversitat cultural.<\/li>\n<\/ul>\n<\/td>\n<\/tr>\n<tr style=\"height: 32px;\">\n<td style=\"width: 30.6972%; height: 32px;\"><strong data-start=\"1543\" data-end=\"1584\">Evitar la divisi\u00f3 i l\u2019estigmatitzaci\u00f3<\/strong>:<\/td>\n<td style=\"width: 41.5904%; height: 32px;\">\n<ul>\n<li>Realitzar una campanya de manera inclusiva i respectuosa amb totes les persones, independentment de la seva llengua materna. L\u2019objectiu no \u00e9s dividir, sin\u00f3 crear un espai on el catal\u00e0 sigui una opci\u00f3 viable i natural per a tothom.<\/li>\n<\/ul>\n<\/td>\n<\/tr>\n<tr style=\"height: 32px;\">\n<td style=\"width: 30.6972%; height: 32px;\"><strong data-start=\"1841\" data-end=\"1877\">Promoure el di\u00e0leg i la reflexi\u00f3<\/strong>:<\/td>\n<td style=\"width: 41.5904%; height: 32px;\">\n<ul>\n<li>Obrir espais de di\u00e0leg i discussi\u00f3 entre els ciutadans per debatre sobre la import\u00e0ncia de la diversitat ling\u00fc\u00edstica, les raons per fomentar l\u2019\u00fas del catal\u00e0 i les maneres d&#8217;aconseguir-ho sense generar tensions socials.<\/li>\n<li>\n<div>\n<p>Organitzar esdeveniments i activitats en catal\u00e0 en els quals els participants puguin practicar i fer servir la llengua. Promoure la creaci\u00f3 de grups de conversa en catal\u00e0 o espais d\u2019intercanvi ling\u00fc\u00edstic entre persones a trav\u00e9s del Voluntariat per la Llengua.<\/p>\n<\/div>\n<\/li>\n<\/ul>\n<\/td>\n<\/tr>\n<tr>\n<td style=\"width: 30.6972%;\"><strong data-start=\"1841\" data-end=\"1877\">Potenciar l&#8217;\u00fas social del catal\u00e0 en espais informals i quotidians:<\/strong><\/td>\n<td style=\"width: 41.5904%;\">\n<ul>\n<li>Impulsar que l&#8217;\u00fas del catal\u00e0 sigui cada vegada m\u00e9s habitual en les converses di\u00e0ries, en les xarxes socials, en els mitjans de comunicaci\u00f3 locals i en les relacions socials de tota mena, sense que aix\u00f2 suposi una c\u00e0rrega per aquells que encara no dominen la llengua.<\/li>\n<\/ul>\n<div>\n<ul>\n<li><strong>Crear una etiqueta que indiqui que en aquell establiment es pot parlar catal\u00e0.<\/strong><\/li>\n<li><strong>Crear un distintiu que indiqui que una persona est\u00e0 aprenent catal\u00e0 o vol comunicar-se amb aquesta llengua.<\/strong><\/li>\n<\/ul>\n<\/div>\n<\/td>\n<\/tr>\n<tr>\n<td style=\"width: 30.6972%;\"><strong data-start=\"1841\" data-end=\"1877\">Refor\u00e7ar la rellev\u00e0ncia del catal\u00e0 com a element identitari:<\/strong><\/td>\n<td style=\"width: 41.5904%;\">\n<ul>\n<li>Posar en valor el catal\u00e0 com una part fonamental de la identitat cultural, hist\u00f2rica i social, buscant que la seva pr\u00e0ctica sigui percebuda com una manera de mantenir viva la diversitat i la riquesa cultural de la societat.<\/li>\n<\/ul>\n<\/td>\n<\/tr>\n<\/tbody>\n<\/table>\n<ol data-start=\"378\" data-end=\"2748\">\n<li style=\"list-style-type: none;\" data-start=\"2452\" data-end=\"2748\"><\/li>\n<\/ol>\n","protected":false},"excerpt":{"rendered":"<p>Objectius del Projecte: CFA amb el catal\u00e0 Fomentar la conviv\u00e8ncia ling\u00fc\u00edstica: Promoure un entorn de respecte i conviv\u00e8ncia entre les diferents lleng\u00fces i cultures presents a la societat, garantint que l&#8217;\u00fas del catal\u00e0 no sigui vist com una imposici\u00f3, sin\u00f3 com una oportunitat d&#8217;enriquiment cultural i personal. Immersi\u00f3 ling\u00fc\u00edstica \u00a0 Conscienciar als catalanoparlants que, pel [&hellip;]<\/p>\n","protected":false},"author":1,"featured_media":0,"parent":57,"menu_order":0,"comment_status":"closed","ping_status":"closed","template":"","meta":{"site-sidebar-layout":"default","site-content-layout":"","ast-site-content-layout":"","site-content-style":"default","site-sidebar-style":"default","ast-global-header-display":"","ast-banner-title-visibility":"","ast-main-header-display":"","ast-hfb-above-header-display":"","ast-hfb-below-header-display":"","ast-hfb-mobile-header-display":"","site-post-title":"","ast-breadcrumbs-content":"","ast-featured-img":"","footer-sml-layout":"","theme-transparent-header-meta":"","adv-header-id-meta":"","stick-header-meta":"","header-above-stick-meta":"","header-main-stick-meta":"","header-below-stick-meta":"","astra-migrate-meta-layouts":"default","ast-page-background-enabled":"default","ast-page-background-meta":{"desktop":{"background-color":"var(--ast-global-color-4)","background-image":"","background-repeat":"repeat","background-position":"center center","background-size":"auto","background-attachment":"scroll","background-type":"","background-media":"","overlay-type":"","overlay-color":"","overlay-opacity":"","overlay-gradient":""},"tablet":{"background-color":"","background-image":"","background-repeat":"repeat","background-position":"center center","background-size":"auto","background-attachment":"scroll","background-type":"","background-media":"","overlay-type":"","overlay-color":"","overlay-opacity":"","overlay-gradient":""},"mobile":{"background-color":"","background-image":"","background-repeat":"repeat","background-position":"center center","background-size":"auto","background-attachment":"scroll","background-type":"","background-media":"","overlay-type":"","overlay-color":"","overlay-opacity":"","overlay-gradient":""}},"ast-content-background-meta":{"desktop":{"background-color":"var(--ast-global-color-5)","background-image":"","background-repeat":"repeat","background-position":"center center","background-size":"auto","background-attachment":"scroll","background-type":"","background-media":"","overlay-type":"","overlay-color":"","overlay-opacity":"","overlay-gradient":""},"tablet":{"background-color":"var(--ast-global-color-5)","background-image":"","background-repeat":"repeat","background-position":"center center","background-size":"auto","background-attachment":"scroll","background-type":"","background-media":"","overlay-type":"","overlay-color":"","overlay-opacity":"","overlay-gradient":""},"mobile":{"background-color":"var(--ast-global-color-5)","background-image":"","background-repeat":"repeat","background-position":"center center","background-size":"auto","background-attachment":"scroll","background-type":"","background-media":"","overlay-type":"","overlay-color":"","overlay-opacity":"","overlay-gradient":""}},"footnotes":""},"class_list":["post-1933","page","type-page","status-publish","hentry"],"post_mailing_queue_ids":[],"_links":{"self":[{"href":"https:\/\/agora.xtec.cat\/cfa-tremp\/wp-json\/wp\/v2\/pages\/1933","targetHints":{"allow":["GET"]}}],"collection":[{"href":"https:\/\/agora.xtec.cat\/cfa-tremp\/wp-json\/wp\/v2\/pages"}],"about":[{"href":"https:\/\/agora.xtec.cat\/cfa-tremp\/wp-json\/wp\/v2\/types\/page"}],"author":[{"embeddable":true,"href":"https:\/\/agora.xtec.cat\/cfa-tremp\/wp-json\/wp\/v2\/users\/1"}],"replies":[{"embeddable":true,"href":"https:\/\/agora.xtec.cat\/cfa-tremp\/wp-json\/wp\/v2\/comments?post=1933"}],"version-history":[{"count":2,"href":"https:\/\/agora.xtec.cat\/cfa-tremp\/wp-json\/wp\/v2\/pages\/1933\/revisions"}],"predecessor-version":[{"id":1937,"href":"https:\/\/agora.xtec.cat\/cfa-tremp\/wp-json\/wp\/v2\/pages\/1933\/revisions\/1937"}],"up":[{"embeddable":true,"href":"https:\/\/agora.xtec.cat\/cfa-tremp\/wp-json\/wp\/v2\/pages\/57"}],"wp:attachment":[{"href":"https:\/\/agora.xtec.cat\/cfa-tremp\/wp-json\/wp\/v2\/media?parent=1933"}],"curies":[{"name":"wp","href":"https:\/\/api.w.org\/{rel}","templated":true}]}}