{"id":1919,"date":"2024-12-04T10:42:12","date_gmt":"2024-12-04T09:42:12","guid":{"rendered":"https:\/\/agora.xtec.cat\/cfa-tremp\/?page_id=1919"},"modified":"2024-12-04T10:46:22","modified_gmt":"2024-12-04T09:46:22","slug":"pla-tutorial-atencio-educativa-personalitzada","status":"publish","type":"page","link":"https:\/\/agora.xtec.cat\/cfa-tremp\/pla-tutorial-atencio-educativa-personalitzada\/","title":{"rendered":"Pla Tutorial: Atenci\u00f3 educativa personalitzada"},"content":{"rendered":"<article class=\"w-full scroll-mb-[var(--thread-trailing-height,150px)] text-token-text-primary focus-visible:outline-2 focus-visible:outline-offset-[-4px]\" dir=\"auto\" data-testid=\"conversation-turn-3\" data-scroll-anchor=\"false\">\n<div class=\"m-auto text-base py-[18px] px-3 md:px-4 w-full md:px-5 lg:px-4 xl:px-5\">\n<div class=\"mx-auto flex flex-1 gap-4 text-base md:gap-5 lg:gap-6 md:max-w-3xl\">\n<div class=\"group\/conversation-turn relative flex w-full min-w-0 flex-col agent-turn\">\n<div class=\"flex-col gap-1 md:gap-3\">\n<div class=\"flex max-w-full flex-col flex-grow\">\n<div class=\"min-h-8 text-message flex w-full flex-col items-end gap-2 whitespace-normal break-words [.text-message+&amp;]:mt-5\" dir=\"auto\" data-message-author-role=\"assistant\" data-message-id=\"abc0c678-35a3-45c5-bdc1-7e36ba5a897c\" data-message-model-slug=\"gpt-4o-mini\">\n<div class=\"flex w-full flex-col gap-1 empty:hidden first:pt-[3px]\">\n<div class=\"markdown prose w-full break-words dark:prose-invert light\">\n<p style=\"text-align: center;\"><img loading=\"lazy\" decoding=\"async\" class=\"aligncenter size-full wp-image-1920\" src=\"https:\/\/agora.xtec.cat\/cfa-tremp\/wp-content\/uploads\/usu1076\/2024\/12\/Captura-1.png\" alt=\"\" width=\"975\" height=\"589\" srcset=\"https:\/\/agora.xtec.cat\/cfa-tremp\/wp-content\/uploads\/usu1076\/2024\/12\/Captura-1.png 975w, https:\/\/agora.xtec.cat\/cfa-tremp\/wp-content\/uploads\/usu1076\/2024\/12\/Captura-1-300x181.png 300w, https:\/\/agora.xtec.cat\/cfa-tremp\/wp-content\/uploads\/usu1076\/2024\/12\/Captura-1-768x464.png 768w\" sizes=\"auto, (max-width: 975px) 100vw, 975px\" \/><span style=\"text-decoration: underline;\"><strong>Posa&#8217;t en contacte amb la teva tutora per demanar una tutoria individual<\/strong><\/span><\/p>\n<p>Una tutoria individualitzada en una escola d&#8217;adults pot ser molt valuosa per als estudiants per diversos motius.<\/p>\n<ol>\n<li><strong>Atenci\u00f3 personalitzada:<\/strong> Cada adult t\u00e9 les seves pr\u00f2pies necessitats d&#8217;aprenentatge, ritmes i dificultats. La tutoria individualitzada permet ajustar els continguts i el m\u00e8tode d&#8217;ensenyament a les caracter\u00edstiques concretes de l&#8217;estudiant, ajudant-lo a superar obstacles i avan\u00e7ar en el seu aprenentatge de manera m\u00e9s efica\u00e7.<\/li>\n<li><strong>Motivaci\u00f3 personal:<\/strong> Els adults que tornen a l&#8217;escola poden afrontar diversos reptes, com l&#8217;autoestima o la por al frac\u00e0s. La tutoria individualitzada els pot oferir un espai de confian\u00e7a on expressar dubtes i frustracions, i rebre un feedback positiu i constructiu. Aix\u00f2 ajuda a millorar la seva motivaci\u00f3 i confian\u00e7a en les seves capacitats.<\/li>\n<li><strong>Dificultats d&#8217;aprenentatge:<\/strong> Molts adults poden tenir dificultats espec\u00edfiques d&#8217;aprenentatge que no van ser detectades en la seva etapa escolar anterior. Una tutoria personalitzada permet identificar aquestes dificultats i aplicar estrat\u00e8gies concretes per treballar-les de manera m\u00e9s eficient.<\/li>\n<li><strong>Ritmes d&#8217;aprenentatge diferents:<\/strong> Els adults poden tenir diferents ritmes d&#8217;aprenentatge respecte als joves. Alguns poden necessitar m\u00e9s temps per interioritzar conceptes, mentre que altres poden aprendre de manera m\u00e9s r\u00e0pida. La tutoria individualitzada facilita l&#8217;adaptaci\u00f3 al ritme de cada alumne, millorant l&#8217;efici\u00e8ncia de l&#8217;ensenyament.<\/li>\n<li><strong>Comoditat i flexibilitat:<\/strong> Les escoles d&#8217;adults sovint tenen estudiants amb horaris i responsabilitats diverses. La tutoria individualitzada permet una major flexibilitat en l&#8217;adaptaci\u00f3 a les necessitats i disponibilitat de l&#8217;estudiant, oferint m\u00e9s possibilitats de superar els obstacles que es presenten fora de l&#8217;aula.<\/li>\n<li><strong>Foment de la responsabilitat i autonomia:<\/strong> Aquest tipus de tutoria ajuda a l&#8217;estudiant a desenvolupar habilitats d&#8217;autogesti\u00f3 i a prendre responsabilitat pel seu aprenentatge. L&#8217;orientaci\u00f3 individualitzada els ensenya a establir objectius personals i a treballar de manera m\u00e9s aut\u00f2noma.<\/li>\n<li><strong>M\u00e9s oportunitats de desenvolupament personal:<\/strong> A trav\u00e9s d&#8217;una tutoria individualitzada, els adults no nom\u00e9s poden aprendre continguts acad\u00e8mics, sin\u00f3 tamb\u00e9 millorar habilitats transversals, com la resoluci\u00f3 de problemes, la comunicaci\u00f3 efectiva i l&#8217;aprenentatge continu. Aquestes compet\u00e8ncies s\u00f3n fonamentals per a la seva vida professional i personal.<\/li>\n<\/ol>\n<\/div>\n<\/div>\n<\/div>\n<\/div>\n<\/div>\n<\/div>\n<\/div>\n<\/div>\n<\/article>\n<article class=\"w-full scroll-mb-[var(--thread-trailing-height,150px)] text-token-text-primary focus-visible:outline-2 focus-visible:outline-offset-[-4px]\" dir=\"auto\" data-testid=\"conversation-turn-5\" data-scroll-anchor=\"true\">\n<div class=\"m-auto text-base py-[18px] px-3 md:px-4 w-full md:px-5 lg:px-4 xl:px-5\">\n<div class=\"mx-auto flex flex-1 gap-4 text-base md:gap-5 lg:gap-6 md:max-w-3xl\">\n<div class=\"group\/conversation-turn relative flex w-full min-w-0 flex-col agent-turn\">\n<div class=\"flex-col gap-1 md:gap-3\">\n<div class=\"flex max-w-full flex-col flex-grow\">\n<div class=\"min-h-8 text-message flex w-full flex-col items-end gap-2 whitespace-normal break-words [.text-message+&amp;]:mt-5\" dir=\"auto\" data-message-author-role=\"assistant\" data-message-id=\"dba6f52c-28ac-463a-b820-e8380d6e5863\" data-message-model-slug=\"gpt-4o-mini\">\n<div class=\"flex w-full flex-col gap-1 empty:hidden first:pt-[3px]\">\n<div class=\"markdown prose w-full break-words dark:prose-invert light\">\n<ol start=\"8\">\n<li><strong>Adaptaci\u00f3 a les necessitats laborals:<\/strong> Els adults que tornen a l&#8217;escola sovint ho fan per millorar les seves oportunitats laborals. La tutoria individualitzada els permet enfocar-se en les \u00e0rees m\u00e9s rellevants per a les seves futures carreres professionals, adaptant-se a les compet\u00e8ncies concretes que necessiten per accedir a millor feina o per assolir una promoci\u00f3.<\/li>\n<li><strong>Ajust a la diversitat cultural i social:<\/strong> Les escoles d&#8217;adults sovint tenen estudiants de diversos or\u00edgens culturals, socials i educatius. La tutoria individualitzada permet abordar les difer\u00e8ncies de manera respectuosa i personalitzada, tenint en compte les experi\u00e8ncies pr\u00e8vies de cada alumne i oferint estrat\u00e8gies per integrar-se millor en el sistema educatiu.<\/li>\n<li><strong>Refor\u00e7 de la teoria amb pr\u00e0ctica:<\/strong> Molts adults tenen m\u00e9s experi\u00e8ncia pr\u00e0ctica que te\u00f2rica en determinats \u00e0mbits. La tutoria individualitzada pot ajudar a enlla\u00e7ar les seves experi\u00e8ncies vitals i laborals amb els coneixements te\u00f2rics, de manera que l\u2019aprenentatge sigui m\u00e9s significatiu i aplicable a la seva vida quotidiana.<\/li>\n<li><strong>Superar el sentiment d&#8217;a\u00efllament:<\/strong> Els adults que tornen a l&#8217;escola poden sentir-se a\u00efllats o desconnectats dels joves companys. La tutoria individualitzada ofereix un espai en qu\u00e8 l&#8217;alumne se senti escoltat i valorat, amb un adult referent que li ofereix orientaci\u00f3, suport i un sentiment de proximitat.<\/li>\n<li><strong>Suport emocional i psicol\u00f2gic:<\/strong> Per a molts adults, reprendre els estudis pot ser un repte emocional, ja que poden sentir-se insegurs o tenir pors relacionades amb el frac\u00e0s o el desajust entre la seva situaci\u00f3 personal i el context educatiu. La tutoria individualitzada permet tractar aquests aspectes emocionals i psicol\u00f2gics, donant l&#8217;oportunitat d&#8217;afrontar-los en un espai segur i de confian\u00e7a.<\/li>\n<li><strong>Prevenci\u00f3 de l&#8217;aband\u00f3 escolar:<\/strong> En moltes ocasions, els alumnes adults poden sentir-se desmotivats o frustrats davant les dificultats. La tutoria individualitzada pot ajudar a identificar els moments clau en qu\u00e8 un estudiant pot estar a punt d&#8217;abandonar i proporcionar-li estrat\u00e8gies de motivaci\u00f3 i suport personalitzat per evitar que aix\u00f2 succeeixi.<\/li>\n<li><strong>Flexibilitat en la metodologia:<\/strong> La tutoria individualitzada permet utilitzar metodologies i recursos diferents segons les necessitats de l&#8217;estudiant. Aix\u00f2 pot incloure recursos digitals, activitats pr\u00e0ctiques, lectures personalitzades o estrat\u00e8gies d&#8217;ensenyament m\u00e9s visuals o interactives, depenent del seu estil d&#8217;aprenentatge.<\/li>\n<li><strong>Desenvolupament de la creativitat i la cr\u00edtica constructiva:<\/strong> La tutoria individualitzada tamb\u00e9 pot ser un espai per fomentar la creativitat, ja que l\u2019alumne es pot sentir m\u00e9s lliure de compartir idees i de treballar en projectes propis. Aix\u00f2 pot ajudar a desenvolupar una visi\u00f3 cr\u00edtica i constructiva que li sigui \u00fatil tant en l&#8217;\u00e0mbit educatiu com professional.<\/li>\n<li><strong>Acompanyament a la incorporaci\u00f3 d&#8217;h\u00e0bits d&#8217;estudi:<\/strong> Els adults sovint no estan acostumats a estudiar de manera sistem\u00e0tica i organitzada. La tutoria pot ajudar-los a desenvolupar h\u00e0bits d&#8217;estudi efica\u00e7os, a gestionar millor el seu temps i a establir rutines d&#8217;aprenentatge que els permetin afrontar els estudis amb m\u00e9s \u00e8xit.<\/li>\n<li><strong>Millora de les habilitats digitals:<\/strong> Molts adults que tornen a l&#8217;escola poden tenir dificultats amb les tecnologies digitals, que s\u00f3n cada vegada m\u00e9s necess\u00e0ries en l&#8217;educaci\u00f3 i el m\u00f3n laboral. Una tutoria individualitzada pot incloure la formaci\u00f3 espec\u00edfica en aquestes habilitats, millorant la seva capacitaci\u00f3 digital i augmentant les seves oportunitats professionals.<\/li>\n<li><strong>Personalitzaci\u00f3 dels objectius d&#8217;aprenentatge:<\/strong> En una tutoria individualitzada es poden establir objectius d&#8217;aprenentatge espec\u00edfics per a cada alumne, adaptats al seu nivell, les seves necessitats i les seves metes a llarg termini. Aix\u00f2 ajuda a donar una direcci\u00f3 clara al seu proc\u00e9s educatiu i a mantenir-lo enfocat en el que vol assolir.<\/li>\n<li><strong>Facilitar la transici\u00f3 cap a la formaci\u00f3 superior:<\/strong> Per aquells adults que volen continuar amb estudis superiors, la tutoria individualitzada pot ajudar a preparar-los per afrontar els requisits acad\u00e8mics d&#8217;una formaci\u00f3 m\u00e9s avan\u00e7ada, millorant la seva comprensi\u00f3 de continguts, t\u00e8cniques d\u2019estudi i metodologia universit\u00e0ria.<\/li>\n<li><strong>Inclusi\u00f3 i equitat:<\/strong> La tutoria individualitzada \u00e9s una eina poderosa per garantir que tothom, independentment de les seves condicions pr\u00e8vies d&#8217;educaci\u00f3, pugui accedir a una formaci\u00f3 de qualitat. Aquesta atenci\u00f3 personalitzada redueix les desigualtats educatives i fomenta un ambient m\u00e9s inclusiu i equitatiu per als estudiants.<\/li>\n<\/ol>\n<p>Tots aquests motius demostren que una tutoria individualitzada no nom\u00e9s ajuda els adults a aprendre millor, sin\u00f3 que tamb\u00e9 t\u00e9 un impacte positiu en la seva autoestima, motivaci\u00f3, autonomia i capacitat per afrontar reptes educatius i laborals.<\/p>\n<\/div>\n<\/div>\n<\/div>\n<\/div>\n<\/div>\n<\/div>\n<\/div>\n<\/div>\n<\/article>\n","protected":false},"excerpt":{"rendered":"<p>Posa&#8217;t en contacte amb la teva tutora per demanar una tutoria individual Una tutoria individualitzada en una escola d&#8217;adults pot ser molt valuosa per als estudiants per diversos motius. Atenci\u00f3 personalitzada: Cada adult t\u00e9 les seves pr\u00f2pies necessitats d&#8217;aprenentatge, ritmes i dificultats. La tutoria individualitzada permet ajustar els continguts i el m\u00e8tode d&#8217;ensenyament a les [&hellip;]<\/p>\n","protected":false},"author":1,"featured_media":0,"parent":0,"menu_order":0,"comment_status":"closed","ping_status":"closed","template":"","meta":{"site-sidebar-layout":"default","site-content-layout":"","ast-site-content-layout":"","site-content-style":"default","site-sidebar-style":"default","ast-global-header-display":"","ast-banner-title-visibility":"","ast-main-header-display":"","ast-hfb-above-header-display":"","ast-hfb-below-header-display":"","ast-hfb-mobile-header-display":"","site-post-title":"","ast-breadcrumbs-content":"","ast-featured-img":"","footer-sml-layout":"","theme-transparent-header-meta":"","adv-header-id-meta":"","stick-header-meta":"","header-above-stick-meta":"","header-main-stick-meta":"","header-below-stick-meta":"","astra-migrate-meta-layouts":"default","ast-page-background-enabled":"default","ast-page-background-meta":{"desktop":{"background-color":"var(--ast-global-color-4)","background-image":"","background-repeat":"repeat","background-position":"center center","background-size":"auto","background-attachment":"scroll","background-type":"","background-media":"","overlay-type":"","overlay-color":"","overlay-opacity":"","overlay-gradient":""},"tablet":{"background-color":"","background-image":"","background-repeat":"repeat","background-position":"center center","background-size":"auto","background-attachment":"scroll","background-type":"","background-media":"","overlay-type":"","overlay-color":"","overlay-opacity":"","overlay-gradient":""},"mobile":{"background-color":"","background-image":"","background-repeat":"repeat","background-position":"center center","background-size":"auto","background-attachment":"scroll","background-type":"","background-media":"","overlay-type":"","overlay-color":"","overlay-opacity":"","overlay-gradient":""}},"ast-content-background-meta":{"desktop":{"background-color":"var(--ast-global-color-5)","background-image":"","background-repeat":"repeat","background-position":"center center","background-size":"auto","background-attachment":"scroll","background-type":"","background-media":"","overlay-type":"","overlay-color":"","overlay-opacity":"","overlay-gradient":""},"tablet":{"background-color":"var(--ast-global-color-5)","background-image":"","background-repeat":"repeat","background-position":"center center","background-size":"auto","background-attachment":"scroll","background-type":"","background-media":"","overlay-type":"","overlay-color":"","overlay-opacity":"","overlay-gradient":""},"mobile":{"background-color":"var(--ast-global-color-5)","background-image":"","background-repeat":"repeat","background-position":"center center","background-size":"auto","background-attachment":"scroll","background-type":"","background-media":"","overlay-type":"","overlay-color":"","overlay-opacity":"","overlay-gradient":""}},"footnotes":""},"class_list":["post-1919","page","type-page","status-publish","hentry"],"post_mailing_queue_ids":[],"_links":{"self":[{"href":"https:\/\/agora.xtec.cat\/cfa-tremp\/wp-json\/wp\/v2\/pages\/1919","targetHints":{"allow":["GET"]}}],"collection":[{"href":"https:\/\/agora.xtec.cat\/cfa-tremp\/wp-json\/wp\/v2\/pages"}],"about":[{"href":"https:\/\/agora.xtec.cat\/cfa-tremp\/wp-json\/wp\/v2\/types\/page"}],"author":[{"embeddable":true,"href":"https:\/\/agora.xtec.cat\/cfa-tremp\/wp-json\/wp\/v2\/users\/1"}],"replies":[{"embeddable":true,"href":"https:\/\/agora.xtec.cat\/cfa-tremp\/wp-json\/wp\/v2\/comments?post=1919"}],"version-history":[{"count":1,"href":"https:\/\/agora.xtec.cat\/cfa-tremp\/wp-json\/wp\/v2\/pages\/1919\/revisions"}],"predecessor-version":[{"id":1922,"href":"https:\/\/agora.xtec.cat\/cfa-tremp\/wp-json\/wp\/v2\/pages\/1919\/revisions\/1922"}],"wp:attachment":[{"href":"https:\/\/agora.xtec.cat\/cfa-tremp\/wp-json\/wp\/v2\/media?parent=1919"}],"curies":[{"name":"wp","href":"https:\/\/api.w.org\/{rel}","templated":true}]}}