{"id":1856,"date":"2024-06-14T14:27:06","date_gmt":"2024-06-14T12:27:06","guid":{"rendered":"https:\/\/agora.xtec.cat\/cfa-tremp\/?page_id=1856"},"modified":"2024-06-14T14:35:37","modified_gmt":"2024-06-14T12:35:37","slug":"places-vacants-curs-2024-2025","status":"publish","type":"page","link":"https:\/\/agora.xtec.cat\/cfa-tremp\/places-vacants-curs-2024-2025\/","title":{"rendered":"Places vacants curs 2024-2025"},"content":{"rendered":"<p>&nbsp;<\/p>\n<p><strong>Informem que les places vacants per al curs 2024\/2025 s\u00f3n les seg\u00fcents per a cada ensenyament:<\/strong><\/p>\n<p>&nbsp;<\/p>\n<p>Totes les persones que vulguin fer la preinscripci\u00f3 per a qualsevol ensenyament ho podran fer del dia 20 al 28 de juny en horaris de 16:00 a 19:30h.<\/p>\n<p>Cal tenir en compte que si hi ha m\u00e9s persones que demanen un ensenyament, de les places que s&#8217;ofereixen, l&#8217;adjudicaci\u00f3 es far\u00e0 a trav\u00e9s d&#8217;un sorteig.<\/p>\n<table style=\"border-collapse: collapse; width: 100%;\">\n<tbody>\n<tr>\n<td style=\"width: 25%;\">Llengua catalana 2: 22<\/td>\n<td style=\"width: 25%;\">Llengua anglesa 1: 21<\/td>\n<td style=\"width: 25%;\">Llengua francesa 1: 21<\/td>\n<td style=\"width: 25%;\">Competic 1: 14<\/td>\n<\/tr>\n<tr>\n<td style=\"width: 25%;\">Llengua catalana 3: 23<\/td>\n<td style=\"width: 25%;\">Llengua anglesa 3: 15<\/td>\n<td style=\"width: 25%;\">Llengua francesa 2: 18<\/td>\n<td style=\"width: 25%;\">Competic 2 presencial: 4<\/p>\n<p>Competic 2 semipresencial: 16<\/td>\n<\/tr>\n<tr>\n<td style=\"width: 25%;\">CFI 1: 11<\/p>\n<p>CFI 2: 22<\/p>\n<p>CFI 3: 21<\/td>\n<td style=\"width: 25%;\"><\/td>\n<td style=\"width: 25%;\"><\/td>\n<td style=\"width: 25%;\">Competic 3 presencial: 2<\/p>\n<p>Competic 3 semipresencial: 4<\/td>\n<\/tr>\n<\/tbody>\n<\/table>\n<p><a href=\"https:\/\/agora.xtec.cat\/cfa-tremp\/wp-content\/uploads\/usu1076\/2024\/06\/Captura-1.png\"><img loading=\"lazy\" decoding=\"async\" class=\"aligncenter size-large wp-image-1857\" src=\"https:\/\/agora.xtec.cat\/cfa-tremp\/wp-content\/uploads\/usu1076\/2024\/06\/Captura-1-1024x585.png\" alt=\"\" width=\"1024\" height=\"585\" srcset=\"https:\/\/agora.xtec.cat\/cfa-tremp\/wp-content\/uploads\/usu1076\/2024\/06\/Captura-1-1024x585.png 1024w, https:\/\/agora.xtec.cat\/cfa-tremp\/wp-content\/uploads\/usu1076\/2024\/06\/Captura-1-300x172.png 300w, https:\/\/agora.xtec.cat\/cfa-tremp\/wp-content\/uploads\/usu1076\/2024\/06\/Captura-1-768x439.png 768w, https:\/\/agora.xtec.cat\/cfa-tremp\/wp-content\/uploads\/usu1076\/2024\/06\/Captura-1.png 1179w\" sizes=\"auto, (max-width: 1024px) 100vw, 1024px\" \/><\/a><\/p>\n","protected":false},"excerpt":{"rendered":"<p>&nbsp; Informem que les places vacants per al curs 2024\/2025 s\u00f3n les seg\u00fcents per a cada ensenyament: &nbsp; Totes les persones que vulguin fer la preinscripci\u00f3 per a qualsevol ensenyament ho podran fer del dia 20 al 28 de juny en horaris de 16:00 a 19:30h. Cal tenir en compte que si hi ha m\u00e9s [&hellip;]<\/p>\n","protected":false},"author":1,"featured_media":0,"parent":0,"menu_order":0,"comment_status":"closed","ping_status":"closed","template":"","meta":{"site-sidebar-layout":"default","site-content-layout":"","ast-site-content-layout":"","site-content-style":"default","site-sidebar-style":"default","ast-global-header-display":"","ast-banner-title-visibility":"","ast-main-header-display":"","ast-hfb-above-header-display":"","ast-hfb-below-header-display":"","ast-hfb-mobile-header-display":"","site-post-title":"","ast-breadcrumbs-content":"","ast-featured-img":"","footer-sml-layout":"","theme-transparent-header-meta":"","adv-header-id-meta":"","stick-header-meta":"","header-above-stick-meta":"","header-main-stick-meta":"","header-below-stick-meta":"","astra-migrate-meta-layouts":"default","ast-page-background-enabled":"default","ast-page-background-meta":{"desktop":{"background-color":"var(--ast-global-color-4)","background-image":"","background-repeat":"repeat","background-position":"center center","background-size":"auto","background-attachment":"scroll","background-type":"","background-media":"","overlay-type":"","overlay-color":"","overlay-opacity":"","overlay-gradient":""},"tablet":{"background-color":"","background-image":"","background-repeat":"repeat","background-position":"center center","background-size":"auto","background-attachment":"scroll","background-type":"","background-media":"","overlay-type":"","overlay-color":"","overlay-opacity":"","overlay-gradient":""},"mobile":{"background-color":"","background-image":"","background-repeat":"repeat","background-position":"center center","background-size":"auto","background-attachment":"scroll","background-type":"","background-media":"","overlay-type":"","overlay-color":"","overlay-opacity":"","overlay-gradient":""}},"ast-content-background-meta":{"desktop":{"background-color":"var(--ast-global-color-5)","background-image":"","background-repeat":"repeat","background-position":"center center","background-size":"auto","background-attachment":"scroll","background-type":"","background-media":"","overlay-type":"","overlay-color":"","overlay-opacity":"","overlay-gradient":""},"tablet":{"background-color":"var(--ast-global-color-5)","background-image":"","background-repeat":"repeat","background-position":"center center","background-size":"auto","background-attachment":"scroll","background-type":"","background-media":"","overlay-type":"","overlay-color":"","overlay-opacity":"","overlay-gradient":""},"mobile":{"background-color":"var(--ast-global-color-5)","background-image":"","background-repeat":"repeat","background-position":"center center","background-size":"auto","background-attachment":"scroll","background-type":"","background-media":"","overlay-type":"","overlay-color":"","overlay-opacity":"","overlay-gradient":""}},"footnotes":""},"class_list":["post-1856","page","type-page","status-publish","hentry"],"post_mailing_queue_ids":[],"_links":{"self":[{"href":"https:\/\/agora.xtec.cat\/cfa-tremp\/wp-json\/wp\/v2\/pages\/1856","targetHints":{"allow":["GET"]}}],"collection":[{"href":"https:\/\/agora.xtec.cat\/cfa-tremp\/wp-json\/wp\/v2\/pages"}],"about":[{"href":"https:\/\/agora.xtec.cat\/cfa-tremp\/wp-json\/wp\/v2\/types\/page"}],"author":[{"embeddable":true,"href":"https:\/\/agora.xtec.cat\/cfa-tremp\/wp-json\/wp\/v2\/users\/1"}],"replies":[{"embeddable":true,"href":"https:\/\/agora.xtec.cat\/cfa-tremp\/wp-json\/wp\/v2\/comments?post=1856"}],"version-history":[{"count":3,"href":"https:\/\/agora.xtec.cat\/cfa-tremp\/wp-json\/wp\/v2\/pages\/1856\/revisions"}],"predecessor-version":[{"id":1861,"href":"https:\/\/agora.xtec.cat\/cfa-tremp\/wp-json\/wp\/v2\/pages\/1856\/revisions\/1861"}],"wp:attachment":[{"href":"https:\/\/agora.xtec.cat\/cfa-tremp\/wp-json\/wp\/v2\/media?parent=1856"}],"curies":[{"name":"wp","href":"https:\/\/api.w.org\/{rel}","templated":true}]}}