{"id":1531,"date":"2022-06-01T16:26:01","date_gmt":"2022-06-01T14:26:01","guid":{"rendered":"https:\/\/agora.xtec.cat\/cfa-tremp\/?page_id=1531"},"modified":"2026-04-07T10:37:35","modified_gmt":"2026-04-07T08:37:35","slug":"preinscripcio-i-matricula","status":"publish","type":"page","link":"https:\/\/agora.xtec.cat\/cfa-tremp\/pagines-dinici\/preinscripcio-i-matricula\/","title":{"rendered":"Preinscripci\u00f3 i matr\u00edcula"},"content":{"rendered":"<header><a style=\"font-size: 16px; font-style: normal; font-weight: 400; transition-property: all; color: #3a3a3a;\" href=\"https:\/\/agora.xtec.cat\/cfa-tremp\/wp-content\/uploads\/usu1076\/2025\/07\/matricula.png\"><img loading=\"lazy\" decoding=\"async\" class=\" wp-image-2044 alignleft\" src=\"https:\/\/agora.xtec.cat\/cfa-tremp\/wp-content\/uploads\/usu1076\/2025\/07\/matricula.png\" alt=\"\" width=\"228\" height=\"266\" srcset=\"https:\/\/agora.xtec.cat\/cfa-tremp\/wp-content\/uploads\/usu1076\/2025\/07\/matricula.png 306w, https:\/\/agora.xtec.cat\/cfa-tremp\/wp-content\/uploads\/usu1076\/2025\/07\/matricula-257x300.png 257w\" sizes=\"auto, (max-width: 228px) 100vw, 228px\" \/><\/a><\/header>\n<header><\/header>\n<header><a href=\"https:\/\/agora.xtec.cat\/cfa-tremp\/pagines-dinici\/preinscripcio-i-matricula\/alumnat-nou\/\" target=\"_blank\" rel=\"noopener\"><img loading=\"lazy\" decoding=\"async\" class=\"size-full wp-image-2071 alignleft\" src=\"https:\/\/agora.xtec.cat\/cfa-tremp\/wp-content\/uploads\/usu1076\/2025\/07\/nou-alumne.png\" alt=\"\" width=\"243\" height=\"103\" \/><\/a><\/header>\n<header><\/header>\n<header><\/header>\n<header><\/header>\n<header><\/header>\n<header><\/header>\n<header><\/header>\n<header><\/header>\n<header><\/header>\n<header><\/header>\n<header><\/header>\n<header><a href=\"https:\/\/agora.xtec.cat\/cfa-tremp\/pagines-dinici\/preinscripcio-i-matricula\/alumant-propi\/\" target=\"_blank\" rel=\"noopener\"><img loading=\"lazy\" decoding=\"async\" class=\"alignnone wp-image-2070 size-full\" src=\"https:\/\/agora.xtec.cat\/cfa-tremp\/wp-content\/uploads\/usu1076\/2025\/07\/alumne.png\" alt=\"\" width=\"248\" height=\"114\" \/><\/a><\/header>\n<header><\/header>\n<header><\/header>\n<header><\/header>\n<header><\/header>\n<header><\/header>\n<header><\/header>\n<header><\/header>\n<header><\/header>\n<header><\/header>\n<header><\/header>\n<header><\/header>\n<header><\/header>\n<header><\/header>\n<header><\/header>\n<header><\/header>\n<header><\/header>\n<header><\/header>\n<header class=\"entry-header\"><span style=\"font-size: 16px;\">Us informem de les fases del proc\u00e9s de preinscripci\u00f3 i matr\u00edcula per al curs escolar 2025\/2026<\/span><\/header>\n<header class=\"entry-header\">\n<table style=\"width: 69.259%; height: 363px;\">\n<tbody>\n<tr style=\"height: 48px;\">\n<td style=\"width: 48.8064%; height: 48px; border-color: #080000; border-style: solid;\"><strong>Fases\u00a0<\/strong><\/td>\n<td style=\"width: 22.6961%; height: 48px; border-color: #080000; border-style: solid;\"><strong>Dates<\/strong><\/td>\n<td style=\"width: 6.6313%; height: 48px; border-color: #080000; border-style: solid;\"><strong>\u00a0<\/strong><\/td>\n<\/tr>\n<tr style=\"height: 48px;\">\n<td style=\"width: 48.8064%; height: 48px; border-color: #080000; border-style: solid;\">Publicaci\u00f3 de l\u2019oferta d\u2019ensenyaments<\/td>\n<td style=\"width: 22.6961%; height: 48px; border-color: #080000; border-style: solid;\">22 de maig<\/td>\n<td style=\"width: 6.6313%; height: 48px; border-color: #080000; border-style: solid;\"><span style=\"color: #ff6600;\"><strong>\u2705<\/strong><\/span><\/td>\n<\/tr>\n<tr style=\"height: 48px;\">\n<td style=\"width: 48.8064%; height: 48px; border-color: #080000; border-style: solid;\"><strong><span style=\"color: #cc99ff;\">Proves de nivell<\/span><\/strong><\/td>\n<td style=\"width: 22.6961%; height: 48px; border-color: #080000; border-style: solid;\">fins el 18 de juny<\/td>\n<td style=\"width: 6.6313%; height: 48px; border-color: #080000; border-style: solid;\"><span style=\"color: #ff6600;\"><strong>\u2705<\/strong><\/span><\/td>\n<\/tr>\n<tr style=\"height: 48px;\">\n<td style=\"width: 48.8064%; height: 48px; border-color: #080000; border-style: solid;\">Publicaci\u00f3 places vacants. Consulta el nombre de places vacants<\/td>\n<td style=\"width: 22.6961%; height: 48px; border-color: #080000; border-style: solid;\">18 de juny<\/td>\n<td style=\"width: 6.6313%; height: 48px; border-color: #080000; border-style: solid;\"><span style=\"color: #ff6600;\"><strong>\u2705<\/strong><\/span><\/td>\n<\/tr>\n<tr style=\"height: 33px;\">\n<td style=\"height: 33px; width: 48.8064%; border-color: #080000; border-style: solid;\"><span style=\"color: #000000;\"><strong>Proc\u00e9s d&#8217;informaci\u00f3 i orientaci\u00f3 en els centres<\/strong><\/span><\/td>\n<td style=\"width: 22.6961%; height: 33px; border-color: #080000; border-style: solid;\">De l&#8217;1 al 29 de juny<\/td>\n<td style=\"width: 6.6313%; height: 33px; border-color: #080000; border-style: solid;\"><span style=\"color: #000000;\"><span style=\"color: #ff6600;\"><strong>\u2705<\/strong><\/span><\/span><\/td>\n<\/tr>\n<tr style=\"height: 10px;\">\n<td style=\"width: 48.8064%; height: 10px; border-color: #080000; border-style: solid;\"><span style=\"color: #cc99ff;\"><strong>Presentaci\u00f3 de sol\u00b7licituds<\/strong><\/span><\/td>\n<td style=\"width: 22.6961%; height: 10px; border-color: #080000; border-style: solid;\"><strong>Del 19 al 29 de juny<\/strong><\/td>\n<td style=\"width: 6.6313%; height: 10px; border-color: #080000; border-style: solid;\"><span style=\"color: #000000;\"><span style=\"color: #ff6600;\"><strong>\u2705<\/strong><\/span><\/span><\/td>\n<\/tr>\n<tr style=\"height: 32px;\">\n<td style=\"width: 48.8064%; height: 32px; border-color: #080000; border-style: solid;\">Publicaci\u00f3 de llistes amb el barem provisional<\/td>\n<td style=\"width: 22.6961%; height: 32px; border-color: #080000; border-style: solid;\">6 de juliol a partir de les 14h<\/td>\n<td style=\"width: 6.6313%; height: 32px; border-color: #080000; border-style: solid;\"><span style=\"color: #ff6600;\"><strong><span style=\"color: #000000;\">\u274c<\/span><\/strong><\/span><\/td>\n<\/tr>\n<tr style=\"height: 32px;\">\n<td style=\"width: 48.8064%; height: 32px; border-color: #080000; border-style: solid;\">Sorteig del n\u00famero de desempat<\/td>\n<td style=\"width: 22.6961%; height: 32px; border-color: #080000; border-style: solid;\">7 de juliol<\/td>\n<td style=\"width: 6.6313%; height: 32px; border-color: #080000; border-style: solid;\"><span style=\"color: #000000;\">\u274c<\/span><\/td>\n<\/tr>\n<tr style=\"height: 32px;\">\n<td style=\"width: 48.8064%; height: 32px; border-color: #080000; border-style: solid;\">Presentaci\u00f3 de reclamacions<\/td>\n<td style=\"width: 22.6961%; height: 32px; border-color: #080000; border-style: solid;\">Del 6 al 10 de juliol<\/td>\n<td style=\"width: 6.6313%; height: 32px; border-color: #080000; border-style: solid;\"><span style=\"color: #000000;\">\u274c<\/span><\/td>\n<\/tr>\n<tr style=\"height: 32px;\">\n<td style=\"width: 48.8064%; height: 32px; border-color: #080000; border-style: solid;\">Llista d&#8217;alumnes admesos i llista d&#8217;espera<\/td>\n<td style=\"width: 22.6961%; height: 32px; border-color: #080000; border-style: solid;\">17 de juliol<\/td>\n<td style=\"width: 6.6313%; height: 32px; border-color: #080000; border-style: solid;\"><span style=\"color: #000000;\">\u274c<\/span><\/td>\n<\/tr>\n<\/tbody>\n<\/table>\n<table style=\"width: 69.0963%; height: 130px;\">\n<tbody>\n<tr>\n<td style=\"width: 50.2688%; border-style: solid; border-color: #080000;\"><span style=\"color: #ff6600;\"><strong>Per\u00edode de matriculaci\u00f3<\/strong><\/span><\/td>\n<td style=\"width: 22.2457%; border-style: solid; border-color: #080000;\"><strong>Del 2 al 10 de setembre<\/strong><\/td>\n<td style=\"width: 11.8941%; border-style: solid; border-color: #080000;\"><span style=\"color: #ff6600;\"><strong>Alumnes admesos<\/strong><\/span><\/td>\n<td style=\"width: 6.72043%; border-style: solid; border-color: #080000;\"><span style=\"color: #000000;\">\u274c<\/span><\/td>\n<\/tr>\n<tr>\n<td style=\"width: 50.2688%; border-style: solid; border-color: #080000;\">Matricula dels alumnes amb llista d&#8217;espera<\/td>\n<td style=\"width: 22.2457%; border-style: solid; border-color: #080000;\">Del 14 al 16 de setembre<\/td>\n<td style=\"width: 11.8941%; border-style: solid; border-color: #080000;\"><\/td>\n<td style=\"width: 6.72043%; border-style: solid; border-color: #080000;\"><span style=\"color: #000000;\">\u274c<\/span><\/td>\n<\/tr>\n<\/tbody>\n<\/table>\n<\/header>\n","protected":false},"excerpt":{"rendered":"<p>Us informem de les fases del proc\u00e9s de preinscripci\u00f3 i matr\u00edcula per al curs escolar 2025\/2026 Fases\u00a0 Dates \u00a0 Publicaci\u00f3 de l\u2019oferta d\u2019ensenyaments 22 de maig \u2705 Proves de nivell fins el 18 de juny \u2705 Publicaci\u00f3 places vacants. Consulta el nombre de places vacants 18 de juny \u2705 Proc\u00e9s d&#8217;informaci\u00f3 i orientaci\u00f3 en els [&hellip;]<\/p>\n","protected":false},"author":1,"featured_media":0,"parent":7,"menu_order":0,"comment_status":"closed","ping_status":"closed","template":"","meta":{"site-sidebar-layout":"default","site-content-layout":"","ast-site-content-layout":"default","site-content-style":"default","site-sidebar-style":"default","ast-global-header-display":"","ast-banner-title-visibility":"","ast-main-header-display":"","ast-hfb-above-header-display":"","ast-hfb-below-header-display":"","ast-hfb-mobile-header-display":"","site-post-title":"","ast-breadcrumbs-content":"","ast-featured-img":"","footer-sml-layout":"","theme-transparent-header-meta":"default","adv-header-id-meta":"","stick-header-meta":"","header-above-stick-meta":"","header-main-stick-meta":"","header-below-stick-meta":"","astra-migrate-meta-layouts":"set","ast-page-background-enabled":"default","ast-page-background-meta":{"desktop":{"background-color":"var(--ast-global-color-4)","background-image":"","background-repeat":"repeat","background-position":"center center","background-size":"auto","background-attachment":"scroll","background-type":"","background-media":"","overlay-type":"","overlay-color":"","overlay-opacity":"","overlay-gradient":""},"tablet":{"background-color":"","background-image":"","background-repeat":"repeat","background-position":"center center","background-size":"auto","background-attachment":"scroll","background-type":"","background-media":"","overlay-type":"","overlay-color":"","overlay-opacity":"","overlay-gradient":""},"mobile":{"background-color":"","background-image":"","background-repeat":"repeat","background-position":"center center","background-size":"auto","background-attachment":"scroll","background-type":"","background-media":"","overlay-type":"","overlay-color":"","overlay-opacity":"","overlay-gradient":""}},"ast-content-background-meta":{"desktop":{"background-color":"var(--ast-global-color-5)","background-image":"","background-repeat":"repeat","background-position":"center center","background-size":"auto","background-attachment":"scroll","background-type":"","background-media":"","overlay-type":"","overlay-color":"","overlay-opacity":"","overlay-gradient":""},"tablet":{"background-color":"var(--ast-global-color-5)","background-image":"","background-repeat":"repeat","background-position":"center center","background-size":"auto","background-attachment":"scroll","background-type":"","background-media":"","overlay-type":"","overlay-color":"","overlay-opacity":"","overlay-gradient":""},"mobile":{"background-color":"var(--ast-global-color-5)","background-image":"","background-repeat":"repeat","background-position":"center center","background-size":"auto","background-attachment":"scroll","background-type":"","background-media":"","overlay-type":"","overlay-color":"","overlay-opacity":"","overlay-gradient":""}},"footnotes":""},"class_list":["post-1531","page","type-page","status-publish","hentry"],"post_mailing_queue_ids":[],"_links":{"self":[{"href":"https:\/\/agora.xtec.cat\/cfa-tremp\/wp-json\/wp\/v2\/pages\/1531","targetHints":{"allow":["GET"]}}],"collection":[{"href":"https:\/\/agora.xtec.cat\/cfa-tremp\/wp-json\/wp\/v2\/pages"}],"about":[{"href":"https:\/\/agora.xtec.cat\/cfa-tremp\/wp-json\/wp\/v2\/types\/page"}],"author":[{"embeddable":true,"href":"https:\/\/agora.xtec.cat\/cfa-tremp\/wp-json\/wp\/v2\/users\/1"}],"replies":[{"embeddable":true,"href":"https:\/\/agora.xtec.cat\/cfa-tremp\/wp-json\/wp\/v2\/comments?post=1531"}],"version-history":[{"count":6,"href":"https:\/\/agora.xtec.cat\/cfa-tremp\/wp-json\/wp\/v2\/pages\/1531\/revisions"}],"predecessor-version":[{"id":2207,"href":"https:\/\/agora.xtec.cat\/cfa-tremp\/wp-json\/wp\/v2\/pages\/1531\/revisions\/2207"}],"up":[{"embeddable":true,"href":"https:\/\/agora.xtec.cat\/cfa-tremp\/wp-json\/wp\/v2\/pages\/7"}],"wp:attachment":[{"href":"https:\/\/agora.xtec.cat\/cfa-tremp\/wp-json\/wp\/v2\/media?parent=1531"}],"curies":[{"name":"wp","href":"https:\/\/api.w.org\/{rel}","templated":true}]}}