{"id":1457,"date":"2022-04-22T14:18:59","date_gmt":"2022-04-22T12:18:59","guid":{"rendered":"https:\/\/agora.xtec.cat\/cfa-tremp\/?page_id=1457"},"modified":"2025-05-08T15:03:42","modified_gmt":"2025-05-08T13:03:42","slug":"acreditacio-de-competencies-professionals","status":"publish","type":"page","link":"https:\/\/agora.xtec.cat\/cfa-tremp\/acreditacio-de-competencies-professionals\/","title":{"rendered":"Acreditaci\u00f3 de compet\u00e8ncies professionals"},"content":{"rendered":"<p>El servei d\u2019<strong>Acreditaci\u00f3 de compet\u00e8ncies professionals<\/strong> \u00e9s un servei permanent de l\u2019Ag\u00e8ncia FPCAT que et permet <strong>aconseguir una certificaci\u00f3 oficial mitjan\u00e7ant la demostraci\u00f3 d\u2019all\u00f2 que la persona usu\u00e0ria \u00e9s capa\u00e7 de fer<\/strong>, <strong>a partir de la seva experi\u00e8ncia professional<\/strong> o la seva formaci\u00f3 no reconeguda oficialment.<\/p>\n<p><a href=\"https:\/\/fp.gencat.cat\/ca\/acreditacio\/em-vull-acreditar\/\">Enlla\u00e7 p\u00e0gina oficial\u00a0<\/a><\/p>\n<p>&nbsp;<\/p>\n<div style=\"width: 100%;\">\n<div style=\"position: relative; padding-bottom: 56.25%; padding-top: 0; height: 0;\"><iframe loading=\"lazy\" style=\"position: absolute; top: 0; left: 0; width: 100%; height: 100%;\" title=\"ACREDITACI\u00d3 COMPET\u00c8NCIES PROFESSIONALS\" src=\"https:\/\/view.genial.ly\/6272ab725bc58d0018d1d0fc\" width=\"400\" height=\"275\" frameborder=\"0\" scrolling=\"yes\" allowfullscreen=\"allowfullscreen\"><\/iframe><\/div>\n<div style=\"width: 100%;\">\n<div style=\"position: relative; padding-bottom: 56.25%; padding-top: 0; height: 0;\"><\/div>\n<div><\/div>\n<\/div>\n<\/div>\n<p>&nbsp;<\/p>\n<table style=\"height: 40px; width: 59.6731%; border-collapse: collapse;\">\n<tbody>\n<tr style=\"height: 40px;\">\n<td style=\"width: 57.3847%; height: 40px; text-align: center;\">\n<ul style=\"list-style-type: square;\">\n<li><span style=\"font-size: 16px;\">Gratu\u00eft\u00a0\u00a0<\/span><\/li>\n<\/ul>\n<\/td>\n<td style=\"width: 179.54%; height: 40px; text-align: center;\">\n<ul style=\"list-style-type: square;\">\n<li style=\"list-style-type: none;\">\n<ul style=\"list-style-type: square;\">\n<li><span style=\"font-size: 16px;\">Els 365 dies de l\u2019any<\/span><\/li>\n<\/ul>\n<\/li>\n<\/ul>\n<\/td>\n<\/tr>\n<\/tbody>\n<\/table>\n<p>La persona usu\u00e0ria participa en un seguit d\u2019entrevistes, que preferentment s\u00f3n virtuals, en les quals ha de demostrar una s\u00e8rie de compet\u00e8ncies professionals. En acabar el procediment, si la persona usu\u00e0ria demostra que ha adquirit les compet\u00e8ncies, podr\u00e0 convalidar o completar la formaci\u00f3 d\u2019un certificat de professionalitat o un t\u00edtol de Formaci\u00f3 Professional.<\/p>\n","protected":false},"excerpt":{"rendered":"<p>El servei d\u2019Acreditaci\u00f3 de compet\u00e8ncies professionals \u00e9s un servei permanent de l\u2019Ag\u00e8ncia FPCAT que et permet aconseguir una certificaci\u00f3 oficial mitjan\u00e7ant la demostraci\u00f3 d\u2019all\u00f2 que la persona usu\u00e0ria \u00e9s capa\u00e7 de fer, a partir de la seva experi\u00e8ncia professional o la seva formaci\u00f3 no reconeguda oficialment. Enlla\u00e7 p\u00e0gina oficial\u00a0 &nbsp; &nbsp; Gratu\u00eft\u00a0\u00a0 Els 365 dies [&hellip;]<\/p>\n","protected":false},"author":1,"featured_media":0,"parent":0,"menu_order":0,"comment_status":"closed","ping_status":"closed","template":"","meta":{"site-sidebar-layout":"default","site-content-layout":"","ast-site-content-layout":"default","site-content-style":"default","site-sidebar-style":"default","ast-global-header-display":"","ast-banner-title-visibility":"","ast-main-header-display":"","ast-hfb-above-header-display":"","ast-hfb-below-header-display":"","ast-hfb-mobile-header-display":"","site-post-title":"","ast-breadcrumbs-content":"","ast-featured-img":"","footer-sml-layout":"","theme-transparent-header-meta":"default","adv-header-id-meta":"","stick-header-meta":"","header-above-stick-meta":"","header-main-stick-meta":"","header-below-stick-meta":"","astra-migrate-meta-layouts":"set","ast-page-background-enabled":"default","ast-page-background-meta":{"desktop":{"background-color":"var(--ast-global-color-4)","background-image":"","background-repeat":"repeat","background-position":"center center","background-size":"auto","background-attachment":"scroll","background-type":"","background-media":"","overlay-type":"","overlay-color":"","overlay-opacity":"","overlay-gradient":""},"tablet":{"background-color":"","background-image":"","background-repeat":"repeat","background-position":"center center","background-size":"auto","background-attachment":"scroll","background-type":"","background-media":"","overlay-type":"","overlay-color":"","overlay-opacity":"","overlay-gradient":""},"mobile":{"background-color":"","background-image":"","background-repeat":"repeat","background-position":"center center","background-size":"auto","background-attachment":"scroll","background-type":"","background-media":"","overlay-type":"","overlay-color":"","overlay-opacity":"","overlay-gradient":""}},"ast-content-background-meta":{"desktop":{"background-color":"var(--ast-global-color-5)","background-image":"","background-repeat":"repeat","background-position":"center center","background-size":"auto","background-attachment":"scroll","background-type":"","background-media":"","overlay-type":"","overlay-color":"","overlay-opacity":"","overlay-gradient":""},"tablet":{"background-color":"var(--ast-global-color-5)","background-image":"","background-repeat":"repeat","background-position":"center center","background-size":"auto","background-attachment":"scroll","background-type":"","background-media":"","overlay-type":"","overlay-color":"","overlay-opacity":"","overlay-gradient":""},"mobile":{"background-color":"var(--ast-global-color-5)","background-image":"","background-repeat":"repeat","background-position":"center center","background-size":"auto","background-attachment":"scroll","background-type":"","background-media":"","overlay-type":"","overlay-color":"","overlay-opacity":"","overlay-gradient":""}},"footnotes":""},"class_list":["post-1457","page","type-page","status-publish","hentry"],"post_mailing_queue_ids":[],"_links":{"self":[{"href":"https:\/\/agora.xtec.cat\/cfa-tremp\/wp-json\/wp\/v2\/pages\/1457","targetHints":{"allow":["GET"]}}],"collection":[{"href":"https:\/\/agora.xtec.cat\/cfa-tremp\/wp-json\/wp\/v2\/pages"}],"about":[{"href":"https:\/\/agora.xtec.cat\/cfa-tremp\/wp-json\/wp\/v2\/types\/page"}],"author":[{"embeddable":true,"href":"https:\/\/agora.xtec.cat\/cfa-tremp\/wp-json\/wp\/v2\/users\/1"}],"replies":[{"embeddable":true,"href":"https:\/\/agora.xtec.cat\/cfa-tremp\/wp-json\/wp\/v2\/comments?post=1457"}],"version-history":[{"count":6,"href":"https:\/\/agora.xtec.cat\/cfa-tremp\/wp-json\/wp\/v2\/pages\/1457\/revisions"}],"predecessor-version":[{"id":1965,"href":"https:\/\/agora.xtec.cat\/cfa-tremp\/wp-json\/wp\/v2\/pages\/1457\/revisions\/1965"}],"wp:attachment":[{"href":"https:\/\/agora.xtec.cat\/cfa-tremp\/wp-json\/wp\/v2\/media?parent=1457"}],"curies":[{"name":"wp","href":"https:\/\/api.w.org\/{rel}","templated":true}]}}