{"id":1443,"date":"2022-04-22T11:10:14","date_gmt":"2022-04-22T09:10:14","guid":{"rendered":"https:\/\/agora.xtec.cat\/cfa-tremp\/?page_id=1443"},"modified":"2022-04-22T14:17:55","modified_gmt":"2022-04-22T12:17:55","slug":"estudia-al-pallars","status":"publish","type":"page","link":"https:\/\/agora.xtec.cat\/cfa-tremp\/estudia-al-pallars\/","title":{"rendered":"Estudia al Pallars"},"content":{"rendered":"<p><a href=\"https:\/\/agora.xtec.cat\/cfa-tremp\/wp-content\/uploads\/usu1076\/2022\/04\/alt-pirineu-i-aran.png\"><img loading=\"lazy\" decoding=\"async\" class=\"alignright wp-image-1447 \" src=\"https:\/\/agora.xtec.cat\/cfa-tremp\/wp-content\/uploads\/usu1076\/2022\/04\/alt-pirineu-i-aran-300x256.png\" alt=\"\" width=\"238\" height=\"203\" srcset=\"https:\/\/agora.xtec.cat\/cfa-tremp\/wp-content\/uploads\/usu1076\/2022\/04\/alt-pirineu-i-aran-300x256.png 300w, https:\/\/agora.xtec.cat\/cfa-tremp\/wp-content\/uploads\/usu1076\/2022\/04\/alt-pirineu-i-aran.png 659w\" sizes=\"auto, (max-width: 238px) 100vw, 238px\" \/><\/a>El Pallars \u00e9s un territori molt ampli i disposa de diversos centres educatius en els quals pots formar-te i millorar les teves compet\u00e8ncies professionals. Des del Centre de Formaci\u00f3 d&#8217;Adults volem seguir oferint cursos que responguin a les necessitats de la nostra poblaci\u00f3 i per aix\u00f2 us convidem a omplir aquesta enquesta, ens ser\u00e0 de gran ajuda per configurar la nostra oferta educativa en els pr\u00f2xims cursos.<\/p>\n<p>&nbsp;<\/p>\n<table style=\"width: 71.6528%; border-collapse: collapse; background-color: #9cc1cf;\">\n<tbody>\n<tr>\n<td style=\"width: 65.3757%;\">\n<h6><span style=\"color: #ffffff;\"><strong><em>Quines necessitats formatives tens? <\/em><\/strong>Omple aquest formulari\u00a0 \u00a0&gt;&gt;&gt;<\/span><\/h6>\n<\/td>\n<td style=\"width: 287.128%;\">\n<h4><span style=\"color: #ffffff;\"><a style=\"color: #ffffff;\" href=\"https:\/\/forms.gle\/WhxMrefKtkvr3djL9\" target=\"_blank\" rel=\"noopener\"><span style=\"text-decoration: underline;\"><span style=\"color: #ffffff; text-decoration: underline;\">Enquesta territorial<\/span><\/span><\/a><\/span><\/h4>\n<\/td>\n<\/tr>\n<\/tbody>\n<\/table>\n<p>Moltes gr\u00e0cies per la vostra col\u00b7laboraci\u00f3.<\/p>\n","protected":false},"excerpt":{"rendered":"<p>El Pallars \u00e9s un territori molt ampli i disposa de diversos centres educatius en els quals pots formar-te i millorar les teves compet\u00e8ncies professionals. Des del Centre de Formaci\u00f3 d&#8217;Adults volem seguir oferint cursos que responguin a les necessitats de la nostra poblaci\u00f3 i per aix\u00f2 us convidem a omplir aquesta enquesta, ens ser\u00e0 de [&hellip;]<\/p>\n","protected":false},"author":1,"featured_media":0,"parent":0,"menu_order":0,"comment_status":"closed","ping_status":"closed","template":"","meta":{"site-sidebar-layout":"default","site-content-layout":"","ast-site-content-layout":"","site-content-style":"default","site-sidebar-style":"default","ast-global-header-display":"","ast-banner-title-visibility":"","ast-main-header-display":"","ast-hfb-above-header-display":"","ast-hfb-below-header-display":"","ast-hfb-mobile-header-display":"","site-post-title":"","ast-breadcrumbs-content":"","ast-featured-img":"","footer-sml-layout":"","theme-transparent-header-meta":"","adv-header-id-meta":"","stick-header-meta":"","header-above-stick-meta":"","header-main-stick-meta":"","header-below-stick-meta":"","astra-migrate-meta-layouts":"default","ast-page-background-enabled":"default","ast-page-background-meta":{"desktop":{"background-color":"var(--ast-global-color-4)","background-image":"","background-repeat":"repeat","background-position":"center center","background-size":"auto","background-attachment":"scroll","background-type":"","background-media":"","overlay-type":"","overlay-color":"","overlay-opacity":"","overlay-gradient":""},"tablet":{"background-color":"","background-image":"","background-repeat":"repeat","background-position":"center center","background-size":"auto","background-attachment":"scroll","background-type":"","background-media":"","overlay-type":"","overlay-color":"","overlay-opacity":"","overlay-gradient":""},"mobile":{"background-color":"","background-image":"","background-repeat":"repeat","background-position":"center center","background-size":"auto","background-attachment":"scroll","background-type":"","background-media":"","overlay-type":"","overlay-color":"","overlay-opacity":"","overlay-gradient":""}},"ast-content-background-meta":{"desktop":{"background-color":"var(--ast-global-color-5)","background-image":"","background-repeat":"repeat","background-position":"center center","background-size":"auto","background-attachment":"scroll","background-type":"","background-media":"","overlay-type":"","overlay-color":"","overlay-opacity":"","overlay-gradient":""},"tablet":{"background-color":"var(--ast-global-color-5)","background-image":"","background-repeat":"repeat","background-position":"center center","background-size":"auto","background-attachment":"scroll","background-type":"","background-media":"","overlay-type":"","overlay-color":"","overlay-opacity":"","overlay-gradient":""},"mobile":{"background-color":"var(--ast-global-color-5)","background-image":"","background-repeat":"repeat","background-position":"center center","background-size":"auto","background-attachment":"scroll","background-type":"","background-media":"","overlay-type":"","overlay-color":"","overlay-opacity":"","overlay-gradient":""}},"footnotes":""},"class_list":["post-1443","page","type-page","status-publish","hentry"],"post_mailing_queue_ids":[],"_links":{"self":[{"href":"https:\/\/agora.xtec.cat\/cfa-tremp\/wp-json\/wp\/v2\/pages\/1443","targetHints":{"allow":["GET"]}}],"collection":[{"href":"https:\/\/agora.xtec.cat\/cfa-tremp\/wp-json\/wp\/v2\/pages"}],"about":[{"href":"https:\/\/agora.xtec.cat\/cfa-tremp\/wp-json\/wp\/v2\/types\/page"}],"author":[{"embeddable":true,"href":"https:\/\/agora.xtec.cat\/cfa-tremp\/wp-json\/wp\/v2\/users\/1"}],"replies":[{"embeddable":true,"href":"https:\/\/agora.xtec.cat\/cfa-tremp\/wp-json\/wp\/v2\/comments?post=1443"}],"version-history":[{"count":3,"href":"https:\/\/agora.xtec.cat\/cfa-tremp\/wp-json\/wp\/v2\/pages\/1443\/revisions"}],"predecessor-version":[{"id":1456,"href":"https:\/\/agora.xtec.cat\/cfa-tremp\/wp-json\/wp\/v2\/pages\/1443\/revisions\/1456"}],"wp:attachment":[{"href":"https:\/\/agora.xtec.cat\/cfa-tremp\/wp-json\/wp\/v2\/media?parent=1443"}],"curies":[{"name":"wp","href":"https:\/\/api.w.org\/{rel}","templated":true}]}}