{"id":1427,"date":"2022-04-22T09:54:15","date_gmt":"2022-04-22T07:54:15","guid":{"rendered":"https:\/\/agora.xtec.cat\/cfa-tremp\/?page_id=1427"},"modified":"2025-04-04T13:23:14","modified_gmt":"2025-04-04T11:23:14","slug":"proves-de-nivell-2","status":"publish","type":"page","link":"https:\/\/agora.xtec.cat\/cfa-tremp\/proves-de-nivell-2\/","title":{"rendered":"Proves de nivell"},"content":{"rendered":"<p>Si vols fer un curs a l&#8217;Escola d&#8217;Adults de Tremp i no tens clar quin nivell tens et recomanem que facis una prova d&#8217;anivellament. Omple el formulari de l&#8217;ensenyament en el qual estiguis interessat\/da. <a href=\"https:\/\/agora.xtec.cat\/cfa-tremp\/wp-content\/uploads\/usu1076\/2022\/04\/test.png\"><img loading=\"lazy\" decoding=\"async\" class=\"wp-image-1431 alignright\" src=\"https:\/\/agora.xtec.cat\/cfa-tremp\/wp-content\/uploads\/usu1076\/2022\/04\/test-296x300.png\" alt=\"\" width=\"278\" height=\"282\" srcset=\"https:\/\/agora.xtec.cat\/cfa-tremp\/wp-content\/uploads\/usu1076\/2022\/04\/test-296x300.png 296w, https:\/\/agora.xtec.cat\/cfa-tremp\/wp-content\/uploads\/usu1076\/2022\/04\/test.png 405w\" sizes=\"auto, (max-width: 278px) 100vw, 278px\" \/><\/a><\/p>\n<p><span style=\"color: #800080;\"><strong>Funcionament de la prova:<\/strong><\/span><\/p>\n<p>Has <span style=\"font-family: inherit; font-size: 1em;\">de contestar totes les preguntes, la puntuaci\u00f3 que obtinguis al final de la prova ens serveis per saber quin \u00e9s el nivell m\u00e9s adequat per tu; al principi de la prova veur\u00e0s els barems de puntuaci\u00f3 segons el nivell. \u00c0nims!<\/span><\/p>\n<ul>\n<li style=\"list-style-type: none;\">\n<ul>\n<li><a href=\"https:\/\/forms.gle\/6sCbf9FMNM3ztDwp7\">Llengua anglesa<\/a><\/li>\n<li><a href=\"https:\/\/forms.gle\/dLT7QQjAso8y8JME7\">Llengua francesa<\/a><\/li>\n<li><a href=\"https:\/\/forms.gle\/uXonRJSVBdPeH3Lo9\">Llengua catalana<\/a><\/li>\n<li><a href=\"https:\/\/forms.gle\/PKLk133LyrBLq68M6\">Competic: Inform\u00e0tica<\/a><\/li>\n<\/ul>\n<\/li>\n<\/ul>\n<p>Pots fer la prova de nivell des de casa i quan tinguis els resultats envia&#8217;ns un correu electr\u00f2nic a <a href=\"mailto:c5008984@xtec.cat\">c5008984@xtec.cat<\/a><\/p>\n<p>&nbsp;<\/p>\n<p>&nbsp;<\/p>\n","protected":false},"excerpt":{"rendered":"<p>Si vols fer un curs a l&#8217;Escola d&#8217;Adults de Tremp i no tens clar quin nivell tens et recomanem que facis una prova d&#8217;anivellament. Omple el formulari de l&#8217;ensenyament en el qual estiguis interessat\/da. Funcionament de la prova: Has de contestar totes les preguntes, la puntuaci\u00f3 que obtinguis al final de la prova ens serveis [&hellip;]<\/p>\n","protected":false},"author":1,"featured_media":0,"parent":0,"menu_order":0,"comment_status":"closed","ping_status":"closed","template":"","meta":{"site-sidebar-layout":"default","site-content-layout":"","ast-site-content-layout":"default","site-content-style":"default","site-sidebar-style":"default","ast-global-header-display":"","ast-banner-title-visibility":"","ast-main-header-display":"","ast-hfb-above-header-display":"","ast-hfb-below-header-display":"","ast-hfb-mobile-header-display":"","site-post-title":"","ast-breadcrumbs-content":"","ast-featured-img":"","footer-sml-layout":"","theme-transparent-header-meta":"default","adv-header-id-meta":"","stick-header-meta":"","header-above-stick-meta":"","header-main-stick-meta":"","header-below-stick-meta":"","astra-migrate-meta-layouts":"set","ast-page-background-enabled":"default","ast-page-background-meta":{"desktop":{"background-color":"var(--ast-global-color-4)","background-image":"","background-repeat":"repeat","background-position":"center center","background-size":"auto","background-attachment":"scroll","background-type":"","background-media":"","overlay-type":"","overlay-color":"","overlay-opacity":"","overlay-gradient":""},"tablet":{"background-color":"","background-image":"","background-repeat":"repeat","background-position":"center center","background-size":"auto","background-attachment":"scroll","background-type":"","background-media":"","overlay-type":"","overlay-color":"","overlay-opacity":"","overlay-gradient":""},"mobile":{"background-color":"","background-image":"","background-repeat":"repeat","background-position":"center center","background-size":"auto","background-attachment":"scroll","background-type":"","background-media":"","overlay-type":"","overlay-color":"","overlay-opacity":"","overlay-gradient":""}},"ast-content-background-meta":{"desktop":{"background-color":"var(--ast-global-color-5)","background-image":"","background-repeat":"repeat","background-position":"center center","background-size":"auto","background-attachment":"scroll","background-type":"","background-media":"","overlay-type":"","overlay-color":"","overlay-opacity":"","overlay-gradient":""},"tablet":{"background-color":"var(--ast-global-color-5)","background-image":"","background-repeat":"repeat","background-position":"center center","background-size":"auto","background-attachment":"scroll","background-type":"","background-media":"","overlay-type":"","overlay-color":"","overlay-opacity":"","overlay-gradient":""},"mobile":{"background-color":"var(--ast-global-color-5)","background-image":"","background-repeat":"repeat","background-position":"center center","background-size":"auto","background-attachment":"scroll","background-type":"","background-media":"","overlay-type":"","overlay-color":"","overlay-opacity":"","overlay-gradient":""}},"footnotes":""},"class_list":["post-1427","page","type-page","status-publish","hentry"],"post_mailing_queue_ids":[],"_links":{"self":[{"href":"https:\/\/agora.xtec.cat\/cfa-tremp\/wp-json\/wp\/v2\/pages\/1427","targetHints":{"allow":["GET"]}}],"collection":[{"href":"https:\/\/agora.xtec.cat\/cfa-tremp\/wp-json\/wp\/v2\/pages"}],"about":[{"href":"https:\/\/agora.xtec.cat\/cfa-tremp\/wp-json\/wp\/v2\/types\/page"}],"author":[{"embeddable":true,"href":"https:\/\/agora.xtec.cat\/cfa-tremp\/wp-json\/wp\/v2\/users\/1"}],"replies":[{"embeddable":true,"href":"https:\/\/agora.xtec.cat\/cfa-tremp\/wp-json\/wp\/v2\/comments?post=1427"}],"version-history":[{"count":6,"href":"https:\/\/agora.xtec.cat\/cfa-tremp\/wp-json\/wp\/v2\/pages\/1427\/revisions"}],"predecessor-version":[{"id":1951,"href":"https:\/\/agora.xtec.cat\/cfa-tremp\/wp-json\/wp\/v2\/pages\/1427\/revisions\/1951"}],"wp:attachment":[{"href":"https:\/\/agora.xtec.cat\/cfa-tremp\/wp-json\/wp\/v2\/media?parent=1427"}],"curies":[{"name":"wp","href":"https:\/\/api.w.org\/{rel}","templated":true}]}}