{"id":492,"date":"2017-02-10T16:11:49","date_gmt":"2017-02-10T15:11:49","guid":{"rendered":"http:\/\/agora.xtec.cat\/cfa-teresamanye\/?page_id=492"},"modified":"2024-03-19T21:21:40","modified_gmt":"2024-03-19T20:21:40","slug":"graduat-en-educacio-secundaria-ioc","status":"publish","type":"page","link":"https:\/\/agora.xtec.cat\/cfa-teresamanye\/graduat-en-educacio-secundaria-ioc\/","title":{"rendered":"GESO ( IOC )"},"content":{"rendered":"<p><img loading=\"lazy\" decoding=\"async\" class=\"aligncenter wp-image-474\" src=\"https:\/\/agora.xtec.cat\/cfa-teresamanye\/wp-content\/uploads\/usu1349\/2017\/02\/IOC_centre_col.jpg\" alt=\"\" width=\"349\" height=\"158\" srcset=\"https:\/\/agora.xtec.cat\/cfa-teresamanye\/wp-content\/uploads\/usu1349\/2017\/02\/IOC_centre_col.jpg 1364w, https:\/\/agora.xtec.cat\/cfa-teresamanye\/wp-content\/uploads\/usu1349\/2017\/02\/IOC_centre_col-300x136.jpg 300w, https:\/\/agora.xtec.cat\/cfa-teresamanye\/wp-content\/uploads\/usu1349\/2017\/02\/IOC_centre_col-768x348.jpg 768w, https:\/\/agora.xtec.cat\/cfa-teresamanye\/wp-content\/uploads\/usu1349\/2017\/02\/IOC_centre_col-1024x464.jpg 1024w\" sizes=\"auto, (max-width: 349px) 100vw, 349px\" \/><\/p>\n<h5 style=\"text-align: center;\"><strong>Informaci\u00f3 GRADUAT EDUCACI\u00d3 SECUNDARIA (GES)<\/strong> <strong>23\/24<\/strong><\/h5>\n<h5 style=\"text-align: center;\"><strong>per\u00a0 a properes dates de matriculaci\u00f3<\/strong>\u00a0<strong> al l&#8217;IOC (<a href=\"https:\/\/ioc.xtec.cat\/educacio\/ges\" target=\"_blank\" rel=\"noopener\">cliqueu aqu\u00ed<\/a>)<\/strong><\/h5>\n<p>&nbsp;<\/p>\n<p style=\"text-align: center;\">L&#8217;IOC \u00e9s el centre p\u00fablic de Catalunya que et <strong>permet estudiar online<\/strong> qualsevol dels programes que podries trobar en un institut.<\/p>\n<p style=\"text-align: center;\"><strong>CFA Teresa Ma\u00f1\u00e9 \u00e9s centre de suport<\/strong> de l&#8217;IOC pel programa de GES (Graduat d&#8217;Educaci\u00f3 Secund\u00e0ria).<\/p>\n<p><img loading=\"lazy\" decoding=\"async\" class=\"aligncenter wp-image-6309\" src=\"https:\/\/agora.xtec.cat\/cfa-teresamanye\/wp-content\/uploads\/usu1349\/2023\/10\/JOAN-IOC.png\" alt=\"\" width=\"240\" height=\"651\" srcset=\"https:\/\/agora.xtec.cat\/cfa-teresamanye\/wp-content\/uploads\/usu1349\/2023\/10\/JOAN-IOC.png 284w, https:\/\/agora.xtec.cat\/cfa-teresamanye\/wp-content\/uploads\/usu1349\/2023\/10\/JOAN-IOC-111x300.png 111w\" sizes=\"auto, (max-width: 240px) 100vw, 240px\" \/><\/p>\n<p>&nbsp;<\/p>\n","protected":false},"excerpt":{"rendered":"<p>Informaci\u00f3 GRADUAT EDUCACI\u00d3 SECUNDARIA (GES) 23\/24<br \/>\nper\u00a0 a properes dates de matriculaci\u00f3\u00a0 al l&#8217;IOC (<a href=\"https:\/\/ioc.xtec.cat\/educacio\/ges\" target=\"_blank\" rel=\"noopener\">cliqueu aqu\u00ed<\/a>)<br \/>\n&nbsp;<br \/>\nL&#8217;IOC \u00e9s el centre p\u00fablic de Catalunya que et permet estudiar online qualsevol dels programes que podries trobar en un institut.<br \/>\nCFA Teresa Ma\u00f1\u00e9 \u00e9s centre de suport de&hellip;  <a href=\"https:\/\/agora.xtec.cat\/cfa-teresamanye\/graduat-en-educacio-secundaria-ioc\/\" title=\"Read GESO ( IOC )\">Llegeix m\u00e9s\u00bb<\/a><\/p>\n","protected":false},"author":1,"featured_media":0,"parent":0,"menu_order":0,"comment_status":"closed","ping_status":"closed","template":"","meta":{"_bbp_topic_count":0,"_bbp_reply_count":0,"_bbp_total_topic_count":0,"_bbp_total_reply_count":0,"_bbp_voice_count":0,"_bbp_anonymous_reply_count":0,"_bbp_topic_count_hidden":0,"_bbp_reply_count_hidden":0,"_bbp_forum_subforum_count":0,"footnotes":""},"class_list":["post-492","page","type-page","status-publish","hentry"],"post_mailing_queue_ids":[],"_links":{"self":[{"href":"https:\/\/agora.xtec.cat\/cfa-teresamanye\/wp-json\/wp\/v2\/pages\/492","targetHints":{"allow":["GET"]}}],"collection":[{"href":"https:\/\/agora.xtec.cat\/cfa-teresamanye\/wp-json\/wp\/v2\/pages"}],"about":[{"href":"https:\/\/agora.xtec.cat\/cfa-teresamanye\/wp-json\/wp\/v2\/types\/page"}],"author":[{"embeddable":true,"href":"https:\/\/agora.xtec.cat\/cfa-teresamanye\/wp-json\/wp\/v2\/users\/1"}],"replies":[{"embeddable":true,"href":"https:\/\/agora.xtec.cat\/cfa-teresamanye\/wp-json\/wp\/v2\/comments?post=492"}],"version-history":[{"count":7,"href":"https:\/\/agora.xtec.cat\/cfa-teresamanye\/wp-json\/wp\/v2\/pages\/492\/revisions"}],"predecessor-version":[{"id":6810,"href":"https:\/\/agora.xtec.cat\/cfa-teresamanye\/wp-json\/wp\/v2\/pages\/492\/revisions\/6810"}],"wp:attachment":[{"href":"https:\/\/agora.xtec.cat\/cfa-teresamanye\/wp-json\/wp\/v2\/media?parent=492"}],"curies":[{"name":"wp","href":"https:\/\/api.w.org\/{rel}","templated":true}]}}