{"id":429,"date":"2017-02-07T19:31:50","date_gmt":"2017-02-07T18:31:50","guid":{"rendered":"http:\/\/agora.xtec.cat\/cfa-teresamanye\/?page_id=429"},"modified":"2025-04-02T15:56:29","modified_gmt":"2025-04-02T13:56:29","slug":"competic-2","status":"publish","type":"page","link":"https:\/\/agora.xtec.cat\/cfa-teresamanye\/informatica\/competic-2\/","title":{"rendered":"Competic 2"},"content":{"rendered":"<h5><\/h5>\n<h5 style=\"text-align: center;\"><strong>DESCRIPCI\u00d3<\/strong><\/h5>\n<ul>\n<li>Els ensenyaments d\u2019inform\u00e0tica a l\u2019educaci\u00f3 d\u2019adults \u2014<strong>COMPETIC<\/strong>\u2014\u00a0tenen com objectiu facilitar l\u2019adquisici\u00f3 de la\u00a0<strong>compet\u00e8ncia digital<\/strong>, entesa com la combinaci\u00f3 de coneixements, habilitats i actituds en l\u2019\u00e0mbit de les\u00a0<a href=\"https:\/\/es.wikipedia.org\/wiki\/Tecnolog%C3%ADas_de_la_informaci%C3%B3n_y_la_comunicaci%C3%B3n\" target=\"_blank\" rel=\"noopener\">tecnologies de la informaci\u00f3 i la comunicaci\u00f3 (TIC)<\/a>\u00a0per desenvolupar-se en la societat actual.<\/li>\n<li>El certificat de compet\u00e8ncia digital\u00a0<strong>COMPETIC 2 <\/strong>equival a <strong>l&#8217;ACTIC 2 (nivell mitj\u00e0).<\/strong><\/li>\n<\/ul>\n<h5><\/h5>\n<p>&nbsp;<\/p>\n<h5 style=\"text-align: center;\"><strong>\u00a0CONTINGUTS<\/strong><\/h5>\n<p><strong style=\"font-family: inherit; font-size: 1em;\">El nivell mitj\u00e0<\/strong><span style=\"font-family: inherit; font-size: 1em;\">\u00a0inclou 8 compet\u00e8ncies:<\/span><\/p>\n<ul>\n<li><strong>C1<\/strong> &#8211; Cultura, participaci\u00f3 i civisme digital.<\/li>\n<li><strong>C2<\/strong> &#8211; Tecnologia digital, \u00fas de l&#8217;ordinador i del sistema operatiu.<\/li>\n<li><strong>C3<\/strong> &#8211; Navegaci\u00f3 i comunicaci\u00f3 en el m\u00f3n digital.<\/li>\n<li><strong>C4<\/strong> &#8211; Tractament de la informaci\u00f3 escrita.<\/li>\n<li><strong>C5<\/strong> &#8211; Tractament de la informaci\u00f3 gr\u00e0fica, sonora i de la imatge en moviment.<\/li>\n<li><strong>C6<\/strong> &#8211; Tractament de la informaci\u00f3 num\u00e8rica.<\/li>\n<li><strong>C7<\/strong> &#8211; Tractament de les dades.<\/li>\n<li><strong>C8<\/strong> &#8211; Presentaci\u00f3 de continguts.<\/li>\n<\/ul>\n<p>&nbsp;<\/p>\n<h5><\/h5>\n<h5 style=\"text-align: center;\"><a href=\"https:\/\/agora.xtec.cat\/cfa-teresamanye\/general\/acces-a-lescola\/\" target=\"_blank\" rel=\"noopener\"><strong>ACC\u00c9S ALS NOSTRES CURSOS (clica aqu\u00ed)<\/strong><\/a><\/h5>\n<ul>\n<li>Poden accedir a aquests estudis les persones m\u00e9s grans de 18 anys i les que els compleixen durant l\u2019any natural en qu\u00e8 s\u2019inicia la formaci\u00f3.<\/li>\n<li>Per tal de situar l\u2019alumnat en el nivell que li correspon d\u2019acord amb les seves compet\u00e8ncies,\u00a0si no t\u00e9 una acreditaci\u00f3\u00a0pr\u00e8via <span style=\"text-decoration: underline;\">en el moment de la preinscripci\u00f3<\/span>, el centre de formaci\u00f3 d\u2019adults li far\u00e0 una\u00a0<strong>prova de nivell.<\/strong><\/li>\n<li>La durada del curs va <strong>de setembre a juny.<\/strong><\/li>\n<li>Les classes s\u00f3n <strong>presencials.<\/strong><\/li>\n<\/ul>\n<h5 style=\"text-align: center;\"><\/h5>\n<h5 style=\"text-align: center;\"><img loading=\"lazy\" decoding=\"async\" class=\"aligncenter wp-image-4154\" style=\"border: none; color: #2795b6;\" src=\"https:\/\/agora.xtec.cat\/cfa-teresamanye\/wp-content\/uploads\/usu1349\/2022\/10\/DGJ.png\" alt=\"\" width=\"321\" height=\"75\" srcset=\"https:\/\/agora.xtec.cat\/cfa-teresamanye\/wp-content\/uploads\/usu1349\/2022\/10\/DGJ.png 664w, https:\/\/agora.xtec.cat\/cfa-teresamanye\/wp-content\/uploads\/usu1349\/2022\/10\/DGJ-300x70.png 300w\" sizes=\"auto, (max-width: 321px) 100vw, 321px\" \/><strong>140 hores anuals \/ 4 hores setmanals \u2013 dues classes de 2 hores <\/strong><\/h5>\n<h5 style=\"text-align: center;\"><img loading=\"lazy\" decoding=\"async\" class=\"aligncenter wp-image-4813\" src=\"https:\/\/agora.xtec.cat\/cfa-teresamanye\/wp-content\/uploads\/usu1349\/2023\/02\/WhatsApp-Image-2023-02-14-at-18.27.56-1024x493.jpeg\" sizes=\"auto, (max-width: 656px) 100vw, 656px\" srcset=\"https:\/\/agora.xtec.cat\/cfa-teresamanye\/wp-content\/uploads\/usu1349\/2023\/02\/WhatsApp-Image-2023-02-14-at-18.27.56-1024x493.jpeg 1024w, https:\/\/agora.xtec.cat\/cfa-teresamanye\/wp-content\/uploads\/usu1349\/2023\/02\/WhatsApp-Image-2023-02-14-at-18.27.56-300x144.jpeg 300w, https:\/\/agora.xtec.cat\/cfa-teresamanye\/wp-content\/uploads\/usu1349\/2023\/02\/WhatsApp-Image-2023-02-14-at-18.27.56-768x370.jpeg 768w, https:\/\/agora.xtec.cat\/cfa-teresamanye\/wp-content\/uploads\/usu1349\/2023\/02\/WhatsApp-Image-2023-02-14-at-18.27.56.jpeg 1398w\" alt=\"\" width=\"797\" height=\"384\" \/><\/h5>\n<h5><\/h5>\n<h5><\/h5>\n<h5 style=\"text-align: center;\"><strong>\u00a0<\/strong><\/h5>\n<h5 style=\"text-align: center;\"><strong>HORARI CURS 2024 \/ 2025\u00a0<\/strong><\/h5>\n<p><img loading=\"lazy\" decoding=\"async\" class=\"aligncenter wp-image-7188 size-full\" src=\"https:\/\/agora.xtec.cat\/cfa-teresamanye\/wp-content\/uploads\/usu1349\/2024\/09\/inf-1.png\" alt=\"\" width=\"873\" height=\"302\" \/><\/p>\n<p>&nbsp;<\/p>\n","protected":false},"excerpt":{"rendered":"<p>DESCRIPCI\u00d3<\/p>\n<ul>\n<li>Els ensenyaments d\u2019inform\u00e0tica a l\u2019educaci\u00f3 d\u2019adults \u2014COMPETIC\u2014\u00a0tenen com objectiu facilitar l\u2019adquisici\u00f3 de la\u00a0compet\u00e8ncia digital, entesa com la combinaci\u00f3 de coneixements, habilitats i actituds en l\u2019\u00e0mbit de les\u00a0<a href=\"https:\/\/es.wikipedia.org\/wiki\/Tecnolog%C3%ADas_de_la_informaci%C3%B3n_y_la_comunicaci%C3%B3n\" target=\"_blank\" rel=\"noopener\">tecnologies de la informaci\u00f3 i la comunicaci\u00f3 (TIC)<\/a>\u00a0per desenvolupar-se en la societat actual.<\/li>\n<li>El certificat de compet\u00e8ncia&hellip;  <a href=\"https:\/\/agora.xtec.cat\/cfa-teresamanye\/informatica\/competic-2\/\" title=\"Read Competic 2\">Llegeix m\u00e9s\u00bb<\/a><br \/>\n","protected":false},"author":1,"featured_media":0,"parent":422,"menu_order":2,"comment_status":"closed","ping_status":"closed","template":"page-templates\/side-menu.php","meta":{"_bbp_topic_count":0,"_bbp_reply_count":0,"_bbp_total_topic_count":0,"_bbp_total_reply_count":0,"_bbp_voice_count":0,"_bbp_anonymous_reply_count":0,"_bbp_topic_count_hidden":0,"_bbp_reply_count_hidden":0,"_bbp_forum_subforum_count":0,"footnotes":""},"class_list":["post-429","page","type-page","status-publish","hentry"],"post_mailing_queue_ids":[],"_links":{"self":[{"href":"https:\/\/agora.xtec.cat\/cfa-teresamanye\/wp-json\/wp\/v2\/pages\/429","targetHints":{"allow":["GET"]}}],"collection":[{"href":"https:\/\/agora.xtec.cat\/cfa-teresamanye\/wp-json\/wp\/v2\/pages"}],"about":[{"href":"https:\/\/agora.xtec.cat\/cfa-teresamanye\/wp-json\/wp\/v2\/types\/page"}],"author":[{"embeddable":true,"href":"https:\/\/agora.xtec.cat\/cfa-teresamanye\/wp-json\/wp\/v2\/users\/1"}],"replies":[{"embeddable":true,"href":"https:\/\/agora.xtec.cat\/cfa-teresamanye\/wp-json\/wp\/v2\/comments?post=429"}],"version-history":[{"count":7,"href":"https:\/\/agora.xtec.cat\/cfa-teresamanye\/wp-json\/wp\/v2\/pages\/429\/revisions"}],"predecessor-version":[{"id":7586,"href":"https:\/\/agora.xtec.cat\/cfa-teresamanye\/wp-json\/wp\/v2\/pages\/429\/revisions\/7586"}],"up":[{"embeddable":true,"href":"https:\/\/agora.xtec.cat\/cfa-teresamanye\/wp-json\/wp\/v2\/pages\/422"}],"wp:attachment":[{"href":"https:\/\/agora.xtec.cat\/cfa-teresamanye\/wp-json\/wp\/v2\/media?parent=429"}],"curies":[{"name":"wp","href":"https:\/\/api.w.org\/{rel}","templated":true}]}}