{"id":320,"date":"2015-01-28T11:35:13","date_gmt":"2015-01-28T10:35:13","guid":{"rendered":"http:\/\/agora.xtec.cat\/cfa-teresamanye\/?page_id=320"},"modified":"2025-04-04T11:49:58","modified_gmt":"2025-04-04T09:49:58","slug":"a-cicles-formatius-de-grau-superior","status":"publish","type":"page","link":"https:\/\/agora.xtec.cat\/cfa-teresamanye\/ensenyaments-per-a-la-preparacio-de-proves-dacces\/a-cicles-formatius-de-grau-superior\/","title":{"rendered":"Formaci\u00f3 per a les proves d\u2019acc\u00e9s a cicles formatius de Grau Superior"},"content":{"rendered":"<h5><\/h5>\n<h5 style=\"text-align: center;\"><strong>DESCRIPCI\u00d3<\/strong><\/h5>\n<ul>\n<li>Aquests estudis preparen per presentar-se a les <a href=\"https:\/\/educacio.gencat.cat\/ca\/serveis-tramits\/proves\/proves-acces\/gs-fp\/\" target=\"_blank\" rel=\"noopener\"><strong>proves d\u2019acc\u00e9s 2025<\/strong><\/a> als <a href=\"https:\/\/triaeducativa.gencat.cat\/ca\/fp\/grau-superior\/\" target=\"_blank\" rel=\"noopener\"><strong>cicles formatius de Grau Superior<\/strong><\/a> que convoca el Departament d&#8217;Educaci\u00f3 de la Generalitat de Catalunya<\/li>\n<li>L\u2019alumnat pot preparar la part comuna de la prova, la part espec\u00edfica, o totes dues.<\/li>\n<\/ul>\n<p><img loading=\"lazy\" decoding=\"async\" class=\"aligncenter wp-image-3846\" src=\"https:\/\/agora.xtec.cat\/cfa-teresamanye\/wp-content\/uploads\/usu1349\/2022\/09\/hjdyjudtyud.png\" alt=\"\" width=\"610\" height=\"369\" srcset=\"https:\/\/agora.xtec.cat\/cfa-teresamanye\/wp-content\/uploads\/usu1349\/2022\/09\/hjdyjudtyud.png 547w, https:\/\/agora.xtec.cat\/cfa-teresamanye\/wp-content\/uploads\/usu1349\/2022\/09\/hjdyjudtyud-300x182.png 300w\" sizes=\"auto, (max-width: 610px) 100vw, 610px\" \/><\/p>\n<h5 style=\"text-align: center;\"><a href=\"https:\/\/agora.xtec.cat\/cfa-teresamanye\/general\/acces-a-lescola\/\" target=\"_blank\" rel=\"noopener\"><strong>ACC\u00c9S ALS NOSTRES CURSOS (clica aqu\u00ed)<\/strong><\/a><\/h5>\n<h5><\/h5>\n<h5 style=\"text-align: center;\"><strong>REQUISITS<\/strong><\/h5>\n<ul>\n<li>Poden accedir a aquests estudis les persones que tinguin m\u00e9s de 18 anys.<\/li>\n<li>Cal tenir en compte que <strong>per realitzar les proves d&#8217;acc\u00e9s als cicles formatius de grau superior s&#8217;han de tenir m\u00e9s de 19 anys<\/strong> o complir-los l&#8217;any natural en qu\u00e8 es realitza la prova.<\/li>\n<li><em><strong>Requisit per accedir a l&#8217;escola CFA Teresa Ma\u00f1\u00e9:<\/strong> tenir el certificat de l\u2019ESO aprovat o, en cas contrari, es realitzar\u00e0 prova de nivell. <\/em><em>(Cicles formatius de Grau Superior)<\/em><\/li>\n<\/ul>\n<h4><\/h4>\n<h4><\/h4>\n<h5 style=\"text-align: center;\"><strong>CONTINGUT<\/strong><\/h5>\n<p>Les mat\u00e8ries de la prova d\u2019acc\u00e9s a cicles formatius de grau superior s\u00f3n les seg\u00fcents:<\/p>\n<p><strong>Mat\u00e8ries de la part comuna<\/strong><\/p>\n<ul>\n<li>Llengua Catalana<\/li>\n<li>Llengua Castellana<\/li>\n<li>Llengua estrangera (a triar entre angl\u00e8s, franc\u00e8s, alemany, itali\u00e0 o portugu\u00e8s). l<strong>\u2018Angl\u00e8s al CFA Teresa Ma\u00f1\u00e9<\/strong><\/li>\n<li>Matem\u00e0tiques<\/li>\n<li>Hist\u00f2ria (les persones que vulguin accedir <strong><em>als ensenyaments art\u00edstics<\/em> <\/strong>poden cursar aquesta mat\u00e8ria en comptes de matem\u00e0tiques)<\/li>\n<\/ul>\n<p><strong>Mat\u00e8ries de la part espec\u00edfica<\/strong><\/p>\n<ul>\n<li>Pots cursar presencialment al nostre centre CFA Teresa Ma\u00f1\u00e9 les assignatures de : <strong><em>Biologia, Qu\u00edmica, Geografia i Psicologia <\/em><\/strong><em>(en<\/em><em> horari de mat\u00ed) <\/em>i la resta, online a traves\u00a0 de\u00a0<a href=\"https:\/\/ioc.xtec.cat\/educacio\/#estudis\">l\u2019IOC<\/a>\u00a0on l\u2019escola est\u00e0 adherida com a centre de suport.<\/li>\n<li>Segons la fam\u00edlia professional o cicle al qual l\u2019alumne vol accedir, cal escollir dues mat\u00e8ries de les opcions A, B, C o D.<\/li>\n<\/ul>\n<p><img loading=\"lazy\" decoding=\"async\" class=\"aligncenter wp-image-5465\" src=\"https:\/\/agora.xtec.cat\/cfa-teresamanye\/wp-content\/uploads\/usu1349\/2023\/05\/gs.png\" alt=\"\" width=\"698\" height=\"684\" srcset=\"https:\/\/agora.xtec.cat\/cfa-teresamanye\/wp-content\/uploads\/usu1349\/2023\/05\/gs.png 812w, https:\/\/agora.xtec.cat\/cfa-teresamanye\/wp-content\/uploads\/usu1349\/2023\/05\/gs-300x294.png 300w, https:\/\/agora.xtec.cat\/cfa-teresamanye\/wp-content\/uploads\/usu1349\/2023\/05\/gs-768x753.png 768w\" sizes=\"auto, (max-width: 698px) 100vw, 698px\" \/><\/p>\n<h5 style=\"text-align: center;\"><strong>DURADA\u00a0<\/strong><\/h5>\n<ul>\n<li style=\"text-align: left;\">Les classes comencen al setembre, amb l\u2019inici de l\u2019any acad\u00e8mic, i finalitzen\u00a0abans de la prova d\u2019acc\u00e9s.<\/li>\n<li style=\"text-align: left;\">Preparaci\u00f3 de les proves d&#8217;acc\u00e9s a Grau Superior \u00e9s de <strong style=\"font-family: inherit; font-size: 1em;\">300 hores per a la part Comuna.<\/strong><\/li>\n<li style=\"text-align: left;\">Preparaci\u00f3 de les Proves d&#8217;acc\u00e9s a Grau Superior \u00e9s de <strong>99 hores per a les 2 mat\u00e8ries de la part espec\u00edfica.<\/strong><\/li>\n<\/ul>\n<p>&nbsp;<\/p>\n<h5 style=\"text-align: center;\"><strong>HORARI CURS 2024 \/ 2025\u00a0<\/strong><\/h5>\n<p><img loading=\"lazy\" decoding=\"async\" class=\"aligncenter wp-image-7176 size-full\" src=\"https:\/\/agora.xtec.cat\/cfa-teresamanye\/wp-content\/uploads\/usu1349\/2024\/09\/gs-uni.png\" alt=\"\" width=\"946\" height=\"326\" srcset=\"https:\/\/agora.xtec.cat\/cfa-teresamanye\/wp-content\/uploads\/usu1349\/2024\/09\/gs-uni.png 946w, https:\/\/agora.xtec.cat\/cfa-teresamanye\/wp-content\/uploads\/usu1349\/2024\/09\/gs-uni-300x103.png 300w, https:\/\/agora.xtec.cat\/cfa-teresamanye\/wp-content\/uploads\/usu1349\/2024\/09\/gs-uni-768x265.png 768w\" sizes=\"auto, (max-width: 946px) 100vw, 946px\" \/><\/p>\n<ul>\n<li>Les classes estan organitzades de dilluns a divendres, amb 6 assignatures que sumen un total de <strong>16 hores setmanals. <\/strong><\/li>\n<li>Preparaci\u00f3 de la<strong> part comuna (10 hores)<\/strong> mat\u00ed o vespre.<\/li>\n<li>Preparaci\u00f3 de la <strong>part espec\u00edfica (6 hores) <\/strong>mat\u00ed<\/li>\n<\/ul>\n<p>&nbsp;<\/p>\n<h5><\/h5>\n<p>&nbsp;<\/p>\n<h5 style=\"text-align: left;\"><strong>PROMOCI\u00d3 DEL CURS. OBTENCI\u00d3 DEL CERTIFICAT (CFA TERESA MA\u00d1\u00c9)<\/strong><\/h5>\n<ul>\n<li>La superaci\u00f3 d\u2019aquest curs <strong>no atorga cap titulaci\u00f3<\/strong> ja que es tracta d\u2019un curs de preparaci\u00f3 per la prova d\u2019acc\u00e9s a Grau Superior.<\/li>\n<li>L&#8217;acreditaci\u00f3 s&#8217;obt\u00e9 tant sols amb la <strong>superaci\u00f3 de la prova<\/strong> que organitza el Departament d&#8217;Ensenyament.<\/li>\n<li>La qualificaci\u00f3 obtinguda en el curs de preparaci\u00f3, <span style=\"text-decoration: underline;\">si \u00e9s positiva<\/span>, <em><strong>es multiplicar\u00e0 pel coeficient 0,20<\/strong><\/em> i s\u2019afegir\u00e0 a la qualificaci\u00f3 obtinguda a la prova d\u2019acc\u00e9s sempre que sigui positiva.<\/li>\n<\/ul>\n<p>&nbsp;<\/p>\n","protected":false},"excerpt":{"rendered":"<p>DESCRIPCI\u00d3<\/p>\n<ul>\n<li>Aquests estudis preparen per presentar-se a les <a href=\"https:\/\/educacio.gencat.cat\/ca\/serveis-tramits\/proves\/proves-acces\/gs-fp\/\" target=\"_blank\" rel=\"noopener\">proves d\u2019acc\u00e9s 2025<\/a> als <a href=\"https:\/\/triaeducativa.gencat.cat\/ca\/fp\/grau-superior\/\" target=\"_blank\" rel=\"noopener\">cicles formatius de Grau Superior<\/a> que convoca el Departament d&#8217;Educaci\u00f3 de la Generalitat de Catalunya<\/li>\n<li>L\u2019alumnat pot preparar la part comuna de la prova, la part espec\u00edfica, o totes&hellip;  <a href=\"https:\/\/agora.xtec.cat\/cfa-teresamanye\/ensenyaments-per-a-la-preparacio-de-proves-dacces\/a-cicles-formatius-de-grau-superior\/\" title=\"Read Formaci\u00f3 per a les proves d\u2019acc\u00e9s a cicles formatius de Grau Superior\">Llegeix m\u00e9s\u00bb<\/a><br \/>\n","protected":false},"author":1,"featured_media":0,"parent":288,"menu_order":4,"comment_status":"closed","ping_status":"closed","template":"page-templates\/side-menu.php","meta":{"_bbp_topic_count":0,"_bbp_reply_count":0,"_bbp_total_topic_count":0,"_bbp_total_reply_count":0,"_bbp_voice_count":0,"_bbp_anonymous_reply_count":0,"_bbp_topic_count_hidden":0,"_bbp_reply_count_hidden":0,"_bbp_forum_subforum_count":0,"footnotes":""},"class_list":["post-320","page","type-page","status-publish","hentry"],"post_mailing_queue_ids":[],"_links":{"self":[{"href":"https:\/\/agora.xtec.cat\/cfa-teresamanye\/wp-json\/wp\/v2\/pages\/320","targetHints":{"allow":["GET"]}}],"collection":[{"href":"https:\/\/agora.xtec.cat\/cfa-teresamanye\/wp-json\/wp\/v2\/pages"}],"about":[{"href":"https:\/\/agora.xtec.cat\/cfa-teresamanye\/wp-json\/wp\/v2\/types\/page"}],"author":[{"embeddable":true,"href":"https:\/\/agora.xtec.cat\/cfa-teresamanye\/wp-json\/wp\/v2\/users\/1"}],"replies":[{"embeddable":true,"href":"https:\/\/agora.xtec.cat\/cfa-teresamanye\/wp-json\/wp\/v2\/comments?post=320"}],"version-history":[{"count":7,"href":"https:\/\/agora.xtec.cat\/cfa-teresamanye\/wp-json\/wp\/v2\/pages\/320\/revisions"}],"predecessor-version":[{"id":7589,"href":"https:\/\/agora.xtec.cat\/cfa-teresamanye\/wp-json\/wp\/v2\/pages\/320\/revisions\/7589"}],"up":[{"embeddable":true,"href":"https:\/\/agora.xtec.cat\/cfa-teresamanye\/wp-json\/wp\/v2\/pages\/288"}],"wp:attachment":[{"href":"https:\/\/agora.xtec.cat\/cfa-teresamanye\/wp-json\/wp\/v2\/media?parent=320"}],"curies":[{"name":"wp","href":"https:\/\/api.w.org\/{rel}","templated":true}]}}