{"id":318,"date":"2015-01-28T11:34:47","date_gmt":"2015-01-28T10:34:47","guid":{"rendered":"http:\/\/agora.xtec.cat\/cfa-teresamanye\/?page_id=318"},"modified":"2025-04-09T20:03:20","modified_gmt":"2025-04-09T18:03:20","slug":"a-cicles-formatius-de-grau-mitja","status":"publish","type":"page","link":"https:\/\/agora.xtec.cat\/cfa-teresamanye\/ensenyaments-per-a-la-preparacio-de-proves-dacces\/a-cicles-formatius-de-grau-mitja\/","title":{"rendered":"Curs de formaci\u00f3 preparatori per a l&#8217;acc\u00e9s a cicles formatius de Grau Mitj\u00e0 (CAM)"},"content":{"rendered":"<p>&nbsp;<\/p>\n<h5 style=\"text-align: center;\"><strong>DESCRIPCI\u00d3<\/strong><\/h5>\n<ul>\n<li><strong>La superaci\u00f3 d\u2019aquest curs permet l\u2019<span style=\"text-decoration: underline;\">acc\u00e9s directe als cicles de grau mitj\u00e0<\/span> de formaci\u00f3 professional inicial\u00a0<\/strong><\/li>\n<li>En el cas dels ensenyaments d\u2019arts pl\u00e0stiques i disseny, permet l\u2019exempci\u00f3 de la part comuna de la prova d\u2019acc\u00e9s.<\/li>\n<li>En el cas dels ensenyaments esportius, l\u2019exempci\u00f3 de la prova d\u2019acc\u00e9s de car\u00e0cter general.<\/li>\n<li>La durada del curs va <strong>de setembre a juny (any acad\u00e8mic).<\/strong><\/li>\n<\/ul>\n<p>&nbsp;<\/p>\n<p><img loading=\"lazy\" decoding=\"async\" class=\"aligncenter wp-image-3842\" src=\"https:\/\/agora.xtec.cat\/cfa-teresamanye\/wp-content\/uploads\/usu1349\/2022\/09\/IMG_8351-1024x683.jpg\" alt=\"\" width=\"524\" height=\"349\" srcset=\"https:\/\/agora.xtec.cat\/cfa-teresamanye\/wp-content\/uploads\/usu1349\/2022\/09\/IMG_8351-1024x683.jpg 1024w, https:\/\/agora.xtec.cat\/cfa-teresamanye\/wp-content\/uploads\/usu1349\/2022\/09\/IMG_8351-300x200.jpg 300w, https:\/\/agora.xtec.cat\/cfa-teresamanye\/wp-content\/uploads\/usu1349\/2022\/09\/IMG_8351-768x512.jpg 768w, https:\/\/agora.xtec.cat\/cfa-teresamanye\/wp-content\/uploads\/usu1349\/2022\/09\/IMG_8351.jpg 1200w\" sizes=\"auto, (max-width: 524px) 100vw, 524px\" \/><\/p>\n<p>&nbsp;<\/p>\n<p style=\"text-align: center;\"><a href=\"https:\/\/agora.xtec.cat\/cfa-teresamanye\/general\/acces-a-lescola\/\" target=\"_blank\" rel=\"noopener\"><strong>ACC\u00c9S ALS NOSTRES CURSOS (clica aqu\u00ed)<\/strong><\/a><\/p>\n<h5 style=\"text-align: center;\"><strong>REQUISITS<\/strong><\/h5>\n<p>Poden accedir-hi les persones que no tenen els requisits d\u2019acc\u00e9s als cicles de grau mitj\u00e0 de formaci\u00f3 professional, als cicles de grau mitj\u00e0 d\u2019arts pl\u00e0stiques i disseny o als cicles de grau mitj\u00e0 d\u2019ensenyaments esportius.<\/p>\n<p>Per matricular-se al curs es requereix tenir, almenys, <strong>setze anys,<\/strong> complerts en l\u2019any d\u2019inici del curs.<\/p>\n<p>Per tal de situar l\u2019alumnat en el nivell que li correspon d\u2019acord amb les seves compet\u00e8ncies,\u00a0si no t\u00e9 una acreditaci\u00f3\u00a0pr\u00e8via en el moment de la preinscripci\u00f3, el centre de formaci\u00f3 d\u2019adults li far\u00e0 una\u00a0<strong>prova de nivell<\/strong><\/p>\n<p>&nbsp;<\/p>\n<h5 style=\"text-align: center;\"><strong>CONTINGUT<\/strong><\/h5>\n<ol>\n<li style=\"text-align: center;\">Comunicaci\u00f3 en llengua catalana i castellana<\/li>\n<li style=\"text-align: center;\">Llengua anglesa<\/li>\n<li style=\"text-align: center;\">Ci\u00e8ncies socials i ciutadania<\/li>\n<li style=\"text-align: center;\">Tecnologia<\/li>\n<li style=\"text-align: center;\">Matem\u00e0tiques<\/li>\n<li style=\"text-align: center;\">Ci\u00e8ncies de la naturalesa<\/li>\n<\/ol>\n<p>&nbsp;<\/p>\n<div id=\"bloc1\" class=\"panel-collapse collapse in\">\n<div class=\"col-xs-12\">\n<div class=\"cos_bloc basic_text_peq pd-15\">\n<p>&nbsp;<\/p>\n<\/div>\n<\/div>\n<\/div>\n<h5 style=\"text-align: center;\"><strong>RECURSOS<\/strong><\/h5>\n<p style=\"text-align: center;\">Dossiers preparats pel professorat.<\/p>\n<p>&nbsp;<\/p>\n<h5 style=\"text-align: left;\"><strong>\u00a0 \u00a0Enlla\u00e7os d&#8217;inter\u00e9s<\/strong><\/h5>\n<ul>\n<li><a href=\"https:\/\/projectes.xtec.cat\/xarxadults\/ensenyaments\/preparacio-per-a-les-proves-dacces-i-cam\/curs-dacces-a-grau-mitja-cam\/\" target=\"_blank\" rel=\"noopener\">Ensenyament d&#8217;adults. CAM<\/a><\/li>\n<\/ul>\n<p>&nbsp;<\/p>\n","protected":false},"excerpt":{"rendered":"<p>&nbsp;<br \/>\nDESCRIPCI\u00d3<\/p>\n<ul>\n<li>La superaci\u00f3 d\u2019aquest curs permet l\u2019acc\u00e9s directe als cicles de grau mitj\u00e0 de formaci\u00f3 professional inicial\u00a0<\/li>\n<li>En el cas dels ensenyaments d\u2019arts pl\u00e0stiques i disseny, permet l\u2019exempci\u00f3 de la part comuna de la prova d\u2019acc\u00e9s.<\/li>\n<li>En el cas dels ensenyaments esportius, l\u2019exempci\u00f3 de la prova d\u2019acc\u00e9s de&hellip;  <a href=\"https:\/\/agora.xtec.cat\/cfa-teresamanye\/ensenyaments-per-a-la-preparacio-de-proves-dacces\/a-cicles-formatius-de-grau-mitja\/\" title=\"Read Curs de formaci\u00f3 preparatori per a l&#8217;acc\u00e9s a cicles formatius de Grau Mitj\u00e0 (CAM)\">Llegeix m\u00e9s\u00bb<\/a><br \/>\n","protected":false},"author":1,"featured_media":0,"parent":288,"menu_order":4,"comment_status":"closed","ping_status":"closed","template":"page-templates\/side-menu.php","meta":{"_bbp_topic_count":0,"_bbp_reply_count":0,"_bbp_total_topic_count":0,"_bbp_total_reply_count":0,"_bbp_voice_count":0,"_bbp_anonymous_reply_count":0,"_bbp_topic_count_hidden":0,"_bbp_reply_count_hidden":0,"_bbp_forum_subforum_count":0,"footnotes":""},"class_list":["post-318","page","type-page","status-publish","hentry"],"post_mailing_queue_ids":[],"_links":{"self":[{"href":"https:\/\/agora.xtec.cat\/cfa-teresamanye\/wp-json\/wp\/v2\/pages\/318","targetHints":{"allow":["GET"]}}],"collection":[{"href":"https:\/\/agora.xtec.cat\/cfa-teresamanye\/wp-json\/wp\/v2\/pages"}],"about":[{"href":"https:\/\/agora.xtec.cat\/cfa-teresamanye\/wp-json\/wp\/v2\/types\/page"}],"author":[{"embeddable":true,"href":"https:\/\/agora.xtec.cat\/cfa-teresamanye\/wp-json\/wp\/v2\/users\/1"}],"replies":[{"embeddable":true,"href":"https:\/\/agora.xtec.cat\/cfa-teresamanye\/wp-json\/wp\/v2\/comments?post=318"}],"version-history":[{"count":6,"href":"https:\/\/agora.xtec.cat\/cfa-teresamanye\/wp-json\/wp\/v2\/pages\/318\/revisions"}],"predecessor-version":[{"id":7605,"href":"https:\/\/agora.xtec.cat\/cfa-teresamanye\/wp-json\/wp\/v2\/pages\/318\/revisions\/7605"}],"up":[{"embeddable":true,"href":"https:\/\/agora.xtec.cat\/cfa-teresamanye\/wp-json\/wp\/v2\/pages\/288"}],"wp:attachment":[{"href":"https:\/\/agora.xtec.cat\/cfa-teresamanye\/wp-json\/wp\/v2\/media?parent=318"}],"curies":[{"name":"wp","href":"https:\/\/api.w.org\/{rel}","templated":true}]}}