{"id":316,"date":"2015-01-28T11:33:51","date_gmt":"2015-01-28T10:33:51","guid":{"rendered":"http:\/\/agora.xtec.cat\/cfa-teresamanye\/?page_id=316"},"modified":"2025-04-02T15:54:58","modified_gmt":"2025-04-02T13:54:58","slug":"informatica-inicial","status":"publish","type":"page","link":"https:\/\/agora.xtec.cat\/cfa-teresamanye\/informatica\/informatica-inicial\/","title":{"rendered":"Competic Inicial"},"content":{"rendered":"<h5 style=\"text-align: center;\"><strong>DESCRIPCI\u00d3<\/strong><\/h5>\n<ul>\n<li>El nivell inicial d\u2019inform\u00e0tica (COMPETIC inicial) s\u2019adre\u00e7a a les persones adultes que volen assolir un domini b\u00e0sic de les <a href=\"https:\/\/es.wikipedia.org\/wiki\/Tecnolog%C3%ADas_de_la_informaci%C3%B3n_y_la_comunicaci%C3%B3n\" target=\"_blank\" rel=\"noopener\">tecnologies de la informaci\u00f3 i la comunicaci\u00f3 (TIC).<\/a><\/li>\n<\/ul>\n<h5 style=\"text-align: center;\"><strong>CONTINGUTS<\/strong><\/h5>\n<p><strong>El nivell inicial <\/strong>inclou 3 compet\u00e8ncies:<\/p>\n<ul>\n<li><strong>C2<\/strong> &#8211; Tecnologia digital, \u00fas de l&#8217;ordinador i del sistema operatiu.<\/li>\n<li><strong>C3<\/strong> &#8211; Navegaci\u00f3 i comunicaci\u00f3 en el m\u00f3n digital.<\/li>\n<li><strong>C4<\/strong> &#8211; Tractament de la informaci\u00f3 escrita.<\/li>\n<li><strong>Atenci\u00f3!:<\/strong>\u00a0Per obtenir el <strong>nivell b\u00e0sic (COMPETIC 1)<\/strong>, s&#8217;han de cursar les 3 compet\u00e8ncies restants del COMPETIC 1 ( C1, C5 i C6 )<\/li>\n<\/ul>\n<p>&nbsp;<\/p>\n<h5 style=\"text-align: center;\"><a href=\"https:\/\/agora.xtec.cat\/cfa-teresamanye\/general\/acces-a-lescola\/\" target=\"_blank\" rel=\"noopener\"><strong>ACC\u00c9S ALS NOSTRES CURSOS (clica aqu\u00ed)<\/strong><\/a><\/h5>\n<ul>\n<li>Poden accedir a aquests estudis les persones m\u00e9s grans de 18 anys i les que els compleixen durant l\u2019any natural en qu\u00e8 s\u2019inicia la formaci\u00f3.<\/li>\n<li>Per tal de situar l\u2019alumnat en el nivell que li correspon d\u2019acord amb les seves compet\u00e8ncies,\u00a0si no t\u00e9 una acreditaci\u00f3\u00a0pr\u00e8via <span style=\"text-decoration: underline;\">en el moment de la preinscripci\u00f3<\/span>, el centre de formaci\u00f3 d\u2019adults li far\u00e0 una\u00a0<strong>prova de nivell.<\/strong><\/li>\n<li>La durada del curs\u00a0 va <strong>de setembre a juny.<\/strong><\/li>\n<li>Les classes s\u00f3n <strong>presencials<\/strong><\/li>\n<\/ul>\n<p>&nbsp;<\/p>\n<p>&nbsp;<\/p>\n<p><img loading=\"lazy\" decoding=\"async\" class=\"aligncenter wp-image-4313\" src=\"https:\/\/agora.xtec.cat\/cfa-teresamanye\/wp-content\/uploads\/usu1349\/2022\/10\/srtu.png\" alt=\"\" width=\"378\" height=\"68\" srcset=\"https:\/\/agora.xtec.cat\/cfa-teresamanye\/wp-content\/uploads\/usu1349\/2022\/10\/srtu.png 645w, https:\/\/agora.xtec.cat\/cfa-teresamanye\/wp-content\/uploads\/usu1349\/2022\/10\/srtu-300x54.png 300w\" sizes=\"auto, (max-width: 378px) 100vw, 378px\" \/><\/p>\n<h5 style=\"text-align: center;\"><strong>105 hores anuals \/ 3 hores setmanals \u2013 dues classes d\u20191\u20195 hores<\/strong><\/h5>\n<p style=\"text-align: center;\"><img loading=\"lazy\" decoding=\"async\" class=\"aligncenter wp-image-4813\" src=\"https:\/\/agora.xtec.cat\/cfa-teresamanye\/wp-content\/uploads\/usu1349\/2023\/02\/WhatsApp-Image-2023-02-14-at-18.27.56-1024x493.jpeg\" alt=\"\" width=\"819\" height=\"394\" srcset=\"https:\/\/agora.xtec.cat\/cfa-teresamanye\/wp-content\/uploads\/usu1349\/2023\/02\/WhatsApp-Image-2023-02-14-at-18.27.56-1024x493.jpeg 1024w, https:\/\/agora.xtec.cat\/cfa-teresamanye\/wp-content\/uploads\/usu1349\/2023\/02\/WhatsApp-Image-2023-02-14-at-18.27.56-300x144.jpeg 300w, https:\/\/agora.xtec.cat\/cfa-teresamanye\/wp-content\/uploads\/usu1349\/2023\/02\/WhatsApp-Image-2023-02-14-at-18.27.56-768x370.jpeg 768w, https:\/\/agora.xtec.cat\/cfa-teresamanye\/wp-content\/uploads\/usu1349\/2023\/02\/WhatsApp-Image-2023-02-14-at-18.27.56.jpeg 1398w\" sizes=\"auto, (max-width: 819px) 100vw, 819px\" \/><\/p>\n<h5><\/h5>\n<h5><\/h5>\n<h5 style=\"text-align: center;\"><strong>HORARI CURS 2024 \/ 2025\u00a0<\/strong><\/h5>\n<p><img loading=\"lazy\" decoding=\"async\" class=\"aligncenter wp-image-7188 size-full\" src=\"https:\/\/agora.xtec.cat\/cfa-teresamanye\/wp-content\/uploads\/usu1349\/2024\/09\/inf-1.png\" alt=\"\" width=\"873\" height=\"302\" \/><\/p>\n<p>&nbsp;<\/p>\n","protected":false},"excerpt":{"rendered":"<p>DESCRIPCI\u00d3<\/p>\n<ul>\n<li>El nivell inicial d\u2019inform\u00e0tica (COMPETIC inicial) s\u2019adre\u00e7a a les persones adultes que volen assolir un domini b\u00e0sic de les <a href=\"https:\/\/es.wikipedia.org\/wiki\/Tecnolog%C3%ADas_de_la_informaci%C3%B3n_y_la_comunicaci%C3%B3n\" target=\"_blank\" rel=\"noopener\">tecnologies de la informaci\u00f3 i la comunicaci\u00f3 (TIC).<\/a><\/li>\n<\/ul>\n<p>CONTINGUTS<br \/>\nEl nivell inicial inclou 3 compet\u00e8ncies:<\/p>\n<ul>\n<li>C2 &#8211; Tecnologia digital, \u00fas de l&#8217;ordinador i del sistema operatiu.<\/li>\n<li>C3&hellip;  <a href=\"https:\/\/agora.xtec.cat\/cfa-teresamanye\/informatica\/informatica-inicial\/\" title=\"Read Competic Inicial\">Llegeix m\u00e9s\u00bb<\/a><br \/>\n","protected":false},"author":1,"featured_media":0,"parent":422,"menu_order":0,"comment_status":"closed","ping_status":"closed","template":"page-templates\/side-menu.php","meta":{"_bbp_topic_count":0,"_bbp_reply_count":0,"_bbp_total_topic_count":0,"_bbp_total_reply_count":0,"_bbp_voice_count":0,"_bbp_anonymous_reply_count":0,"_bbp_topic_count_hidden":0,"_bbp_reply_count_hidden":0,"_bbp_forum_subforum_count":0,"footnotes":""},"class_list":["post-316","page","type-page","status-publish","hentry"],"post_mailing_queue_ids":[],"_links":{"self":[{"href":"https:\/\/agora.xtec.cat\/cfa-teresamanye\/wp-json\/wp\/v2\/pages\/316","targetHints":{"allow":["GET"]}}],"collection":[{"href":"https:\/\/agora.xtec.cat\/cfa-teresamanye\/wp-json\/wp\/v2\/pages"}],"about":[{"href":"https:\/\/agora.xtec.cat\/cfa-teresamanye\/wp-json\/wp\/v2\/types\/page"}],"author":[{"embeddable":true,"href":"https:\/\/agora.xtec.cat\/cfa-teresamanye\/wp-json\/wp\/v2\/users\/1"}],"replies":[{"embeddable":true,"href":"https:\/\/agora.xtec.cat\/cfa-teresamanye\/wp-json\/wp\/v2\/comments?post=316"}],"version-history":[{"count":7,"href":"https:\/\/agora.xtec.cat\/cfa-teresamanye\/wp-json\/wp\/v2\/pages\/316\/revisions"}],"predecessor-version":[{"id":7582,"href":"https:\/\/agora.xtec.cat\/cfa-teresamanye\/wp-json\/wp\/v2\/pages\/316\/revisions\/7582"}],"up":[{"embeddable":true,"href":"https:\/\/agora.xtec.cat\/cfa-teresamanye\/wp-json\/wp\/v2\/pages\/422"}],"wp:attachment":[{"href":"https:\/\/agora.xtec.cat\/cfa-teresamanye\/wp-json\/wp\/v2\/media?parent=316"}],"curies":[{"name":"wp","href":"https:\/\/api.w.org\/{rel}","templated":true}]}}