{"id":312,"date":"2015-01-28T11:32:38","date_gmt":"2015-01-28T10:32:38","guid":{"rendered":"http:\/\/agora.xtec.cat\/cfa-teresamanye\/?page_id=312"},"modified":"2025-03-27T21:12:24","modified_gmt":"2025-03-27T20:12:24","slug":"llengua-anglesa","status":"publish","type":"page","link":"https:\/\/agora.xtec.cat\/cfa-teresamanye\/llengues-inicials\/llengua-anglesa\/","title":{"rendered":"Llengua anglesa"},"content":{"rendered":"<h5 style=\"text-align: center;\"><strong>DESCRIPCI\u00d3<\/strong><\/h5>\n<ul>\n<li>Aquests estudis tenen com a objectiu que les persones adultes assoleixin un grau de compet\u00e8ncia b\u00e0sic per a comunicar-se en llengua anglesa.<\/li>\n<li><span style=\"font-family: inherit; font-size: 1em;\">3 Levels: <strong>A1<\/strong> <strong>Beginner<\/strong>, <strong>A2.1 <\/strong><strong>Elementary<\/strong>\u00a0i <strong>A2.2<\/strong> <strong>Pre-Intermediate<\/strong><\/span><\/li>\n<li>La superaci\u00f3 de cada nivell d\u00f3na dret a l\u2019obtenci\u00f3 del Certificat corresponent al Marc europeu de refer\u00e8ncia per a les lleng\u00fces <a href=\"https:\/\/www.educaweb.cat\/continguts\/educatius\/aprendre-idiomes\/marc-comu-referencia-les-llengues\/\" target=\"_blank\" rel=\"noopener\">MECR<\/a>.<\/li>\n<\/ul>\n<p><img loading=\"lazy\" decoding=\"async\" class=\"aligncenter wp-image-5791\" src=\"https:\/\/agora.xtec.cat\/cfa-teresamanye\/wp-content\/uploads\/usu1349\/2023\/06\/angh.png\" alt=\"\" width=\"405\" height=\"230\" srcset=\"https:\/\/agora.xtec.cat\/cfa-teresamanye\/wp-content\/uploads\/usu1349\/2023\/06\/angh.png 690w, https:\/\/agora.xtec.cat\/cfa-teresamanye\/wp-content\/uploads\/usu1349\/2023\/06\/angh-300x170.png 300w\" sizes=\"auto, (max-width: 405px) 100vw, 405px\" \/><\/p>\n<h5 style=\"text-align: center;\"><a href=\"https:\/\/agora.xtec.cat\/cfa-teresamanye\/general\/acces-a-lescola\/\" target=\"_blank\" rel=\"noopener\"><strong>ACC\u00c9S ALS NOSTRES CURSOS (clica aqu\u00ed)<\/strong><\/a><\/h5>\n<ul>\n<li>Poden accedir a aquests estudis les persones m\u00e9s grans de 18 anys i les que els compleixen durant l\u2019any natural en qu\u00e8 s\u2019inicia la formaci\u00f3.<\/li>\n<li>Per tal de situar l\u2019alumnat en el nivell que li correspon d\u2019acord amb les seves compet\u00e8ncies,\u00a0si no t\u00e9 una acreditaci\u00f3\u00a0pr\u00e8via <span style=\"text-decoration: underline;\">en el moment de la preinscripci\u00f3<\/span>, el centre de formaci\u00f3 d\u2019adults li far\u00e0 una\u00a0<strong>prova de nivell.<\/strong><\/li>\n<li>La durada del curs<strong> va de setembre a juny.<\/strong><\/li>\n<\/ul>\n<p>&nbsp;<\/p>\n<p><img loading=\"lazy\" decoding=\"async\" class=\"aligncenter wp-image-5710\" src=\"https:\/\/agora.xtec.cat\/cfa-teresamanye\/wp-content\/uploads\/usu1349\/2023\/06\/BP-London-Pag-1-and-2.jpg\" alt=\"\" width=\"1062\" height=\"338\" srcset=\"https:\/\/agora.xtec.cat\/cfa-teresamanye\/wp-content\/uploads\/usu1349\/2023\/06\/BP-London-Pag-1-and-2.jpg 2000w, https:\/\/agora.xtec.cat\/cfa-teresamanye\/wp-content\/uploads\/usu1349\/2023\/06\/BP-London-Pag-1-and-2-300x96.jpg 300w, https:\/\/agora.xtec.cat\/cfa-teresamanye\/wp-content\/uploads\/usu1349\/2023\/06\/BP-London-Pag-1-and-2-1024x326.jpg 1024w, https:\/\/agora.xtec.cat\/cfa-teresamanye\/wp-content\/uploads\/usu1349\/2023\/06\/BP-London-Pag-1-and-2-768x245.jpg 768w, https:\/\/agora.xtec.cat\/cfa-teresamanye\/wp-content\/uploads\/usu1349\/2023\/06\/BP-London-Pag-1-and-2-1536x489.jpg 1536w\" sizes=\"auto, (max-width: 1062px) 100vw, 1062px\" \/><\/p>\n<h5 style=\"text-align: center;\"><\/h5>\n<p style=\"text-align: center;\">\u00a0 \u00a0 <a href=\"https:\/\/agora.xtec.cat\/cfa-teresamanye\/wp-content\/uploads\/usu1349\/2023\/06\/a2.1.png\">\u00a0 <\/a><\/p>\n<h5 style=\"text-align: center;\"><strong>Material B\u00e0sic\u00a0<\/strong><\/h5>\n<p style=\"text-align: left;\"><strong>\u00a0<\/strong>\u00a0 \u00a0 \u00a0 \u00a0 \u00a0 \u00a0 \u00a0 \u00a0 \u00a0 \u00a0 \u00a0 \u00a0 \u00a0 \u00a0 \u00a0 \u00a0 \u00a0 \u00a0 \u00a0English File 4th Edition.<a href=\"https:\/\/www.casadellibro.com\/libro-english-file-4th-edition-a1-student-s-book-and-workbook-with-key-pack\/9780194057950\/9182764?campaignid=17486626314&amp;adgroupid&amp;feeditemid&amp;targetid&amp;matchtype&amp;network=x&amp;device=c&amp;devicemodel&amp;ifmobile%3A%5Bmobile%5D&amp;ifnotmobile%3A%5Bnotmobile%5D=%5Bnotmobile%5D&amp;ifsearch%3A%5Bsearch%5D&amp;ifcontent%3A%5Bdisplay%5D&amp;creative&amp;keyword&amp;placement&amp;target&amp;adposition&amp;gclid=EAIaIQobChMIwrbBtvrC_wIVwoxoCR1_vAhYEAYYAiABEgIhBfD_BwE\" target=\"_blank\" rel=\"noopener\"><strong>Beginner<\/strong><\/a>. Student&#8217;s book and workbook with key. <strong>ISBN: 9780194057950<\/strong><\/p>\n<p style=\"text-align: left;\"><strong>\u00a0 \u00a0 \u00a0 \u00a0 \u00a0 \u00a0 \u00a0 \u00a0 \u00a0 \u00a0 \u00a0 \u00a0 \u00a0 \u00a0 \u00a0 \u00a0 \u00a0 \u00a0 \u00a0 <\/strong>English File 4th Edition.<a href=\"https:\/\/www.abacus.coop\/es\/english-file-a1%2Fa2-student-s-book-workbook-9780194031394\/1298627.10.html?wt_ga=_&amp;wt_kw=__&amp;gclid=EAIaIQobChMI-5KmhreTgQMVFeF3Ch2rjAiBEAAYASAAEgIGwPD_BwE\" target=\"_blank\" rel=\"noopener\"><strong>Elementary<\/strong><\/a>. Student&#8217;s book and workbook with key. <strong>ISBN: 9780194058001<\/strong><\/p>\n<p style=\"text-align: left;\"><strong>\u00a0<\/strong>\u00a0 \u00a0 \u00a0 \u00a0 \u00a0 \u00a0 \u00a0 \u00a0 \u00a0 \u00a0 \u00a0 \u00a0 \u00a0 \u00a0 \u00a0 \u00a0 \u00a0 \u00a0 \u00a0English File 4th Edition.<a href=\"https:\/\/www.casadellibro.com\/libro-english-file-pre--intermediate--multipack-a--student-bookwork-book-4ed\/9780194037303\/9179826?campaignid=17486626314&amp;adgroupid&amp;feeditemid&amp;targetid&amp;matchtype&amp;network=x&amp;device=c&amp;devicemodel&amp;ifmobile%3A%5Bmobile%5D&amp;ifnotmobile%3A%5Bnotmobile%5D=%5Bnotmobile%5D&amp;ifsearch%3A%5Bsearch%5D&amp;ifcontent%3A%5Bdisplay%5D&amp;creative&amp;keyword&amp;placement&amp;target&amp;adposition&amp;gclid=EAIaIQobChMIl_S8z7iTgQMVQ-RRCh1_pwbTEAQYAiABEgKzF_D_BwE\" target=\"_blank\" rel=\"noopener\"><strong>Pre-Intermediate<\/strong><\/a>. Student&#8217;s book and workbook with key. <strong>ISBN: 9780194057950<\/strong><\/p>\n<p>&nbsp;<\/p>\n<h5 style=\"text-align: center;\"><strong>HORARI CURS 2024 \/ 2025\u00a0<\/strong><\/h5>\n<p><img loading=\"lazy\" decoding=\"async\" class=\"aligncenter wp-image-7160 size-full\" src=\"https:\/\/agora.xtec.cat\/cfa-teresamanye\/wp-content\/uploads\/usu1349\/2024\/09\/angles.png\" alt=\"\" width=\"884\" height=\"343\" srcset=\"https:\/\/agora.xtec.cat\/cfa-teresamanye\/wp-content\/uploads\/usu1349\/2024\/09\/angles.png 884w, https:\/\/agora.xtec.cat\/cfa-teresamanye\/wp-content\/uploads\/usu1349\/2024\/09\/angles-300x116.png 300w, https:\/\/agora.xtec.cat\/cfa-teresamanye\/wp-content\/uploads\/usu1349\/2024\/09\/angles-768x298.png 768w\" sizes=\"auto, (max-width: 884px) 100vw, 884px\" \/><\/p>\n<p>&nbsp;<\/p>\n<p>&nbsp;<\/p>\n<h5 style=\"text-align: center;\"><strong>CONTINU\u00cfTAT<\/strong><\/h5>\n<p>Un cop finalitzats aquests estudis, i havent superat l\u2019avaluaci\u00f3, l\u2019alumne\/a pot continuar la formaci\u00f3 en una <a href=\"https:\/\/agora-eoi.xtec.cat\/eoigarraf\/\"><strong>escola oficial d\u2019idiomes EOI<\/strong><\/a>, accedint al 3r nivell (B1) sense haver de superar una prova de nivell.<\/p>\n","protected":false},"excerpt":{"rendered":"<p>DESCRIPCI\u00d3<\/p>\n<ul>\n<li>Aquests estudis tenen com a objectiu que les persones adultes assoleixin un grau de compet\u00e8ncia b\u00e0sic per a comunicar-se en llengua anglesa.<\/li>\n<li>3 Levels: A1 Beginner, A2.1 Elementary\u00a0i A2.2 Pre-Intermediate<\/li>\n<li>La superaci\u00f3 de cada nivell d\u00f3na dret a l\u2019obtenci\u00f3 del Certificat corresponent al Marc europeu de refer\u00e8ncia&hellip;  <a href=\"https:\/\/agora.xtec.cat\/cfa-teresamanye\/llengues-inicials\/llengua-anglesa\/\" title=\"Read Llengua anglesa\">Llegeix m\u00e9s\u00bb<\/a><br \/>\n","protected":false},"author":1,"featured_media":0,"parent":283,"menu_order":2,"comment_status":"closed","ping_status":"closed","template":"page-templates\/side-menu.php","meta":{"_bbp_topic_count":0,"_bbp_reply_count":0,"_bbp_total_topic_count":0,"_bbp_total_reply_count":0,"_bbp_voice_count":0,"_bbp_anonymous_reply_count":0,"_bbp_topic_count_hidden":0,"_bbp_reply_count_hidden":0,"_bbp_forum_subforum_count":0,"footnotes":""},"class_list":["post-312","page","type-page","status-publish","hentry"],"post_mailing_queue_ids":[],"_links":{"self":[{"href":"https:\/\/agora.xtec.cat\/cfa-teresamanye\/wp-json\/wp\/v2\/pages\/312","targetHints":{"allow":["GET"]}}],"collection":[{"href":"https:\/\/agora.xtec.cat\/cfa-teresamanye\/wp-json\/wp\/v2\/pages"}],"about":[{"href":"https:\/\/agora.xtec.cat\/cfa-teresamanye\/wp-json\/wp\/v2\/types\/page"}],"author":[{"embeddable":true,"href":"https:\/\/agora.xtec.cat\/cfa-teresamanye\/wp-json\/wp\/v2\/users\/1"}],"replies":[{"embeddable":true,"href":"https:\/\/agora.xtec.cat\/cfa-teresamanye\/wp-json\/wp\/v2\/comments?post=312"}],"version-history":[{"count":6,"href":"https:\/\/agora.xtec.cat\/cfa-teresamanye\/wp-json\/wp\/v2\/pages\/312\/revisions"}],"predecessor-version":[{"id":7574,"href":"https:\/\/agora.xtec.cat\/cfa-teresamanye\/wp-json\/wp\/v2\/pages\/312\/revisions\/7574"}],"up":[{"embeddable":true,"href":"https:\/\/agora.xtec.cat\/cfa-teresamanye\/wp-json\/wp\/v2\/pages\/283"}],"wp:attachment":[{"href":"https:\/\/agora.xtec.cat\/cfa-teresamanye\/wp-json\/wp\/v2\/media?parent=312"}],"curies":[{"name":"wp","href":"https:\/\/api.w.org\/{rel}","templated":true}]}}