{"id":303,"date":"2015-01-28T11:23:05","date_gmt":"2015-01-28T10:23:05","guid":{"rendered":"http:\/\/agora.xtec.cat\/cfa-teresamanye\/?page_id=303"},"modified":"2025-03-27T20:58:33","modified_gmt":"2025-03-27T19:58:33","slug":"graduat-en-educacio-secundaria-per-adults","status":"publish","type":"page","link":"https:\/\/agora.xtec.cat\/cfa-teresamanye\/formacio-basica\/graduat-en-educacio-secundaria-per-adults\/","title":{"rendered":"GESO ( CFA Teresa Ma\u00f1\u00e9 )"},"content":{"rendered":"<h5 style=\"text-align: center;\"><strong>DESCRIPCI\u00d3<\/strong><\/h5>\n<p style=\"text-align: left;\">Aquests estudis permeten:<\/p>\n<ul>\n<li style=\"text-align: left;\">Completar els ensenyaments b\u00e0sics i <strong>obtenir el t\u00edtol<\/strong> de graduat o <strong>graduada en educaci\u00f3 secund\u00e0ria obligat\u00f2ria (GESO).<\/strong><\/li>\n<li style=\"text-align: left;\">Es poden cursar de manera<strong> presencial<\/strong> (CFA Teresa Ma\u00f1\u00e9) o tamb\u00e9 <strong>online<\/strong> com a centre de suport de l&#8217;<a href=\"http:\/\/agora.xtec.cat\/cfa-teresamanye\/serveis\/graduat-en-educacio-secundaria-ioc\/\" target=\"_blank\" rel=\"noopener\">Institut Obert de Catalunya (IOC)<\/a>.<\/li>\n<\/ul>\n<p><img loading=\"lazy\" decoding=\"async\" class=\"aligncenter wp-image-3563 size-full\" src=\"https:\/\/agora.xtec.cat\/cfa-teresamanye\/wp-content\/uploads\/usu1349\/2022\/06\/moduls_ges_1.jpg\" alt=\"\" width=\"449\" height=\"299\" srcset=\"https:\/\/agora.xtec.cat\/cfa-teresamanye\/wp-content\/uploads\/usu1349\/2022\/06\/moduls_ges_1.jpg 449w, https:\/\/agora.xtec.cat\/cfa-teresamanye\/wp-content\/uploads\/usu1349\/2022\/06\/moduls_ges_1-300x200.jpg 300w\" sizes=\"auto, (max-width: 449px) 100vw, 449px\" \/><\/p>\n<h5 style=\"text-align: center;\"><strong>CONTINGUT<\/strong><\/h5>\n<p>Els estudis estan organitzats en <strong>34 m\u00f2duls<\/strong>, amb una c\u00e0rrega lectiva de 35 hores per m\u00f2dul. La durada d\u2019aquests estudis \u00e9s de 1.190 hores. Els m\u00f2duls, que estan relacionats amb l\u2019\u00e0mbit de la comunicaci\u00f3, el cientificotecnol\u00f2gic i el social, <strong>es distribueixen en 2 nivells:<\/strong><\/p>\n<h5 style=\"text-align: center;\"><strong>\u00a0 \u00a0 GES-1<\/strong><img loading=\"lazy\" decoding=\"async\" class=\"aligncenter wp-image-5111\" src=\"https:\/\/agora.xtec.cat\/cfa-teresamanye\/wp-content\/uploads\/usu1349\/2023\/03\/nivell-1-1024x413.png\" alt=\"\" width=\"683\" height=\"276\" srcset=\"https:\/\/agora.xtec.cat\/cfa-teresamanye\/wp-content\/uploads\/usu1349\/2023\/03\/nivell-1-1024x413.png 1024w, https:\/\/agora.xtec.cat\/cfa-teresamanye\/wp-content\/uploads\/usu1349\/2023\/03\/nivell-1-300x121.png 300w, https:\/\/agora.xtec.cat\/cfa-teresamanye\/wp-content\/uploads\/usu1349\/2023\/03\/nivell-1-768x310.png 768w, https:\/\/agora.xtec.cat\/cfa-teresamanye\/wp-content\/uploads\/usu1349\/2023\/03\/nivell-1.png 1063w\" sizes=\"auto, (max-width: 683px) 100vw, 683px\" \/><\/h5>\n<h5 style=\"text-align: center;\"><strong>\u00a0 GES-2<\/strong><img loading=\"lazy\" decoding=\"async\" class=\"aligncenter wp-image-5112\" src=\"https:\/\/agora.xtec.cat\/cfa-teresamanye\/wp-content\/uploads\/usu1349\/2023\/03\/nivell-2-1024x410.png\" alt=\"\" width=\"683\" height=\"274\" srcset=\"https:\/\/agora.xtec.cat\/cfa-teresamanye\/wp-content\/uploads\/usu1349\/2023\/03\/nivell-2-1024x410.png 1024w, https:\/\/agora.xtec.cat\/cfa-teresamanye\/wp-content\/uploads\/usu1349\/2023\/03\/nivell-2-300x120.png 300w, https:\/\/agora.xtec.cat\/cfa-teresamanye\/wp-content\/uploads\/usu1349\/2023\/03\/nivell-2-768x307.png 768w, https:\/\/agora.xtec.cat\/cfa-teresamanye\/wp-content\/uploads\/usu1349\/2023\/03\/nivell-2.png 1064w\" sizes=\"auto, (max-width: 683px) 100vw, 683px\" \/><\/h5>\n<p>&nbsp;<\/p>\n<h5 style=\"text-align: center;\"><a href=\"https:\/\/agora.xtec.cat\/cfa-teresamanye\/general\/acces-a-lescola\/\" target=\"_blank\" rel=\"noopener\"><strong>ACC\u00c9S ALS NOSTRES CURSOS (clica aqu\u00ed)<\/strong><\/a><\/h5>\n<ul>\n<li>Amb car\u00e0cter general poden accedir a l\u2019educaci\u00f3 d\u2019adults les persones que han complert 18 anys o b\u00e9 els compleixen durant l\u2019any natural que inicien la formaci\u00f3.<\/li>\n<li>Tamb\u00e9 hi poden accedir les persones que compleixen com a m\u00ednim 16 anys l\u2019any natural que inicien la formaci\u00f3 si tenen un contracte laboral que els impedeix assistir als centres educatius en r\u00e8gim ordinari o si s\u00f3n esportistes d\u2019alt rendiment.<\/li>\n<li>Per tal de situar l\u2019alumnat en el nivell que li correspon, valorar els coneixements previs de l\u2019alumnat i orientar-lo, durant el per\u00edode de preinscripci\u00f3 o en el moment que l\u2019alumne\/a accedeix al centre passa per una avaluaci\u00f3 inicial que consisteix en una entrevista personal i, si s\u2019escau, per una<strong> prova de nivell.<\/strong><\/li>\n<\/ul>\n<p>&nbsp;<\/p>\n<h5 style=\"text-align: center;\"><b>Convalidacions i acreditacions<\/b><\/h5>\n<p>A partir de l&#8217;expedient acad\u00e8mic o llibre d&#8217;escolaritat de l&#8217;alumne, en el moment de la matr\u00edcula es far\u00e0 la convalidaci\u00f3 pertinent en funci\u00f3 de:<\/p>\n<ul>\n<li>Assignatures aprovades de 3er de l&#8217;ESO per convalidar assignatures de GES 1<\/li>\n<li>Assignatures aprovades de 4rt de l&#8217;ESO per convalidar assignatures de GES 2.<\/li>\n<li>T\u00edtol de EGB per convalidar GES 1.<\/li>\n<\/ul>\n<p>&nbsp;<\/p>\n<h5 style=\"text-align: center;\"><strong>Durada<\/strong><\/h5>\n<p style=\"text-align: center;\"><strong>\u00a0 GES 1:<\/strong> de setembre\u00a0 a juny<\/p>\n<p style=\"text-align: center;\"><strong>GES 2:<\/strong> de setembre\u00a0 a juny<\/p>\n<p>&nbsp;<\/p>\n<h5 style=\"text-align: center;\"><strong>Organitzaci\u00f3 hor\u00e0ria setmanal<\/strong><\/h5>\n<p style=\"text-align: center;\"><strong>GES 1: <\/strong>17h setmanals<\/p>\n<p style=\"text-align: center;\"><strong>GES 2: <\/strong>17h setmanals<\/p>\n<p>&nbsp;<\/p>\n<p>&nbsp;<\/p>\n<h4 style=\"text-align: center;\"><strong>\u00a0 HORARI CURS 2024 \/ 2025\u00a0<\/strong><\/h4>\n<p><img loading=\"lazy\" decoding=\"async\" class=\"aligncenter wp-image-7166 size-full\" src=\"https:\/\/agora.xtec.cat\/cfa-teresamanye\/wp-content\/uploads\/usu1349\/2024\/09\/ges-1-2.png\" alt=\"\" width=\"938\" height=\"253\" srcset=\"https:\/\/agora.xtec.cat\/cfa-teresamanye\/wp-content\/uploads\/usu1349\/2024\/09\/ges-1-2.png 938w, https:\/\/agora.xtec.cat\/cfa-teresamanye\/wp-content\/uploads\/usu1349\/2024\/09\/ges-1-2-300x81.png 300w, https:\/\/agora.xtec.cat\/cfa-teresamanye\/wp-content\/uploads\/usu1349\/2024\/09\/ges-1-2-768x207.png 768w\" sizes=\"auto, (max-width: 938px) 100vw, 938px\" \/><\/p>\n<p style=\"text-align: center;\"><a href=\"https:\/\/agora.xtec.cat\/cfa-teresamanye\/wp-content\/uploads\/usu1349\/2024\/09\/HORARI-GES1mati.pdf\" target=\"_blank\" rel=\"noopener\">HORARI GES1 mat\u00ed<\/a><\/p>\n<p style=\"text-align: center;\"><a href=\"https:\/\/agora.xtec.cat\/cfa-teresamanye\/wp-content\/uploads\/usu1349\/2024\/09\/HORARI-GES1vespre-1.pdf\" target=\"_blank\" rel=\"noopener\">HORARI GES1 vespre<\/a><\/p>\n<p style=\"text-align: center;\"><a href=\"https:\/\/agora.xtec.cat\/cfa-teresamanye\/wp-content\/uploads\/usu1349\/2024\/09\/HORARI-GES2mati.pdf\" target=\"_blank\" rel=\"noopener\">HORARI GES2 mat\u00ed<\/a><\/p>\n<p style=\"text-align: center;\"><a href=\"https:\/\/agora.xtec.cat\/cfa-teresamanye\/wp-content\/uploads\/usu1349\/2024\/09\/HORARI-GES2vespre-2.pdf\" target=\"_blank\" rel=\"noopener\">HORARI GES2 vespre<\/a><\/p>\n<p>&nbsp;<\/p>\n<h5><\/h5>\n<p>&nbsp;<\/p>\n<h5><strong>PROMOCI\u00d3 DELS CURS. OBTENCI\u00d3 DEL CERTIFICAT DE LA GESO<\/strong><\/h5>\n<ul>\n<li>Un cop s&#8217;hagin <strong>superat els 34 m\u00f2duls<\/strong> del GES l&#8217;alumne <strong>obtindr\u00e0 el t\u00edtol de l&#8217;ESO.<br \/>\n<\/strong><\/li>\n<\/ul>\n<h4><\/h4>\n<p>&nbsp;<\/p>\n<h5><strong>Continu\u00eftat<\/strong><\/h5>\n<p>Les persones que superen aquesta formaci\u00f3 obtenen el t\u00edtol de Graduat\/da en Educaci\u00f3 Secund\u00e0ria Obligat\u00f2ria i <strong>poden accedir de manera<\/strong> <strong>directa<\/strong> als ensenyaments seg\u00fcents:<\/p>\n<ol>\n<li>Batxillerat<\/li>\n<li>Cicles formatius de grau mitj\u00e0.<\/li>\n<li>Preparaci\u00f3 per a les proves d\u2019acc\u00e9s als cicles formatius de grau superior.<\/li>\n<li>Preparaci\u00f3 per a les proves d\u2019acc\u00e9s a la universitat per a les persones m\u00e9s grans de 25 anys.<\/li>\n<\/ol>\n<p>&nbsp;<\/p>\n<h5><strong>Recursos<\/strong><\/h5>\n<ul>\n<li>Dossiers preparats pel professorat.<\/li>\n<\/ul>\n","protected":false},"excerpt":{"rendered":"<p>DESCRIPCI\u00d3<br \/>\nAquests estudis permeten:<\/p>\n<ul>\n<li style=\"text-align: left;\">Completar els ensenyaments b\u00e0sics i obtenir el t\u00edtol de graduat o graduada en educaci\u00f3 secund\u00e0ria obligat\u00f2ria (GESO).<\/li>\n<li style=\"text-align: left;\">Es poden cursar de manera presencial (CFA Teresa Ma\u00f1\u00e9) o tamb\u00e9 online com a centre de suport de l&#8217;<a href=\"http:\/\/agora.xtec.cat\/cfa-teresamanye\/serveis\/graduat-en-educacio-secundaria-ioc\/\" target=\"_blank\" rel=\"noopener\">Institut Obert&hellip;  <a href=\"https:\/\/agora.xtec.cat\/cfa-teresamanye\/formacio-basica\/graduat-en-educacio-secundaria-per-adults\/\" title=\"Read GESO ( CFA Teresa Ma\u00f1\u00e9 )\">Llegeix m\u00e9s\u00bb<\/a><br \/>\n","protected":false},"author":1,"featured_media":0,"parent":286,"menu_order":0,"comment_status":"closed","ping_status":"closed","template":"page-templates\/side-menu.php","meta":{"_bbp_topic_count":0,"_bbp_reply_count":0,"_bbp_total_topic_count":0,"_bbp_total_reply_count":0,"_bbp_voice_count":0,"_bbp_anonymous_reply_count":0,"_bbp_topic_count_hidden":0,"_bbp_reply_count_hidden":0,"_bbp_forum_subforum_count":0,"footnotes":""},"class_list":["post-303","page","type-page","status-publish","hentry"],"post_mailing_queue_ids":[],"_links":{"self":[{"href":"https:\/\/agora.xtec.cat\/cfa-teresamanye\/wp-json\/wp\/v2\/pages\/303","targetHints":{"allow":["GET"]}}],"collection":[{"href":"https:\/\/agora.xtec.cat\/cfa-teresamanye\/wp-json\/wp\/v2\/pages"}],"about":[{"href":"https:\/\/agora.xtec.cat\/cfa-teresamanye\/wp-json\/wp\/v2\/types\/page"}],"author":[{"embeddable":true,"href":"https:\/\/agora.xtec.cat\/cfa-teresamanye\/wp-json\/wp\/v2\/users\/1"}],"replies":[{"embeddable":true,"href":"https:\/\/agora.xtec.cat\/cfa-teresamanye\/wp-json\/wp\/v2\/comments?post=303"}],"version-history":[{"count":6,"href":"https:\/\/agora.xtec.cat\/cfa-teresamanye\/wp-json\/wp\/v2\/pages\/303\/revisions"}],"predecessor-version":[{"id":7562,"href":"https:\/\/agora.xtec.cat\/cfa-teresamanye\/wp-json\/wp\/v2\/pages\/303\/revisions\/7562"}],"up":[{"embeddable":true,"href":"https:\/\/agora.xtec.cat\/cfa-teresamanye\/wp-json\/wp\/v2\/pages\/286"}],"wp:attachment":[{"href":"https:\/\/agora.xtec.cat\/cfa-teresamanye\/wp-json\/wp\/v2\/media?parent=303"}],"curies":[{"name":"wp","href":"https:\/\/api.w.org\/{rel}","templated":true}]}}