{"id":301,"date":"2015-01-28T11:21:46","date_gmt":"2015-01-28T10:21:46","guid":{"rendered":"http:\/\/agora.xtec.cat\/cfa-teresamanye\/?page_id=301"},"modified":"2025-03-27T20:55:16","modified_gmt":"2025-03-27T19:55:16","slug":"formacio-instrumental","status":"publish","type":"page","link":"https:\/\/agora.xtec.cat\/cfa-teresamanye\/formacio-basica\/formacio-instrumental\/","title":{"rendered":"Pre &#8211; GES Formaci\u00f3 Instrumental"},"content":{"rendered":"<h5 style=\"text-align: center;\"><strong>DESCRIPCI\u00d3<\/strong><\/h5>\n<p>Aquest curs\u00a0est\u00e0 orientat a aquells que <strong>no assoleixen el nivell necessari<\/strong> per accedir al programa de GES.<\/p>\n<ul>\n<li>L&#8217;objectiu d&#8217;aquests estudis \u00e9s que les persones adultes aprenguin a<strong> llegir,\u00a0escriure i fer c\u00e0lculs elementals.<\/strong><\/li>\n<li>La superaci\u00f3 d&#8217;aquests estudis permet l&#8217;obtenci\u00f3 del <strong><a href=\"https:\/\/agora.xtec.cat\/cfa-teresamanye\/wp-content\/uploads\/usu1349\/2021\/03\/Formaci%C3%B3-instrumental.pdf\" target=\"_blank\" rel=\"noopener\"><em>Certificat de formaci\u00f3 instrumental.<\/em><\/a><\/strong><\/li>\n<li>Si es vol continuar la formaci\u00f3, es pot cursar l\u2019educaci\u00f3 secund\u00e0ria ESO per a les persones adultes o a la preparaci\u00f3 per a les proves d\u2019acc\u00e9s a cicles formatius.<\/li>\n<\/ul>\n<p><img loading=\"lazy\" decoding=\"async\" class=\"aligncenter wp-image-2929\" src=\"https:\/\/agora.xtec.cat\/cfa-teresamanye\/wp-content\/uploads\/usu1349\/2022\/02\/people-2557396_960_720.jpg\" alt=\"\" width=\"445\" height=\"297\" srcset=\"https:\/\/agora.xtec.cat\/cfa-teresamanye\/wp-content\/uploads\/usu1349\/2022\/02\/people-2557396_960_720.jpg 960w, https:\/\/agora.xtec.cat\/cfa-teresamanye\/wp-content\/uploads\/usu1349\/2022\/02\/people-2557396_960_720-300x200.jpg 300w, https:\/\/agora.xtec.cat\/cfa-teresamanye\/wp-content\/uploads\/usu1349\/2022\/02\/people-2557396_960_720-768x512.jpg 768w\" sizes=\"auto, (max-width: 445px) 100vw, 445px\" \/><\/p>\n<p>&nbsp;<\/p>\n<h5 style=\"text-align: center;\"><a href=\"https:\/\/agora.xtec.cat\/cfa-teresamanye\/general\/acces-a-lescola\/\" target=\"_blank\" rel=\"noopener\"><strong>ACC\u00c9S ALS NOSTRES CURSOS (clica aqu\u00ed)<\/strong><\/a><\/h5>\n<ul>\n<li>Clicant damunt d\u2019aquest\u00a0<a href=\"https:\/\/agora.xtec.cat\/cfa-teresamanye\/general\/acces-a-lescola\/\" target=\"_blank\" rel=\"noopener\">enlla\u00e7<\/a>\u00a0t\u2019expliquem que has de fer per poder cursar aquests estudis al CFA Teresa Ma\u00f1\u00e9.<\/li>\n<li>Per tal de situar l\u2019alumnat en el nivell que li correspon d\u2019acord amb les seves compet\u00e8ncies,\u00a0<span style=\"text-decoration: underline;\">en el moment de la preinscripci\u00f3<\/span> el centre de formaci\u00f3 d\u2019adults li far\u00e0 una <strong>prova de nivell.<\/strong><\/li>\n<\/ul>\n<p><img loading=\"lazy\" decoding=\"async\" class=\"wp-image-7203 aligncenter\" src=\"https:\/\/agora.xtec.cat\/cfa-teresamanye\/wp-content\/uploads\/usu1349\/2024\/09\/pre.png\" alt=\"\" width=\"828\" height=\"447\" srcset=\"https:\/\/agora.xtec.cat\/cfa-teresamanye\/wp-content\/uploads\/usu1349\/2024\/09\/pre.png 1242w, https:\/\/agora.xtec.cat\/cfa-teresamanye\/wp-content\/uploads\/usu1349\/2024\/09\/pre-300x162.png 300w, https:\/\/agora.xtec.cat\/cfa-teresamanye\/wp-content\/uploads\/usu1349\/2024\/09\/pre-1024x553.png 1024w, https:\/\/agora.xtec.cat\/cfa-teresamanye\/wp-content\/uploads\/usu1349\/2024\/09\/pre-768x415.png 768w\" sizes=\"auto, (max-width: 828px) 100vw, 828px\" \/><\/p>\n<p>&nbsp;<\/p>\n<p>&nbsp;<\/p>\n<h5 style=\"text-align: center;\"><strong>RECURSOS<\/strong><\/h5>\n<p style=\"text-align: center;\">Dossiers preparats pels professors.<\/p>\n<p>&nbsp;<\/p>\n","protected":false},"excerpt":{"rendered":"<p>DESCRIPCI\u00d3<br \/>\nAquest curs\u00a0est\u00e0 orientat a aquells que no assoleixen el nivell necessari per accedir al programa de GES.<\/p>\n<ul>\n<li>L&#8217;objectiu d&#8217;aquests estudis \u00e9s que les persones adultes aprenguin a llegir,\u00a0escriure i fer c\u00e0lculs elementals.<\/li>\n<li>La superaci\u00f3 d&#8217;aquests estudis permet l&#8217;obtenci\u00f3 del <a href=\"https:\/\/agora.xtec.cat\/cfa-teresamanye\/wp-content\/uploads\/usu1349\/2021\/03\/Formaci%C3%B3-instrumental.pdf\" target=\"_blank\" rel=\"noopener\">Certificat de formaci\u00f3 instrumental.<\/a><\/li>\n<li>Si es&hellip;  <a href=\"https:\/\/agora.xtec.cat\/cfa-teresamanye\/formacio-basica\/formacio-instrumental\/\" title=\"Read Pre &#8211; GES Formaci\u00f3 Instrumental\">Llegeix m\u00e9s\u00bb<\/a><br \/>\n","protected":false},"author":1,"featured_media":0,"parent":286,"menu_order":0,"comment_status":"closed","ping_status":"closed","template":"page-templates\/side-menu.php","meta":{"_bbp_topic_count":0,"_bbp_reply_count":0,"_bbp_total_topic_count":0,"_bbp_total_reply_count":0,"_bbp_voice_count":0,"_bbp_anonymous_reply_count":0,"_bbp_topic_count_hidden":0,"_bbp_reply_count_hidden":0,"_bbp_forum_subforum_count":0,"footnotes":""},"class_list":["post-301","page","type-page","status-publish","hentry"],"post_mailing_queue_ids":[],"_links":{"self":[{"href":"https:\/\/agora.xtec.cat\/cfa-teresamanye\/wp-json\/wp\/v2\/pages\/301","targetHints":{"allow":["GET"]}}],"collection":[{"href":"https:\/\/agora.xtec.cat\/cfa-teresamanye\/wp-json\/wp\/v2\/pages"}],"about":[{"href":"https:\/\/agora.xtec.cat\/cfa-teresamanye\/wp-json\/wp\/v2\/types\/page"}],"author":[{"embeddable":true,"href":"https:\/\/agora.xtec.cat\/cfa-teresamanye\/wp-json\/wp\/v2\/users\/1"}],"replies":[{"embeddable":true,"href":"https:\/\/agora.xtec.cat\/cfa-teresamanye\/wp-json\/wp\/v2\/comments?post=301"}],"version-history":[{"count":6,"href":"https:\/\/agora.xtec.cat\/cfa-teresamanye\/wp-json\/wp\/v2\/pages\/301\/revisions"}],"predecessor-version":[{"id":7560,"href":"https:\/\/agora.xtec.cat\/cfa-teresamanye\/wp-json\/wp\/v2\/pages\/301\/revisions\/7560"}],"up":[{"embeddable":true,"href":"https:\/\/agora.xtec.cat\/cfa-teresamanye\/wp-json\/wp\/v2\/pages\/286"}],"wp:attachment":[{"href":"https:\/\/agora.xtec.cat\/cfa-teresamanye\/wp-json\/wp\/v2\/media?parent=301"}],"curies":[{"name":"wp","href":"https:\/\/api.w.org\/{rel}","templated":true}]}}