{"id":296,"date":"2015-01-28T11:18:08","date_gmt":"2015-01-28T10:18:08","guid":{"rendered":"http:\/\/agora.xtec.cat\/cfa-teresamanye\/?page_id=296"},"modified":"2025-03-27T21:05:33","modified_gmt":"2025-03-27T20:05:33","slug":"llengua-catalana","status":"publish","type":"page","link":"https:\/\/agora.xtec.cat\/cfa-teresamanye\/llengues-inicials\/llengua-catalana\/","title":{"rendered":"Llengua catalana"},"content":{"rendered":"<h5 style=\"text-align: center;\"><strong>DESCRIPCI\u00d3<\/strong><\/h5>\n<ul>\n<li>Aquests estudis tenen com a objectiu que les persones adultes assoleixen un grau de compet\u00e8ncia m\u00ednima per a comunicar-se en llengua catalana.<\/li>\n<li>3 nivells: <strong>A1 inicial, A2 b\u00e0sic i B1 elemental<\/strong><\/li>\n<li>La superaci\u00f3 de cada nivell d\u00f3na dret a l\u2019obtenci\u00f3 del Certificat corresponent al Marc europeu de refer\u00e8ncia per a les lleng\u00fces <a href=\"https:\/\/www.educaweb.cat\/continguts\/educatius\/aprendre-idiomes\/marc-comu-referencia-les-llengues\/\" target=\"_blank\" rel=\"noopener\">MECR<\/a>.<\/li>\n<\/ul>\n<p><img loading=\"lazy\" decoding=\"async\" class=\"aligncenter wp-image-6195\" src=\"https:\/\/agora.xtec.cat\/cfa-teresamanye\/wp-content\/uploads\/usu1349\/2023\/09\/catbb.png\" alt=\"\" width=\"444\" height=\"180\" srcset=\"https:\/\/agora.xtec.cat\/cfa-teresamanye\/wp-content\/uploads\/usu1349\/2023\/09\/catbb.png 533w, https:\/\/agora.xtec.cat\/cfa-teresamanye\/wp-content\/uploads\/usu1349\/2023\/09\/catbb-300x122.png 300w\" sizes=\"auto, (max-width: 444px) 100vw, 444px\" \/><\/p>\n<h5 style=\"text-align: center;\"><a href=\"https:\/\/agora.xtec.cat\/cfa-teresamanye\/general\/acces-a-lescola\/\" target=\"_blank\" rel=\"noopener\"><strong>ACC\u00c9S ALS NOSTRES CURSOS (clica aqu\u00ed)<\/strong><\/a><\/h5>\n<ul>\n<li>Poden accedir a aquests estudis les persones m\u00e9s grans de 18 anys i les que els compleixen durant l\u2019any natural en qu\u00e8 s\u2019inicia la formaci\u00f3.<\/li>\n<li>Per tal de situar l\u2019alumnat en el nivell que li correspon d\u2019acord amb les seves compet\u00e8ncies,\u00a0si no t\u00e9 una acreditaci\u00f3\u00a0pr\u00e8via <span style=\"text-decoration: underline;\">en el moment de la preinscripci\u00f3<\/span>, el centre de formaci\u00f3 d\u2019adults li far\u00e0 una\u00a0<strong>prova de nivell.<\/strong><\/li>\n<li>La durada del curs va<strong> de setembre a juny.<\/strong><\/li>\n<\/ul>\n<p style=\"text-align: center;\">\u00a0\u00a0 \u00a0<a href=\"https:\/\/agora.xtec.cat\/cfa-teresamanye\/wp-content\/uploads\/usu1349\/2022\/10\/a2.png\">\u00a0 \u00a0 \u00a0<\/a><\/p>\n<h5 style=\"text-align: center;\"><strong>Material B\u00e0sic del Curs 2024 \u2013 2025\u00a0<\/strong><\/h5>\n<p style=\"text-align: center;\"><a href=\"https:\/\/agora.xtec.cat\/cfa-teresamanye\/wp-content\/uploads\/usu1349\/2023\/06\/WhatsApp-Image-2023-06-12-at-20.59.01-1.jpeg\" target=\"_blank\" rel=\"noopener\"><strong>A Punt A2<\/strong><\/a> &#8211; Curs de Catal\u00e0 . Editorial Publicacions Abadia de Montserrat. <strong>ISBN: 978-84-9883-991-3<\/strong><\/p>\n<p style=\"text-align: center;\"><a href=\"https:\/\/agora.xtec.cat\/cfa-teresamanye\/wp-content\/uploads\/usu1349\/2023\/06\/b1-catala.jpg\" target=\"_blank\" rel=\"noopener\"><strong>A Punt B1<\/strong> <\/a>&#8211; Curs de Catal\u00e0 . Editorial Publicacions Abadia de Montserrat. <strong>ISBN: 978-84-9883-992-0<\/strong><\/p>\n<p>&nbsp;<\/p>\n<h5 style=\"text-align: center;\"><strong>HORARI CURS 2024 \/ 2025\u00a0<\/strong><\/h5>\n<p><img loading=\"lazy\" decoding=\"async\" class=\"aligncenter wp-image-7163 size-full\" src=\"https:\/\/agora.xtec.cat\/cfa-teresamanye\/wp-content\/uploads\/usu1349\/2024\/09\/catala.png\" alt=\"\" width=\"878\" height=\"220\" srcset=\"https:\/\/agora.xtec.cat\/cfa-teresamanye\/wp-content\/uploads\/usu1349\/2024\/09\/catala.png 878w, https:\/\/agora.xtec.cat\/cfa-teresamanye\/wp-content\/uploads\/usu1349\/2024\/09\/catala-300x75.png 300w, https:\/\/agora.xtec.cat\/cfa-teresamanye\/wp-content\/uploads\/usu1349\/2024\/09\/catala-768x192.png 768w\" sizes=\"auto, (max-width: 878px) 100vw, 878px\" \/><\/p>\n<p>&nbsp;<\/p>\n<p>&nbsp;<\/p>\n","protected":false},"excerpt":{"rendered":"<p>DESCRIPCI\u00d3<\/p>\n<ul>\n<li>Aquests estudis tenen com a objectiu que les persones adultes assoleixen un grau de compet\u00e8ncia m\u00ednima per a comunicar-se en llengua catalana.<\/li>\n<li>3 nivells: A1 inicial, A2 b\u00e0sic i B1 elemental<\/li>\n<li>La superaci\u00f3 de cada nivell d\u00f3na dret a l\u2019obtenci\u00f3 del Certificat corresponent al Marc europeu de&hellip;  <a href=\"https:\/\/agora.xtec.cat\/cfa-teresamanye\/llengues-inicials\/llengua-catalana\/\" title=\"Read Llengua catalana\">Llegeix m\u00e9s\u00bb<\/a><br \/>\n","protected":false},"author":1,"featured_media":0,"parent":283,"menu_order":0,"comment_status":"closed","ping_status":"closed","template":"page-templates\/side-menu.php","meta":{"_bbp_topic_count":0,"_bbp_reply_count":0,"_bbp_total_topic_count":0,"_bbp_total_reply_count":0,"_bbp_voice_count":0,"_bbp_anonymous_reply_count":0,"_bbp_topic_count_hidden":0,"_bbp_reply_count_hidden":0,"_bbp_forum_subforum_count":0,"footnotes":""},"class_list":["post-296","page","type-page","status-publish","hentry"],"post_mailing_queue_ids":[],"_links":{"self":[{"href":"https:\/\/agora.xtec.cat\/cfa-teresamanye\/wp-json\/wp\/v2\/pages\/296","targetHints":{"allow":["GET"]}}],"collection":[{"href":"https:\/\/agora.xtec.cat\/cfa-teresamanye\/wp-json\/wp\/v2\/pages"}],"about":[{"href":"https:\/\/agora.xtec.cat\/cfa-teresamanye\/wp-json\/wp\/v2\/types\/page"}],"author":[{"embeddable":true,"href":"https:\/\/agora.xtec.cat\/cfa-teresamanye\/wp-json\/wp\/v2\/users\/1"}],"replies":[{"embeddable":true,"href":"https:\/\/agora.xtec.cat\/cfa-teresamanye\/wp-json\/wp\/v2\/comments?post=296"}],"version-history":[{"count":6,"href":"https:\/\/agora.xtec.cat\/cfa-teresamanye\/wp-json\/wp\/v2\/pages\/296\/revisions"}],"predecessor-version":[{"id":7572,"href":"https:\/\/agora.xtec.cat\/cfa-teresamanye\/wp-json\/wp\/v2\/pages\/296\/revisions\/7572"}],"up":[{"embeddable":true,"href":"https:\/\/agora.xtec.cat\/cfa-teresamanye\/wp-json\/wp\/v2\/pages\/283"}],"wp:attachment":[{"href":"https:\/\/agora.xtec.cat\/cfa-teresamanye\/wp-json\/wp\/v2\/media?parent=296"}],"curies":[{"name":"wp","href":"https:\/\/api.w.org\/{rel}","templated":true}]}}