{"id":286,"date":"2015-01-28T11:07:30","date_gmt":"2015-01-28T10:07:30","guid":{"rendered":"http:\/\/agora.xtec.cat\/cfa-teresamanye\/?page_id=286"},"modified":"2025-11-24T12:11:03","modified_gmt":"2025-11-24T11:11:03","slug":"formacio-basica","status":"publish","type":"page","link":"https:\/\/agora.xtec.cat\/cfa-teresamanye\/formacio-basica\/","title":{"rendered":"GESO \/ PRE-GES"},"content":{"rendered":"<p data-start=\"244\" data-end=\"524\">En nuestro centro encontrar\u00e1s distintas opciones formativas adaptadas a tus necesidades, ya sea de manera presencial u online. Estos itinerarios est\u00e1n pensados para ayudarte a retomar tus estudios, mejorar tus competencias y avanzar hacia tus objetivos personales y profesionales.<\/p>\n<p data-start=\"244\" data-end=\"524\">El programa Pre-GES est\u00e1 dirigido a personas que desean reforzar las competencias b\u00e1sicas antes de acceder al nivel GES. Es una formaci\u00f3n introductoria ideal para recuperar h\u00e1bitos de estudio y adquirir los conocimientos fundamentales necesarios para continuar con \u00e9xito su itinerario educativo.<\/p>\n<ul>\n<li><a href=\"http:\/\/agora.xtec.cat\/cfa-teresamanye\/ensenyaments\/formacio-basica\/formacio-instrumental\/\">Pre &#8211; GES &#8230;&#8230;(CFA Teresa Ma\u00f1\u00e9). Presencial<\/a><\/li>\n<\/ul>\n<p data-start=\"1016\" data-end=\"1302\">El curso de Graduado en Educaci\u00f3n Secundaria Obligatoria (GESO) en el CFA Teresa Ma\u00f1\u00e9 ofrece una formaci\u00f3n completa y flexible para obtener el t\u00edtulo oficial de ESO. La modalidad presencial facilita un aprendizaje guiado, clases din\u00e1micas y el apoyo directo del profesorado.<\/p>\n<ul>\n<li><a title=\"Graduat en Educaci\u00f3 Secundaria (GES)\" href=\"http:\/\/agora.xtec.cat\/cfa-teresamanye\/ensenyaments\/formacio-basica\/graduat-en-educacio-secundaria-per-adults\/\">GESO&#8230;&#8230;&#8230;&#8230; (CFA Teresa Ma\u00f1\u00e9). Presencial<\/a><\/li>\n<\/ul>\n<p>Para quienes necesitan mayor flexibilidad, tambi\u00e9n est\u00e1 disponible el GESO online a trav\u00e9s del IOC (Institut Obert de Catalunya).<\/p>\n<ul>\n<li><a href=\"https:\/\/agora.xtec.cat\/cfa-teresamanye\/formacio-basica\/graduat-en-educacio-secundaria-ioc\/\">GESO&#8230;&#8230;&#8230;&#8230; (IOC). Online<\/a><\/li>\n<\/ul>\n<p>&nbsp;<\/p>\n","protected":false},"excerpt":{"rendered":"<p>En nuestro centro encontrar\u00e1s distintas opciones formativas adaptadas a tus necesidades, ya sea de manera presencial u online. Estos itinerarios est\u00e1n pensados para ayudarte a retomar tus estudios, mejorar tus competencias y avanzar hacia tus objetivos personales y profesionales.<br \/>\nEl programa Pre-GES est\u00e1 dirigido a personas&hellip;  <a href=\"https:\/\/agora.xtec.cat\/cfa-teresamanye\/formacio-basica\/\" title=\"Read GESO \/ PRE-GES\">Llegeix m\u00e9s\u00bb<\/a><\/p>\n","protected":false},"author":1,"featured_media":0,"parent":0,"menu_order":0,"comment_status":"closed","ping_status":"closed","template":"","meta":{"_bbp_topic_count":0,"_bbp_reply_count":0,"_bbp_total_topic_count":0,"_bbp_total_reply_count":0,"_bbp_voice_count":0,"_bbp_anonymous_reply_count":0,"_bbp_topic_count_hidden":0,"_bbp_reply_count_hidden":0,"_bbp_forum_subforum_count":0,"footnotes":""},"class_list":["post-286","page","type-page","status-publish","hentry"],"post_mailing_queue_ids":[],"_links":{"self":[{"href":"https:\/\/agora.xtec.cat\/cfa-teresamanye\/wp-json\/wp\/v2\/pages\/286","targetHints":{"allow":["GET"]}}],"collection":[{"href":"https:\/\/agora.xtec.cat\/cfa-teresamanye\/wp-json\/wp\/v2\/pages"}],"about":[{"href":"https:\/\/agora.xtec.cat\/cfa-teresamanye\/wp-json\/wp\/v2\/types\/page"}],"author":[{"embeddable":true,"href":"https:\/\/agora.xtec.cat\/cfa-teresamanye\/wp-json\/wp\/v2\/users\/1"}],"replies":[{"embeddable":true,"href":"https:\/\/agora.xtec.cat\/cfa-teresamanye\/wp-json\/wp\/v2\/comments?post=286"}],"version-history":[{"count":6,"href":"https:\/\/agora.xtec.cat\/cfa-teresamanye\/wp-json\/wp\/v2\/pages\/286\/revisions"}],"predecessor-version":[{"id":7685,"href":"https:\/\/agora.xtec.cat\/cfa-teresamanye\/wp-json\/wp\/v2\/pages\/286\/revisions\/7685"}],"wp:attachment":[{"href":"https:\/\/agora.xtec.cat\/cfa-teresamanye\/wp-json\/wp\/v2\/media?parent=286"}],"curies":[{"name":"wp","href":"https:\/\/api.w.org\/{rel}","templated":true}]}}