{"id":320,"date":"2015-01-28T11:35:13","date_gmt":"2015-01-28T10:35:13","guid":{"rendered":"http:\/\/agora.xtec.cat\/cfa-santadriadebesos\/?page_id=320"},"modified":"2025-05-31T00:23:33","modified_gmt":"2025-05-30T22:23:33","slug":"a-cicles-formatius-de-grau-superior","status":"publish","type":"page","link":"https:\/\/agora.xtec.cat\/cfa-santadriadebesos\/ensenyaments\/ensenyaments-per-a-la-preparacio-de-proves-dacces\/a-cicles-formatius-de-grau-superior\/","title":{"rendered":"A cicles formatius de grau superior"},"content":{"rendered":"<h4><span style=\"color: #000000;\"><span style=\"font-size: large;\"><b>T\u2019agradaria accedir a un cicle formatiu de Grau superior?<\/b><\/span><\/span><\/h4>\n<p align=\"justify\">En aquest centre et preparem per a la prova d\u2019acc\u00e9s a Cicles Formatius de Grau Superior perqu\u00e8 puguis accedir a qualsevol Cicle Formatiu de la fam\u00edlia que tu desitgis.<\/p>\n<p align=\"justify\"><strong>Superar el curs pot ajudar-te a augmentar fins a 2 punts la nota d\u2019acc\u00e9s.<\/strong><\/p>\n<p align=\"left\">Si t\u2019interessa saber m\u00e9s coses sobre les proves de CFGS (calendari, normativa, requisits, exempcions, etc.) consulta l\u2019enlla\u00e7: <a href=\"http:\/\/educacio.gencat.cat\/ca\/serveis-tramits\/proves\/proves-acces\/gs-fp\/\"><span style=\"color: #087eb6;\">http:\/\/educacio.gencat.cat\/ca\/serveis-tramits\/proves\/proves-acces\/gs-fp\/<\/span><\/a><\/p>\n<ul>\n<li><strong>Estructura del curs de preparaci\u00f3 per les proves CFGS<\/strong><\/li>\n<\/ul>\n<p data-start=\"562\" data-end=\"598\">El curs es divideix en dues parts:<\/p>\n<ul data-start=\"599\" data-end=\"645\">\n<li data-start=\"599\" data-end=\"619\">\n<p data-start=\"601\" data-end=\"619\">Mat\u00e8ries comunes<\/p>\n<\/li>\n<li data-start=\"620\" data-end=\"645\">\n<p data-start=\"622\" data-end=\"645\">Mat\u00e8ries espec\u00edfiques<\/p>\n<\/li>\n<li><strong>Quines mat\u00e8ries impartim al centre?<\/strong><\/li>\n<\/ul>\n<table class=\" aligncenter\" style=\"width: 602px;\" width=\"602\" cellspacing=\"0\" cellpadding=\"8\">\n<tbody>\n<tr valign=\"top\">\n<td width=\"109\" height=\"16\">\n<p align=\"left\"><span style=\"color: #222222;\"><span style=\"font-size: small;\"><b>PART COMUNA<\/b><\/span><\/span><\/p>\n<\/td>\n<td width=\"459\">\n<p align=\"left\"><span style=\"color: #222222;\"><span style=\"font-size: small;\">Llengua catalana, llengua castellana, llengua estrangera (angl\u00e8s) i Matem\u00e0tiques.<\/span><\/span><\/p>\n<\/td>\n<\/tr>\n<tr valign=\"top\">\n<td width=\"109\" height=\"16\">\n<p align=\"left\"><span style=\"color: #222222;\"><span style=\"font-size: small;\"><b>PART ESPEC\u00cdFICA<\/b><\/span><\/span><\/p>\n<\/td>\n<td width=\"459\">\n<p align=\"left\"><span style=\"color: #222222;\"><span style=\"font-size: small;\">Psicologia i Geografia\u00a0 \u00a0 \u00a0 \u00a0 \u00a0 \u00a0 \u00a0 \u00a0 \u00a0 \u00a0 \u00a0 \u00a0 \u00a0 \u00a0 \u00a0 \u00a0 \u00a0 \u00a0 \u00a0 \u00a0 \u00a0 \u00a0 \u00a0 \u00a0 \u00a0 \u00a0 \u00a0 \u00a0 \u00a0 \u00a0 \u00a0 \u00a0 \u00a0 \u00a0 \u00a0 \u00a0 \u00a0 \u00a0 \u00a0 \u00a0 \u00a0 \u00a0\u00a0<\/span><\/span><\/p>\n<\/td>\n<\/tr>\n<\/tbody>\n<\/table>\n<p align=\"left\">La resta de mat\u00e8ries espec\u00edfiques es poden realitzar a trav\u00e9s de l\u2019<b>IOC (Institut Obert de Catalunya)<\/b>.<\/p>\n<p align=\"left\">Consulta l\u2019enlla\u00e7: <a href=\"https:\/\/ioc.xtec.cat\/educacio\/pacfgs\"><span style=\"color: #087eb6;\"><b>https:\/\/ioc.xtec.cat\/educacio\/pacfgs<\/b><\/span><\/a><\/p>\n<ul>\n<li><strong>Orientaci\u00f3 acad\u00e8mica (ORIENTA&#8217;T)<\/strong><\/li>\n<\/ul>\n<p align=\"left\">Si no saps quines mat\u00e8ries realitzar segons la fam\u00edlia professional que vulguis escollir, consulta:<\/p>\n<ul>\n<li style=\"list-style-type: none;\">\n<ul>\n<li>\n<p align=\"left\">Opcions fam\u00edlies professionals i mat\u00e8ries: <a href=\"https:\/\/www.educaweb.cat\/continguts\/educatius\/formacio-professional-fp\/cicles-formatius-grau-superior\/\"><span style=\"color: #087eb6;\">https:\/\/www.educaweb.cat\/continguts\/educatius\/formacio-professional-fp\/cicles-formatius-grau-superior\/<\/span><\/a><\/p>\n<\/li>\n<li>\n<p align=\"left\">Cicles de grau superior de formaci\u00f3 professional <a href=\"http:\/\/queestudiar.gencat.cat\/ca\/estudis\/fp\/cicles\/gs\/\"><span style=\"color: #087eb6;\">http:\/\/queestudiar.gencat.cat\/ca\/estudis\/fp\/cicles\/gs\/<\/span><\/a><\/p>\n<\/li>\n<\/ul>\n<\/li>\n<\/ul>\n<p><strong>Si tens qualsevol dubte, pots contactar amb nosaltres mitjan\u00e7ant el nostre correu electr\u00f2nic: a8076650@xtec.cat<\/strong><\/p>\n<p>&nbsp;<\/p>\n<p>&nbsp;<\/p>\n<div id=\"gtx-trans\" style=\"position: absolute; left: -9px; top: 730px;\">\n<div class=\"gtx-trans-icon\"><\/div>\n<\/div>\n","protected":false},"excerpt":{"rendered":"<p>T\u2019agradaria accedir a un cicle formatiu de Grau superior? En aquest centre et preparem per a la prova d\u2019acc\u00e9s a Cicles Formatius de Grau Superior perqu\u00e8 puguis accedir a qualsevol Cicle Formatiu de la fam\u00edlia que tu desitgis. Superar el curs pot ajudar-te a augmentar fins a 2 punts la nota d\u2019acc\u00e9s. Si t\u2019interessa saber [&hellip;]<\/p>\n","protected":false},"author":1,"featured_media":0,"parent":288,"menu_order":0,"comment_status":"closed","ping_status":"closed","template":"","meta":{"_bbp_topic_count":0,"_bbp_reply_count":0,"_bbp_total_topic_count":0,"_bbp_total_reply_count":0,"_bbp_voice_count":0,"_bbp_anonymous_reply_count":0,"_bbp_topic_count_hidden":0,"_bbp_reply_count_hidden":0,"_bbp_forum_subforum_count":0,"site-sidebar-layout":"default","site-content-layout":"","ast-site-content-layout":"default","site-content-style":"default","site-sidebar-style":"default","ast-global-header-display":"","ast-banner-title-visibility":"","ast-main-header-display":"","ast-hfb-above-header-display":"","ast-hfb-below-header-display":"","ast-hfb-mobile-header-display":"","site-post-title":"","ast-breadcrumbs-content":"","ast-featured-img":"","footer-sml-layout":"","theme-transparent-header-meta":"default","adv-header-id-meta":"","stick-header-meta":"","header-above-stick-meta":"","header-main-stick-meta":"","header-below-stick-meta":"","astra-migrate-meta-layouts":"set","ast-page-background-enabled":"default","ast-page-background-meta":{"desktop":{"background-color":"var(--ast-global-color-4)","background-image":"","background-repeat":"repeat","background-position":"center center","background-size":"auto","background-attachment":"scroll","background-type":"","background-media":"","overlay-type":"","overlay-color":"","overlay-opacity":"","overlay-gradient":""},"tablet":{"background-color":"","background-image":"","background-repeat":"repeat","background-position":"center center","background-size":"auto","background-attachment":"scroll","background-type":"","background-media":"","overlay-type":"","overlay-color":"","overlay-opacity":"","overlay-gradient":""},"mobile":{"background-color":"","background-image":"","background-repeat":"repeat","background-position":"center center","background-size":"auto","background-attachment":"scroll","background-type":"","background-media":"","overlay-type":"","overlay-color":"","overlay-opacity":"","overlay-gradient":""}},"ast-content-background-meta":{"desktop":{"background-color":"var(--ast-global-color-5)","background-image":"","background-repeat":"repeat","background-position":"center center","background-size":"auto","background-attachment":"scroll","background-type":"","background-media":"","overlay-type":"","overlay-color":"","overlay-opacity":"","overlay-gradient":""},"tablet":{"background-color":"var(--ast-global-color-5)","background-image":"","background-repeat":"repeat","background-position":"center center","background-size":"auto","background-attachment":"scroll","background-type":"","background-media":"","overlay-type":"","overlay-color":"","overlay-opacity":"","overlay-gradient":""},"mobile":{"background-color":"var(--ast-global-color-5)","background-image":"","background-repeat":"repeat","background-position":"center center","background-size":"auto","background-attachment":"scroll","background-type":"","background-media":"","overlay-type":"","overlay-color":"","overlay-opacity":"","overlay-gradient":""}},"footnotes":""},"class_list":["post-320","page","type-page","status-publish","hentry"],"post_mailing_queue_ids":[],"_links":{"self":[{"href":"https:\/\/agora.xtec.cat\/cfa-santadriadebesos\/wp-json\/wp\/v2\/pages\/320","targetHints":{"allow":["GET"]}}],"collection":[{"href":"https:\/\/agora.xtec.cat\/cfa-santadriadebesos\/wp-json\/wp\/v2\/pages"}],"about":[{"href":"https:\/\/agora.xtec.cat\/cfa-santadriadebesos\/wp-json\/wp\/v2\/types\/page"}],"author":[{"embeddable":true,"href":"https:\/\/agora.xtec.cat\/cfa-santadriadebesos\/wp-json\/wp\/v2\/users\/1"}],"replies":[{"embeddable":true,"href":"https:\/\/agora.xtec.cat\/cfa-santadriadebesos\/wp-json\/wp\/v2\/comments?post=320"}],"version-history":[{"count":7,"href":"https:\/\/agora.xtec.cat\/cfa-santadriadebesos\/wp-json\/wp\/v2\/pages\/320\/revisions"}],"predecessor-version":[{"id":2648,"href":"https:\/\/agora.xtec.cat\/cfa-santadriadebesos\/wp-json\/wp\/v2\/pages\/320\/revisions\/2648"}],"up":[{"embeddable":true,"href":"https:\/\/agora.xtec.cat\/cfa-santadriadebesos\/wp-json\/wp\/v2\/pages\/288"}],"wp:attachment":[{"href":"https:\/\/agora.xtec.cat\/cfa-santadriadebesos\/wp-json\/wp\/v2\/media?parent=320"}],"curies":[{"name":"wp","href":"https:\/\/api.w.org\/{rel}","templated":true}]}}