{"id":316,"date":"2015-01-28T11:33:51","date_gmt":"2015-01-28T10:33:51","guid":{"rendered":"http:\/\/agora.xtec.cat\/cfa-santadriadebesos\/?page_id=316"},"modified":"2025-10-31T11:37:22","modified_gmt":"2025-10-31T10:37:22","slug":"competencia-digital-competic","status":"publish","type":"page","link":"https:\/\/agora.xtec.cat\/cfa-santadriadebesos\/ensenyaments\/competencia-digital-competic\/","title":{"rendered":"Inform\u00e0tica (Competic)"},"content":{"rendered":"<h3 style=\"text-align: left;\" data-start=\"174\" data-end=\"200\"><a href=\"https:\/\/agora.xtec.cat\/cfa-santadriadebesos\/wp-content\/uploads\/usu1359\/2025\/06\/IMG-20250603-WA0027.jpg\"><img loading=\"lazy\" decoding=\"async\" class=\"wp-image-2673 alignleft\" src=\"https:\/\/agora.xtec.cat\/cfa-santadriadebesos\/wp-content\/uploads\/usu1359\/2025\/06\/IMG-20250603-WA0027.jpg\" alt=\"\" width=\"580\" height=\"435\" srcset=\"https:\/\/agora.xtec.cat\/cfa-santadriadebesos\/wp-content\/uploads\/usu1359\/2025\/06\/IMG-20250603-WA0027.jpg 2000w, https:\/\/agora.xtec.cat\/cfa-santadriadebesos\/wp-content\/uploads\/usu1359\/2025\/06\/IMG-20250603-WA0027-300x225.jpg 300w, https:\/\/agora.xtec.cat\/cfa-santadriadebesos\/wp-content\/uploads\/usu1359\/2025\/06\/IMG-20250603-WA0027-1024x768.jpg 1024w, https:\/\/agora.xtec.cat\/cfa-santadriadebesos\/wp-content\/uploads\/usu1359\/2025\/06\/IMG-20250603-WA0027-768x576.jpg 768w, https:\/\/agora.xtec.cat\/cfa-santadriadebesos\/wp-content\/uploads\/usu1359\/2025\/06\/IMG-20250603-WA0027-1536x1152.jpg 1536w\" sizes=\"auto, (max-width: 580px) 100vw, 580px\" \/><\/a>Qu\u00e8 \u00e9s el COMPETIC?<\/h3>\n<p data-start=\"202\" data-end=\"511\">Els ensenyaments <strong data-start=\"219\" data-end=\"231\">COMPETIC<\/strong> (Compet\u00e8ncia digital) estan pensats per ajudar les persones adultes a <strong data-start=\"302\" data-end=\"380\">adquirir coneixements, habilitats i actituds digitals b\u00e0siques i avan\u00e7ades<\/strong>, necess\u00e0ries per desenvolupar-se en la societat actual, on les TIC (tecnologies de la informaci\u00f3 i la comunicaci\u00f3) s\u00f3n essencials.<\/p>\n<h3 data-start=\"518\" data-end=\"535\">Curr\u00edculum<\/h3>\n<p data-start=\"537\" data-end=\"646\">Els cursos COMPETIC estan organitzats en <strong>quatre\u00a0nivells<\/strong> segons el grau de dificultat i compet\u00e8ncia digital:<\/p>\n<ul data-start=\"648\" data-end=\"704\">\n<li data-start=\"648\" data-end=\"666\"><strong>COMPETIC inicial<\/strong><\/li>\n<li data-start=\"648\" data-end=\"666\"><strong>COMPETIC 1<\/strong><\/li>\n<li data-start=\"648\" data-end=\"666\"><strong>COMPETIC 2<\/strong><\/li>\n<li data-start=\"648\" data-end=\"666\">\n<p data-start=\"650\" data-end=\"666\"><strong data-start=\"650\" data-end=\"664\">COMPETIC 3<\/strong><\/p>\n<\/li>\n<\/ul>\n<p data-start=\"706\" data-end=\"839\">Cada nivell treballa diferents compet\u00e8ncies, des del maneig b\u00e0sic de l\u2019ordinador fins a l\u2019\u00fas avan\u00e7at de programes i serveis digitals.<\/p>\n<h3 data-start=\"846\" data-end=\"883\">Durada i organitzaci\u00f3 setmanal<\/h3>\n<p data-start=\"885\" data-end=\"1075\">A CFA Sant Adri\u00e0 de Bes\u00f2s oferim <strong data-start=\"918\" data-end=\"950\">tots els nivells de COMPETIC<\/strong>. Els cursos tenen una durada <strong data-start=\"980\" data-end=\"1009\">d\u2019un curs escolar complet<\/strong>, amb classes presencials distribu\u00efdes <strong data-start=\"1048\" data-end=\"1074\">al llarg de la setmana<\/strong>.<\/p>\n<h3 data-start=\"1082\" data-end=\"1112\">Avaluaci\u00f3 i certificaci\u00f3<\/h3>\n<p data-start=\"1114\" data-end=\"1336\">L\u2019avaluaci\u00f3 \u00e9s <strong data-start=\"1129\" data-end=\"1141\">cont\u00ednua<\/strong> i es completa amb <strong data-start=\"1160\" data-end=\"1192\">projectes finals presencials<\/strong>, dissenyats pel Departament d\u2019Educaci\u00f3. Aquests projectes permeten comprovar que l\u2019alumnat ha assolit les compet\u00e8ncies digitals del seu nivell.<\/p>\n<p data-start=\"1504\" data-end=\"1661\">Els <strong data-start=\"1508\" data-end=\"1539\">projectes de COMPETIC 1 i 2<\/strong> es fan a partir de <strong data-start=\"1559\" data-end=\"1578\">mitjans de maig<\/strong>.<br data-start=\"1579\" data-end=\"1582\" \/>Els <strong data-start=\"1586\" data-end=\"1613\">projectes de COMPETIC 3<\/strong> es realitzen <strong data-start=\"1627\" data-end=\"1660\">abans d\u2019acabar cada trimestre<\/strong>.<\/p>\n<h3 data-start=\"1668\" data-end=\"1710\">Equival\u00e8ncies amb certificats ACTIC<\/h3>\n<p data-start=\"1712\" data-end=\"1849\">Els certificats obtinguts a trav\u00e9s del COMPETIC tenen <strong data-start=\"1766\" data-end=\"1817\">equival\u00e8ncia amb els certificats oficials ACTIC<\/strong> de la Generalitat de Catalunya:<\/p>\n<ul data-start=\"1851\" data-end=\"1987\">\n<li data-start=\"1851\" data-end=\"1883\">\n<p data-start=\"1853\" data-end=\"1883\"><strong data-start=\"1853\" data-end=\"1867\">COMPETIC 1<\/strong> \u2192 ACTIC b\u00e0sic<\/p>\n<\/li>\n<li data-start=\"1884\" data-end=\"1916\">\n<p data-start=\"1886\" data-end=\"1916\"><strong data-start=\"1886\" data-end=\"1900\">COMPETIC 2<\/strong> \u2192 ACTIC mitj\u00e0<\/p>\n<\/li>\n<li data-start=\"1917\" data-end=\"1987\">\n<p data-start=\"1919\" data-end=\"1987\"><strong data-start=\"1919\" data-end=\"1933\">COMPETIC 3<\/strong> \u2192 ACTIC avan\u00e7at<\/p>\n<\/li>\n<\/ul>\n","protected":false},"excerpt":{"rendered":"<p>Qu\u00e8 \u00e9s el COMPETIC? Els ensenyaments COMPETIC (Compet\u00e8ncia digital) estan pensats per ajudar les persones adultes a adquirir coneixements, habilitats i actituds digitals b\u00e0siques i avan\u00e7ades, necess\u00e0ries per desenvolupar-se en la societat actual, on les TIC (tecnologies de la informaci\u00f3 i la comunicaci\u00f3) s\u00f3n essencials. Curr\u00edculum Els cursos COMPETIC estan organitzats en quatre\u00a0nivells segons el [&hellip;]<\/p>\n","protected":false},"author":1,"featured_media":0,"parent":274,"menu_order":2,"comment_status":"closed","ping_status":"closed","template":"","meta":{"_bbp_topic_count":0,"_bbp_reply_count":0,"_bbp_total_topic_count":0,"_bbp_total_reply_count":0,"_bbp_voice_count":0,"_bbp_anonymous_reply_count":0,"_bbp_topic_count_hidden":0,"_bbp_reply_count_hidden":0,"_bbp_forum_subforum_count":0,"site-sidebar-layout":"default","site-content-layout":"","ast-site-content-layout":"default","site-content-style":"default","site-sidebar-style":"default","ast-global-header-display":"","ast-banner-title-visibility":"","ast-main-header-display":"","ast-hfb-above-header-display":"","ast-hfb-below-header-display":"","ast-hfb-mobile-header-display":"","site-post-title":"","ast-breadcrumbs-content":"","ast-featured-img":"","footer-sml-layout":"","theme-transparent-header-meta":"default","adv-header-id-meta":"","stick-header-meta":"","header-above-stick-meta":"","header-main-stick-meta":"","header-below-stick-meta":"","astra-migrate-meta-layouts":"set","ast-page-background-enabled":"default","ast-page-background-meta":{"desktop":{"background-color":"var(--ast-global-color-4)","background-image":"","background-repeat":"repeat","background-position":"center center","background-size":"auto","background-attachment":"scroll","background-type":"","background-media":"","overlay-type":"","overlay-color":"","overlay-opacity":"","overlay-gradient":""},"tablet":{"background-color":"","background-image":"","background-repeat":"repeat","background-position":"center center","background-size":"auto","background-attachment":"scroll","background-type":"","background-media":"","overlay-type":"","overlay-color":"","overlay-opacity":"","overlay-gradient":""},"mobile":{"background-color":"","background-image":"","background-repeat":"repeat","background-position":"center center","background-size":"auto","background-attachment":"scroll","background-type":"","background-media":"","overlay-type":"","overlay-color":"","overlay-opacity":"","overlay-gradient":""}},"ast-content-background-meta":{"desktop":{"background-color":"var(--ast-global-color-5)","background-image":"","background-repeat":"repeat","background-position":"center center","background-size":"auto","background-attachment":"scroll","background-type":"","background-media":"","overlay-type":"","overlay-color":"","overlay-opacity":"","overlay-gradient":""},"tablet":{"background-color":"var(--ast-global-color-5)","background-image":"","background-repeat":"repeat","background-position":"center center","background-size":"auto","background-attachment":"scroll","background-type":"","background-media":"","overlay-type":"","overlay-color":"","overlay-opacity":"","overlay-gradient":""},"mobile":{"background-color":"var(--ast-global-color-5)","background-image":"","background-repeat":"repeat","background-position":"center center","background-size":"auto","background-attachment":"scroll","background-type":"","background-media":"","overlay-type":"","overlay-color":"","overlay-opacity":"","overlay-gradient":""}},"footnotes":""},"class_list":["post-316","page","type-page","status-publish","hentry"],"post_mailing_queue_ids":[],"_links":{"self":[{"href":"https:\/\/agora.xtec.cat\/cfa-santadriadebesos\/wp-json\/wp\/v2\/pages\/316","targetHints":{"allow":["GET"]}}],"collection":[{"href":"https:\/\/agora.xtec.cat\/cfa-santadriadebesos\/wp-json\/wp\/v2\/pages"}],"about":[{"href":"https:\/\/agora.xtec.cat\/cfa-santadriadebesos\/wp-json\/wp\/v2\/types\/page"}],"author":[{"embeddable":true,"href":"https:\/\/agora.xtec.cat\/cfa-santadriadebesos\/wp-json\/wp\/v2\/users\/1"}],"replies":[{"embeddable":true,"href":"https:\/\/agora.xtec.cat\/cfa-santadriadebesos\/wp-json\/wp\/v2\/comments?post=316"}],"version-history":[{"count":7,"href":"https:\/\/agora.xtec.cat\/cfa-santadriadebesos\/wp-json\/wp\/v2\/pages\/316\/revisions"}],"predecessor-version":[{"id":2794,"href":"https:\/\/agora.xtec.cat\/cfa-santadriadebesos\/wp-json\/wp\/v2\/pages\/316\/revisions\/2794"}],"up":[{"embeddable":true,"href":"https:\/\/agora.xtec.cat\/cfa-santadriadebesos\/wp-json\/wp\/v2\/pages\/274"}],"wp:attachment":[{"href":"https:\/\/agora.xtec.cat\/cfa-santadriadebesos\/wp-json\/wp\/v2\/media?parent=316"}],"curies":[{"name":"wp","href":"https:\/\/api.w.org\/{rel}","templated":true}]}}