{"id":312,"date":"2015-01-28T11:32:38","date_gmt":"2015-01-28T10:32:38","guid":{"rendered":"http:\/\/agora.xtec.cat\/cfa-santadriadebesos\/?page_id=312"},"modified":"2025-10-31T11:48:47","modified_gmt":"2025-10-31T10:48:47","slug":"llengua-anglesa","status":"publish","type":"page","link":"https:\/\/agora.xtec.cat\/cfa-santadriadebesos\/ensenyaments\/ensenyaments-inicials-i-formacio-basica\/llengua-anglesa\/","title":{"rendered":"Angl\u00e8s"},"content":{"rendered":"<p data-start=\"108\" data-end=\"342\"><a href=\"https:\/\/agora.xtec.cat\/cfa-santadriadebesos\/wp-content\/uploads\/usu1359\/2025\/06\/Captura-de-pantalla-2025-06-03-194711.jpg\"><img loading=\"lazy\" decoding=\"async\" class=\" wp-image-2677 alignleft\" src=\"https:\/\/agora.xtec.cat\/cfa-santadriadebesos\/wp-content\/uploads\/usu1359\/2025\/06\/Captura-de-pantalla-2025-06-03-194711.jpg\" alt=\"\" width=\"450\" height=\"345\" srcset=\"https:\/\/agora.xtec.cat\/cfa-santadriadebesos\/wp-content\/uploads\/usu1359\/2025\/06\/Captura-de-pantalla-2025-06-03-194711.jpg 952w, https:\/\/agora.xtec.cat\/cfa-santadriadebesos\/wp-content\/uploads\/usu1359\/2025\/06\/Captura-de-pantalla-2025-06-03-194711-300x230.jpg 300w, https:\/\/agora.xtec.cat\/cfa-santadriadebesos\/wp-content\/uploads\/usu1359\/2025\/06\/Captura-de-pantalla-2025-06-03-194711-768x589.jpg 768w\" sizes=\"auto, (max-width: 450px) 100vw, 450px\" \/><\/a>Oferim cursos presencials per <strong data-start=\"138\" data-end=\"182\">adquirir compet\u00e8ncies b\u00e0siques en angl\u00e8s<\/strong>, adre\u00e7ats a persones adultes. Els ensenyaments s\u2019estructuren en <strong data-start=\"247\" data-end=\"263\">tres nivells<\/strong>, d\u2019acord amb el <strong data-start=\"280\" data-end=\"341\">Marc Europeu Com\u00fa de Refer\u00e8ncia per a les Lleng\u00fces (MECR)<\/strong>.<\/p>\n<ul data-start=\"344\" data-end=\"1263\">\n<li data-start=\"344\" data-end=\"649\">\n<p data-start=\"346\" data-end=\"649\"><strong data-start=\"346\" data-end=\"368\">Angl\u00e8s 1 (MECR A1)<\/strong><br data-start=\"368\" data-end=\"371\" \/>Pensat per a persones que comencen des de zero o volen refor\u00e7ar coneixements b\u00e0sics. Es treballa la comprensi\u00f3 i expressi\u00f3 oral i escrita, i es posa \u00e8mfasi en <strong data-start=\"532\" data-end=\"553\">guanyar confian\u00e7a<\/strong>, <strong data-start=\"555\" data-end=\"597\">desenvolupar estrat\u00e8gies comunicatives<\/strong> i <strong data-start=\"600\" data-end=\"634\">assimilar estructures b\u00e0siques<\/strong> de la llengua.<\/p>\n<\/li>\n<li data-start=\"651\" data-end=\"962\">\n<p data-start=\"653\" data-end=\"962\"><strong data-start=\"653\" data-end=\"677\">Angl\u00e8s 2 (MECR A2.1)<\/strong><br data-start=\"677\" data-end=\"680\" \/>Per a alumnes que han superat el nivell 1 o tenen coneixements previs b\u00e0sics. L\u2019objectiu \u00e9s que l\u2019alumnat <strong data-start=\"788\" data-end=\"849\">es comuniqui de manera senzilla en situacions quotidianes<\/strong>, tant oralment com per escrit. Es reforcen continguts anteriors i s\u2019introdueixen noves estructures i vocabulari.<\/p>\n<\/li>\n<li data-start=\"964\" data-end=\"1263\">\n<p data-start=\"966\" data-end=\"1263\"><strong data-start=\"966\" data-end=\"990\">Angl\u00e8s 3 (MECR A2.2)<\/strong><br data-start=\"990\" data-end=\"993\" \/>Adre\u00e7at a persones amb <strong data-start=\"1018\" data-end=\"1053\">coneixements previs consolidats<\/strong>, que hagin cursat el nivell 2 o tinguin experi\u00e8ncia pr\u00e8via (per exemple, estudis secundaris recents). S\u2019hi treballa la <strong data-start=\"1173\" data-end=\"1198\">flu\u00efdesa comunicativa<\/strong> en contextos quotidians i temes generals, oralment i per escrit.<\/p>\n<\/li>\n<\/ul>\n<h3 data-start=\"1270\" data-end=\"1307\">Durada i organitzaci\u00f3 setmanal<\/h3>\n<p data-start=\"1309\" data-end=\"1434\">Els tres nivells s\u2019imparteixen durant <strong data-start=\"1347\" data-end=\"1388\">tot el curs escolar (setembre \u2013 juny)<\/strong>, amb <strong data-start=\"1394\" data-end=\"1421\">dues sessions setmanals<\/strong> presencials.<\/p>\n<h3 data-start=\"1270\" data-end=\"1307\">Avaluaci\u00f3<\/h3>\n<p data-start=\"470\" data-end=\"683\">La superaci\u00f3 de cada nivell dona dret a un <strong data-start=\"513\" data-end=\"555\">certificat acreditatiu expedit pel CFA<\/strong>, on s\u2019especifica, si escau, la <strong data-start=\"587\" data-end=\"682\">correspond\u00e8ncia amb el nivell del Marc Europeu Com\u00fa de Refer\u00e8ncia per a les Lleng\u00fces (MECR)<\/strong>.<\/p>\n<p data-start=\"685\" data-end=\"991\">Al final del <strong data-start=\"698\" data-end=\"710\">nivell 3<\/strong>, l\u2019alumnat ha de fer una <strong data-start=\"742\" data-end=\"796\">prova externa preparada pel Departament d\u2019Educaci\u00f3<\/strong>. La superaci\u00f3 d\u2019aquesta prova permet obtenir un <strong data-start=\"845\" data-end=\"881\">certificat oficial del nivell A2<\/strong>, que \u00e9s <strong data-start=\"890\" data-end=\"990\">v\u00e0lid per accedir directament al 3r curs d\u2019angl\u00e8s de les Escoles Oficials d\u2019Idiomes de Catalunya<\/strong>.<\/p>\n","protected":false},"excerpt":{"rendered":"<p>Oferim cursos presencials per adquirir compet\u00e8ncies b\u00e0siques en angl\u00e8s, adre\u00e7ats a persones adultes. Els ensenyaments s\u2019estructuren en tres nivells, d\u2019acord amb el Marc Europeu Com\u00fa de Refer\u00e8ncia per a les Lleng\u00fces (MECR). Angl\u00e8s 1 (MECR A1)Pensat per a persones que comencen des de zero o volen refor\u00e7ar coneixements b\u00e0sics. Es treballa la comprensi\u00f3 i expressi\u00f3 [&hellip;]<\/p>\n","protected":false},"author":1,"featured_media":0,"parent":283,"menu_order":3,"comment_status":"closed","ping_status":"closed","template":"","meta":{"_bbp_topic_count":0,"_bbp_reply_count":0,"_bbp_total_topic_count":0,"_bbp_total_reply_count":0,"_bbp_voice_count":0,"_bbp_anonymous_reply_count":0,"_bbp_topic_count_hidden":0,"_bbp_reply_count_hidden":0,"_bbp_forum_subforum_count":0,"site-sidebar-layout":"default","site-content-layout":"","ast-site-content-layout":"default","site-content-style":"default","site-sidebar-style":"default","ast-global-header-display":"","ast-banner-title-visibility":"","ast-main-header-display":"","ast-hfb-above-header-display":"","ast-hfb-below-header-display":"","ast-hfb-mobile-header-display":"","site-post-title":"","ast-breadcrumbs-content":"","ast-featured-img":"","footer-sml-layout":"","theme-transparent-header-meta":"default","adv-header-id-meta":"","stick-header-meta":"","header-above-stick-meta":"","header-main-stick-meta":"","header-below-stick-meta":"","astra-migrate-meta-layouts":"set","ast-page-background-enabled":"default","ast-page-background-meta":{"desktop":{"background-color":"var(--ast-global-color-4)","background-image":"","background-repeat":"repeat","background-position":"center center","background-size":"auto","background-attachment":"scroll","background-type":"","background-media":"","overlay-type":"","overlay-color":"","overlay-opacity":"","overlay-gradient":""},"tablet":{"background-color":"","background-image":"","background-repeat":"repeat","background-position":"center center","background-size":"auto","background-attachment":"scroll","background-type":"","background-media":"","overlay-type":"","overlay-color":"","overlay-opacity":"","overlay-gradient":""},"mobile":{"background-color":"","background-image":"","background-repeat":"repeat","background-position":"center center","background-size":"auto","background-attachment":"scroll","background-type":"","background-media":"","overlay-type":"","overlay-color":"","overlay-opacity":"","overlay-gradient":""}},"ast-content-background-meta":{"desktop":{"background-color":"var(--ast-global-color-5)","background-image":"","background-repeat":"repeat","background-position":"center center","background-size":"auto","background-attachment":"scroll","background-type":"","background-media":"","overlay-type":"","overlay-color":"","overlay-opacity":"","overlay-gradient":""},"tablet":{"background-color":"var(--ast-global-color-5)","background-image":"","background-repeat":"repeat","background-position":"center center","background-size":"auto","background-attachment":"scroll","background-type":"","background-media":"","overlay-type":"","overlay-color":"","overlay-opacity":"","overlay-gradient":""},"mobile":{"background-color":"var(--ast-global-color-5)","background-image":"","background-repeat":"repeat","background-position":"center center","background-size":"auto","background-attachment":"scroll","background-type":"","background-media":"","overlay-type":"","overlay-color":"","overlay-opacity":"","overlay-gradient":""}},"footnotes":""},"class_list":["post-312","page","type-page","status-publish","hentry"],"post_mailing_queue_ids":[],"_links":{"self":[{"href":"https:\/\/agora.xtec.cat\/cfa-santadriadebesos\/wp-json\/wp\/v2\/pages\/312","targetHints":{"allow":["GET"]}}],"collection":[{"href":"https:\/\/agora.xtec.cat\/cfa-santadriadebesos\/wp-json\/wp\/v2\/pages"}],"about":[{"href":"https:\/\/agora.xtec.cat\/cfa-santadriadebesos\/wp-json\/wp\/v2\/types\/page"}],"author":[{"embeddable":true,"href":"https:\/\/agora.xtec.cat\/cfa-santadriadebesos\/wp-json\/wp\/v2\/users\/1"}],"replies":[{"embeddable":true,"href":"https:\/\/agora.xtec.cat\/cfa-santadriadebesos\/wp-json\/wp\/v2\/comments?post=312"}],"version-history":[{"count":7,"href":"https:\/\/agora.xtec.cat\/cfa-santadriadebesos\/wp-json\/wp\/v2\/pages\/312\/revisions"}],"predecessor-version":[{"id":2796,"href":"https:\/\/agora.xtec.cat\/cfa-santadriadebesos\/wp-json\/wp\/v2\/pages\/312\/revisions\/2796"}],"up":[{"embeddable":true,"href":"https:\/\/agora.xtec.cat\/cfa-santadriadebesos\/wp-json\/wp\/v2\/pages\/283"}],"wp:attachment":[{"href":"https:\/\/agora.xtec.cat\/cfa-santadriadebesos\/wp-json\/wp\/v2\/media?parent=312"}],"curies":[{"name":"wp","href":"https:\/\/api.w.org\/{rel}","templated":true}]}}