{"id":303,"date":"2015-01-28T11:23:05","date_gmt":"2015-01-28T10:23:05","guid":{"rendered":"http:\/\/agora.xtec.cat\/cfa-santadriadebesos\/?page_id=303"},"modified":"2025-07-11T13:03:58","modified_gmt":"2025-07-11T11:03:58","slug":"graduat-en-educacio-secundaria-per-adults","status":"publish","type":"page","link":"https:\/\/agora.xtec.cat\/cfa-santadriadebesos\/ensenyaments\/formacio-basica-i-educacio-secundaria\/graduat-en-educacio-secundaria-per-adults\/","title":{"rendered":"Graduat en educaci\u00f3 secundaria per a adults (GESO)"},"content":{"rendered":"<h3 data-start=\"252\" data-end=\"263\">Qu\u00e8 \u00e9s?<\/h3>\n<p data-start=\"265\" data-end=\"375\">El <strong data-start=\"268\" data-end=\"276\">GESO<\/strong> \u00e9s l\u2019equivalent a l\u2019Educaci\u00f3 Secund\u00e0ria Obligat\u00f2ria (<strong data-start=\"330\" data-end=\"337\">ESO<\/strong>), per\u00f2 impartit a les escoles d&#8217;adults. Amb aquest t\u00edtol pots:<\/p>\n<ul data-start=\"377\" data-end=\"515\">\n<li data-start=\"377\" data-end=\"405\">\n<p data-start=\"379\" data-end=\"405\">Accedir al <strong data-start=\"390\" data-end=\"405\">Batxillerat<\/strong><\/p>\n<\/li>\n<li data-start=\"406\" data-end=\"459\">\n<p data-start=\"408\" data-end=\"459\">Matricular-te en <strong data-start=\"425\" data-end=\"459\">Cicles Formatius de Grau Mitj\u00e0<\/strong><\/p>\n<\/li>\n<li data-start=\"460\" data-end=\"515\">\n<p data-start=\"462\" data-end=\"515\">Incorporar-te al <strong data-start=\"479\" data-end=\"494\">m\u00f3n laboral<\/strong> amb m\u00e9s oportunitats<\/p>\n<\/li>\n<\/ul>\n<p data-start=\"517\" data-end=\"590\">Els estudis s\u2019organitzen en m\u00f2duls trimestrals que treballen tres \u00e0mbits:<\/p>\n<ul data-start=\"592\" data-end=\"665\">\n<li data-start=\"592\" data-end=\"614\">\n<p data-start=\"594\" data-end=\"614\"><strong data-start=\"594\" data-end=\"614\">\u00c0mbit cient\u00edfic<\/strong><\/p>\n<\/li>\n<li data-start=\"615\" data-end=\"632\">\n<p data-start=\"617\" data-end=\"632\"><strong data-start=\"617\" data-end=\"632\">\u00c0mbit de la comunicaci\u00f3<\/strong><\/p>\n<\/li>\n<li data-start=\"633\" data-end=\"665\">\n<p data-start=\"635\" data-end=\"665\"><strong data-start=\"635\" data-end=\"665\">\u00c0mbit social<\/strong><\/p>\n<\/li>\n<\/ul>\n<p data-start=\"667\" data-end=\"719\">Per tenir dret a l&#8217;avaluaci\u00f3 cont\u00ednua, cal un m\u00ednim del 80% d&#8217;assist\u00e8ncia.<\/p>\n<hr data-start=\"721\" data-end=\"724\" \/>\n<h3 data-start=\"726\" data-end=\"747\">Requisits d\u2019acc\u00e9s<\/h3>\n<ul data-start=\"749\" data-end=\"1043\">\n<li data-start=\"749\" data-end=\"882\">\n<p data-start=\"751\" data-end=\"882\">Poden accedir-hi les persones que hagin complert <strong data-start=\"800\" data-end=\"811\">18 anys<\/strong> o que els compleixin durant l\u2019any natural en qu\u00e8 comencen els estudis.<\/p>\n<\/li>\n<li data-start=\"883\" data-end=\"1043\">\n<p data-start=\"885\" data-end=\"1043\">En casos excepcionals, amb autoritzaci\u00f3 dels Serveis Territorials, poden accedir-hi alumnes a partir de <strong data-start=\"986\" data-end=\"997\">16 anys<\/strong>, amb informe previ de l\u2019Inspecci\u00f3 d\u2019Educaci\u00f3.<\/p>\n<\/li>\n<\/ul>\n<p data-start=\"1045\" data-end=\"1108\">Si tens qualsevol dubte, posa&#8217;t en contacte amb nosaltres.<\/p>\n<hr data-start=\"1110\" data-end=\"1113\" \/>\n<h3 data-start=\"1115\" data-end=\"1126\">Nivells<\/h3>\n<ul data-start=\"1128\" data-end=\"1173\">\n<li data-start=\"1128\" data-end=\"1150\">\n<p data-start=\"1130\" data-end=\"1150\"><strong data-start=\"1130\" data-end=\"1140\">GES 1:<\/strong> 17 m\u00f2duls (8 de l&#8217;\u00e0mbit de la comunicaci\u00f3, 6 del cient\u00edfic i 3 del social)<\/p>\n<\/li>\n<li data-start=\"1151\" data-end=\"1173\">\n<p data-start=\"1153\" data-end=\"1173\"><strong data-start=\"1153\" data-end=\"1163\">GES 2:<\/strong> 17 m\u00f2duls (8 de l&#8217;\u00e0mbit de la comunicaci\u00f3, 6 del cient\u00edfic i 3 del social)<\/p>\n<\/li>\n<\/ul>\n<hr data-start=\"1175\" data-end=\"1178\" \/>\n<h3 data-start=\"1180\" data-end=\"1205\">Durada i organitzaci\u00f3<\/h3>\n<ul data-start=\"1207\" data-end=\"1521\">\n<li data-start=\"1207\" data-end=\"1249\">\n<p data-start=\"1209\" data-end=\"1249\">La durada habitual \u00e9s de <strong data-start=\"1234\" data-end=\"1248\">dos cursos<\/strong>.<\/p>\n<\/li>\n<li data-start=\"1250\" data-end=\"1372\">\n<p data-start=\"1252\" data-end=\"1372\">Si tens estudis previs que ho acreditin, o passes una prova de nivell al nostre centre, pots accedir directament a <strong data-start=\"1332\" data-end=\"1341\">GES 2<\/strong> i completar el curs en un sol any.<\/p>\n<\/li>\n<li data-start=\"1373\" data-end=\"1477\">\n<p data-start=\"1375\" data-end=\"1477\">Per a les possibles convalidacions, cal presentar la documentaci\u00f3 necess\u00e0ria (ESO, Graduat Escolar, Proves Lliures).<\/p>\n<\/li>\n<li data-start=\"1478\" data-end=\"1521\"><strong>Avaluaci\u00f3<\/strong><\/li>\n<\/ul>\n<p style=\"padding-left: 40px;\">S\u00f3n estudis amb avaluaci\u00f3 cont\u00ednua, valorant de manera molt especial l\u2019assist\u00e8ncia, la participaci\u00f3 activa i la implicaci\u00f3, la realitzaci\u00f3 de tasques d\u2019aprenentatge i les proves escrites.<\/p>\n<p style=\"padding-left: 40px;\">Per obtenir el t\u00edtol de GES cal haver aprovat els 34 m\u00f2duls del curr\u00edculum.<\/p>\n<p>&nbsp;<\/p>\n","protected":false},"excerpt":{"rendered":"<p>Qu\u00e8 \u00e9s? El GESO \u00e9s l\u2019equivalent a l\u2019Educaci\u00f3 Secund\u00e0ria Obligat\u00f2ria (ESO), per\u00f2 impartit a les escoles d&#8217;adults. Amb aquest t\u00edtol pots: Accedir al Batxillerat Matricular-te en Cicles Formatius de Grau Mitj\u00e0 Incorporar-te al m\u00f3n laboral amb m\u00e9s oportunitats Els estudis s\u2019organitzen en m\u00f2duls trimestrals que treballen tres \u00e0mbits: \u00c0mbit cient\u00edfic \u00c0mbit de la comunicaci\u00f3 \u00c0mbit [&hellip;]<\/p>\n","protected":false},"author":1,"featured_media":0,"parent":2620,"menu_order":2,"comment_status":"closed","ping_status":"closed","template":"","meta":{"_bbp_topic_count":0,"_bbp_reply_count":0,"_bbp_total_topic_count":0,"_bbp_total_reply_count":0,"_bbp_voice_count":0,"_bbp_anonymous_reply_count":0,"_bbp_topic_count_hidden":0,"_bbp_reply_count_hidden":0,"_bbp_forum_subforum_count":0,"site-sidebar-layout":"default","site-content-layout":"","ast-site-content-layout":"default","site-content-style":"default","site-sidebar-style":"default","ast-global-header-display":"","ast-banner-title-visibility":"","ast-main-header-display":"","ast-hfb-above-header-display":"","ast-hfb-below-header-display":"","ast-hfb-mobile-header-display":"","site-post-title":"","ast-breadcrumbs-content":"","ast-featured-img":"","footer-sml-layout":"","theme-transparent-header-meta":"default","adv-header-id-meta":"","stick-header-meta":"","header-above-stick-meta":"","header-main-stick-meta":"","header-below-stick-meta":"","astra-migrate-meta-layouts":"set","ast-page-background-enabled":"default","ast-page-background-meta":{"desktop":{"background-color":"var(--ast-global-color-4)","background-image":"","background-repeat":"repeat","background-position":"center center","background-size":"auto","background-attachment":"scroll","background-type":"","background-media":"","overlay-type":"","overlay-color":"","overlay-opacity":"","overlay-gradient":""},"tablet":{"background-color":"","background-image":"","background-repeat":"repeat","background-position":"center center","background-size":"auto","background-attachment":"scroll","background-type":"","background-media":"","overlay-type":"","overlay-color":"","overlay-opacity":"","overlay-gradient":""},"mobile":{"background-color":"","background-image":"","background-repeat":"repeat","background-position":"center center","background-size":"auto","background-attachment":"scroll","background-type":"","background-media":"","overlay-type":"","overlay-color":"","overlay-opacity":"","overlay-gradient":""}},"ast-content-background-meta":{"desktop":{"background-color":"var(--ast-global-color-5)","background-image":"","background-repeat":"repeat","background-position":"center center","background-size":"auto","background-attachment":"scroll","background-type":"","background-media":"","overlay-type":"","overlay-color":"","overlay-opacity":"","overlay-gradient":""},"tablet":{"background-color":"var(--ast-global-color-5)","background-image":"","background-repeat":"repeat","background-position":"center center","background-size":"auto","background-attachment":"scroll","background-type":"","background-media":"","overlay-type":"","overlay-color":"","overlay-opacity":"","overlay-gradient":""},"mobile":{"background-color":"var(--ast-global-color-5)","background-image":"","background-repeat":"repeat","background-position":"center center","background-size":"auto","background-attachment":"scroll","background-type":"","background-media":"","overlay-type":"","overlay-color":"","overlay-opacity":"","overlay-gradient":""}},"footnotes":""},"class_list":["post-303","page","type-page","status-publish","hentry"],"post_mailing_queue_ids":[],"_links":{"self":[{"href":"https:\/\/agora.xtec.cat\/cfa-santadriadebesos\/wp-json\/wp\/v2\/pages\/303","targetHints":{"allow":["GET"]}}],"collection":[{"href":"https:\/\/agora.xtec.cat\/cfa-santadriadebesos\/wp-json\/wp\/v2\/pages"}],"about":[{"href":"https:\/\/agora.xtec.cat\/cfa-santadriadebesos\/wp-json\/wp\/v2\/types\/page"}],"author":[{"embeddable":true,"href":"https:\/\/agora.xtec.cat\/cfa-santadriadebesos\/wp-json\/wp\/v2\/users\/1"}],"replies":[{"embeddable":true,"href":"https:\/\/agora.xtec.cat\/cfa-santadriadebesos\/wp-json\/wp\/v2\/comments?post=303"}],"version-history":[{"count":6,"href":"https:\/\/agora.xtec.cat\/cfa-santadriadebesos\/wp-json\/wp\/v2\/pages\/303\/revisions"}],"predecessor-version":[{"id":2745,"href":"https:\/\/agora.xtec.cat\/cfa-santadriadebesos\/wp-json\/wp\/v2\/pages\/303\/revisions\/2745"}],"up":[{"embeddable":true,"href":"https:\/\/agora.xtec.cat\/cfa-santadriadebesos\/wp-json\/wp\/v2\/pages\/2620"}],"wp:attachment":[{"href":"https:\/\/agora.xtec.cat\/cfa-santadriadebesos\/wp-json\/wp\/v2\/media?parent=303"}],"curies":[{"name":"wp","href":"https:\/\/api.w.org\/{rel}","templated":true}]}}