{"id":299,"date":"2015-01-28T11:21:22","date_gmt":"2015-01-28T10:21:22","guid":{"rendered":"http:\/\/agora.xtec.cat\/cfa-santadriadebesos\/?page_id=299"},"modified":"2025-10-31T11:46:36","modified_gmt":"2025-10-31T10:46:36","slug":"llengua-castellana","status":"publish","type":"page","link":"https:\/\/agora.xtec.cat\/cfa-santadriadebesos\/ensenyaments\/ensenyaments-inicials-i-formacio-basica\/llengua-castellana\/","title":{"rendered":"Llengua castellana"},"content":{"rendered":"<p data-start=\"175\" data-end=\"345\">Aquests ensenyaments tenen com a objectiu que les persones adultes <strong data-start=\"242\" data-end=\"318\">assoleixin un grau de compet\u00e8ncia suficient per comunicar-se en castell\u00e0<\/strong> en situacions quotidianes.<\/p>\n<p data-start=\"347\" data-end=\"445\">Oferim <strong data-start=\"354\" data-end=\"370\">tres nivells<\/strong> adaptats al <strong data-start=\"383\" data-end=\"444\">Marc Europeu Com\u00fa de Refer\u00e8ncia per a les Lleng\u00fces (MECR)<\/strong>:<\/p>\n<ul data-start=\"447\" data-end=\"795\">\n<li data-start=\"447\" data-end=\"569\">\n<p data-start=\"449\" data-end=\"569\"><strong data-start=\"449\" data-end=\"496\">Nivell 1 \u2013 Acolliment ling\u00fc\u00edstic (MECR A1):<\/strong><br data-start=\"496\" data-end=\"499\" \/>Per a persones sense cap coneixement previ de la llengua castellana.<\/p>\n<\/li>\n<li data-start=\"571\" data-end=\"683\">\n<p data-start=\"573\" data-end=\"683\"><strong data-start=\"573\" data-end=\"596\">Nivell 2 (MECR A2):<\/strong><br data-start=\"596\" data-end=\"599\" \/>Per a alumnes que han superat el nivell 1 o tenen coneixements b\u00e0sics de castell\u00e0.<\/p>\n<\/li>\n<li data-start=\"685\" data-end=\"795\">\n<p data-start=\"687\" data-end=\"795\"><strong data-start=\"687\" data-end=\"710\">Nivell 3 (MECR B1):<\/strong><br data-start=\"710\" data-end=\"713\" \/>Per a alumnes que han superat el nivell 2 o tenen un domini mitj\u00e0 de la llengua.<\/p>\n<\/li>\n<\/ul>\n<h3 data-start=\"802\" data-end=\"839\">Durada i organitzaci\u00f3 setmanal<\/h3>\n<p data-start=\"136\" data-end=\"294\">Al CFA Sant Adri\u00e0 de Bes\u00f2s, els cursos de catal\u00e0 es\u00a0<strong data-start=\"188\" data-end=\"218\">divideixen en tres nivells<\/strong>\u00a0i s\u2019imparteixen\u00a0<strong data-start=\"235\" data-end=\"259\">dos dies per setmana<\/strong>, segons el curr\u00edculum establert.<\/p>\n<p data-start=\"296\" data-end=\"404\">Cada nivell ofereix un aprenentatge progressiu i pr\u00e0ctic, adaptat al ritme i necessitats de l\u2019alumnat adult.<\/p>\n","protected":false},"excerpt":{"rendered":"<p>Aquests ensenyaments tenen com a objectiu que les persones adultes assoleixin un grau de compet\u00e8ncia suficient per comunicar-se en castell\u00e0 en situacions quotidianes. Oferim tres nivells adaptats al Marc Europeu Com\u00fa de Refer\u00e8ncia per a les Lleng\u00fces (MECR): Nivell 1 \u2013 Acolliment ling\u00fc\u00edstic (MECR A1):Per a persones sense cap coneixement previ de la llengua castellana. [&hellip;]<\/p>\n","protected":false},"author":1,"featured_media":0,"parent":283,"menu_order":2,"comment_status":"closed","ping_status":"closed","template":"","meta":{"_bbp_topic_count":0,"_bbp_reply_count":0,"_bbp_total_topic_count":0,"_bbp_total_reply_count":0,"_bbp_voice_count":0,"_bbp_anonymous_reply_count":0,"_bbp_topic_count_hidden":0,"_bbp_reply_count_hidden":0,"_bbp_forum_subforum_count":0,"site-sidebar-layout":"default","site-content-layout":"","ast-site-content-layout":"default","site-content-style":"default","site-sidebar-style":"default","ast-global-header-display":"","ast-banner-title-visibility":"","ast-main-header-display":"","ast-hfb-above-header-display":"","ast-hfb-below-header-display":"","ast-hfb-mobile-header-display":"","site-post-title":"","ast-breadcrumbs-content":"","ast-featured-img":"","footer-sml-layout":"","theme-transparent-header-meta":"default","adv-header-id-meta":"","stick-header-meta":"","header-above-stick-meta":"","header-main-stick-meta":"","header-below-stick-meta":"","astra-migrate-meta-layouts":"set","ast-page-background-enabled":"default","ast-page-background-meta":{"desktop":{"background-color":"var(--ast-global-color-4)","background-image":"","background-repeat":"repeat","background-position":"center center","background-size":"auto","background-attachment":"scroll","background-type":"","background-media":"","overlay-type":"","overlay-color":"","overlay-opacity":"","overlay-gradient":""},"tablet":{"background-color":"","background-image":"","background-repeat":"repeat","background-position":"center center","background-size":"auto","background-attachment":"scroll","background-type":"","background-media":"","overlay-type":"","overlay-color":"","overlay-opacity":"","overlay-gradient":""},"mobile":{"background-color":"","background-image":"","background-repeat":"repeat","background-position":"center center","background-size":"auto","background-attachment":"scroll","background-type":"","background-media":"","overlay-type":"","overlay-color":"","overlay-opacity":"","overlay-gradient":""}},"ast-content-background-meta":{"desktop":{"background-color":"var(--ast-global-color-5)","background-image":"","background-repeat":"repeat","background-position":"center center","background-size":"auto","background-attachment":"scroll","background-type":"","background-media":"","overlay-type":"","overlay-color":"","overlay-opacity":"","overlay-gradient":""},"tablet":{"background-color":"var(--ast-global-color-5)","background-image":"","background-repeat":"repeat","background-position":"center center","background-size":"auto","background-attachment":"scroll","background-type":"","background-media":"","overlay-type":"","overlay-color":"","overlay-opacity":"","overlay-gradient":""},"mobile":{"background-color":"var(--ast-global-color-5)","background-image":"","background-repeat":"repeat","background-position":"center center","background-size":"auto","background-attachment":"scroll","background-type":"","background-media":"","overlay-type":"","overlay-color":"","overlay-opacity":"","overlay-gradient":""}},"footnotes":""},"class_list":["post-299","page","type-page","status-publish","hentry"],"post_mailing_queue_ids":[],"_links":{"self":[{"href":"https:\/\/agora.xtec.cat\/cfa-santadriadebesos\/wp-json\/wp\/v2\/pages\/299","targetHints":{"allow":["GET"]}}],"collection":[{"href":"https:\/\/agora.xtec.cat\/cfa-santadriadebesos\/wp-json\/wp\/v2\/pages"}],"about":[{"href":"https:\/\/agora.xtec.cat\/cfa-santadriadebesos\/wp-json\/wp\/v2\/types\/page"}],"author":[{"embeddable":true,"href":"https:\/\/agora.xtec.cat\/cfa-santadriadebesos\/wp-json\/wp\/v2\/users\/1"}],"replies":[{"embeddable":true,"href":"https:\/\/agora.xtec.cat\/cfa-santadriadebesos\/wp-json\/wp\/v2\/comments?post=299"}],"version-history":[{"count":7,"href":"https:\/\/agora.xtec.cat\/cfa-santadriadebesos\/wp-json\/wp\/v2\/pages\/299\/revisions"}],"predecessor-version":[{"id":2795,"href":"https:\/\/agora.xtec.cat\/cfa-santadriadebesos\/wp-json\/wp\/v2\/pages\/299\/revisions\/2795"}],"up":[{"embeddable":true,"href":"https:\/\/agora.xtec.cat\/cfa-santadriadebesos\/wp-json\/wp\/v2\/pages\/283"}],"wp:attachment":[{"href":"https:\/\/agora.xtec.cat\/cfa-santadriadebesos\/wp-json\/wp\/v2\/media?parent=299"}],"curies":[{"name":"wp","href":"https:\/\/api.w.org\/{rel}","templated":true}]}}