{"id":283,"date":"2015-01-28T11:06:17","date_gmt":"2015-01-28T10:06:17","guid":{"rendered":"http:\/\/agora.xtec.cat\/cfa-santadriadebesos\/?page_id=283"},"modified":"2025-05-30T23:58:21","modified_gmt":"2025-05-30T21:58:21","slug":"ensenyaments-inicials-i-formacio-basica","status":"publish","type":"page","link":"https:\/\/agora.xtec.cat\/cfa-santadriadebesos\/ensenyaments\/ensenyaments-inicials-i-formacio-basica\/","title":{"rendered":"Lleng\u00fces"},"content":{"rendered":"<p data-start=\"159\" data-end=\"301\">Oferim cursos de lleng\u00fces per millorar la comunicaci\u00f3, ampliar coneixements i obrir noves oportunitats personals, acad\u00e8miques i professionals.<\/p>\n<ul data-start=\"303\" data-end=\"766\">\n<li data-start=\"303\" data-end=\"416\">\n<p data-start=\"305\" data-end=\"416\"><a href=\"https:\/\/agora.xtec.cat\/cfa-santadriadebesos\/ensenyaments\/ensenyaments-inicials-i-formacio-basica\/llengua-catalana\/\"><strong data-start=\"305\" data-end=\"325\">Llengua catalana<\/strong><\/a><br data-start=\"325\" data-end=\"328\" \/>Per a persones que volen aprendre o refor\u00e7ar el catal\u00e0, tant a nivell oral com escrit.<\/p>\n<\/li>\n<li data-start=\"418\" data-end=\"549\">\n<p data-start=\"420\" data-end=\"549\"><a href=\"https:\/\/agora.xtec.cat\/cfa-santadriadebesos\/ensenyaments\/ensenyaments-inicials-i-formacio-basica\/llengua-castellana\/\"><strong data-start=\"420\" data-end=\"442\">Llengua castellana<\/strong><\/a><br data-start=\"442\" data-end=\"445\" \/>Adre\u00e7at a persones que volen millorar el seu domini del castell\u00e0 com a llengua vehicular o d&#8217;acollida.<\/p>\n<\/li>\n<li data-start=\"551\" data-end=\"658\">\n<p data-start=\"553\" data-end=\"658\"><a href=\"https:\/\/agora.xtec.cat\/cfa-santadriadebesos\/ensenyaments\/ensenyaments-inicials-i-formacio-basica\/llengua-anglesa\/\"><strong data-start=\"553\" data-end=\"563\">Angl\u00e8s<\/strong><\/a><br data-start=\"563\" data-end=\"566\" \/>Nivells inicials i b\u00e0sics per comen\u00e7ar a comunicar-se en angl\u00e8s en situacions quotidianes.<\/p>\n<\/li>\n<li data-start=\"660\" data-end=\"766\">\n<p data-start=\"662\" data-end=\"766\"><a href=\"https:\/\/agora.xtec.cat\/cfa-santadriadebesos\/ensenyaments\/ensenyaments-inicials-i-formacio-basica\/llengua-francesa\/\"><strong data-start=\"662\" data-end=\"673\">Franc\u00e8s<\/strong><\/a><br data-start=\"673\" data-end=\"676\" \/>Curs d\u2019iniciaci\u00f3 per comen\u00e7ar a expressar-se en aquesta llengua i con\u00e8ixer-ne les bases.<\/p>\n<\/li>\n<\/ul>\n<p>&nbsp;<\/p>\n","protected":false},"excerpt":{"rendered":"<p>Oferim cursos de lleng\u00fces per millorar la comunicaci\u00f3, ampliar coneixements i obrir noves oportunitats personals, acad\u00e8miques i professionals. Llengua catalanaPer a persones que volen aprendre o refor\u00e7ar el catal\u00e0, tant a nivell oral com escrit. Llengua castellanaAdre\u00e7at a persones que volen millorar el seu domini del castell\u00e0 com a llengua vehicular o d&#8217;acollida. Angl\u00e8sNivells inicials [&hellip;]<\/p>\n","protected":false},"author":1,"featured_media":0,"parent":274,"menu_order":0,"comment_status":"closed","ping_status":"closed","template":"","meta":{"_bbp_topic_count":0,"_bbp_reply_count":0,"_bbp_total_topic_count":0,"_bbp_total_reply_count":0,"_bbp_voice_count":0,"_bbp_anonymous_reply_count":0,"_bbp_topic_count_hidden":0,"_bbp_reply_count_hidden":0,"_bbp_forum_subforum_count":0,"site-sidebar-layout":"default","site-content-layout":"","ast-site-content-layout":"default","site-content-style":"default","site-sidebar-style":"default","ast-global-header-display":"","ast-banner-title-visibility":"","ast-main-header-display":"","ast-hfb-above-header-display":"","ast-hfb-below-header-display":"","ast-hfb-mobile-header-display":"","site-post-title":"","ast-breadcrumbs-content":"","ast-featured-img":"","footer-sml-layout":"","theme-transparent-header-meta":"default","adv-header-id-meta":"","stick-header-meta":"","header-above-stick-meta":"","header-main-stick-meta":"","header-below-stick-meta":"","astra-migrate-meta-layouts":"set","ast-page-background-enabled":"default","ast-page-background-meta":{"desktop":{"background-color":"var(--ast-global-color-4)","background-image":"","background-repeat":"repeat","background-position":"center center","background-size":"auto","background-attachment":"scroll","background-type":"","background-media":"","overlay-type":"","overlay-color":"","overlay-opacity":"","overlay-gradient":""},"tablet":{"background-color":"","background-image":"","background-repeat":"repeat","background-position":"center center","background-size":"auto","background-attachment":"scroll","background-type":"","background-media":"","overlay-type":"","overlay-color":"","overlay-opacity":"","overlay-gradient":""},"mobile":{"background-color":"","background-image":"","background-repeat":"repeat","background-position":"center center","background-size":"auto","background-attachment":"scroll","background-type":"","background-media":"","overlay-type":"","overlay-color":"","overlay-opacity":"","overlay-gradient":""}},"ast-content-background-meta":{"desktop":{"background-color":"var(--ast-global-color-5)","background-image":"","background-repeat":"repeat","background-position":"center center","background-size":"auto","background-attachment":"scroll","background-type":"","background-media":"","overlay-type":"","overlay-color":"","overlay-opacity":"","overlay-gradient":""},"tablet":{"background-color":"var(--ast-global-color-5)","background-image":"","background-repeat":"repeat","background-position":"center center","background-size":"auto","background-attachment":"scroll","background-type":"","background-media":"","overlay-type":"","overlay-color":"","overlay-opacity":"","overlay-gradient":""},"mobile":{"background-color":"var(--ast-global-color-5)","background-image":"","background-repeat":"repeat","background-position":"center center","background-size":"auto","background-attachment":"scroll","background-type":"","background-media":"","overlay-type":"","overlay-color":"","overlay-opacity":"","overlay-gradient":""}},"footnotes":""},"class_list":["post-283","page","type-page","status-publish","hentry"],"post_mailing_queue_ids":[],"_links":{"self":[{"href":"https:\/\/agora.xtec.cat\/cfa-santadriadebesos\/wp-json\/wp\/v2\/pages\/283","targetHints":{"allow":["GET"]}}],"collection":[{"href":"https:\/\/agora.xtec.cat\/cfa-santadriadebesos\/wp-json\/wp\/v2\/pages"}],"about":[{"href":"https:\/\/agora.xtec.cat\/cfa-santadriadebesos\/wp-json\/wp\/v2\/types\/page"}],"author":[{"embeddable":true,"href":"https:\/\/agora.xtec.cat\/cfa-santadriadebesos\/wp-json\/wp\/v2\/users\/1"}],"replies":[{"embeddable":true,"href":"https:\/\/agora.xtec.cat\/cfa-santadriadebesos\/wp-json\/wp\/v2\/comments?post=283"}],"version-history":[{"count":5,"href":"https:\/\/agora.xtec.cat\/cfa-santadriadebesos\/wp-json\/wp\/v2\/pages\/283\/revisions"}],"predecessor-version":[{"id":2639,"href":"https:\/\/agora.xtec.cat\/cfa-santadriadebesos\/wp-json\/wp\/v2\/pages\/283\/revisions\/2639"}],"up":[{"embeddable":true,"href":"https:\/\/agora.xtec.cat\/cfa-santadriadebesos\/wp-json\/wp\/v2\/pages\/274"}],"wp:attachment":[{"href":"https:\/\/agora.xtec.cat\/cfa-santadriadebesos\/wp-json\/wp\/v2\/media?parent=283"}],"curies":[{"name":"wp","href":"https:\/\/api.w.org\/{rel}","templated":true}]}}