{"id":63,"date":"2014-09-18T10:06:31","date_gmt":"2014-09-18T10:06:31","guid":{"rendered":"http:\/\/agora.xtec.cat\/cfa-santacoloma-fondo\/?page_id=63"},"modified":"2015-01-27T18:07:48","modified_gmt":"2015-01-27T17:07:48","slug":"serveis","status":"publish","type":"page","link":"https:\/\/agora.xtec.cat\/cfa-santacoloma-fondo\/serveis\/","title":{"rendered":"Serveis"},"content":{"rendered":"<p>Espai que ha d\u2019informar a l&#8217;alumnat dels serveis que ofereix el centre. La missi\u00f3 educativa no es limita a l\u2019eix curricular, per aix\u00f2 \u00e9s imprescindible que aquest apartat del web estigui en un primer nivell de navegaci\u00f3. \u00c9s recomanable que s\u2019introdueixi informaci\u00f3 relacionada amb:<\/p>\n<ul>\n<li>serveis digitals (en cas que el centre compti amb serveis digitals en l\u00ednia com ara Moodle, blogs, aplicacions m\u00f2bils\u2026)<\/li>\n<li>acollida: informaci\u00f3-orientaci\u00f3<\/li>\n<li>altres activitats<\/li>\n<\/ul>\n","protected":false},"excerpt":{"rendered":"<p>Espai que ha d\u2019informar a l&#8217;alumnat dels serveis que ofereix el centre. La missi\u00f3 educativa no es limita a l\u2019eix [&hellip;]<\/p>\n","protected":false},"author":1,"featured_media":0,"parent":0,"menu_order":0,"comment_status":"closed","ping_status":"closed","template":"page-templates\/side-menu.php","meta":{"site-sidebar-layout":"default","site-content-layout":"","ast-site-content-layout":"","site-content-style":"default","site-sidebar-style":"default","ast-global-header-display":"","ast-banner-title-visibility":"","ast-main-header-display":"","ast-hfb-above-header-display":"","ast-hfb-below-header-display":"","ast-hfb-mobile-header-display":"","site-post-title":"","ast-breadcrumbs-content":"","ast-featured-img":"","footer-sml-layout":"","theme-transparent-header-meta":"","adv-header-id-meta":"","stick-header-meta":"","header-above-stick-meta":"","header-main-stick-meta":"","header-below-stick-meta":"","astra-migrate-meta-layouts":"default","ast-page-background-enabled":"default","ast-page-background-meta":{"desktop":{"background-color":"var(--ast-global-color-4)","background-image":"","background-repeat":"repeat","background-position":"center center","background-size":"auto","background-attachment":"scroll","background-type":"","background-media":"","overlay-type":"","overlay-color":"","overlay-opacity":"","overlay-gradient":""},"tablet":{"background-color":"","background-image":"","background-repeat":"repeat","background-position":"center center","background-size":"auto","background-attachment":"scroll","background-type":"","background-media":"","overlay-type":"","overlay-color":"","overlay-opacity":"","overlay-gradient":""},"mobile":{"background-color":"","background-image":"","background-repeat":"repeat","background-position":"center center","background-size":"auto","background-attachment":"scroll","background-type":"","background-media":"","overlay-type":"","overlay-color":"","overlay-opacity":"","overlay-gradient":""}},"ast-content-background-meta":{"desktop":{"background-color":"var(--ast-global-color-5)","background-image":"","background-repeat":"repeat","background-position":"center center","background-size":"auto","background-attachment":"scroll","background-type":"","background-media":"","overlay-type":"","overlay-color":"","overlay-opacity":"","overlay-gradient":""},"tablet":{"background-color":"var(--ast-global-color-5)","background-image":"","background-repeat":"repeat","background-position":"center center","background-size":"auto","background-attachment":"scroll","background-type":"","background-media":"","overlay-type":"","overlay-color":"","overlay-opacity":"","overlay-gradient":""},"mobile":{"background-color":"var(--ast-global-color-5)","background-image":"","background-repeat":"repeat","background-position":"center center","background-size":"auto","background-attachment":"scroll","background-type":"","background-media":"","overlay-type":"","overlay-color":"","overlay-opacity":"","overlay-gradient":""}},"footnotes":""},"class_list":["post-63","page","type-page","status-publish","hentry"],"post_mailing_queue_ids":[],"_links":{"self":[{"href":"https:\/\/agora.xtec.cat\/cfa-santacoloma-fondo\/wp-json\/wp\/v2\/pages\/63","targetHints":{"allow":["GET"]}}],"collection":[{"href":"https:\/\/agora.xtec.cat\/cfa-santacoloma-fondo\/wp-json\/wp\/v2\/pages"}],"about":[{"href":"https:\/\/agora.xtec.cat\/cfa-santacoloma-fondo\/wp-json\/wp\/v2\/types\/page"}],"author":[{"embeddable":true,"href":"https:\/\/agora.xtec.cat\/cfa-santacoloma-fondo\/wp-json\/wp\/v2\/users\/1"}],"replies":[{"embeddable":true,"href":"https:\/\/agora.xtec.cat\/cfa-santacoloma-fondo\/wp-json\/wp\/v2\/comments?post=63"}],"version-history":[{"count":0,"href":"https:\/\/agora.xtec.cat\/cfa-santacoloma-fondo\/wp-json\/wp\/v2\/pages\/63\/revisions"}],"wp:attachment":[{"href":"https:\/\/agora.xtec.cat\/cfa-santacoloma-fondo\/wp-json\/wp\/v2\/media?parent=63"}],"curies":[{"name":"wp","href":"https:\/\/api.w.org\/{rel}","templated":true}]}}