{"id":27,"date":"2014-09-17T16:24:03","date_gmt":"2014-09-17T16:24:03","guid":{"rendered":"http:\/\/agora.xtec.cat\/cfa-rusinyol-larocavalles\/?page_id=27"},"modified":"2026-01-26T13:59:56","modified_gmt":"2026-01-26T12:59:56","slug":"historia","status":"publish","type":"page","link":"https:\/\/agora.xtec.cat\/cfa-rusinyol-larocavalles\/el-centre\/historia\/","title":{"rendered":"Hist\u00f2ria"},"content":{"rendered":"<p><strong style=\"font-family: inherit; font-size: 1em;\">Hist\u00f2ria del CFA Santiago Rusi\u00f1ol<\/strong><\/p>\n<p style=\"font-weight: 400;\">El CFA Santiago Rusi\u00f1ol va ser fundat el 2008 amb l&#8217;objectiu de proporcionar una educaci\u00f3 de qualitat a persones adultes, oferint oportunitats per al seu desenvolupament personal i professional. El centre va n\u00e9ixer com una resposta a les necessitats formatives d\u2019adults en situaci\u00f3 de vulnerabilitat, amb la finalitat de millorar les seves oportunitats laborals i socials.<\/p>\n<p style=\"font-weight: 400;\"><strong>Or\u00edgens i creaci\u00f3<\/strong><\/p>\n<p style=\"font-weight: 400;\">El CFA Santiago Rusi\u00f1ol es va establir amb la voluntat de dotar els seus alumnes de les eines necess\u00e0ries per a la seva reintegraci\u00f3 social i laboral. Des de la seva creaci\u00f3 el\u00a02008, el centre\u00a0ha estat orientat a la formaci\u00f3 d&#8217;un col\u00b7lectiu divers d\u2019alumnes, oferint-los una educaci\u00f3 adaptada a les seves necessitats espec\u00edfiques.<\/p>\n<p style=\"font-weight: 400;\"><strong>Evoluci\u00f3 i creixement<\/strong><\/p>\n<p style=\"font-weight: 400;\">Al llarg dels anys, el CFA Santiago Rusi\u00f1ol ha anat creixent en grups i ha anat ampliant la seva oferta educativa, afegint estudis de\u00a0<strong>formaci\u00f3 professional<\/strong>\u00a0a la seva oferta. Aix\u00f2 ha perm\u00e8s que el centre pugui atendre una diversitat d\u2019alumnat amb diferents interessos i necessitats formatives, ampliant les possibilitats d&#8217;inserci\u00f3 laboral i professional dels seus alumnes.<\/p>\n<p style=\"font-weight: 400;\"><strong>Entorn<\/strong><\/p>\n<p style=\"font-weight: 400;\">El centre est\u00e0 situat a la\u00a0Roca del Vall\u00e8s, un\u00a0nucli amb bona connexi\u00f3 amb altres zones properes.<\/p>\n<p style=\"font-weight: 400;\"><strong>Comprom\u00eds amb la formaci\u00f3 i la reintegraci\u00f3<\/strong><\/p>\n<p style=\"font-weight: 400;\">El CFA Santiago Rusi\u00f1ol t\u00e9 com a objectiu fonamental contribuir a la formaci\u00f3 integral de les persones adultes, amb un fort enfocament en la reintegraci\u00f3 social i professional. Gr\u00e0cies a una oferta formativa que abasta des de l\u2019alfabetitzaci\u00f3 fins a l&#8217;ensenyament secundari i la formaci\u00f3 ocupacional, el centre prepara els alumnes per afrontar els reptes laborals i socials. Aquest comprom\u00eds amb la formaci\u00f3 no nom\u00e9s busca la millora de les compet\u00e8ncies laborals, sin\u00f3 tamb\u00e9 el desenvolupament personal i emocional dels alumnes, mitjan\u00e7ant una educaci\u00f3 que respecta la diversitat i promou els valors de respecte i conviv\u00e8ncia.<\/p>\n<p style=\"font-weight: 400;\"><strong>Metodologia i protagonisme de l&#8217;alumne<\/strong><\/p>\n<p style=\"font-weight: 400;\">Al CFA Santiago Rusi\u00f1ol, l&#8217;alumne est\u00e0 al centre de l&#8217;aprenentatge, sent el protagonista del seu propi proc\u00e9s educatiu. Mitjan\u00e7ant metodologies globalitzades i significatives, els estudiants s\u00f3n preparats per afrontar situacions de la vida real, establint connexions entre els coneixements adquirits i la seva aplicaci\u00f3 en el dia a dia. Aquest enfocament permet als alumnes desenvolupar les habilitats necess\u00e0ries per a la seva integraci\u00f3 en el m\u00f3n laboral i social.<\/p>\n<p>&nbsp;<\/p>\n<p>&nbsp;<\/p>\n<p>&nbsp;<\/p>\n<p style=\"text-align: center;\">\n","protected":false},"excerpt":{"rendered":"<p>Hist\u00f2ria del CFA Santiago Rusi\u00f1ol<br \/>\nEl CFA Santiago Rusi\u00f1ol va ser fundat el 2008 amb l&#8217;objectiu de proporcionar una educaci\u00f3 de qualitat a persones adultes, oferint oportunitats per al seu desenvolupament personal i professional. El centre va n\u00e9ixer com una resposta a les necessitats formatives d\u2019adults&hellip;  <a href=\"https:\/\/agora.xtec.cat\/cfa-rusinyol-larocavalles\/el-centre\/historia\/\" title=\"Read Hist\u00f2ria\">Llegeix m\u00e9s\u00bb<\/a><\/p>\n","protected":false},"author":1,"featured_media":0,"parent":261,"menu_order":20,"comment_status":"closed","ping_status":"closed","template":"page-templates\/side-menu.php","meta":{"_bbp_topic_count":0,"_bbp_reply_count":0,"_bbp_total_topic_count":0,"_bbp_total_reply_count":0,"_bbp_voice_count":0,"_bbp_anonymous_reply_count":0,"_bbp_topic_count_hidden":0,"_bbp_reply_count_hidden":0,"_bbp_forum_subforum_count":0,"footnotes":""},"class_list":["post-27","page","type-page","status-publish","hentry"],"post_mailing_queue_ids":[],"_links":{"self":[{"href":"https:\/\/agora.xtec.cat\/cfa-rusinyol-larocavalles\/wp-json\/wp\/v2\/pages\/27","targetHints":{"allow":["GET"]}}],"collection":[{"href":"https:\/\/agora.xtec.cat\/cfa-rusinyol-larocavalles\/wp-json\/wp\/v2\/pages"}],"about":[{"href":"https:\/\/agora.xtec.cat\/cfa-rusinyol-larocavalles\/wp-json\/wp\/v2\/types\/page"}],"author":[{"embeddable":true,"href":"https:\/\/agora.xtec.cat\/cfa-rusinyol-larocavalles\/wp-json\/wp\/v2\/users\/1"}],"replies":[{"embeddable":true,"href":"https:\/\/agora.xtec.cat\/cfa-rusinyol-larocavalles\/wp-json\/wp\/v2\/comments?post=27"}],"version-history":[{"count":4,"href":"https:\/\/agora.xtec.cat\/cfa-rusinyol-larocavalles\/wp-json\/wp\/v2\/pages\/27\/revisions"}],"predecessor-version":[{"id":1582,"href":"https:\/\/agora.xtec.cat\/cfa-rusinyol-larocavalles\/wp-json\/wp\/v2\/pages\/27\/revisions\/1582"}],"up":[{"embeddable":true,"href":"https:\/\/agora.xtec.cat\/cfa-rusinyol-larocavalles\/wp-json\/wp\/v2\/pages\/261"}],"wp:attachment":[{"href":"https:\/\/agora.xtec.cat\/cfa-rusinyol-larocavalles\/wp-json\/wp\/v2\/media?parent=27"}],"curies":[{"name":"wp","href":"https:\/\/api.w.org\/{rel}","templated":true}]}}