{"id":1359,"date":"2023-06-04T10:48:43","date_gmt":"2023-06-04T08:48:43","guid":{"rendered":"https:\/\/agora.xtec.cat\/cfa-rusinyol-larocavalles\/?page_id=1359"},"modified":"2024-06-26T09:38:58","modified_gmt":"2024-06-26T07:38:58","slug":"avaluacio","status":"publish","type":"page","link":"https:\/\/agora.xtec.cat\/cfa-rusinyol-larocavalles\/avaluacio\/","title":{"rendered":"Avaluaci\u00f3"},"content":{"rendered":"<p>L\u2019avaluaci\u00f3 de l\u2019EDC consta de dues etapes:<\/p>\n<p><strong>Avaluaci\u00f3 anual<\/strong>: anualment la comissi\u00f3 digital avaluar\u00e0 l\u2019\u00e8xit de les tasques realitzades.<br \/>\nAquest \u00e8xit tindr\u00e0 la seg\u00fcent graduaci\u00f3:<br \/>\n&#8211; Realitzat amb \u00e8xit.<br \/>\n&#8211; No realitzada per for\u00e7a major.<br \/>\n&#8211; Realitzada sense \u00e8xit &#8211; Comissi\u00f3 valorar\u00e0 qu\u00e8 fer? (ex. l\u2019hem iniciat per\u00f2 no s\u2019ha acabat)<br \/>\nLes no realitzades per for\u00e7a major passaran a programar-se pel seg\u00fcent curs amb la mateixa temporitzaci\u00f3.<br \/>\nLes realitzades sense \u00e8xit, la Comissi\u00f3 valorar\u00e0 qu\u00e8 fer: tornar-les a proposar-les amb alguna variaci\u00f3 o buscar una actuaci\u00f3 alternativa per assolir la seva finalitat.<\/p>\n<p>Es far\u00e0 un registre de les avaluacions en un full de seguiment, indicant amb colors diferenciats l\u2019estat de la tasca:<br \/>\nLila: per realitzar.<br \/>\nVerd: realitzat amb \u00e8xit.<br \/>\nGroc: realitzat sense \u00e8xit.<br \/>\nVermell: no realitzat.<\/p>\n<p>Aquesta avaluaci\u00f3 ser\u00e0 informada al professorat a l\u2019\u00faltim claustre de cada curs.<\/p>\n<p><strong>Avaluaci\u00f3 final<\/strong>: en acabar l\u2019EDC es far\u00e0 una avaluaci\u00f3 per determinar si s\u2019han assolit els objectius planificats. Aquesta avaluaci\u00f3 tamb\u00e9 tindr\u00e0 la finalitat de tornar a mesurar l\u2019estat digital del centre en el nou marc digital que est\u00e0 en constant evoluci\u00f3.<br \/>\nPer aquesta avaluaci\u00f3 s\u2019intentar\u00e0 utilitzar les eines ja emprades en la diagnosi per\u00f2 tamb\u00e9 amb la disponibilitat de les eines pr\u00f2pies que s\u2019han elaborat, com formularis que permeten valorar l\u2019estat de les compet\u00e8ncies del professorat, alumnat i centre, sota els \u00edtems de les DigComp.<\/p>\n","protected":false},"excerpt":{"rendered":"<p>L\u2019avaluaci\u00f3 de l\u2019EDC consta de dues etapes:<br \/>\nAvaluaci\u00f3 anual: anualment la comissi\u00f3 digital avaluar\u00e0 l\u2019\u00e8xit de les tasques realitzades.<br \/>\nAquest \u00e8xit tindr\u00e0 la seg\u00fcent graduaci\u00f3:<br \/>\n&#8211; Realitzat amb \u00e8xit.<br \/>\n&#8211; No realitzada per for\u00e7a major.<br \/>\n&#8211; Realitzada sense \u00e8xit &#8211; Comissi\u00f3 valorar\u00e0 qu\u00e8 fer? (ex. l\u2019hem iniciat per\u00f2 no s\u2019ha&hellip;  <a href=\"https:\/\/agora.xtec.cat\/cfa-rusinyol-larocavalles\/avaluacio\/\" title=\"Read Avaluaci\u00f3\">Llegeix m\u00e9s\u00bb<\/a><\/p>\n","protected":false},"author":1,"featured_media":0,"parent":0,"menu_order":0,"comment_status":"closed","ping_status":"closed","template":"","meta":{"_bbp_topic_count":0,"_bbp_reply_count":0,"_bbp_total_topic_count":0,"_bbp_total_reply_count":0,"_bbp_voice_count":0,"_bbp_anonymous_reply_count":0,"_bbp_topic_count_hidden":0,"_bbp_reply_count_hidden":0,"_bbp_forum_subforum_count":0,"footnotes":""},"class_list":["post-1359","page","type-page","status-publish","hentry"],"post_mailing_queue_ids":[],"_links":{"self":[{"href":"https:\/\/agora.xtec.cat\/cfa-rusinyol-larocavalles\/wp-json\/wp\/v2\/pages\/1359","targetHints":{"allow":["GET"]}}],"collection":[{"href":"https:\/\/agora.xtec.cat\/cfa-rusinyol-larocavalles\/wp-json\/wp\/v2\/pages"}],"about":[{"href":"https:\/\/agora.xtec.cat\/cfa-rusinyol-larocavalles\/wp-json\/wp\/v2\/types\/page"}],"author":[{"embeddable":true,"href":"https:\/\/agora.xtec.cat\/cfa-rusinyol-larocavalles\/wp-json\/wp\/v2\/users\/1"}],"replies":[{"embeddable":true,"href":"https:\/\/agora.xtec.cat\/cfa-rusinyol-larocavalles\/wp-json\/wp\/v2\/comments?post=1359"}],"version-history":[{"count":3,"href":"https:\/\/agora.xtec.cat\/cfa-rusinyol-larocavalles\/wp-json\/wp\/v2\/pages\/1359\/revisions"}],"predecessor-version":[{"id":1480,"href":"https:\/\/agora.xtec.cat\/cfa-rusinyol-larocavalles\/wp-json\/wp\/v2\/pages\/1359\/revisions\/1480"}],"wp:attachment":[{"href":"https:\/\/agora.xtec.cat\/cfa-rusinyol-larocavalles\/wp-json\/wp\/v2\/media?parent=1359"}],"curies":[{"name":"wp","href":"https:\/\/api.w.org\/{rel}","templated":true}]}}