{"id":1357,"date":"2023-06-04T10:48:24","date_gmt":"2023-06-04T08:48:24","guid":{"rendered":"https:\/\/agora.xtec.cat\/cfa-rusinyol-larocavalles\/?page_id=1357"},"modified":"2024-06-26T09:35:01","modified_gmt":"2024-06-26T07:35:01","slug":"planificacio","status":"publish","type":"page","link":"https:\/\/agora.xtec.cat\/cfa-rusinyol-larocavalles\/planificacio\/","title":{"rendered":"Planificaci\u00f3"},"content":{"rendered":"<p>Tots els objectius s&#8217;han planificat segons la seg\u00fcent temporitzaci\u00f3:<a href=\"https:\/\/agora.xtec.cat\/cfa-rusinyol-larocavalles\/wp-content\/uploads\/usu441\/2024\/06\/Planificacio.png\"><img loading=\"lazy\" decoding=\"async\" class=\"aligncenter size-large wp-image-1477\" src=\"https:\/\/agora.xtec.cat\/cfa-rusinyol-larocavalles\/wp-content\/uploads\/usu441\/2024\/06\/Planificacio-1024x576.png\" alt=\"\" width=\"1024\" height=\"576\" srcset=\"https:\/\/agora.xtec.cat\/cfa-rusinyol-larocavalles\/wp-content\/uploads\/usu441\/2024\/06\/Planificacio-1024x576.png 1024w, https:\/\/agora.xtec.cat\/cfa-rusinyol-larocavalles\/wp-content\/uploads\/usu441\/2024\/06\/Planificacio-300x169.png 300w, https:\/\/agora.xtec.cat\/cfa-rusinyol-larocavalles\/wp-content\/uploads\/usu441\/2024\/06\/Planificacio-768x432.png 768w, https:\/\/agora.xtec.cat\/cfa-rusinyol-larocavalles\/wp-content\/uploads\/usu441\/2024\/06\/Planificacio.png 1366w\" sizes=\"auto, (max-width: 1024px) 100vw, 1024px\" \/><\/a><\/p>\n","protected":false},"excerpt":{"rendered":"<p>Tots els objectius s&#8217;han planificat segons la seg\u00fcent temporitzaci\u00f3:<a href=\"https:\/\/agora.xtec.cat\/cfa-rusinyol-larocavalles\/wp-content\/uploads\/usu441\/2024\/06\/Planificacio.png\"><\/a><\/p>\n","protected":false},"author":1,"featured_media":0,"parent":0,"menu_order":0,"comment_status":"closed","ping_status":"closed","template":"","meta":{"_bbp_topic_count":0,"_bbp_reply_count":0,"_bbp_total_topic_count":0,"_bbp_total_reply_count":0,"_bbp_voice_count":0,"_bbp_anonymous_reply_count":0,"_bbp_topic_count_hidden":0,"_bbp_reply_count_hidden":0,"_bbp_forum_subforum_count":0,"footnotes":""},"class_list":["post-1357","page","type-page","status-publish","hentry"],"post_mailing_queue_ids":[],"_links":{"self":[{"href":"https:\/\/agora.xtec.cat\/cfa-rusinyol-larocavalles\/wp-json\/wp\/v2\/pages\/1357","targetHints":{"allow":["GET"]}}],"collection":[{"href":"https:\/\/agora.xtec.cat\/cfa-rusinyol-larocavalles\/wp-json\/wp\/v2\/pages"}],"about":[{"href":"https:\/\/agora.xtec.cat\/cfa-rusinyol-larocavalles\/wp-json\/wp\/v2\/types\/page"}],"author":[{"embeddable":true,"href":"https:\/\/agora.xtec.cat\/cfa-rusinyol-larocavalles\/wp-json\/wp\/v2\/users\/1"}],"replies":[{"embeddable":true,"href":"https:\/\/agora.xtec.cat\/cfa-rusinyol-larocavalles\/wp-json\/wp\/v2\/comments?post=1357"}],"version-history":[{"count":2,"href":"https:\/\/agora.xtec.cat\/cfa-rusinyol-larocavalles\/wp-json\/wp\/v2\/pages\/1357\/revisions"}],"predecessor-version":[{"id":1478,"href":"https:\/\/agora.xtec.cat\/cfa-rusinyol-larocavalles\/wp-json\/wp\/v2\/pages\/1357\/revisions\/1478"}],"wp:attachment":[{"href":"https:\/\/agora.xtec.cat\/cfa-rusinyol-larocavalles\/wp-json\/wp\/v2\/media?parent=1357"}],"curies":[{"name":"wp","href":"https:\/\/api.w.org\/{rel}","templated":true}]}}