{"id":1345,"date":"2023-06-04T10:30:42","date_gmt":"2023-06-04T08:30:42","guid":{"rendered":"https:\/\/agora.xtec.cat\/cfa-rusinyol-larocavalles\/?page_id=1345"},"modified":"2023-06-04T10:30:42","modified_gmt":"2023-06-04T08:30:42","slug":"part-estrategica","status":"publish","type":"page","link":"https:\/\/agora.xtec.cat\/cfa-rusinyol-larocavalles\/part-estrategica\/","title":{"rendered":"Part Estrat\u00e8gica"},"content":{"rendered":"<p>La part estrat\u00e8gica es basa en la creaci\u00f3 d&#8217;una Comissi\u00f3 digital liderada per l&#8217;equip directiu que serveix per determinar, planificar i assolir els objectius que s&#8217;estableixin a partir del resultat de l&#8217;an\u00e0lisi de la situaci\u00f3 del centre.<\/p>\n<p>Aquesta estrat\u00e8gia es compon de 4 fases:<\/p>\n<ul>\n<li><strong>La diagnosi<\/strong><\/li>\n<\/ul>\n<p>En aquesta s&#8217;analitzen els punts forts i febles del centre per veure quin \u00e9s el punt de partida tant a nivell de centre com de compet\u00e8ncies digitals del professorat i alumnat.<\/p>\n<ul>\n<li><strong>Els objectius<\/strong><\/li>\n<\/ul>\n<p>Es determinen a partir de la diagnosi per tal d&#8217;assolir un alumnat, professorat i centre competent digitalment.<\/p>\n<ul>\n<li><strong>La planificaci\u00f3<\/strong><\/li>\n<\/ul>\n<p>La determinaci\u00f3 dels objectius ens permetr\u00e0 especificar una s\u00e8rie d&#8217;activitats a dur a terme per poder arribar a la nostra fita. Un cop sabem qu\u00e8 hem de fer i com ho hem de fer nom\u00e9s ens cal calendaritzar les accions per poder assolir els objectius.<\/p>\n<ul>\n<li><strong>L&#8217;avaluaci\u00f3<\/strong><\/li>\n<\/ul>\n<p>Tot aquest proc\u00e9s passar\u00e0 per la revisi\u00f3 de les actuacions efectuades i el grau d&#8217;acompliment segons els indicadors establerts a la planificaci\u00f3.<\/p>\n<p>&nbsp;<\/p>\n<p><strong>LA COMISSI\u00d3 DIGITAL<\/strong><\/p>\n<p>La Comissi\u00f3 digital del nostre centre est\u00e0 formada per un total de 5 docents, un d&#8217;ells membre de l&#8217;equip directiu. \u00c9s l&#8217;encarregada de definir i implementar l&#8217;estrat\u00e8gia per tal de poder aconseguir que tant els docents, els alumnes i el centre assoleixi un nivell m\u00e9s alt possible de compet\u00e8ncia digital. La seva funci\u00f3 ha estat l&#8217;elaboraci\u00f3 i seguiment de l&#8217;EDC, la dinamitzaci\u00f3 de la comunitat educativa i donar a con\u00e8ixer l&#8217;EDC.<\/p>\n<p>&nbsp;<\/p>\n","protected":false},"excerpt":{"rendered":"<p>La part estrat\u00e8gica es basa en la creaci\u00f3 d&#8217;una Comissi\u00f3 digital liderada per l&#8217;equip directiu que serveix per determinar, planificar i assolir els objectius que s&#8217;estableixin a partir del resultat de l&#8217;an\u00e0lisi de la situaci\u00f3 del centre.<br \/>\nAquesta estrat\u00e8gia es compon de 4 fases:<\/p>\n<ul>\n<li>La diagnosi<\/li>\n<\/ul>\n<p>En aquesta&hellip;  <a href=\"https:\/\/agora.xtec.cat\/cfa-rusinyol-larocavalles\/part-estrategica\/\" title=\"Read Part Estrat\u00e8gica\">Llegeix m\u00e9s\u00bb<\/a><\/p>\n","protected":false},"author":1,"featured_media":0,"parent":0,"menu_order":0,"comment_status":"closed","ping_status":"closed","template":"","meta":{"_bbp_topic_count":0,"_bbp_reply_count":0,"_bbp_total_topic_count":0,"_bbp_total_reply_count":0,"_bbp_voice_count":0,"_bbp_anonymous_reply_count":0,"_bbp_topic_count_hidden":0,"_bbp_reply_count_hidden":0,"_bbp_forum_subforum_count":0,"footnotes":""},"class_list":["post-1345","page","type-page","status-publish","hentry"],"post_mailing_queue_ids":[],"_links":{"self":[{"href":"https:\/\/agora.xtec.cat\/cfa-rusinyol-larocavalles\/wp-json\/wp\/v2\/pages\/1345","targetHints":{"allow":["GET"]}}],"collection":[{"href":"https:\/\/agora.xtec.cat\/cfa-rusinyol-larocavalles\/wp-json\/wp\/v2\/pages"}],"about":[{"href":"https:\/\/agora.xtec.cat\/cfa-rusinyol-larocavalles\/wp-json\/wp\/v2\/types\/page"}],"author":[{"embeddable":true,"href":"https:\/\/agora.xtec.cat\/cfa-rusinyol-larocavalles\/wp-json\/wp\/v2\/users\/1"}],"replies":[{"embeddable":true,"href":"https:\/\/agora.xtec.cat\/cfa-rusinyol-larocavalles\/wp-json\/wp\/v2\/comments?post=1345"}],"version-history":[{"count":1,"href":"https:\/\/agora.xtec.cat\/cfa-rusinyol-larocavalles\/wp-json\/wp\/v2\/pages\/1345\/revisions"}],"predecessor-version":[{"id":1346,"href":"https:\/\/agora.xtec.cat\/cfa-rusinyol-larocavalles\/wp-json\/wp\/v2\/pages\/1345\/revisions\/1346"}],"wp:attachment":[{"href":"https:\/\/agora.xtec.cat\/cfa-rusinyol-larocavalles\/wp-json\/wp\/v2\/media?parent=1345"}],"curies":[{"name":"wp","href":"https:\/\/api.w.org\/{rel}","templated":true}]}}