{"id":1195,"date":"2022-03-09T14:51:45","date_gmt":"2022-03-09T13:51:45","guid":{"rendered":"https:\/\/agora.xtec.cat\/cfa-rusinyol-larocavalles\/?page_id=1195"},"modified":"2022-03-09T16:45:46","modified_gmt":"2022-03-09T15:45:46","slug":"altres-projectes","status":"publish","type":"page","link":"https:\/\/agora.xtec.cat\/cfa-rusinyol-larocavalles\/altres-projectes\/","title":{"rendered":"Altres projectes"},"content":{"rendered":"<p><strong>Mostra de relats digitals<\/strong><\/p>\n<p>Els alumnes del centre han participat en les diferents mostres de relats digitals promocionats per l&#8217;EspaiTIC. A continuaci\u00f3 podeu trobar diversos relats narrats pels joves del nostre centre.<\/p>\n<p><iframe loading=\"lazy\" src=\"\/\/www.youtube.com\/embed\/pW6VuowhJas\" width=\"560\" height=\"314\" allowfullscreen=\"allowfullscreen\"><\/iframe><\/p>\n<p><iframe loading=\"lazy\" src=\"\/\/www.youtube.com\/embed\/KOvepLAnYD8\" width=\"560\" height=\"314\" allowfullscreen=\"allowfullscreen\"><\/iframe><\/p>\n<p><iframe loading=\"lazy\" src=\"\/\/www.youtube.com\/embed\/n0UB8Ew_GUc\" width=\"560\" height=\"314\" allowfullscreen=\"allowfullscreen\"><\/iframe><\/p>\n<p><iframe loading=\"lazy\" src=\"\/\/www.youtube.com\/embed\/xzxgoEX0PjU\" width=\"560\" height=\"314\" allowfullscreen=\"allowfullscreen\"><\/iframe><\/p>\n<p><iframe loading=\"lazy\" src=\"\/\/www.youtube.com\/embed\/RN72KsrVidw\" width=\"560\" height=\"314\" allowfullscreen=\"allowfullscreen\"><\/iframe><\/p>\n<p><iframe loading=\"lazy\" src=\"\/\/www.youtube.com\/embed\/3Iy1mjPPf5E\" width=\"560\" height=\"314\" allowfullscreen=\"allowfullscreen\"><\/iframe><\/p>\n<p><iframe loading=\"lazy\" src=\"\/\/www.youtube.com\/embed\/NVG_CfToDug\" width=\"560\" height=\"314\" allowfullscreen=\"allowfullscreen\"><\/iframe><\/p>\n<p><iframe loading=\"lazy\" src=\"\/\/www.youtube.com\/embed\/-wWKOFuUKDA\" width=\"560\" height=\"314\" allowfullscreen=\"allowfullscreen\"><\/iframe><\/p>\n<p>&nbsp;<\/p>\n<p>&nbsp;<\/p>\n<p><strong>Visita a la biblioteca<\/strong><\/p>\n<p><span style=\"font-weight: 400;\">Aquesta activitat busca treballar el gust per la lectura a partir d\u2019una visita guiada a la instal\u00b7laci\u00f3 de la biblioteca del Centre Penitenciari amb l\u2019objectiu de poder apropar-la al nostre alumnat. A la vegada, s\u2019explica el servei de pr\u00e9stec i es realitza una petita activitat per fomentar la lectura. Aquesta visita es duu a terme en coordinaci\u00f3 amb el bibliotecari del centre.<\/span><\/p>\n<p><span style=\"font-weight: 400;\">Amb aquesta activitat es pret\u00e9n acostar a l\u2019alumnat a la lectura, fomentar l\u2019h\u00e0bit lector, donar a con\u00e8ixer la biblioteca com un servei al ciutad\u00e0, valorar el nivell lector dels participants per trobar-los lectures adequades a aquests, treballar la comprensi\u00f3 lectora i refor\u00e7ar el nivell lector.<\/span><span style=\"font-weight: 400;\">\u00a0<\/span><\/p>\n<p><iframe loading=\"lazy\" src=\"\/\/www.youtube.com\/embed\/eLn9N54ZdOU\" width=\"560\" height=\"314\" allowfullscreen=\"allowfullscreen\"><\/iframe><\/p>\n<p>&nbsp;<\/p>\n<p><strong>Taller culinari<\/strong><\/p>\n<p>L&#8217;alumnat de catal\u00e0 2 del curs 2018-19 van crear un v\u00eddeo per explicar la recepta d&#8217;un batut de fruita. Aqu\u00ed teniu el resultat.<\/p>\n<p><iframe loading=\"lazy\" src=\"\/\/www.youtube.com\/embed\/yb2bFOvEDwc\" width=\"560\" height=\"314\" allowfullscreen=\"allowfullscreen\"><\/iframe><\/p>\n","protected":false},"excerpt":{"rendered":"<p>Mostra de relats digitals<br \/>\nEls alumnes del centre han participat en les diferents mostres de relats digitals promocionats per l&#8217;EspaiTIC. A continuaci\u00f3 podeu trobar diversos relats narrats pels joves del nostre centre.<\/p>\n<p>&nbsp;<br \/>\n&nbsp;<br \/>\nVisita a la biblioteca<br \/>\nAquesta activitat busca treballar el gust per la lectura a partir d\u2019una&hellip;  <a href=\"https:\/\/agora.xtec.cat\/cfa-rusinyol-larocavalles\/altres-projectes\/\" title=\"Read Altres projectes\">Llegeix m\u00e9s\u00bb<\/a><\/p>\n","protected":false},"author":1,"featured_media":0,"parent":0,"menu_order":0,"comment_status":"closed","ping_status":"closed","template":"","meta":{"_bbp_topic_count":0,"_bbp_reply_count":0,"_bbp_total_topic_count":0,"_bbp_total_reply_count":0,"_bbp_voice_count":0,"_bbp_anonymous_reply_count":0,"_bbp_topic_count_hidden":0,"_bbp_reply_count_hidden":0,"_bbp_forum_subforum_count":0,"footnotes":""},"class_list":["post-1195","page","type-page","status-publish","hentry"],"post_mailing_queue_ids":[],"_links":{"self":[{"href":"https:\/\/agora.xtec.cat\/cfa-rusinyol-larocavalles\/wp-json\/wp\/v2\/pages\/1195","targetHints":{"allow":["GET"]}}],"collection":[{"href":"https:\/\/agora.xtec.cat\/cfa-rusinyol-larocavalles\/wp-json\/wp\/v2\/pages"}],"about":[{"href":"https:\/\/agora.xtec.cat\/cfa-rusinyol-larocavalles\/wp-json\/wp\/v2\/types\/page"}],"author":[{"embeddable":true,"href":"https:\/\/agora.xtec.cat\/cfa-rusinyol-larocavalles\/wp-json\/wp\/v2\/users\/1"}],"replies":[{"embeddable":true,"href":"https:\/\/agora.xtec.cat\/cfa-rusinyol-larocavalles\/wp-json\/wp\/v2\/comments?post=1195"}],"version-history":[{"count":3,"href":"https:\/\/agora.xtec.cat\/cfa-rusinyol-larocavalles\/wp-json\/wp\/v2\/pages\/1195\/revisions"}],"predecessor-version":[{"id":1219,"href":"https:\/\/agora.xtec.cat\/cfa-rusinyol-larocavalles\/wp-json\/wp\/v2\/pages\/1195\/revisions\/1219"}],"wp:attachment":[{"href":"https:\/\/agora.xtec.cat\/cfa-rusinyol-larocavalles\/wp-json\/wp\/v2\/media?parent=1195"}],"curies":[{"name":"wp","href":"https:\/\/api.w.org\/{rel}","templated":true}]}}