{"id":1193,"date":"2022-03-09T14:51:35","date_gmt":"2022-03-09T13:51:35","guid":{"rendered":"https:\/\/agora.xtec.cat\/cfa-rusinyol-larocavalles\/?page_id=1193"},"modified":"2022-03-09T15:03:39","modified_gmt":"2022-03-09T14:03:39","slug":"lectura-des-del-cor","status":"publish","type":"page","link":"https:\/\/agora.xtec.cat\/cfa-rusinyol-larocavalles\/lectura-des-del-cor\/","title":{"rendered":"Lectura des del cor"},"content":{"rendered":"<p><span style=\"font-weight: 400;\">En el projecte \u201cLectura des del Cor\u201d es busca fomentar el gust per la lectura del nostre alumnat a partir de la lectura immersiva i la realitzaci\u00f3 d\u2019una activitat relacionada amb un \u00e0lbum il\u00b7lustrat o el fragment d\u2019un llibre. Aquest projecte anual es realitza una vegada cada trimestre i pret\u00e9n incentivar l\u2019\u00fas del di\u00e0leg, les actituds de respecte envers els altres i l\u2019escolta activa. A m\u00e9s fomenta l\u2019\u00fas d\u2019argumentacions lliures de prejudicis i apropa a l\u2019alumnat models lectors positius.<\/span><\/p>\n<p><span style=\"font-weight: 400;\">Per a dur a terme l\u2019activitat, la mestra o el mestre del grup explica a l\u2019alumnat lectures relacionades amb tem\u00e0tiques que puguin portar a prlar sobre tem\u00e0tiques que toquin diferents continguts de l\u2019educaci\u00f3 emocional (solidaritat, enyoran\u00e7a, igualtat de g\u00e8nere, pau, etc.) A partir de la lectura de les obres escollides, s\u2019inicia un di\u00e0leg\u00a0 i es realitza una activitat relacionada.<\/span><\/p>\n<p><span style=\"font-weight: 400;\">\u00a0<\/span><\/p>\n<p><iframe loading=\"lazy\" src=\"\/\/www.youtube.com\/embed\/rEwbVArB3Cc\" width=\"560\" height=\"314\" allowfullscreen=\"allowfullscreen\"><\/iframe><\/p>\n","protected":false},"excerpt":{"rendered":"<p>En el projecte \u201cLectura des del Cor\u201d es busca fomentar el gust per la lectura del nostre alumnat a partir de la lectura immersiva i la realitzaci\u00f3 d\u2019una activitat relacionada amb un \u00e0lbum il\u00b7lustrat o el fragment d\u2019un llibre. Aquest projecte anual es realitza una&hellip;  <a href=\"https:\/\/agora.xtec.cat\/cfa-rusinyol-larocavalles\/lectura-des-del-cor\/\" title=\"Read Lectura des del cor\">Llegeix m\u00e9s\u00bb<\/a><\/p>\n","protected":false},"author":1,"featured_media":0,"parent":0,"menu_order":0,"comment_status":"closed","ping_status":"closed","template":"","meta":{"_bbp_topic_count":0,"_bbp_reply_count":0,"_bbp_total_topic_count":0,"_bbp_total_reply_count":0,"_bbp_voice_count":0,"_bbp_anonymous_reply_count":0,"_bbp_topic_count_hidden":0,"_bbp_reply_count_hidden":0,"_bbp_forum_subforum_count":0,"footnotes":""},"class_list":["post-1193","page","type-page","status-publish","hentry"],"post_mailing_queue_ids":[],"_links":{"self":[{"href":"https:\/\/agora.xtec.cat\/cfa-rusinyol-larocavalles\/wp-json\/wp\/v2\/pages\/1193","targetHints":{"allow":["GET"]}}],"collection":[{"href":"https:\/\/agora.xtec.cat\/cfa-rusinyol-larocavalles\/wp-json\/wp\/v2\/pages"}],"about":[{"href":"https:\/\/agora.xtec.cat\/cfa-rusinyol-larocavalles\/wp-json\/wp\/v2\/types\/page"}],"author":[{"embeddable":true,"href":"https:\/\/agora.xtec.cat\/cfa-rusinyol-larocavalles\/wp-json\/wp\/v2\/users\/1"}],"replies":[{"embeddable":true,"href":"https:\/\/agora.xtec.cat\/cfa-rusinyol-larocavalles\/wp-json\/wp\/v2\/comments?post=1193"}],"version-history":[{"count":3,"href":"https:\/\/agora.xtec.cat\/cfa-rusinyol-larocavalles\/wp-json\/wp\/v2\/pages\/1193\/revisions"}],"predecessor-version":[{"id":1209,"href":"https:\/\/agora.xtec.cat\/cfa-rusinyol-larocavalles\/wp-json\/wp\/v2\/pages\/1193\/revisions\/1209"}],"wp:attachment":[{"href":"https:\/\/agora.xtec.cat\/cfa-rusinyol-larocavalles\/wp-json\/wp\/v2\/media?parent=1193"}],"curies":[{"name":"wp","href":"https:\/\/api.w.org\/{rel}","templated":true}]}}