{"id":1187,"date":"2022-03-09T14:51:04","date_gmt":"2022-03-09T13:51:04","guid":{"rendered":"https:\/\/agora.xtec.cat\/cfa-rusinyol-larocavalles\/?page_id=1187"},"modified":"2022-03-09T16:30:04","modified_gmt":"2022-03-09T15:30:04","slug":"the-fonix","status":"publish","type":"page","link":"https:\/\/agora.xtec.cat\/cfa-rusinyol-larocavalles\/the-fonix\/","title":{"rendered":"The F\u00f2nix"},"content":{"rendered":"<p>Durat els cursos 2017-18 i 2018-19 els alumnes d&#8217;angl\u00e8s del CFA Santiago Rusi\u00f1ol van participar al concurs escolar 2018\/2019 d\u2019angl\u00e8s The F\u00f2nix dissenyat per afavorir l\u2019aprenentatge de la llengua anglesa dels alumnes de prim\u00e0ria, secund\u00e0ria i batxillerat i dels alumnes dels centres d\u2019educaci\u00f3 d\u2019adults.<\/p>\n<p>Les tem\u00e0tiques treballades en el concurs van ser relacionades els els Objectius de Desenvolupament Sostenible de la ONU.<\/p>\n<p>Magrat el primer curs ens va costar arribar a la final, durant el darrer vam aconseguir el primer premi en les dues categories destinades a l&#8217;Educaci\u00f3 d&#8217;Adults. Els nostres alumnes van estar molt contents!<\/p>\n<p>&nbsp;<\/p>\n<p><iframe loading=\"lazy\" src=\"\/\/www.youtube.com\/embed\/mZT4Lqn8uLw\" width=\"560\" height=\"314\" allowfullscreen=\"allowfullscreen\"><\/iframe><iframe loading=\"lazy\" src=\"\/\/www.youtube.com\/embed\/X9mKfYZBH6o\" width=\"560\" height=\"314\" allowfullscreen=\"allowfullscreen\"><\/iframe><\/p>\n<p>Three &#8211; Alumnes d&#8217;Angl\u00e8s 2 (curs 2018-19)<\/p>\n<p>Indigenous lenguages &#8211; Alumnes d&#8217;Angl\u00e8s 3 (curs 2018-19)<\/p>\n<p><iframe loading=\"lazy\" src=\"\/\/www.youtube.com\/embed\/UCqgK4EONO0\" width=\"560\" height=\"314\" allowfullscreen=\"allowfullscreen\"><\/iframe><iframe loading=\"lazy\" src=\"\/\/www.youtube.com\/embed\/QiIQ0i3Eylo\" width=\"560\" height=\"314\" allowfullscreen=\"allowfullscreen\"><\/iframe><\/p>\n<p>What the butts&#8230;? &#8211; Alumnes d&#8217;Angl\u00e8s 2 (curs 2017-18)<\/p>\n<p>The Doctor &#8211; Alumnes d&#8217;Angl\u00e8s 3 (curs 2017-18)<\/p>\n","protected":false},"excerpt":{"rendered":"<p>Durat els cursos 2017-18 i 2018-19 els alumnes d&#8217;angl\u00e8s del CFA Santiago Rusi\u00f1ol van participar al concurs escolar 2018\/2019 d\u2019angl\u00e8s The F\u00f2nix dissenyat per afavorir l\u2019aprenentatge de la llengua anglesa dels alumnes de prim\u00e0ria, secund\u00e0ria i batxillerat i dels alumnes dels centres d\u2019educaci\u00f3 d\u2019adults.<br \/>\nLes tem\u00e0tiques&hellip;  <a href=\"https:\/\/agora.xtec.cat\/cfa-rusinyol-larocavalles\/the-fonix\/\" title=\"Read The F\u00f2nix\">Llegeix m\u00e9s\u00bb<\/a><\/p>\n","protected":false},"author":1,"featured_media":0,"parent":0,"menu_order":0,"comment_status":"closed","ping_status":"closed","template":"","meta":{"_bbp_topic_count":0,"_bbp_reply_count":0,"_bbp_total_topic_count":0,"_bbp_total_reply_count":0,"_bbp_voice_count":0,"_bbp_anonymous_reply_count":0,"_bbp_topic_count_hidden":0,"_bbp_reply_count_hidden":0,"_bbp_forum_subforum_count":0,"footnotes":""},"class_list":["post-1187","page","type-page","status-publish","hentry"],"post_mailing_queue_ids":[],"_links":{"self":[{"href":"https:\/\/agora.xtec.cat\/cfa-rusinyol-larocavalles\/wp-json\/wp\/v2\/pages\/1187","targetHints":{"allow":["GET"]}}],"collection":[{"href":"https:\/\/agora.xtec.cat\/cfa-rusinyol-larocavalles\/wp-json\/wp\/v2\/pages"}],"about":[{"href":"https:\/\/agora.xtec.cat\/cfa-rusinyol-larocavalles\/wp-json\/wp\/v2\/types\/page"}],"author":[{"embeddable":true,"href":"https:\/\/agora.xtec.cat\/cfa-rusinyol-larocavalles\/wp-json\/wp\/v2\/users\/1"}],"replies":[{"embeddable":true,"href":"https:\/\/agora.xtec.cat\/cfa-rusinyol-larocavalles\/wp-json\/wp\/v2\/comments?post=1187"}],"version-history":[{"count":4,"href":"https:\/\/agora.xtec.cat\/cfa-rusinyol-larocavalles\/wp-json\/wp\/v2\/pages\/1187\/revisions"}],"predecessor-version":[{"id":1213,"href":"https:\/\/agora.xtec.cat\/cfa-rusinyol-larocavalles\/wp-json\/wp\/v2\/pages\/1187\/revisions\/1213"}],"wp:attachment":[{"href":"https:\/\/agora.xtec.cat\/cfa-rusinyol-larocavalles\/wp-json\/wp\/v2\/media?parent=1187"}],"curies":[{"name":"wp","href":"https:\/\/api.w.org\/{rel}","templated":true}]}}