{"id":1185,"date":"2022-03-09T14:50:56","date_gmt":"2022-03-09T13:50:56","guid":{"rendered":"https:\/\/agora.xtec.cat\/cfa-rusinyol-larocavalles\/?page_id=1185"},"modified":"2022-03-10T11:06:39","modified_gmt":"2022-03-10T10:06:39","slug":"ens-mengem-el-mon","status":"publish","type":"page","link":"https:\/\/agora.xtec.cat\/cfa-rusinyol-larocavalles\/ens-mengem-el-mon\/","title":{"rendered":"Ens mengem el m\u00f3n"},"content":{"rendered":"<p>&#8220;Ens mengem el m\u00f3n!&#8221; \u00e9s un projecte transversal que s&#8217;ha realitzat al centre durant els cursos 2020-21 i 2021-22. Es tracta d\u2019un projecte on aprenem i gaudim de tot all\u00f2 que t\u00e9 a veure amb la gastronomia d&#8217;arreu i quines implicacions t\u00e9 el menjar en el nostre dia a dia. Durant dues setmanes es realitzen concurs de tastets, exposicions, creaci\u00f3 de receptes d&#8217;arreu, elaboraci\u00f3 de trampantojos i moltes m\u00e9s activitats.<\/p>\n<p><a href=\"https:\/\/agora.xtec.cat\/cfa-rusinyol-larocavalles\/wp-content\/uploads\/usu441\/2022\/02\/salahimad.jpg\"><img loading=\"lazy\" decoding=\"async\" class=\"alignnone size-full wp-image-1091\" src=\"https:\/\/agora.xtec.cat\/cfa-rusinyol-larocavalles\/wp-content\/uploads\/usu441\/2022\/02\/salahimad.jpg\" alt=\"\" width=\"354\" height=\"449\" srcset=\"https:\/\/agora.xtec.cat\/cfa-rusinyol-larocavalles\/wp-content\/uploads\/usu441\/2022\/02\/salahimad.jpg 354w, https:\/\/agora.xtec.cat\/cfa-rusinyol-larocavalles\/wp-content\/uploads\/usu441\/2022\/02\/salahimad-237x300.jpg 237w\" sizes=\"auto, (max-width: 354px) 100vw, 354px\" \/><\/a><\/p>\n<p>&nbsp;<\/p>\n","protected":false},"excerpt":{"rendered":"<p>&#8220;Ens mengem el m\u00f3n!&#8221; \u00e9s un projecte transversal que s&#8217;ha realitzat al centre durant els cursos 2020-21 i 2021-22. Es tracta d\u2019un projecte on aprenem i gaudim de tot all\u00f2 que t\u00e9 a veure amb la gastronomia d&#8217;arreu i quines implicacions t\u00e9 el menjar en&hellip;  <a href=\"https:\/\/agora.xtec.cat\/cfa-rusinyol-larocavalles\/ens-mengem-el-mon\/\" title=\"Read Ens mengem el m\u00f3n\">Llegeix m\u00e9s\u00bb<\/a><\/p>\n","protected":false},"author":1,"featured_media":0,"parent":0,"menu_order":0,"comment_status":"closed","ping_status":"closed","template":"","meta":{"_bbp_topic_count":0,"_bbp_reply_count":0,"_bbp_total_topic_count":0,"_bbp_total_reply_count":0,"_bbp_voice_count":0,"_bbp_anonymous_reply_count":0,"_bbp_topic_count_hidden":0,"_bbp_reply_count_hidden":0,"_bbp_forum_subforum_count":0,"footnotes":""},"class_list":["post-1185","page","type-page","status-publish","hentry"],"post_mailing_queue_ids":[],"_links":{"self":[{"href":"https:\/\/agora.xtec.cat\/cfa-rusinyol-larocavalles\/wp-json\/wp\/v2\/pages\/1185","targetHints":{"allow":["GET"]}}],"collection":[{"href":"https:\/\/agora.xtec.cat\/cfa-rusinyol-larocavalles\/wp-json\/wp\/v2\/pages"}],"about":[{"href":"https:\/\/agora.xtec.cat\/cfa-rusinyol-larocavalles\/wp-json\/wp\/v2\/types\/page"}],"author":[{"embeddable":true,"href":"https:\/\/agora.xtec.cat\/cfa-rusinyol-larocavalles\/wp-json\/wp\/v2\/users\/1"}],"replies":[{"embeddable":true,"href":"https:\/\/agora.xtec.cat\/cfa-rusinyol-larocavalles\/wp-json\/wp\/v2\/comments?post=1185"}],"version-history":[{"count":3,"href":"https:\/\/agora.xtec.cat\/cfa-rusinyol-larocavalles\/wp-json\/wp\/v2\/pages\/1185\/revisions"}],"predecessor-version":[{"id":1227,"href":"https:\/\/agora.xtec.cat\/cfa-rusinyol-larocavalles\/wp-json\/wp\/v2\/pages\/1185\/revisions\/1227"}],"wp:attachment":[{"href":"https:\/\/agora.xtec.cat\/cfa-rusinyol-larocavalles\/wp-json\/wp\/v2\/media?parent=1185"}],"curies":[{"name":"wp","href":"https:\/\/api.w.org\/{rel}","templated":true}]}}