{"id":1166,"date":"2022-03-09T14:43:50","date_gmt":"2022-03-09T13:43:50","guid":{"rendered":"https:\/\/agora.xtec.cat\/cfa-rusinyol-larocavalles\/?page_id=1166"},"modified":"2022-03-11T11:18:00","modified_gmt":"2022-03-11T10:18:00","slug":"formacio-a-distancia","status":"publish","type":"page","link":"https:\/\/agora.xtec.cat\/cfa-rusinyol-larocavalles\/formacio-a-distancia\/","title":{"rendered":"Formaci\u00f3 a dist\u00e0ncia"},"content":{"rendered":"<p>Des del CFA Santiago Rusi\u00f1ol, amb col\u00b7laboraci\u00f3 amb l&#8217;Institut Obert de Catalunya (IOC), s&#8217;ofereix l&#8217;acc\u00e9s als estudis postobligatoris seg\u00fcents:<\/p>\n<ul>\n<li>Cicles Formatius de Grau Mitj\u00e0<\/li>\n<li>Cicles Formatius de Grau Superior<\/li>\n<li>Batxillerat<\/li>\n<\/ul>\n","protected":false},"excerpt":{"rendered":"<p>Des del CFA Santiago Rusi\u00f1ol, amb col\u00b7laboraci\u00f3 amb l&#8217;Institut Obert de Catalunya (IOC), s&#8217;ofereix l&#8217;acc\u00e9s als estudis postobligatoris seg\u00fcents:<\/p>\n<ul>\n<li>Cicles Formatius de Grau Mitj\u00e0<\/li>\n<li>Cicles Formatius de Grau Superior<\/li>\n<li>Batxillerat<\/li>\n<\/ul>\n","protected":false},"author":1,"featured_media":0,"parent":0,"menu_order":0,"comment_status":"closed","ping_status":"closed","template":"","meta":{"_bbp_topic_count":0,"_bbp_reply_count":0,"_bbp_total_topic_count":0,"_bbp_total_reply_count":0,"_bbp_voice_count":0,"_bbp_anonymous_reply_count":0,"_bbp_topic_count_hidden":0,"_bbp_reply_count_hidden":0,"_bbp_forum_subforum_count":0,"footnotes":""},"class_list":["post-1166","page","type-page","status-publish","hentry"],"post_mailing_queue_ids":[],"_links":{"self":[{"href":"https:\/\/agora.xtec.cat\/cfa-rusinyol-larocavalles\/wp-json\/wp\/v2\/pages\/1166","targetHints":{"allow":["GET"]}}],"collection":[{"href":"https:\/\/agora.xtec.cat\/cfa-rusinyol-larocavalles\/wp-json\/wp\/v2\/pages"}],"about":[{"href":"https:\/\/agora.xtec.cat\/cfa-rusinyol-larocavalles\/wp-json\/wp\/v2\/types\/page"}],"author":[{"embeddable":true,"href":"https:\/\/agora.xtec.cat\/cfa-rusinyol-larocavalles\/wp-json\/wp\/v2\/users\/1"}],"replies":[{"embeddable":true,"href":"https:\/\/agora.xtec.cat\/cfa-rusinyol-larocavalles\/wp-json\/wp\/v2\/comments?post=1166"}],"version-history":[{"count":2,"href":"https:\/\/agora.xtec.cat\/cfa-rusinyol-larocavalles\/wp-json\/wp\/v2\/pages\/1166\/revisions"}],"predecessor-version":[{"id":1238,"href":"https:\/\/agora.xtec.cat\/cfa-rusinyol-larocavalles\/wp-json\/wp\/v2\/pages\/1166\/revisions\/1238"}],"wp:attachment":[{"href":"https:\/\/agora.xtec.cat\/cfa-rusinyol-larocavalles\/wp-json\/wp\/v2\/media?parent=1166"}],"curies":[{"name":"wp","href":"https:\/\/api.w.org\/{rel}","templated":true}]}}