{"id":1164,"date":"2022-03-09T14:43:32","date_gmt":"2022-03-09T13:43:32","guid":{"rendered":"https:\/\/agora.xtec.cat\/cfa-rusinyol-larocavalles\/?page_id=1164"},"modified":"2022-03-11T11:15:50","modified_gmt":"2022-03-11T10:15:50","slug":"competic","status":"publish","type":"page","link":"https:\/\/agora.xtec.cat\/cfa-rusinyol-larocavalles\/competic\/","title":{"rendered":"COMPETIC"},"content":{"rendered":"<p>Durant aquest curs, aquesta formaci\u00f3 no est\u00e0 disponible. Sentim les mol\u00e8sties<\/p>\n","protected":false},"excerpt":{"rendered":"<p>Durant aquest curs, aquesta formaci\u00f3 no est\u00e0 disponible. Sentim les mol\u00e8sties<\/p>\n","protected":false},"author":1,"featured_media":0,"parent":0,"menu_order":0,"comment_status":"closed","ping_status":"closed","template":"","meta":{"_bbp_topic_count":0,"_bbp_reply_count":0,"_bbp_total_topic_count":0,"_bbp_total_reply_count":0,"_bbp_voice_count":0,"_bbp_anonymous_reply_count":0,"_bbp_topic_count_hidden":0,"_bbp_reply_count_hidden":0,"_bbp_forum_subforum_count":0,"footnotes":""},"class_list":["post-1164","page","type-page","status-publish","hentry"],"post_mailing_queue_ids":[],"_links":{"self":[{"href":"https:\/\/agora.xtec.cat\/cfa-rusinyol-larocavalles\/wp-json\/wp\/v2\/pages\/1164","targetHints":{"allow":["GET"]}}],"collection":[{"href":"https:\/\/agora.xtec.cat\/cfa-rusinyol-larocavalles\/wp-json\/wp\/v2\/pages"}],"about":[{"href":"https:\/\/agora.xtec.cat\/cfa-rusinyol-larocavalles\/wp-json\/wp\/v2\/types\/page"}],"author":[{"embeddable":true,"href":"https:\/\/agora.xtec.cat\/cfa-rusinyol-larocavalles\/wp-json\/wp\/v2\/users\/1"}],"replies":[{"embeddable":true,"href":"https:\/\/agora.xtec.cat\/cfa-rusinyol-larocavalles\/wp-json\/wp\/v2\/comments?post=1164"}],"version-history":[{"count":2,"href":"https:\/\/agora.xtec.cat\/cfa-rusinyol-larocavalles\/wp-json\/wp\/v2\/pages\/1164\/revisions"}],"predecessor-version":[{"id":1237,"href":"https:\/\/agora.xtec.cat\/cfa-rusinyol-larocavalles\/wp-json\/wp\/v2\/pages\/1164\/revisions\/1237"}],"wp:attachment":[{"href":"https:\/\/agora.xtec.cat\/cfa-rusinyol-larocavalles\/wp-json\/wp\/v2\/media?parent=1164"}],"curies":[{"name":"wp","href":"https:\/\/api.w.org\/{rel}","templated":true}]}}