{"id":1160,"date":"2022-03-09T14:42:57","date_gmt":"2022-03-09T13:42:57","guid":{"rendered":"https:\/\/agora.xtec.cat\/cfa-rusinyol-larocavalles\/?page_id=1160"},"modified":"2022-03-11T11:14:13","modified_gmt":"2022-03-11T10:14:13","slug":"castella","status":"publish","type":"page","link":"https:\/\/agora.xtec.cat\/cfa-rusinyol-larocavalles\/castella\/","title":{"rendered":"Castell\u00e0"},"content":{"rendered":"<p>La formaci\u00f3 de llengua castellana <span style=\"font-weight: 400;\">permet l&#8217;alumnat l\u2019obtenci\u00f3 del t\u00edtol dels seg\u00fcents nivells equivalents al MECR:<\/span><\/p>\n<table style=\"width: 60.3868%;\">\n<tbody>\n<tr>\n<td style=\"width: 5.65903%;\"><span style=\"font-weight: 400;\">Castell\u00e0 1<\/span><\/td>\n<td style=\"width: 15.043%; text-align: center;\"><span style=\"font-weight: 400;\">Equival\u00e8ncia nivell A1 MECR<\/span><\/td>\n<td style=\"width: 38.9685%;\"><span style=\"font-weight: 400;\">L\u2019alumnat que finalitzi amb \u00e8xit aquesta formaci\u00f3 ser\u00e0 capa\u00e7 de comunicar-se en llengua catalana per respondre a les necessitats personals b\u00e0siques. Es focalitza b\u00e0sicament en la comprensi\u00f3 tant oral com escrita.<\/span><\/td>\n<\/tr>\n<tr>\n<td style=\"width: 5.65903%;\"><span style=\"font-weight: 400;\">Castell\u00e0 2<\/span><\/td>\n<td style=\"width: 15.043%; text-align: center;\"><span style=\"font-weight: 400;\">Equival\u00e8ncia al nivell A2 del MECR<\/span><\/td>\n<td style=\"width: 38.9685%;\"><span style=\"font-weight: 400;\">L\u2019alumnat que finalitzi amb \u00e8xit aquesta formaci\u00f3 podr\u00e0 comunicar-se en situacions relacionades amb la vida quotidiana i amb el seu \u00e0mbit laboral<\/span><\/td>\n<\/tr>\n<\/tbody>\n<\/table>\n","protected":false},"excerpt":{"rendered":"<p>La formaci\u00f3 de llengua castellana permet l&#8217;alumnat l\u2019obtenci\u00f3 del t\u00edtol dels seg\u00fcents nivells equivalents al MECR:<\/p>\n<p>Castell\u00e0 1<br \/>\nEquival\u00e8ncia nivell A1 MECR<br \/>\nL\u2019alumnat que finalitzi amb \u00e8xit aquesta formaci\u00f3 ser\u00e0 capa\u00e7 de comunicar-se en llengua catalana per respondre a les necessitats personals b\u00e0siques. Es focalitza b\u00e0sicament en la&hellip;  <a href=\"https:\/\/agora.xtec.cat\/cfa-rusinyol-larocavalles\/castella\/\" title=\"Read Castell\u00e0\">Llegeix m\u00e9s\u00bb<\/a><\/p>\n","protected":false},"author":1,"featured_media":0,"parent":0,"menu_order":0,"comment_status":"closed","ping_status":"closed","template":"","meta":{"_bbp_topic_count":0,"_bbp_reply_count":0,"_bbp_total_topic_count":0,"_bbp_total_reply_count":0,"_bbp_voice_count":0,"_bbp_anonymous_reply_count":0,"_bbp_topic_count_hidden":0,"_bbp_reply_count_hidden":0,"_bbp_forum_subforum_count":0,"footnotes":""},"class_list":["post-1160","page","type-page","status-publish","hentry"],"post_mailing_queue_ids":[],"_links":{"self":[{"href":"https:\/\/agora.xtec.cat\/cfa-rusinyol-larocavalles\/wp-json\/wp\/v2\/pages\/1160","targetHints":{"allow":["GET"]}}],"collection":[{"href":"https:\/\/agora.xtec.cat\/cfa-rusinyol-larocavalles\/wp-json\/wp\/v2\/pages"}],"about":[{"href":"https:\/\/agora.xtec.cat\/cfa-rusinyol-larocavalles\/wp-json\/wp\/v2\/types\/page"}],"author":[{"embeddable":true,"href":"https:\/\/agora.xtec.cat\/cfa-rusinyol-larocavalles\/wp-json\/wp\/v2\/users\/1"}],"replies":[{"embeddable":true,"href":"https:\/\/agora.xtec.cat\/cfa-rusinyol-larocavalles\/wp-json\/wp\/v2\/comments?post=1160"}],"version-history":[{"count":3,"href":"https:\/\/agora.xtec.cat\/cfa-rusinyol-larocavalles\/wp-json\/wp\/v2\/pages\/1160\/revisions"}],"predecessor-version":[{"id":1235,"href":"https:\/\/agora.xtec.cat\/cfa-rusinyol-larocavalles\/wp-json\/wp\/v2\/pages\/1160\/revisions\/1235"}],"wp:attachment":[{"href":"https:\/\/agora.xtec.cat\/cfa-rusinyol-larocavalles\/wp-json\/wp\/v2\/media?parent=1160"}],"curies":[{"name":"wp","href":"https:\/\/api.w.org\/{rel}","templated":true}]}}