{"id":1158,"date":"2022-03-09T14:42:47","date_gmt":"2022-03-09T13:42:47","guid":{"rendered":"https:\/\/agora.xtec.cat\/cfa-rusinyol-larocavalles\/?page_id=1158"},"modified":"2022-03-11T11:14:04","modified_gmt":"2022-03-11T10:14:04","slug":"catala","status":"publish","type":"page","link":"https:\/\/agora.xtec.cat\/cfa-rusinyol-larocavalles\/catala\/","title":{"rendered":"Catal\u00e0"},"content":{"rendered":"<p>La formaci\u00f3 de llengua catalna <span style=\"font-weight: 400;\">permet l&#8217;alumnat l\u2019obtenci\u00f3 del t\u00edtol dels seg\u00fcents nivells equivalents al MECR:<\/span><\/p>\n<p>&nbsp;<\/p>\n<table style=\"width: 57.5931%;\">\n<tbody>\n<tr>\n<td style=\"width: 6.16046%;\"><span style=\"font-weight: 400;\">Catal\u00e0 1<\/span><\/td>\n<td style=\"width: 13.8968%; text-align: center;\"><span style=\"font-weight: 400;\">Equival\u00e8ncia nivell A1 MECR<\/span><\/td>\n<td style=\"width: 34.7169%;\"><span style=\"font-weight: 400;\">L\u2019alumnat que finalitzi amb \u00e8xit aquesta formaci\u00f3 ser\u00e0 capa\u00e7 de comunicar-se en llengua catalana per respondre a les necessitats personals b\u00e0siques. Es focalitza b\u00e0sicament en la comprensi\u00f3 tant oral com escrita.<\/span><\/td>\n<\/tr>\n<tr>\n<td style=\"width: 6.16046%;\"><span style=\"font-weight: 400;\">Catal\u00e0 2<\/span><\/td>\n<td style=\"width: 13.8968%; text-align: center;\"><span style=\"font-weight: 400;\">Equival\u00e8ncia al nivell A2 del MECR<\/span><\/td>\n<td style=\"width: 34.7169%;\"><span style=\"font-weight: 400;\">L\u2019alumnat que finalitzi amb \u00e8xit aquesta formaci\u00f3 podr\u00e0 comunicar-se en situacions relacionades amb la vida quotidiana i amb el seu \u00e0mbit laboral<\/span><\/td>\n<\/tr>\n<tr>\n<td style=\"width: 6.16046%;\"><span style=\"font-weight: 400;\">Catal\u00e0 3<\/span><\/td>\n<td style=\"width: 13.8968%; text-align: center;\"><span style=\"font-weight: 400;\">Equival\u00e8ncia al nivell B1 del MECR<\/span><\/td>\n<td style=\"width: 34.7169%;\"><span style=\"font-weight: 400;\">L\u2019alumnat que finalitzi amb \u00e8xit aquesta formaci\u00f3 ser\u00e0 capa\u00e7 d\u2019expressar-se amb suficient flu\u00efdesa per comunicar-se i en contextos coneguts i sobre tem\u00e0tiques generals o d\u2019inter\u00e8s personal.<\/span><\/td>\n<\/tr>\n<\/tbody>\n<\/table>\n","protected":false},"excerpt":{"rendered":"<p>La formaci\u00f3 de llengua catalna permet l&#8217;alumnat l\u2019obtenci\u00f3 del t\u00edtol dels seg\u00fcents nivells equivalents al MECR:<br \/>\n&nbsp;<\/p>\n<p>Catal\u00e0 1<br \/>\nEquival\u00e8ncia nivell A1 MECR<br \/>\nL\u2019alumnat que finalitzi amb \u00e8xit aquesta formaci\u00f3 ser\u00e0 capa\u00e7 de comunicar-se en llengua catalana per respondre a les necessitats personals b\u00e0siques. Es focalitza b\u00e0sicament en la&hellip;  <a href=\"https:\/\/agora.xtec.cat\/cfa-rusinyol-larocavalles\/catala\/\" title=\"Read Catal\u00e0\">Llegeix m\u00e9s\u00bb<\/a><\/p>\n","protected":false},"author":1,"featured_media":0,"parent":0,"menu_order":0,"comment_status":"closed","ping_status":"closed","template":"","meta":{"_bbp_topic_count":0,"_bbp_reply_count":0,"_bbp_total_topic_count":0,"_bbp_total_reply_count":0,"_bbp_voice_count":0,"_bbp_anonymous_reply_count":0,"_bbp_topic_count_hidden":0,"_bbp_reply_count_hidden":0,"_bbp_forum_subforum_count":0,"footnotes":""},"class_list":["post-1158","page","type-page","status-publish","hentry"],"post_mailing_queue_ids":[],"_links":{"self":[{"href":"https:\/\/agora.xtec.cat\/cfa-rusinyol-larocavalles\/wp-json\/wp\/v2\/pages\/1158","targetHints":{"allow":["GET"]}}],"collection":[{"href":"https:\/\/agora.xtec.cat\/cfa-rusinyol-larocavalles\/wp-json\/wp\/v2\/pages"}],"about":[{"href":"https:\/\/agora.xtec.cat\/cfa-rusinyol-larocavalles\/wp-json\/wp\/v2\/types\/page"}],"author":[{"embeddable":true,"href":"https:\/\/agora.xtec.cat\/cfa-rusinyol-larocavalles\/wp-json\/wp\/v2\/users\/1"}],"replies":[{"embeddable":true,"href":"https:\/\/agora.xtec.cat\/cfa-rusinyol-larocavalles\/wp-json\/wp\/v2\/comments?post=1158"}],"version-history":[{"count":4,"href":"https:\/\/agora.xtec.cat\/cfa-rusinyol-larocavalles\/wp-json\/wp\/v2\/pages\/1158\/revisions"}],"predecessor-version":[{"id":1234,"href":"https:\/\/agora.xtec.cat\/cfa-rusinyol-larocavalles\/wp-json\/wp\/v2\/pages\/1158\/revisions\/1234"}],"wp:attachment":[{"href":"https:\/\/agora.xtec.cat\/cfa-rusinyol-larocavalles\/wp-json\/wp\/v2\/media?parent=1158"}],"curies":[{"name":"wp","href":"https:\/\/api.w.org\/{rel}","templated":true}]}}