{"id":1156,"date":"2022-03-09T14:42:41","date_gmt":"2022-03-09T13:42:41","guid":{"rendered":"https:\/\/agora.xtec.cat\/cfa-rusinyol-larocavalles\/?page_id=1156"},"modified":"2022-03-11T11:04:22","modified_gmt":"2022-03-11T10:04:22","slug":"llengues","status":"publish","type":"page","link":"https:\/\/agora.xtec.cat\/cfa-rusinyol-larocavalles\/llengues\/","title":{"rendered":"Lleng\u00fces"},"content":{"rendered":"<p>Des del CFA Santiago Rusi\u00f1ol oferim l&#8217;aprenentage de les seg\u00fcents lleng\u00fces:<\/p>\n<ul>\n<li>Llengua catalana<\/li>\n<li>Llengua castellana<\/li>\n<li>Llengua anglesa (no disponible aquest curs)<\/li>\n<\/ul>\n","protected":false},"excerpt":{"rendered":"<p>Des del CFA Santiago Rusi\u00f1ol oferim l&#8217;aprenentage de les seg\u00fcents lleng\u00fces:<\/p>\n<ul>\n<li>Llengua catalana<\/li>\n<li>Llengua castellana<\/li>\n<li>Llengua anglesa (no disponible aquest curs)<\/li>\n<\/ul>\n","protected":false},"author":1,"featured_media":0,"parent":0,"menu_order":0,"comment_status":"closed","ping_status":"closed","template":"","meta":{"_bbp_topic_count":0,"_bbp_reply_count":0,"_bbp_total_topic_count":0,"_bbp_total_reply_count":0,"_bbp_voice_count":0,"_bbp_anonymous_reply_count":0,"_bbp_topic_count_hidden":0,"_bbp_reply_count_hidden":0,"_bbp_forum_subforum_count":0,"footnotes":""},"class_list":["post-1156","page","type-page","status-publish","hentry"],"post_mailing_queue_ids":[],"_links":{"self":[{"href":"https:\/\/agora.xtec.cat\/cfa-rusinyol-larocavalles\/wp-json\/wp\/v2\/pages\/1156","targetHints":{"allow":["GET"]}}],"collection":[{"href":"https:\/\/agora.xtec.cat\/cfa-rusinyol-larocavalles\/wp-json\/wp\/v2\/pages"}],"about":[{"href":"https:\/\/agora.xtec.cat\/cfa-rusinyol-larocavalles\/wp-json\/wp\/v2\/types\/page"}],"author":[{"embeddable":true,"href":"https:\/\/agora.xtec.cat\/cfa-rusinyol-larocavalles\/wp-json\/wp\/v2\/users\/1"}],"replies":[{"embeddable":true,"href":"https:\/\/agora.xtec.cat\/cfa-rusinyol-larocavalles\/wp-json\/wp\/v2\/comments?post=1156"}],"version-history":[{"count":2,"href":"https:\/\/agora.xtec.cat\/cfa-rusinyol-larocavalles\/wp-json\/wp\/v2\/pages\/1156\/revisions"}],"predecessor-version":[{"id":1229,"href":"https:\/\/agora.xtec.cat\/cfa-rusinyol-larocavalles\/wp-json\/wp\/v2\/pages\/1156\/revisions\/1229"}],"wp:attachment":[{"href":"https:\/\/agora.xtec.cat\/cfa-rusinyol-larocavalles\/wp-json\/wp\/v2\/media?parent=1156"}],"curies":[{"name":"wp","href":"https:\/\/api.w.org\/{rel}","templated":true}]}}