{"id":1149,"date":"2022-03-09T14:42:17","date_gmt":"2022-03-09T13:42:17","guid":{"rendered":"https:\/\/agora.xtec.cat\/cfa-rusinyol-larocavalles\/?page_id=1149"},"modified":"2022-03-10T11:01:32","modified_gmt":"2022-03-10T10:01:32","slug":"graduat-deducacio-secundaria-ges","status":"publish","type":"page","link":"https:\/\/agora.xtec.cat\/cfa-rusinyol-larocavalles\/graduat-deducacio-secundaria-ges\/","title":{"rendered":"Graduat d&#8217;Educaci\u00f3 Secund\u00e0ria (GES)"},"content":{"rendered":"<p><span style=\"font-weight: 400;\">Aquests estudis permeten assolir les compet\u00e8ncies pr\u00f2pies per completar els ensenyaments b\u00e0sics i aix\u00ed adquirir el t\u00edtol de graduat en educaci\u00f3 secund\u00e0ria obligat\u00f2ria (GES).\u00a0<\/span><\/p>\n<p><span style=\"font-weight: 400;\">Amb aquest t\u00edtol es pot accedir als estudis postobligatoris de Batxillerat i Cicles formatius de grau mitj\u00e0 (CFGM) alhora que facilita la incorporaci\u00f3 de l\u2019alumnat al m\u00f3n laboral.<\/span><\/p>\n<p><span style=\"font-weight: 400;\">Inclou tres \u00e0mbits de coneixement distribu\u00efts en diferents m\u00f2duls que s\u2019imparteixen durant dos cursos, GES1 i GES2:<\/span><\/p>\n<ul>\n<li style=\"font-weight: 400;\" aria-level=\"1\"><span style=\"font-weight: 400;\">\u00c0mbit de la comunicaci\u00f3<\/span><\/li>\n<li style=\"font-weight: 400;\" aria-level=\"1\"><span style=\"font-weight: 400;\">\u00c0mbit cientificotecnol\u00f2gic<\/span><\/li>\n<li style=\"font-weight: 400;\" aria-level=\"1\"><span style=\"font-weight: 400;\">\u00c0mbit social<\/span><\/li>\n<\/ul>\n","protected":false},"excerpt":{"rendered":"<p>Aquests estudis permeten assolir les compet\u00e8ncies pr\u00f2pies per completar els ensenyaments b\u00e0sics i aix\u00ed adquirir el t\u00edtol de graduat en educaci\u00f3 secund\u00e0ria obligat\u00f2ria (GES).\u00a0<br \/>\nAmb aquest t\u00edtol es pot accedir als estudis postobligatoris de Batxillerat i Cicles formatius de grau mitj\u00e0 (CFGM) alhora que facilita la&hellip;  <a href=\"https:\/\/agora.xtec.cat\/cfa-rusinyol-larocavalles\/graduat-deducacio-secundaria-ges\/\" title=\"Read Graduat d&#8217;Educaci\u00f3 Secund\u00e0ria (GES)\">Llegeix m\u00e9s\u00bb<\/a><\/p>\n","protected":false},"author":1,"featured_media":0,"parent":0,"menu_order":0,"comment_status":"closed","ping_status":"closed","template":"","meta":{"_bbp_topic_count":0,"_bbp_reply_count":0,"_bbp_total_topic_count":0,"_bbp_total_reply_count":0,"_bbp_voice_count":0,"_bbp_anonymous_reply_count":0,"_bbp_topic_count_hidden":0,"_bbp_reply_count_hidden":0,"_bbp_forum_subforum_count":0,"footnotes":""},"class_list":["post-1149","page","type-page","status-publish","hentry"],"post_mailing_queue_ids":[],"_links":{"self":[{"href":"https:\/\/agora.xtec.cat\/cfa-rusinyol-larocavalles\/wp-json\/wp\/v2\/pages\/1149","targetHints":{"allow":["GET"]}}],"collection":[{"href":"https:\/\/agora.xtec.cat\/cfa-rusinyol-larocavalles\/wp-json\/wp\/v2\/pages"}],"about":[{"href":"https:\/\/agora.xtec.cat\/cfa-rusinyol-larocavalles\/wp-json\/wp\/v2\/types\/page"}],"author":[{"embeddable":true,"href":"https:\/\/agora.xtec.cat\/cfa-rusinyol-larocavalles\/wp-json\/wp\/v2\/users\/1"}],"replies":[{"embeddable":true,"href":"https:\/\/agora.xtec.cat\/cfa-rusinyol-larocavalles\/wp-json\/wp\/v2\/comments?post=1149"}],"version-history":[{"count":2,"href":"https:\/\/agora.xtec.cat\/cfa-rusinyol-larocavalles\/wp-json\/wp\/v2\/pages\/1149\/revisions"}],"predecessor-version":[{"id":1222,"href":"https:\/\/agora.xtec.cat\/cfa-rusinyol-larocavalles\/wp-json\/wp\/v2\/pages\/1149\/revisions\/1222"}],"wp:attachment":[{"href":"https:\/\/agora.xtec.cat\/cfa-rusinyol-larocavalles\/wp-json\/wp\/v2\/media?parent=1149"}],"curies":[{"name":"wp","href":"https:\/\/api.w.org\/{rel}","templated":true}]}}