{"id":1141,"date":"2022-03-09T14:41:16","date_gmt":"2022-03-09T13:41:16","guid":{"rendered":"https:\/\/agora.xtec.cat\/cfa-rusinyol-larocavalles\/?page_id=1141"},"modified":"2022-03-10T11:01:05","modified_gmt":"2022-03-10T10:01:05","slug":"formacio-instrumental","status":"publish","type":"page","link":"https:\/\/agora.xtec.cat\/cfa-rusinyol-larocavalles\/formacio-instrumental\/","title":{"rendered":"Formaci\u00f3 Instrumental"},"content":{"rendered":"<p><span style=\"font-weight: 400;\">Els estudis de la Formaci\u00f3 Instrumental es basen en el desenvolupament de coneixements, destreses i actituds per adquirir les compet\u00e8ncies b\u00e0siques per ser capa\u00e7os de llegir, escriure i realitzar c\u00e0lculs elementals al finalitzar aquesta etapa.<\/span><\/p>\n<p><span style=\"font-weight: 400;\">Aquests estudis, actualment, es divideixen en tres etapes Formaci\u00f3 Instrumental 1,\u00a0 Formaci\u00f3 Instrumental 2 i Formaci\u00f3 Instrumental 3 que inclouen tres \u00e0rees de coneixement:<\/span><\/p>\n<ul>\n<li style=\"font-weight: 400;\" aria-level=\"1\"><span style=\"font-weight: 400;\">Lleng\u00fces<\/span><\/li>\n<li style=\"font-weight: 400;\" aria-level=\"1\"><span style=\"font-weight: 400;\">Matem\u00e0tiques<\/span><\/li>\n<li style=\"font-weight: 400;\" aria-level=\"1\"><span style=\"font-weight: 400;\">Ci\u00e8ncies socials i naturals<\/span><\/li>\n<\/ul>\n<p><span style=\"font-weight: 400;\">Durant la Formaci\u00f3 Instrumental 1 s&#8217;adquireixen les compet\u00e8ncies b\u00e0siques per a obtenir els mecanismes fonamentals de lectura, escriptura i c\u00e0lcul, aix\u00ed com coneixements b\u00e0sics cultura general relacionats amb el medi social i natural.<\/span><\/p>\n<p><span style=\"font-weight: 400;\">A Formaci\u00f3 Instrumental 2 es consoliden aquests coneixements i eines adquirits en el nivell anterior.<\/span><\/p>\n<p><span style=\"font-weight: 400;\">La Formaci\u00f3 Instrumental 3 s\u2019amplien aquests coneixements i s\u2019estableixen eines per tal que l\u2019alumnat estigui preparat per poder seguir els estudis obligatoris<\/span><\/p>\n","protected":false},"excerpt":{"rendered":"<p>Els estudis de la Formaci\u00f3 Instrumental es basen en el desenvolupament de coneixements, destreses i actituds per adquirir les compet\u00e8ncies b\u00e0siques per ser capa\u00e7os de llegir, escriure i realitzar c\u00e0lculs elementals al finalitzar aquesta etapa.<br \/>\nAquests estudis, actualment, es divideixen en tres etapes Formaci\u00f3 Instrumental 1,\u00a0&hellip;  <a href=\"https:\/\/agora.xtec.cat\/cfa-rusinyol-larocavalles\/formacio-instrumental\/\" title=\"Read Formaci\u00f3 Instrumental\">Llegeix m\u00e9s\u00bb<\/a><\/p>\n","protected":false},"author":1,"featured_media":0,"parent":0,"menu_order":0,"comment_status":"closed","ping_status":"closed","template":"","meta":{"_bbp_topic_count":0,"_bbp_reply_count":0,"_bbp_total_topic_count":0,"_bbp_total_reply_count":0,"_bbp_voice_count":0,"_bbp_anonymous_reply_count":0,"_bbp_topic_count_hidden":0,"_bbp_reply_count_hidden":0,"_bbp_forum_subforum_count":0,"footnotes":""},"class_list":["post-1141","page","type-page","status-publish","hentry"],"post_mailing_queue_ids":[],"_links":{"self":[{"href":"https:\/\/agora.xtec.cat\/cfa-rusinyol-larocavalles\/wp-json\/wp\/v2\/pages\/1141","targetHints":{"allow":["GET"]}}],"collection":[{"href":"https:\/\/agora.xtec.cat\/cfa-rusinyol-larocavalles\/wp-json\/wp\/v2\/pages"}],"about":[{"href":"https:\/\/agora.xtec.cat\/cfa-rusinyol-larocavalles\/wp-json\/wp\/v2\/types\/page"}],"author":[{"embeddable":true,"href":"https:\/\/agora.xtec.cat\/cfa-rusinyol-larocavalles\/wp-json\/wp\/v2\/users\/1"}],"replies":[{"embeddable":true,"href":"https:\/\/agora.xtec.cat\/cfa-rusinyol-larocavalles\/wp-json\/wp\/v2\/comments?post=1141"}],"version-history":[{"count":3,"href":"https:\/\/agora.xtec.cat\/cfa-rusinyol-larocavalles\/wp-json\/wp\/v2\/pages\/1141\/revisions"}],"predecessor-version":[{"id":1221,"href":"https:\/\/agora.xtec.cat\/cfa-rusinyol-larocavalles\/wp-json\/wp\/v2\/pages\/1141\/revisions\/1221"}],"wp:attachment":[{"href":"https:\/\/agora.xtec.cat\/cfa-rusinyol-larocavalles\/wp-json\/wp\/v2\/media?parent=1141"}],"curies":[{"name":"wp","href":"https:\/\/api.w.org\/{rel}","templated":true}]}}