{"id":634,"date":"2020-02-17T00:01:18","date_gmt":"2020-02-16T23:01:18","guid":{"rendered":"https:\/\/agora.xtec.cat\/cfa-riberadebre\/?page_id=634"},"modified":"2020-02-17T00:02:09","modified_gmt":"2020-02-16T23:02:09","slug":"lart-de-parlar","status":"publish","type":"page","link":"https:\/\/agora.xtec.cat\/cfa-riberadebre\/lart-de-parlar\/","title":{"rendered":"Programa d&#8217;innovaci\u00f3 pedag\u00f2gica: L&#8217;art de parlar"},"content":{"rendered":"<p><a href=\"https:\/\/agora.xtec.cat\/cfa-riberadebre\/wp-content\/uploads\/usu1996\/2020\/02\/Logo_ArtdeParlar-1.jpg\"><img loading=\"lazy\" decoding=\"async\" class=\"wp-image-651 aligncenter\" src=\"https:\/\/agora.xtec.cat\/cfa-riberadebre\/wp-content\/uploads\/usu1996\/2020\/02\/Logo_ArtdeParlar-1.jpg\" alt=\"\" width=\"242\" height=\"187\" srcset=\"https:\/\/agora.xtec.cat\/cfa-riberadebre\/wp-content\/uploads\/usu1996\/2020\/02\/Logo_ArtdeParlar-1.jpg 495w, https:\/\/agora.xtec.cat\/cfa-riberadebre\/wp-content\/uploads\/usu1996\/2020\/02\/Logo_ArtdeParlar-1-300x232.jpg 300w\" sizes=\"auto, (max-width: 242px) 100vw, 242px\" \/><\/a><\/p>\n<p>El programa d\u2019innovaci\u00f3 pedag\u00f2gica<em><strong> L\u2019ART DE PARLAR <\/strong><strong>:<\/strong><\/em><em><strong>Aprenem llengua a trav\u00e9s de l\u2019art i les estrat\u00e8gies de pensament visual (VTS) <\/strong><\/em>es genera a partir de la necessitat dels Centres de Formaci\u00f3 d\u2019Adults de trobar un espai i una metodologia per impulsar la pr\u00e0ctica oral dels alumnes dels programes de lleng\u00fces que s\u2019ofereixen\u00a0en aquests centres. Aquest objectiu educatiu s\u2019alinea amb la missi\u00f3 del Museu Nacional d\u2019Art de Catalunya d\u2019arribar a d\u2019altres col\u00b7lectius m\u00e9s enll\u00e0 del p\u00fablic escolar i coincideix amb l\u2019experimentaci\u00f3 de la metodologia VTS a d\u2019altres p\u00fablics.\u00a0<strong>L\u2019objectiu principal<\/strong> del projecte \u00e9s co-crear un programa sostenible d\u2019aprenentatge de la llengua utilitzant les col\u00b7leccions del museu i la metodologia de les VTS.<\/p>\n","protected":false},"excerpt":{"rendered":"<p><a href=\"https:\/\/agora.xtec.cat\/cfa-riberadebre\/wp-content\/uploads\/usu1996\/2020\/02\/Logo_ArtdeParlar-1.jpg\"><\/a><br \/>\nEl programa d\u2019innovaci\u00f3 pedag\u00f2gica L\u2019ART DE PARLAR :Aprenem llengua a trav\u00e9s de l\u2019art i les estrat\u00e8gies de pensament visual (VTS) es genera a partir de la necessitat dels Centres de Formaci\u00f3 d\u2019Adults de trobar un espai i una metodologia per impulsar la pr\u00e0ctica oral&hellip;  <a href=\"https:\/\/agora.xtec.cat\/cfa-riberadebre\/lart-de-parlar\/\" title=\"Read Programa d&#8217;innovaci\u00f3 pedag\u00f2gica: L&#8217;art de parlar\">Llegeix m\u00e9s\u00bb<\/a><\/p>\n","protected":false},"author":1,"featured_media":0,"parent":0,"menu_order":0,"comment_status":"closed","ping_status":"closed","template":"","meta":{"_bbp_topic_count":0,"_bbp_reply_count":0,"_bbp_total_topic_count":0,"_bbp_total_reply_count":0,"_bbp_voice_count":0,"_bbp_anonymous_reply_count":0,"_bbp_topic_count_hidden":0,"_bbp_reply_count_hidden":0,"_bbp_forum_subforum_count":0,"footnotes":""},"class_list":["post-634","page","type-page","status-publish","hentry"],"post_mailing_queue_ids":[],"_links":{"self":[{"href":"https:\/\/agora.xtec.cat\/cfa-riberadebre\/wp-json\/wp\/v2\/pages\/634","targetHints":{"allow":["GET"]}}],"collection":[{"href":"https:\/\/agora.xtec.cat\/cfa-riberadebre\/wp-json\/wp\/v2\/pages"}],"about":[{"href":"https:\/\/agora.xtec.cat\/cfa-riberadebre\/wp-json\/wp\/v2\/types\/page"}],"author":[{"embeddable":true,"href":"https:\/\/agora.xtec.cat\/cfa-riberadebre\/wp-json\/wp\/v2\/users\/1"}],"replies":[{"embeddable":true,"href":"https:\/\/agora.xtec.cat\/cfa-riberadebre\/wp-json\/wp\/v2\/comments?post=634"}],"version-history":[{"count":3,"href":"https:\/\/agora.xtec.cat\/cfa-riberadebre\/wp-json\/wp\/v2\/pages\/634\/revisions"}],"predecessor-version":[{"id":654,"href":"https:\/\/agora.xtec.cat\/cfa-riberadebre\/wp-json\/wp\/v2\/pages\/634\/revisions\/654"}],"wp:attachment":[{"href":"https:\/\/agora.xtec.cat\/cfa-riberadebre\/wp-json\/wp\/v2\/media?parent=634"}],"curies":[{"name":"wp","href":"https:\/\/api.w.org\/{rel}","templated":true}]}}