{"id":339,"date":"2015-01-28T12:22:56","date_gmt":"2015-01-28T11:22:56","guid":{"rendered":"http:\/\/agora.xtec.cat\/cfa-riberadebre\/?page_id=339"},"modified":"2023-11-17T18:56:04","modified_gmt":"2023-11-17T17:56:04","slug":"contacte","status":"publish","type":"page","link":"https:\/\/agora.xtec.cat\/cfa-riberadebre\/contacte\/","title":{"rendered":"Contacte"},"content":{"rendered":"<p><strong>Correus electr\u00f2nics per a informaci\u00f3 i atenci\u00f3 al p\u00fablic:<br \/>\n<\/strong>secretaria<span class=\"\"><span class=\"\">@cfaribera<\/span><\/span>.cat \/\/ info@cfaribera.cat<\/p>\n<p><strong>Correu electr\u00f2nic per a preinscripcions i matr\u00edcules:<br \/>\n<\/strong>matricula<span class=\"\">@cfaribera<\/span>.cat<\/p>\n<p><strong>Correu electr\u00f2nic de centre:<br \/>\n<\/strong>e3010311@xtec.cat<\/p>\n<p><strong>Adre\u00e7a<\/strong><br \/>\nCFA Ribera d&#8217;Ebre<br \/>\nAv. Comarques Catalanes 103<br \/>\n43740 M\u00f3ra d&#8217;Ebre<\/p>\n<p><strong>Tel\u00e8fon<\/strong><br \/>\n977 40 27 79<\/p>\n<p>&nbsp;<\/p>\n<p>&nbsp;<\/p>\n","protected":false},"excerpt":{"rendered":"<p>Correus electr\u00f2nics per a informaci\u00f3 i atenci\u00f3 al p\u00fablic:<br \/>\nsecretaria@cfaribera.cat \/\/ info@cfaribera.cat<br \/>\nCorreu electr\u00f2nic per a preinscripcions i matr\u00edcules:<br \/>\nmatricula@cfaribera.cat<br \/>\nCorreu electr\u00f2nic de centre:<br \/>\ne3010311@xtec.cat<br \/>\nAdre\u00e7a<br \/>\nCFA Ribera d&#8217;Ebre<br \/>\nAv. Comarques Catalanes 103<br \/>\n43740 M\u00f3ra d&#8217;Ebre<br \/>\nTel\u00e8fon<br \/>\n977 40 27 79<br \/>\n&nbsp;<br \/>\n&nbsp;<\/p>\n","protected":false},"author":1,"featured_media":0,"parent":0,"menu_order":0,"comment_status":"closed","ping_status":"closed","template":"","meta":{"_bbp_topic_count":0,"_bbp_reply_count":0,"_bbp_total_topic_count":0,"_bbp_total_reply_count":0,"_bbp_voice_count":0,"_bbp_anonymous_reply_count":0,"_bbp_topic_count_hidden":0,"_bbp_reply_count_hidden":0,"_bbp_forum_subforum_count":0,"footnotes":""},"class_list":["post-339","page","type-page","status-publish","hentry"],"post_mailing_queue_ids":[],"_links":{"self":[{"href":"https:\/\/agora.xtec.cat\/cfa-riberadebre\/wp-json\/wp\/v2\/pages\/339","targetHints":{"allow":["GET"]}}],"collection":[{"href":"https:\/\/agora.xtec.cat\/cfa-riberadebre\/wp-json\/wp\/v2\/pages"}],"about":[{"href":"https:\/\/agora.xtec.cat\/cfa-riberadebre\/wp-json\/wp\/v2\/types\/page"}],"author":[{"embeddable":true,"href":"https:\/\/agora.xtec.cat\/cfa-riberadebre\/wp-json\/wp\/v2\/users\/1"}],"replies":[{"embeddable":true,"href":"https:\/\/agora.xtec.cat\/cfa-riberadebre\/wp-json\/wp\/v2\/comments?post=339"}],"version-history":[{"count":5,"href":"https:\/\/agora.xtec.cat\/cfa-riberadebre\/wp-json\/wp\/v2\/pages\/339\/revisions"}],"predecessor-version":[{"id":1798,"href":"https:\/\/agora.xtec.cat\/cfa-riberadebre\/wp-json\/wp\/v2\/pages\/339\/revisions\/1798"}],"wp:attachment":[{"href":"https:\/\/agora.xtec.cat\/cfa-riberadebre\/wp-json\/wp\/v2\/media?parent=339"}],"curies":[{"name":"wp","href":"https:\/\/api.w.org\/{rel}","templated":true}]}}