{"id":320,"date":"2015-01-28T11:35:13","date_gmt":"2015-01-28T10:35:13","guid":{"rendered":"http:\/\/agora.xtec.cat\/cfa-riberadebre\/?page_id=320"},"modified":"2021-06-04T11:49:51","modified_gmt":"2021-06-04T09:49:51","slug":"a-cicles-formatius-de-grau-superior","status":"publish","type":"page","link":"https:\/\/agora.xtec.cat\/cfa-riberadebre\/ensenyaments\/ensenyaments-per-a-la-preparacio-de-proves-dacces\/a-cicles-formatius-de-grau-superior\/","title":{"rendered":"Curs de preparaci\u00f3 per a les proves d&#8217;acc\u00e9s als cicles formatius de grau superior (CFGS)"},"content":{"rendered":"<p><span style=\"text-decoration: underline;\"><strong>\u200b<\/strong><\/span><br \/>\n<span style=\"font-size: medium;\"><span style=\"color: #000000;\">Aquests estudis preparen per presentar-se a les proves d&#8217;acc\u00e9s als cicles de grau superior de formaci\u00f3 professional, d&#8217;arts pl\u00e0stiques i disseny i d&#8217;ensenyaments esportius.<\/span><\/span><\/p>\n<p><span style=\"font-size: medium;\">Per a m\u00e9s informaci\u00f3, podeu consultar l&#8217;enlla\u00e7 oficial del curs del<a href=\"http:\/\/queestudiar.gencat.cat\/ca\/estudis\/adults\/estudis\/preparacio-proves-acces\/?p_id=284&amp;estudi\" target=\"_blank\" rel=\"noopener noreferrer\">\u00a0<\/a><u><a href=\"https:\/\/triaeducativa.gencat.cat\/ca\/educacio-adults\/ofertats\/proves-acces-cam\/?p_id=284&amp;estudi\" target=\"_blank\" rel=\"noopener noreferrer\">Departament D&#8217;Educaci\u00f3 de la Generalitat de Catalunya<\/a><\/u> o descarregar-vos la <a href=\"https:\/\/www.gencat.cat\/ensenyament\/eac\/pdf\/FANRCFGS0000_CA.pdf\" target=\"_blank\" rel=\"noopener noreferrer\">Fitxa de l&#8217;estudi (pdf)<\/a><br \/>\n<\/span><\/p>\n<p>&nbsp;<\/p>\n<p><img loading=\"lazy\" decoding=\"async\" class=\"aligncenter size-large wp-image-1195\" src=\"https:\/\/agora.xtec.cat\/cfa-riberadebre\/wp-content\/uploads\/usu1996\/2021\/06\/Flyer-preparaci\u00f3-proves-acc\u00e9s-488x1024.png\" alt=\"\" width=\"488\" height=\"1024\" srcset=\"https:\/\/agora.xtec.cat\/cfa-riberadebre\/wp-content\/uploads\/usu1996\/2021\/06\/Flyer-preparaci\u00f3-proves-acc\u00e9s-488x1024.png 488w, https:\/\/agora.xtec.cat\/cfa-riberadebre\/wp-content\/uploads\/usu1996\/2021\/06\/Flyer-preparaci\u00f3-proves-acc\u00e9s-143x300.png 143w, https:\/\/agora.xtec.cat\/cfa-riberadebre\/wp-content\/uploads\/usu1996\/2021\/06\/Flyer-preparaci\u00f3-proves-acc\u00e9s-768x1613.png 768w, https:\/\/agora.xtec.cat\/cfa-riberadebre\/wp-content\/uploads\/usu1996\/2021\/06\/Flyer-preparaci\u00f3-proves-acc\u00e9s.png 1181w\" sizes=\"auto, (max-width: 488px) 100vw, 488px\" \/><\/p>\n<p>&nbsp;<\/p>\n","protected":false},"excerpt":{"rendered":"<p>\u200b<br \/>\nAquests estudis preparen per presentar-se a les proves d&#8217;acc\u00e9s als cicles de grau superior de formaci\u00f3 professional, d&#8217;arts pl\u00e0stiques i disseny i d&#8217;ensenyaments esportius.<br \/>\nPer a m\u00e9s informaci\u00f3, podeu consultar l&#8217;enlla\u00e7 oficial del curs del<a href=\"http:\/\/queestudiar.gencat.cat\/ca\/estudis\/adults\/estudis\/preparacio-proves-acces\/?p_id=284&amp;estudi\" target=\"_blank\" rel=\"noopener noreferrer\">\u00a0<\/a><a href=\"https:\/\/triaeducativa.gencat.cat\/ca\/educacio-adults\/ofertats\/proves-acces-cam\/?p_id=284&amp;estudi\" target=\"_blank\" rel=\"noopener noreferrer\">Departament D&#8217;Educaci\u00f3 de la&hellip;  <a href=\"https:\/\/agora.xtec.cat\/cfa-riberadebre\/ensenyaments\/ensenyaments-per-a-la-preparacio-de-proves-dacces\/a-cicles-formatius-de-grau-superior\/\" title=\"Read Curs de preparaci\u00f3 per a les proves d&#8217;acc\u00e9s als cicles formatius de grau superior (CFGS)\">Llegeix m\u00e9s\u00bb<\/a><\/p>\n","protected":false},"author":1,"featured_media":0,"parent":288,"menu_order":0,"comment_status":"closed","ping_status":"closed","template":"page-templates\/side-menu.php","meta":{"_bbp_topic_count":0,"_bbp_reply_count":0,"_bbp_total_topic_count":0,"_bbp_total_reply_count":0,"_bbp_voice_count":0,"_bbp_anonymous_reply_count":0,"_bbp_topic_count_hidden":0,"_bbp_reply_count_hidden":0,"_bbp_forum_subforum_count":0,"footnotes":""},"class_list":["post-320","page","type-page","status-publish","hentry"],"post_mailing_queue_ids":[],"_links":{"self":[{"href":"https:\/\/agora.xtec.cat\/cfa-riberadebre\/wp-json\/wp\/v2\/pages\/320","targetHints":{"allow":["GET"]}}],"collection":[{"href":"https:\/\/agora.xtec.cat\/cfa-riberadebre\/wp-json\/wp\/v2\/pages"}],"about":[{"href":"https:\/\/agora.xtec.cat\/cfa-riberadebre\/wp-json\/wp\/v2\/types\/page"}],"author":[{"embeddable":true,"href":"https:\/\/agora.xtec.cat\/cfa-riberadebre\/wp-json\/wp\/v2\/users\/1"}],"replies":[{"embeddable":true,"href":"https:\/\/agora.xtec.cat\/cfa-riberadebre\/wp-json\/wp\/v2\/comments?post=320"}],"version-history":[{"count":4,"href":"https:\/\/agora.xtec.cat\/cfa-riberadebre\/wp-json\/wp\/v2\/pages\/320\/revisions"}],"predecessor-version":[{"id":1196,"href":"https:\/\/agora.xtec.cat\/cfa-riberadebre\/wp-json\/wp\/v2\/pages\/320\/revisions\/1196"}],"up":[{"embeddable":true,"href":"https:\/\/agora.xtec.cat\/cfa-riberadebre\/wp-json\/wp\/v2\/pages\/288"}],"wp:attachment":[{"href":"https:\/\/agora.xtec.cat\/cfa-riberadebre\/wp-json\/wp\/v2\/media?parent=320"}],"curies":[{"name":"wp","href":"https:\/\/api.w.org\/{rel}","templated":true}]}}