{"id":296,"date":"2015-01-28T11:18:08","date_gmt":"2015-01-28T10:18:08","guid":{"rendered":"http:\/\/agora.xtec.cat\/cfa-riberadebre\/?page_id=296"},"modified":"2021-06-07T13:48:36","modified_gmt":"2021-06-07T11:48:36","slug":"llengua-catalana","status":"publish","type":"page","link":"https:\/\/agora.xtec.cat\/cfa-riberadebre\/ensenyaments\/ensenyaments-inicials-i-formacio-basica\/llengua-catalana\/","title":{"rendered":"Llengua catalana"},"content":{"rendered":"<p style=\"text-align: left;\"><span style=\"font-size: medium;\">Aquests estudis tenen com a objectiu que les persones adultes assoleixin un grau de compet\u00e8ncia m\u00ednima per a comunicar-se en llengua catalana i s&#8217;imparteixen en tres nivells: llengua catalana nivell 1, 2 i 3, que corresponen als nivells A1, A2 i B1 del MECR (Marc europeu com\u00fa de refer\u00e8ncia per a les lleng\u00fces).<br \/>\n\u200b<\/span><\/p>\n<p><span style=\"color: #000000; font-size: medium;\">Per a m\u00e9s informaci\u00f3, podeu consultar l&#8217;enlla\u00e7 oficial del curs del <u><a href=\"https:\/\/triaeducativa.gencat.cat\/ca\/educacio-adults\/ofertats\/llengua-catalana-castellana\/?p_id=2331&amp;estudi\" target=\"_blank\" rel=\"noopener noreferrer\">Departament D&#8217;Educaci\u00f3 de la Generalitat de Catalunya<\/a><\/u> o descarregar-vos la <a href=\"https:\/\/www.gencat.cat\/ensenyament\/eac\/pdf\/FANR____LCAT_CA.pdf\" target=\"_blank\" rel=\"noopener noreferrer\">Fitxa de l&#8217;Estudi (pdf)<\/a><\/span><\/p>\n<p>&nbsp;<\/p>\n<p><img loading=\"lazy\" decoding=\"async\" class=\"aligncenter wp-image-1199 size-large\" src=\"https:\/\/agora.xtec.cat\/cfa-riberadebre\/wp-content\/uploads\/usu1996\/2021\/06\/Flyer-cursos-Catal\u00e0-488x1024.png\" alt=\"\" width=\"488\" height=\"1024\" srcset=\"https:\/\/agora.xtec.cat\/cfa-riberadebre\/wp-content\/uploads\/usu1996\/2021\/06\/Flyer-cursos-Catal\u00e0-488x1024.png 488w, https:\/\/agora.xtec.cat\/cfa-riberadebre\/wp-content\/uploads\/usu1996\/2021\/06\/Flyer-cursos-Catal\u00e0-143x300.png 143w, https:\/\/agora.xtec.cat\/cfa-riberadebre\/wp-content\/uploads\/usu1996\/2021\/06\/Flyer-cursos-Catal\u00e0-768x1613.png 768w, https:\/\/agora.xtec.cat\/cfa-riberadebre\/wp-content\/uploads\/usu1996\/2021\/06\/Flyer-cursos-Catal\u00e0.png 1181w\" sizes=\"auto, (max-width: 488px) 100vw, 488px\" \/><\/p>\n","protected":false},"excerpt":{"rendered":"<p>Aquests estudis tenen com a objectiu que les persones adultes assoleixin un grau de compet\u00e8ncia m\u00ednima per a comunicar-se en llengua catalana i s&#8217;imparteixen en tres nivells: llengua catalana nivell 1, 2 i 3, que corresponen als nivells A1, A2 i B1 del MECR (Marc&hellip;  <a href=\"https:\/\/agora.xtec.cat\/cfa-riberadebre\/ensenyaments\/ensenyaments-inicials-i-formacio-basica\/llengua-catalana\/\" title=\"Read Llengua catalana\">Llegeix m\u00e9s\u00bb<\/a><\/p>\n","protected":false},"author":1,"featured_media":0,"parent":283,"menu_order":0,"comment_status":"closed","ping_status":"closed","template":"page-templates\/side-menu.php","meta":{"_bbp_topic_count":0,"_bbp_reply_count":0,"_bbp_total_topic_count":0,"_bbp_total_reply_count":0,"_bbp_voice_count":0,"_bbp_anonymous_reply_count":0,"_bbp_topic_count_hidden":0,"_bbp_reply_count_hidden":0,"_bbp_forum_subforum_count":0,"footnotes":""},"class_list":["post-296","page","type-page","status-publish","hentry"],"post_mailing_queue_ids":[],"_links":{"self":[{"href":"https:\/\/agora.xtec.cat\/cfa-riberadebre\/wp-json\/wp\/v2\/pages\/296","targetHints":{"allow":["GET"]}}],"collection":[{"href":"https:\/\/agora.xtec.cat\/cfa-riberadebre\/wp-json\/wp\/v2\/pages"}],"about":[{"href":"https:\/\/agora.xtec.cat\/cfa-riberadebre\/wp-json\/wp\/v2\/types\/page"}],"author":[{"embeddable":true,"href":"https:\/\/agora.xtec.cat\/cfa-riberadebre\/wp-json\/wp\/v2\/users\/1"}],"replies":[{"embeddable":true,"href":"https:\/\/agora.xtec.cat\/cfa-riberadebre\/wp-json\/wp\/v2\/comments?post=296"}],"version-history":[{"count":4,"href":"https:\/\/agora.xtec.cat\/cfa-riberadebre\/wp-json\/wp\/v2\/pages\/296\/revisions"}],"predecessor-version":[{"id":1200,"href":"https:\/\/agora.xtec.cat\/cfa-riberadebre\/wp-json\/wp\/v2\/pages\/296\/revisions\/1200"}],"up":[{"embeddable":true,"href":"https:\/\/agora.xtec.cat\/cfa-riberadebre\/wp-json\/wp\/v2\/pages\/283"}],"wp:attachment":[{"href":"https:\/\/agora.xtec.cat\/cfa-riberadebre\/wp-json\/wp\/v2\/media?parent=296"}],"curies":[{"name":"wp","href":"https:\/\/api.w.org\/{rel}","templated":true}]}}