{"id":261,"date":"2015-01-27T17:25:01","date_gmt":"2015-01-27T16:25:01","guid":{"rendered":"http:\/\/agora.xtec.cat\/cfa-riberadebre\/?page_id=261"},"modified":"2021-05-24T10:36:49","modified_gmt":"2021-05-24T08:36:49","slug":"el-centre","status":"publish","type":"page","link":"https:\/\/agora.xtec.cat\/cfa-riberadebre\/el-centre\/","title":{"rendered":"El Centre"},"content":{"rendered":"<p class=\"western\" align=\"justify\"><span style=\"font-family: ArialMT-Identity-H, Arial, sans-serif;\"><span style=\"font-size: medium;\">El nostre centre CFA Ribera d&#8217;Ebre, es troba situat a la poblaci\u00f3 de M\u00f3ra d&#8217;Ebre, capital de comarca de la Ribera d&#8217;Ebre. El nombre d&#8217;habitants de la poblaci\u00f3 \u00e9s d&#8217;uns 5.000, per\u00f2 la seva \u00e0rea d&#8217;influ\u00e8ncia inclou les poblacions m\u00e9s properes i corresponen a un total d&#8217;unes 15.000 persones. El nostre alumnat prov\u00e9 principalment de M\u00f3ra d&#8217;Ebre, per\u00f2 tamb\u00e9 tenim un nombre importat d&#8217;alumnes de les poblacions de l&#8217;\u00e0rea d&#8217;influ\u00e8ncia.<\/span><\/span><\/p>\n<p class=\"western\" align=\"justify\"><span style=\"font-family: ArialMT-Identity-H, Arial, sans-serif;\"><span style=\"font-size: medium;\">Ens trobem en un entorn rural, i el nivell sociecon\u00f2mic del nostre alumnat \u00e9s mitj\u00e0, amb edats molt diverses, que van dels 16 al 65 anys. Tamb\u00e9 hi ha un percentatge d&#8217;un 15% d&#8217;alumnat provinent d&#8217;altres pa\u00efsos que cursen principalment catal\u00e0 i castell\u00e0 d&#8217;acollida. El nostre alumnat t\u00e9 un gran ventall de possibilitats per formar-se a a la nostra escola a trav\u00e9s dels diferents cursos que oferim, alguns dels quals consten de diferents nivells per tal de garantir-ne la continu\u00eftat. Alguns dels nostres alumnes participen a m\u00e9s d&#8217;un curs a l&#8217;escola.<\/span><\/span><\/p>\n<p class=\"western\" align=\"justify\"><span style=\"font-family: ArialMT-Identity-H, Arial, sans-serif;\"><span style=\"font-size: medium;\">Els cursos que oferim s\u00f3n els seg\u00fcents: <\/span><\/span><\/p>\n<table style=\"border-color: #000000; width: 100%; border-style: solid;\" width=\"100%\" cellspacing=\"0\" cellpadding=\"6\">\n<colgroup>\n<col width=\"102*\" \/>\n<col width=\"154*\" \/> <\/colgroup>\n<tbody>\n<tr valign=\"top\">\n<td style=\"background: #c2f2cc none repeat scroll 0% 0%; border-style: solid; width: 40%; border-color: #000000;\" bgcolor=\"#c0c0c0\" width=\"40%\">\n<p class=\"western\" align=\"center\"><span style=\"font-family: ArialMT-Identity-H, Arial, sans-serif;\"><span style=\"font-size: medium;\"><b>ENSENYAMENTS<\/b><\/span><\/span><\/p>\n<p class=\"western\" align=\"center\"><span style=\"font-family: ArialMT-Identity-H, Arial, sans-serif;\"><span style=\"font-size: medium;\"><b>INICIALS<\/b><\/span><\/span><\/p>\n<\/td>\n<td style=\"border-style: solid; border-color: #000000;\" width=\"60%\">\n<p class=\"western\" align=\"justify\"><span style=\"font-family: ArialMT-Identity-H, Arial, sans-serif;\"><span style=\"font-size: medium;\">&#8211; CATAL\u00c0 1, 2 i 3<\/span><\/span><\/p>\n<p class=\"western\" align=\"justify\"><span style=\"font-family: ArialMT-Identity-H, Arial, sans-serif;\"><span style=\"font-size: medium;\">&#8211; CASTELL\u00c0 1 i 2<\/span><\/span><\/p>\n<p class=\"western\" align=\"justify\"><span style=\"font-family: ArialMT-Identity-H, Arial, sans-serif;\"><span style=\"font-size: medium;\">&#8211; ANGL\u00c8S 1<\/span><\/span><\/p>\n<p class=\"western\" align=\"justify\"><span style=\"font-family: ArialMT-Identity-H, Arial, sans-serif;\"><span style=\"font-size: medium;\">&#8211; COMPETIC INICIAL <\/span><\/span><\/p>\n<p class=\"western\" align=\"justify\"><span style=\"font-family: ArialMT-Identity-H, Arial, sans-serif;\"><span style=\"font-size: medium;\">&#8211; FORMACI\u00d3 INSTRUMENTAL<br \/>\n<\/span><\/span><\/p>\n<\/td>\n<\/tr>\n<tr valign=\"top\">\n<td style=\"background: #c2f2cc none repeat scroll 0% 0%; border-style: solid; border-color: #000000;\" bgcolor=\"#c0c0c0\" width=\"40%\">\n<p class=\"western\" align=\"center\"><span style=\"font-family: ArialMT-Identity-H, Arial, sans-serif;\"><span style=\"font-size: medium;\"><b>PROVES D&#8217;ACC\u00c9S <\/b><\/span><\/span><\/p>\n<\/td>\n<td style=\"border-style: solid; border-color: #000000;\" width=\"60%\">\n<p class=\"western\" align=\"justify\"><span style=\"font-family: ArialMT-Identity-H, Arial, sans-serif;\"><span style=\"font-size: medium;\">&#8211; PROVES D&#8217;ACC\u00c9S A GRAU MITJ\u00c0<\/span><\/span><\/p>\n<p class=\"western\" align=\"justify\"><span style=\"font-family: ArialMT-Identity-H, Arial, sans-serif;\"><span style=\"font-size: medium;\">&#8211; PROVES D&#8217;ACC\u00c9S A GRAU SUPERIOR <\/span><\/span><\/p>\n<\/td>\n<\/tr>\n<tr valign=\"top\">\n<td style=\"background: #c2f2cc none repeat scroll 0% 0%; border-style: solid; border-color: #000000;\" bgcolor=\"#c0c0c0\" width=\"40%\">\n<p class=\"western\" align=\"center\"><span style=\"font-family: ArialMT-Identity-H, Arial, sans-serif;\"><span style=\"font-size: medium;\"><b>COMPET\u00c8NCIES PER A LA SOCIETAT DE LA INFORMACI\u00d3<\/b><\/span><\/span><\/p>\n<\/td>\n<td style=\"border-style: solid; border-color: #000000;\" width=\"60%\">\n<p class=\"western\" align=\"justify\"><span style=\"font-family: ArialMT-Identity-H, Arial, sans-serif;\"><span style=\"font-size: medium;\">&#8211; ANGL\u00c8S 2 i 3<\/span><\/span><\/p>\n<p class=\"western\" align=\"justify\"><span style=\"font-family: ArialMT-Identity-H, Arial, sans-serif;\"><span style=\"font-size: medium;\">&#8211; COMPETIC 1<\/span><\/span><\/p>\n<p class=\"western\" align=\"justify\"><span style=\"font-family: ArialMT-Identity-H, Arial, sans-serif;\"><span style=\"font-size: medium;\">&#8211; COMPETIC 2<\/span><\/span><\/p>\n<p class=\"western\" align=\"justify\"><span style=\"font-family: ArialMT-Identity-H, Arial, sans-serif;\"><span style=\"font-size: medium;\">&#8211; COMPETIC 3<\/span><\/span><\/p>\n<\/td>\n<\/tr>\n<tr valign=\"top\">\n<td style=\"background: #c2f2cc none repeat scroll 0% 0%; border-style: solid; border-color: #000000;\" bgcolor=\"#c0c0c0\" width=\"40%\">\n<p class=\"western\" align=\"center\"><span style=\"font-family: ArialMT-Identity-H, Arial, sans-serif;\"><span style=\"font-size: medium;\"><b>GES<\/b><\/span><\/span><\/p>\n<\/td>\n<td style=\"border-style: solid; border-color: #000000;\" width=\"60%\">\n<p class=\"western\" align=\"justify\"><span style=\"font-family: ArialMT-Identity-H, Arial, sans-serif;\"><span style=\"font-size: medium;\">&#8211; GES PRESENCIAL<\/span><\/span><\/p>\n<p class=\"western\" align=\"justify\"><span style=\"font-family: ArialMT-Identity-H, Arial, sans-serif;\"><span style=\"font-size: medium;\">&#8211; GES A DIST\u00c0NCIA (punt de suport de l&#8217;IOC)<\/span><\/span><\/p>\n<\/td>\n<\/tr>\n<\/tbody>\n<\/table>\n<p class=\"western\" align=\"justify\"><span style=\"font-family: ArialMT-Identity-H, Arial, sans-serif;\"><span style=\"font-size: medium;\">\u00a0<\/span><\/span><\/p>\n","protected":false},"excerpt":{"rendered":"<p>El nostre centre CFA Ribera d&#8217;Ebre, es troba situat a la poblaci\u00f3 de M\u00f3ra d&#8217;Ebre, capital de comarca de la Ribera d&#8217;Ebre. El nombre d&#8217;habitants de la poblaci\u00f3 \u00e9s d&#8217;uns 5.000, per\u00f2 la seva \u00e0rea d&#8217;influ\u00e8ncia inclou les poblacions m\u00e9s properes i corresponen a un&hellip;  <a href=\"https:\/\/agora.xtec.cat\/cfa-riberadebre\/el-centre\/\" title=\"Read El Centre\">Llegeix m\u00e9s\u00bb<\/a><\/p>\n","protected":false},"author":1,"featured_media":0,"parent":0,"menu_order":0,"comment_status":"closed","ping_status":"closed","template":"page-templates\/side-menu.php","meta":{"_bbp_topic_count":0,"_bbp_reply_count":0,"_bbp_total_topic_count":0,"_bbp_total_reply_count":0,"_bbp_voice_count":0,"_bbp_anonymous_reply_count":0,"_bbp_topic_count_hidden":0,"_bbp_reply_count_hidden":0,"_bbp_forum_subforum_count":0,"footnotes":""},"class_list":["post-261","page","type-page","status-publish","hentry"],"post_mailing_queue_ids":[],"_links":{"self":[{"href":"https:\/\/agora.xtec.cat\/cfa-riberadebre\/wp-json\/wp\/v2\/pages\/261","targetHints":{"allow":["GET"]}}],"collection":[{"href":"https:\/\/agora.xtec.cat\/cfa-riberadebre\/wp-json\/wp\/v2\/pages"}],"about":[{"href":"https:\/\/agora.xtec.cat\/cfa-riberadebre\/wp-json\/wp\/v2\/types\/page"}],"author":[{"embeddable":true,"href":"https:\/\/agora.xtec.cat\/cfa-riberadebre\/wp-json\/wp\/v2\/users\/1"}],"replies":[{"embeddable":true,"href":"https:\/\/agora.xtec.cat\/cfa-riberadebre\/wp-json\/wp\/v2\/comments?post=261"}],"version-history":[{"count":3,"href":"https:\/\/agora.xtec.cat\/cfa-riberadebre\/wp-json\/wp\/v2\/pages\/261\/revisions"}],"predecessor-version":[{"id":1080,"href":"https:\/\/agora.xtec.cat\/cfa-riberadebre\/wp-json\/wp\/v2\/pages\/261\/revisions\/1080"}],"wp:attachment":[{"href":"https:\/\/agora.xtec.cat\/cfa-riberadebre\/wp-json\/wp\/v2\/media?parent=261"}],"curies":[{"name":"wp","href":"https:\/\/api.w.org\/{rel}","templated":true}]}}