{"id":21,"date":"2014-09-17T16:14:14","date_gmt":"2014-09-17T16:14:14","guid":{"rendered":"http:\/\/agora.xtec.cat\/cfa-riberadebre\/?page_id=21"},"modified":"2021-05-24T10:57:04","modified_gmt":"2021-05-24T08:57:04","slug":"on-som","status":"publish","type":"page","link":"https:\/\/agora.xtec.cat\/cfa-riberadebre\/el-centre\/on-som\/","title":{"rendered":"On som"},"content":{"rendered":"<p style=\"color: #666666;\"><strong>CFA Ribera d&#8217;Ebre<\/strong><br \/>\nAv. Comarques Catalanes 103<br \/>\n43740 M\u00f3ra d&#8217;Ebre<\/p>\n<p style=\"color: #666666;\">Tel. 977 40 27 79<\/p>\n<p><strong>&#8211; Web:\u00a0<\/strong><a href=\"http:\/\/www.cfaribera.cat\" target=\"_blank\" rel=\"noopener noreferrer\">www.cfaribera.cat<\/a><\/p>\n<p><strong>&#8211; Correus electr\u00f2nics:<br \/>\n<\/strong><\/p>\n<ul>\n<li style=\"list-style-type: none;\">\n<ul>\n<li><em>Informaci\u00f3 i atenci\u00f3 al p\u00fablic<\/em>: secretaria@cfaribera.cat \/\/ info@cfaribera.cat<\/li>\n<li><em>Preinscripcions i matr\u00edcules:<\/em> matricula@cfaribera.cat<\/li>\n<\/ul>\n<\/li>\n<\/ul>\n<p><a href=\"https:\/\/www.google.com\/maps\/place\/CFA+Ribera+d'Ebre\/@41.0868676,0.6305047,17z\/data=!4m5!3m4!1s0x12a127d062a19779:0xb56c84cf5f2dd50c!8m2!3d41.0865713!4d0.6330141\" target=\"_blank\" rel=\"noopener noreferrer\"><img loading=\"lazy\" decoding=\"async\" class=\"aligncenter size-full wp-image-1082\" src=\"https:\/\/agora.xtec.cat\/cfa-riberadebre\/wp-content\/uploads\/usu1996\/2021\/05\/Imatge-ubicaci\u00f3.png\" alt=\"\" width=\"871\" height=\"807\" srcset=\"https:\/\/agora.xtec.cat\/cfa-riberadebre\/wp-content\/uploads\/usu1996\/2021\/05\/Imatge-ubicaci\u00f3.png 871w, https:\/\/agora.xtec.cat\/cfa-riberadebre\/wp-content\/uploads\/usu1996\/2021\/05\/Imatge-ubicaci\u00f3-300x278.png 300w, https:\/\/agora.xtec.cat\/cfa-riberadebre\/wp-content\/uploads\/usu1996\/2021\/05\/Imatge-ubicaci\u00f3-768x712.png 768w\" sizes=\"auto, (max-width: 871px) 100vw, 871px\" \/><\/a><\/p>\n","protected":false},"excerpt":{"rendered":"<p>CFA Ribera d&#8217;Ebre<br \/>\nAv. Comarques Catalanes 103<br \/>\n43740 M\u00f3ra d&#8217;Ebre<br \/>\nTel. 977 40 27 79<br \/>\n&#8211; Web:\u00a0<a href=\"http:\/\/www.cfaribera.cat\" target=\"_blank\" rel=\"noopener noreferrer\">www.cfaribera.cat<\/a><br \/>\n&#8211; Correus electr\u00f2nics:<\/p>\n<ul>\n<li style=\"list-style-type: none;\">\n<ul>\n<li>Informaci\u00f3 i atenci\u00f3 al p\u00fablic: secretaria@cfaribera.cat \/\/ info@cfaribera.cat<\/li>\n<li>Preinscripcions i matr\u00edcules: matricula@cfaribera.cat<\/li>\n<\/ul>\n<\/li>\n<\/ul>\n<p><a href=\"https:\/\/www.google.com\/maps\/place\/CFA+Ribera+d'Ebre\/@41.0868676,0.6305047,17z\/data=!4m5!3m4!1s0x12a127d062a19779:0xb56c84cf5f2dd50c!8m2!3d41.0865713!4d0.6330141\" target=\"_blank\" rel=\"noopener noreferrer\"><\/a><\/p>\n","protected":false},"author":1,"featured_media":0,"parent":261,"menu_order":10,"comment_status":"closed","ping_status":"closed","template":"page-templates\/side-menu.php","meta":{"_bbp_topic_count":0,"_bbp_reply_count":0,"_bbp_total_topic_count":0,"_bbp_total_reply_count":0,"_bbp_voice_count":0,"_bbp_anonymous_reply_count":0,"_bbp_topic_count_hidden":0,"_bbp_reply_count_hidden":0,"_bbp_forum_subforum_count":0,"footnotes":""},"class_list":["post-21","page","type-page","status-publish","hentry"],"post_mailing_queue_ids":[],"_links":{"self":[{"href":"https:\/\/agora.xtec.cat\/cfa-riberadebre\/wp-json\/wp\/v2\/pages\/21","targetHints":{"allow":["GET"]}}],"collection":[{"href":"https:\/\/agora.xtec.cat\/cfa-riberadebre\/wp-json\/wp\/v2\/pages"}],"about":[{"href":"https:\/\/agora.xtec.cat\/cfa-riberadebre\/wp-json\/wp\/v2\/types\/page"}],"author":[{"embeddable":true,"href":"https:\/\/agora.xtec.cat\/cfa-riberadebre\/wp-json\/wp\/v2\/users\/1"}],"replies":[{"embeddable":true,"href":"https:\/\/agora.xtec.cat\/cfa-riberadebre\/wp-json\/wp\/v2\/comments?post=21"}],"version-history":[{"count":3,"href":"https:\/\/agora.xtec.cat\/cfa-riberadebre\/wp-json\/wp\/v2\/pages\/21\/revisions"}],"predecessor-version":[{"id":1084,"href":"https:\/\/agora.xtec.cat\/cfa-riberadebre\/wp-json\/wp\/v2\/pages\/21\/revisions\/1084"}],"up":[{"embeddable":true,"href":"https:\/\/agora.xtec.cat\/cfa-riberadebre\/wp-json\/wp\/v2\/pages\/261"}],"wp:attachment":[{"href":"https:\/\/agora.xtec.cat\/cfa-riberadebre\/wp-json\/wp\/v2\/media?parent=21"}],"curies":[{"name":"wp","href":"https:\/\/api.w.org\/{rel}","templated":true}]}}