{"id":1108,"date":"2021-05-24T13:50:53","date_gmt":"2021-05-24T11:50:53","guid":{"rendered":"https:\/\/agora.xtec.cat\/cfa-riberadebre\/?page_id=1108"},"modified":"2021-05-24T13:53:10","modified_gmt":"2021-05-24T11:53:10","slug":"formacio-instrumental","status":"publish","type":"page","link":"https:\/\/agora.xtec.cat\/cfa-riberadebre\/ensenyaments\/ensenyaments-inicials-i-formacio-basica\/formacio-instrumental\/","title":{"rendered":"Formaci\u00f3 instrumental"},"content":{"rendered":"<p>L&#8217;objectiu d&#8217;aquests estudis \u00e9s que les persones adultes vulguin consolidar mecanismes de lectura i escriptura i de c\u00e0lcul, a m\u00e9s de nocions elementals sobre l&#8217;entorn social i natural.<\/p>\n<p>La superaci\u00f3 d&#8217;aquest curs permet a l&#8217;alumnat obtenir el <strong>certificat d&#8217;estudis primaris <\/strong>i la possibilitat de continuar estudiant ensenyaments b\u00e0sics (ESO per a adults, llengua catalana, llengua castellana).<\/p>\n<p>Per a m\u00e9s informaci\u00f3 podeu consultar l\u2019enlla\u00e7 oficial del curs del <u><a href=\"https:\/\/triaeducativa.gencat.cat\/ca\/educacio-adults\/ofertats\/formacio-instrumental\/?p_id=294&amp;estudi\" target=\"_blank\" rel=\"noopener noreferrer\">Departament D\u2019Educaci\u00f3 de la Generalitat de Catalunya<\/a><\/u> o descarregar-vos la <a href=\"https:\/\/www.gencat.cat\/ensenyament\/eac\/pdf\/FPA_CFI_0000_CA.pdf\" target=\"_blank\" rel=\"noopener noreferrer\">Fitxa de l\u2019Estudi (pdf)<\/a><\/p>\n","protected":false},"excerpt":{"rendered":"<p>L&#8217;objectiu d&#8217;aquests estudis \u00e9s que les persones adultes vulguin consolidar mecanismes de lectura i escriptura i de c\u00e0lcul, a m\u00e9s de nocions elementals sobre l&#8217;entorn social i natural.<br \/>\nLa superaci\u00f3 d&#8217;aquest curs permet a l&#8217;alumnat obtenir el certificat d&#8217;estudis primaris i la possibilitat de continuar estudiant&hellip;  <a href=\"https:\/\/agora.xtec.cat\/cfa-riberadebre\/ensenyaments\/ensenyaments-inicials-i-formacio-basica\/formacio-instrumental\/\" title=\"Read Formaci\u00f3 instrumental\">Llegeix m\u00e9s\u00bb<\/a><\/p>\n","protected":false},"author":1,"featured_media":0,"parent":283,"menu_order":0,"comment_status":"closed","ping_status":"closed","template":"","meta":{"_bbp_topic_count":0,"_bbp_reply_count":0,"_bbp_total_topic_count":0,"_bbp_total_reply_count":0,"_bbp_voice_count":0,"_bbp_anonymous_reply_count":0,"_bbp_topic_count_hidden":0,"_bbp_reply_count_hidden":0,"_bbp_forum_subforum_count":0,"footnotes":""},"class_list":["post-1108","page","type-page","status-publish","hentry"],"post_mailing_queue_ids":[],"_links":{"self":[{"href":"https:\/\/agora.xtec.cat\/cfa-riberadebre\/wp-json\/wp\/v2\/pages\/1108","targetHints":{"allow":["GET"]}}],"collection":[{"href":"https:\/\/agora.xtec.cat\/cfa-riberadebre\/wp-json\/wp\/v2\/pages"}],"about":[{"href":"https:\/\/agora.xtec.cat\/cfa-riberadebre\/wp-json\/wp\/v2\/types\/page"}],"author":[{"embeddable":true,"href":"https:\/\/agora.xtec.cat\/cfa-riberadebre\/wp-json\/wp\/v2\/users\/1"}],"replies":[{"embeddable":true,"href":"https:\/\/agora.xtec.cat\/cfa-riberadebre\/wp-json\/wp\/v2\/comments?post=1108"}],"version-history":[{"count":1,"href":"https:\/\/agora.xtec.cat\/cfa-riberadebre\/wp-json\/wp\/v2\/pages\/1108\/revisions"}],"predecessor-version":[{"id":1109,"href":"https:\/\/agora.xtec.cat\/cfa-riberadebre\/wp-json\/wp\/v2\/pages\/1108\/revisions\/1109"}],"up":[{"embeddable":true,"href":"https:\/\/agora.xtec.cat\/cfa-riberadebre\/wp-json\/wp\/v2\/pages\/283"}],"wp:attachment":[{"href":"https:\/\/agora.xtec.cat\/cfa-riberadebre\/wp-json\/wp\/v2\/media?parent=1108"}],"curies":[{"name":"wp","href":"https:\/\/api.w.org\/{rel}","templated":true}]}}