{"id":772,"date":"2016-09-06T17:58:08","date_gmt":"2016-09-06T16:58:08","guid":{"rendered":"http:\/\/agora.xtec.cat\/cfa-ramonllull\/?page_id=772"},"modified":"2026-04-09T17:56:14","modified_gmt":"2026-04-09T15:56:14","slug":"fse-fons-social-europeu","status":"publish","type":"page","link":"https:\/\/agora.xtec.cat\/cfa-ramonllull\/serveis\/fse-fons-social-europeu\/","title":{"rendered":"FSE (Fons Social Europeu)"},"content":{"rendered":"<p>El <a href=\"http:\/\/xtec.gencat.cat\/ca\/curriculum\/educacioadults\/fons-social-europeu\/\" target=\"_blank\" rel=\"noopener noreferrer\">Fons Social Europeu<\/a> va \u00e9sser un dels Fons Estructurals de la Uni\u00f3 Europea que promovia inversions en totes les regions de la UE amb la finalitat de promoure la cohesi\u00f3 social i econ\u00f2mica.<\/p>\n<p>El programa operatiu a Catalunya del<strong> FSE <\/strong>va tenir una\u00a0 durada de 2014 fins a 2020. En el <strong>CFA Ramon Llull<\/strong>, promovia els nivells de COMPETIC, Angl\u00e8s i Proves d&#8217;Acc\u00e9s als Cicles Formatius de Grau Mitj\u00e0 i Superior.<\/p>\n","protected":false},"excerpt":{"rendered":"<p>El <a href=\"http:\/\/xtec.gencat.cat\/ca\/curriculum\/educacioadults\/fons-social-europeu\/\" target=\"_blank\" rel=\"noopener noreferrer\">Fons Social Europeu<\/a> va \u00e9sser un dels Fons Estructurals de la Uni\u00f3 Europea que promovia inversions en totes les regions de la UE amb la finalitat de promoure la cohesi\u00f3 social i econ\u00f2mica.<br \/>\nEl programa operatiu a Catalunya del FSE va&hellip;  <a href=\"https:\/\/agora.xtec.cat\/cfa-ramonllull\/serveis\/fse-fons-social-europeu\/\" title=\"Read FSE (Fons Social Europeu)\">Llegeix m\u00e9s\u00bb<\/a><\/p>\n","protected":false},"author":1,"featured_media":0,"parent":63,"menu_order":7,"comment_status":"closed","ping_status":"closed","template":"page-templates\/side-menu.php","meta":{"_bbp_topic_count":0,"_bbp_reply_count":0,"_bbp_total_topic_count":0,"_bbp_total_reply_count":0,"_bbp_voice_count":0,"_bbp_anonymous_reply_count":0,"_bbp_topic_count_hidden":0,"_bbp_reply_count_hidden":0,"_bbp_forum_subforum_count":0,"footnotes":""},"class_list":["post-772","page","type-page","status-publish","hentry"],"post_mailing_queue_ids":[],"_links":{"self":[{"href":"https:\/\/agora.xtec.cat\/cfa-ramonllull\/wp-json\/wp\/v2\/pages\/772","targetHints":{"allow":["GET"]}}],"collection":[{"href":"https:\/\/agora.xtec.cat\/cfa-ramonllull\/wp-json\/wp\/v2\/pages"}],"about":[{"href":"https:\/\/agora.xtec.cat\/cfa-ramonllull\/wp-json\/wp\/v2\/types\/page"}],"author":[{"embeddable":true,"href":"https:\/\/agora.xtec.cat\/cfa-ramonllull\/wp-json\/wp\/v2\/users\/1"}],"replies":[{"embeddable":true,"href":"https:\/\/agora.xtec.cat\/cfa-ramonllull\/wp-json\/wp\/v2\/comments?post=772"}],"version-history":[{"count":4,"href":"https:\/\/agora.xtec.cat\/cfa-ramonllull\/wp-json\/wp\/v2\/pages\/772\/revisions"}],"predecessor-version":[{"id":2779,"href":"https:\/\/agora.xtec.cat\/cfa-ramonllull\/wp-json\/wp\/v2\/pages\/772\/revisions\/2779"}],"up":[{"embeddable":true,"href":"https:\/\/agora.xtec.cat\/cfa-ramonllull\/wp-json\/wp\/v2\/pages\/63"}],"wp:attachment":[{"href":"https:\/\/agora.xtec.cat\/cfa-ramonllull\/wp-json\/wp\/v2\/media?parent=772"}],"curies":[{"name":"wp","href":"https:\/\/api.w.org\/{rel}","templated":true}]}}