{"id":716,"date":"2016-06-19T15:37:49","date_gmt":"2016-06-19T14:37:49","guid":{"rendered":"http:\/\/agora.xtec.cat\/cfa-ramonllull\/?page_id=716"},"modified":"2024-07-10T18:35:48","modified_gmt":"2024-07-10T16:35:48","slug":"destacables","status":"publish","type":"page","link":"https:\/\/agora.xtec.cat\/cfa-ramonllull\/el-centre\/destacables\/","title":{"rendered":"Qu\u00e8 diu l&#8217;alumnat?"},"content":{"rendered":"<h4 style=\"text-align: center;\"><span style=\"text-decoration: underline;\"><em>Per qu\u00e8 estudiar a l&#8217;IOC?<\/em><\/span><\/h4>\n<p style=\"text-align: center;\"><iframe loading=\"lazy\" src=\"\/\/www.youtube.com\/embed\/smM1KsEnVb0\" width=\"560\" height=\"315\" frameborder=\"0\"><\/iframe><\/p>\n<p style=\"text-align: center;\">Gl\u00f2ria L\u00f3pez \u00c1lvarez,<\/p>\n<p style=\"text-align: center;\">alumna de GES que ha participat en el concurs de V\u00eddeos de l&#8217;IOC,<\/p>\n<p style=\"text-align: center;\">ha obtingut un obsequi per la seva participaci\u00f3 i esfor\u00e7.<\/p>\n<p style=\"text-align: center;\">Trimestre d&#8217;hivern 2020<\/p>\n<h4 style=\"text-align: center;\"><span style=\"text-decoration: underline;\">Hake &#8211; <em>Frac\u00e0s escolar<\/em><\/span><\/h4>\n<p style=\"text-align: center;\"><iframe loading=\"lazy\" src=\"\/\/www.youtube.com\/embed\/QVy2CJxwfJg\" width=\"560\" height=\"315\" frameborder=\"0\"><\/iframe><\/p>\n<p style=\"text-align: center;\">Joan Siverio,<\/p>\n<p style=\"text-align: center;\">alumne de Proves d&#8217;Acc\u00e9s als Cicles Formatius de Grau Mitj\u00e0 (PACFGM)<\/p>\n<p style=\"text-align: center;\">Curs 2019\/2020<\/p>\n<h4 style=\"text-align: center;\"><span style=\"text-decoration: underline;\"><strong>V\u00eddeos realitzats per l&#8217;alumnat de COMPETIC (Compet\u00e8ncies en Tecnologies de la Informaci\u00f3 i la Comunicaci\u00f3)<\/strong><\/span><\/h4>\n<p style=\"text-align: center;\"><iframe loading=\"lazy\" src=\"\/\/www.youtube.com\/embed\/zkqb4y8Xdds\" width=\"560\" height=\"315\" frameborder=\"0\"><\/iframe><\/p>\n<p style=\"text-align: center;\"><iframe loading=\"lazy\" src=\"\/\/www.youtube.com\/embed\/hp-ew0o-_wc\" width=\"560\" height=\"315\" frameborder=\"0\"><\/iframe><\/p>\n<p style=\"text-align: center;\"><iframe loading=\"lazy\" src=\"\/\/www.youtube.com\/embed\/JZt8gk8ux3o\" width=\"560\" height=\"315\" frameborder=\"0\"><\/iframe><\/p>\n<p style=\"text-align: center;\"><iframe loading=\"lazy\" src=\"https:\/\/www.youtube.com\/embed\/HZBcRgthwfw\" width=\"560\" height=\"315\" frameborder=\"0\"><\/iframe><\/p>\n<p style=\"text-align: center;\"><iframe loading=\"lazy\" src=\"\/\/www.youtube.com\/embed\/u18eHfQKK2g\" width=\"560\" height=\"314\"><\/iframe><\/p>\n<p style=\"text-align: center;\"><iframe loading=\"lazy\" src=\"https:\/\/www.youtube.com\/embed\/EnavgxvGWTU\" width=\"560\" height=\"315\" frameborder=\"0\"><\/iframe><\/p>\n<p style=\"text-align: center;\"><iframe loading=\"lazy\" src=\"https:\/\/www.youtube.com\/embed\/-J9gVsEMgdI\" width=\"560\" height=\"315\" frameborder=\"0\"><\/iframe><\/p>\n<h4 style=\"text-align: center;\"><span style=\"text-decoration: underline;\"><strong>Falques radiof\u00f2niques<\/strong><\/span><\/h4>\n<p style=\"text-align: center;\"><em><a href=\"https:\/\/drive.google.com\/file\/d\/0B6rVmpZYyMUbWWM2RGJaUE5OSlU\/view\" target=\"_blank\" rel=\"noopener noreferrer\">M\u00e9s que una escola<\/a><\/em><\/p>\n<p style=\"text-align: center;\"><em><a href=\"https:\/\/drive.google.com\/file\/d\/0B77Yai-nXwpJMW50Rm5JR2pJT2s\/view\" target=\"_blank\" rel=\"noopener noreferrer\">Ara \u00e9s el futur<\/a><\/em><\/p>\n<p style=\"text-align: center;\"><em><a href=\"https:\/\/drive.google.com\/file\/d\/0B0K72uE-VZgDdkQ0ak1BVWM4RGs\/view\" target=\"_blank\" rel=\"noopener noreferrer\">Estudiar es el futuro<\/a><\/em><\/p>\n<p style=\"text-align: center;\"><em><a href=\"https:\/\/drive.google.com\/file\/d\/0B0JESzXi1LrZaHNXZEJKZHlSWmM\/view\" target=\"_blank\" rel=\"noopener noreferrer\">Coraz\u00f3n + libro = adulto creativo<\/a><\/em><\/p>\n<p style=\"text-align: center;\"><em><a href=\"https:\/\/drive.google.com\/file\/d\/0B-1m1EsvlDNZRGpMRjVxZmRwVXc\/view\" target=\"_blank\" rel=\"noopener noreferrer\">La teva superaci\u00f3 \u00e9s la nostra meta<\/a><\/em><\/p>\n<p style=\"text-align: center;\"><em><a href=\"https:\/\/drive.google.com\/file\/d\/0B20nbEofXFqwSHR5c0JOaGV4WFU\/view\" target=\"_blank\" rel=\"noopener noreferrer\">Si el cap et bull vine al Ramon Llull<\/a><\/em><\/p>\n<p style=\"text-align: center;\"><em><a href=\"https:\/\/drive.google.com\/file\/d\/0B4t9vf8UrxIsaTUxckxKbGNfMXM\/view\" target=\"_blank\" rel=\"noopener noreferrer\">Ramon Llull, tu presente<\/a><\/em><\/p>\n<h4 style=\"text-align: center;\"><span style=\"text-decoration: underline;\"><strong>Webs<\/strong><\/span><\/h4>\n<p style=\"text-align: center;\"><em><a href=\"https:\/\/sites.google.com\/site\/mesqueunaescola2016\/\" target=\"_blank\" rel=\"noopener noreferrer\">M\u00e9s que una escola<\/a><\/em><\/p>\n<p style=\"text-align: center;\"><em><a href=\"https:\/\/sites.google.com\/a\/xtec.cat\/ara-es-el-futur\/\" target=\"_blank\" rel=\"noopener noreferrer\">Ara \u00e9s el futur<\/a><\/em><\/p>\n<p style=\"text-align: center;\"><em><a href=\"https:\/\/sites.google.com\/site\/estudiareselfuturo\/\" target=\"_blank\" rel=\"noopener noreferrer\">Estudiar es el futuro<\/a><\/em><\/p>\n<p style=\"text-align: center;\"><em><a href=\"https:\/\/sites.google.com\/site\/corazonlibroadultocreativo\/\" target=\"_blank\" rel=\"noopener noreferrer\">Coraz\u00f3n +\u00a0libro\u00a0=\u00a0adulto creativo<\/a><\/em><\/p>\n<p style=\"text-align: center;\"><em><a href=\"https:\/\/sites.google.com\/site\/latevasuperacioeslanostrameta\/\" target=\"_blank\" rel=\"noopener noreferrer\">La teva superaci\u00f3 \u00e9s la nostra meta<\/a><\/em><\/p>\n<p style=\"text-align: center;\"><em><a href=\"https:\/\/sites.google.com\/site\/vinealramonllull\/\" target=\"_blank\" rel=\"noopener noreferrer\">Si el cap et bull vine al Ramon Llull<\/a><\/em><\/p>\n<p style=\"text-align: center;\"><em><a href=\"https:\/\/sites.google.com\/site\/ramonllulltupresente\/\" target=\"_blank\" rel=\"noopener noreferrer\">Ramon Llull, tu presente<\/a><\/em><\/p>\n<p style=\"text-align: left;\">\n","protected":false},"excerpt":{"rendered":"<p>Per qu\u00e8 estudiar a l&#8217;IOC?<\/p>\n<p>Gl\u00f2ria L\u00f3pez \u00c1lvarez,<br \/>\nalumna de GES que ha participat en el concurs de V\u00eddeos de l&#8217;IOC,<br \/>\nha obtingut un obsequi per la seva participaci\u00f3 i esfor\u00e7.<br \/>\nTrimestre d&#8217;hivern 2020<br \/>\nHake &#8211; Frac\u00e0s escolar<\/p>\n<p>Joan Siverio,<br \/>\nalumne de Proves d&#8217;Acc\u00e9s als Cicles Formatius de Grau Mitj\u00e0 (PACFGM)<br \/>\nCurs 2019\/2020<br \/>\nV\u00eddeos&hellip;  <a href=\"https:\/\/agora.xtec.cat\/cfa-ramonllull\/el-centre\/destacables\/\" title=\"Read Qu\u00e8 diu l&#8217;alumnat?\">Llegeix m\u00e9s\u00bb<\/a><\/p>\n","protected":false},"author":1,"featured_media":0,"parent":261,"menu_order":9,"comment_status":"closed","ping_status":"closed","template":"page-templates\/side-menu.php","meta":{"_bbp_topic_count":0,"_bbp_reply_count":0,"_bbp_total_topic_count":0,"_bbp_total_reply_count":0,"_bbp_voice_count":0,"_bbp_anonymous_reply_count":0,"_bbp_topic_count_hidden":0,"_bbp_reply_count_hidden":0,"_bbp_forum_subforum_count":0,"footnotes":""},"class_list":["post-716","page","type-page","status-publish","hentry"],"post_mailing_queue_ids":[],"_links":{"self":[{"href":"https:\/\/agora.xtec.cat\/cfa-ramonllull\/wp-json\/wp\/v2\/pages\/716","targetHints":{"allow":["GET"]}}],"collection":[{"href":"https:\/\/agora.xtec.cat\/cfa-ramonllull\/wp-json\/wp\/v2\/pages"}],"about":[{"href":"https:\/\/agora.xtec.cat\/cfa-ramonllull\/wp-json\/wp\/v2\/types\/page"}],"author":[{"embeddable":true,"href":"https:\/\/agora.xtec.cat\/cfa-ramonllull\/wp-json\/wp\/v2\/users\/1"}],"replies":[{"embeddable":true,"href":"https:\/\/agora.xtec.cat\/cfa-ramonllull\/wp-json\/wp\/v2\/comments?post=716"}],"version-history":[{"count":4,"href":"https:\/\/agora.xtec.cat\/cfa-ramonllull\/wp-json\/wp\/v2\/pages\/716\/revisions"}],"predecessor-version":[{"id":1387,"href":"https:\/\/agora.xtec.cat\/cfa-ramonllull\/wp-json\/wp\/v2\/pages\/716\/revisions\/1387"}],"up":[{"embeddable":true,"href":"https:\/\/agora.xtec.cat\/cfa-ramonllull\/wp-json\/wp\/v2\/pages\/261"}],"wp:attachment":[{"href":"https:\/\/agora.xtec.cat\/cfa-ramonllull\/wp-json\/wp\/v2\/media?parent=716"}],"curies":[{"name":"wp","href":"https:\/\/api.w.org\/{rel}","templated":true}]}}